{"id":1423,"date":"2025-08-26T07:25:57","date_gmt":"2025-08-26T07:25:57","guid":{"rendered":"https:\/\/www.mrhardwares.com\/?post_type=product&#038;p=1423"},"modified":"2025-12-31T02:00:06","modified_gmt":"2025-12-31T02:00:06","slug":"wholesale-half-overlay-hinges","status":"publish","type":"product","link":"https:\/\/www.mrhardwares.com\/fr\/product\/wholesale-half-overlay-hinges\/","title":{"rendered":"Wholesale Half Overlay Hinges for Kitchen Cabinets, Wardrobes, and Furniture Doors MR-F2A2 (charni\u00e8res \u00e0 demi-recouvrement pour armoires de cuisine, penderies et portes de meubles)"},"content":{"rendered":"<h3 class=\"wp-block-heading\">Caract\u00e9ristiques des charni\u00e8res \u00e0 demi-recouvrement<\/h3><ul class=\"wp-block-list\"><li><strong>Moiti\u00e9 de la conception de la superposition : <\/strong>La charni\u00e8re \u00e0 demi-couverture est sp\u00e9cialement con\u00e7ue pour accueillir deux portes d'armoire de part et d'autre de la m\u00eame cloison. Chaque porte ne couvre que la moiti\u00e9 du panneau lat\u00e9ral de l'armoire, ce qui est parfait pour les armoires qui partagent des cloisons.<\/li>\n\n<li><strong>Utilisation efficace de l'espace : <\/strong>La conception en demi-couverture permet \u00e0 deux portes de partager un panneau lat\u00e9ral, maximisant ainsi l'utilisation de l'espace de l'armoire.<\/li>\n\n<li><strong>Fonction de r\u00e9glage \u00e0 trois voies :<\/strong> La charni\u00e8re \u00e0 demi-cadenas est dot\u00e9e d'un syst\u00e8me de r\u00e9glage tridimensionnel qui permet d'aligner parfaitement la porte de l'armoire, m\u00eame apr\u00e8s l'installation, en compensant les \u00e9carts de mesure ou de per\u00e7age.<\/li>\n\n<li><strong>M\u00e9canisme de fermeture en douceur :<\/strong> Les charni\u00e8res \u00e0 demi-cadenas sont \u00e9quip\u00e9es d'amortisseurs de fermeture en douceur int\u00e9gr\u00e9s, qui peuvent ralentir doucement la vitesse de fermeture de la porte afin d'\u00e9viter une fermeture violente.<\/li><\/ul>","protected":false},"excerpt":{"rendered":"<p><strong>Prix : US $0.123\/pc<\/strong><\/p>\n<p>Vente en gros de charni\u00e8res \u00e0 demi-recouvrement. Les charni\u00e8res \u00e0 demi-couverture donnent un aspect \u00e9pur\u00e9 \u00e0 l'armoire. Dot\u00e9es de la technologie soft-close, elles s'ouvrent et se ferment en douceur tout en r\u00e9duisant efficacement le bruit. Id\u00e9ales pour les armoires \u00e0 cloisons partag\u00e9es, les charni\u00e8res \u00e0 demi-couverture maximisent l'espace tout en garantissant un aspect moderne et \u00e9quilibr\u00e9.Nous invitons les fabricants de meubles, les grossistes et les distributeurs \u00e0 nous contacter pour obtenir un devis.<\/p>\n<p><strong><a href=\"https:\/\/www.mrhardwares.com\/fr\/custom-solution\/\" target=\"_blank\" rel=\"noopener\">En savoir plus sur les solutions de charni\u00e8res de meubles personnalis\u00e9es OEM et ODM \u2192 <\/a><\/strong><\/p>\n<h2>Sp\u00e9cifications des charni\u00e8res \u00e0 demi-recouvrement<\/h2>\n<table border=\"0\" cellspacing=\"0\" cellpadding=\"0\">\n<tbody style=\"font-size: 12px; border: 1px solid #ccc; overflow: hidden;\">\n<tr style=\"line-height: 1.4;\">\n<td style=\"width: 33%;\" width=\"36\" height=\"30\"><span style=\"font-size: 16px;\">Sp\u00e9cifications<\/span><\/td>\n<td style=\"width: 67%;\" width=\"72\"><span style=\"font-size: 16px;\">D\u00e9tails<\/span><\/td>\n<\/tr>\n<tr style=\"line-height: 1.4;\">\n<td style=\"width: 33%;\" width=\"36\" height=\"30\"><span style=\"font-size: 16px;\">Num\u00e9ro de mod\u00e8le<\/span><\/td>\n<td style=\"width: 67%;\" width=\"72\"><span style=\"font-size: 16px;\">MR-F2A2<\/span><\/td>\n<\/tr>\n<tr style=\"line-height: 1.4;\">\n<td style=\"width: 33%;\" width=\"36\" height=\"30\"><span style=\"font-size: 16px;\">Mat\u00e9riau de la charni\u00e8re<\/span><\/td>\n<td style=\"width: 67%;\" width=\"72\"><span style=\"font-size: 16px;\">Acier inoxydable ou acier lamin\u00e9 \u00e0 froid<\/span><\/td>\n<\/tr>\n<tr style=\"line-height: 1.4;\">\n<td style=\"width: 33%;\" width=\"36\" height=\"30\"><span style=\"font-size: 16px;\">Type de charni\u00e8reDemi\u00a0<\/span><\/td>\n<td style=\"width: 67%;\" width=\"72\">\u00a0Charni\u00e8re de meuble \u00e0 fermeture douce en demi-couverture<\/td>\n<\/tr>\n<tr style=\"line-height: 1.4;\">\n<td style=\"width: 33%;\" width=\"36\" height=\"60\"><span style=\"font-size: 16px;\">Sc\u00e9narios applicables<\/span><\/td>\n<td style=\"width: 67%;\" width=\"72\"><span style=\"font-size: 16px;\">Penderie, armoire, biblioth\u00e8que, meuble de salle de bain, etc.<\/span><\/td>\n<\/tr>\n<tr style=\"line-height: 1.4;\">\n<td style=\"width: 33%;\" width=\"36\" height=\"50\"><span style=\"font-size: 16px;\">Service OEM et ODM<\/span><\/td>\n<td style=\"width: 67%;\" width=\"72\"><span style=\"font-size: 16px;\">Prise en charge de la personnalisation facile et de la personnalisation approfondie<\/span><\/td>\n<\/tr>\n<\/tbody>\n<\/table>\n<p>&nbsp;<\/p>\n<p><script src=\"chrome-extension:\/\/fpelahbljekknahkcaegamhcndkfpfnc\/iFrame.js\" type=\"text\/javascript\"><\/script><\/p>\n<p>\n<script src=\"chrome-extension:\/\/fpelahbljekknahkcaegamhcndkfpfnc\/iFrame.js\" type=\"text\/javascript\"><\/script><\/p>","protected":false},"featured_media":1424,"comment_status":"closed","ping_status":"closed","template":"","meta":{"_acf_changed":false},"product_brand":[],"product_cat":[28],"product_tag":[],"class_list":{"0":"post-1423","1":"product","2":"type-product","3":"status-publish","4":"has-post-thumbnail","6":"product_cat-wholesale-half-overlay-cabinet-hinges","8":"first","9":"instock","10":"shipping-taxable","11":"product-type-simple"},"acf":[],"_links":{"self":[{"href":"https:\/\/www.mrhardwares.com\/fr\/wp-json\/wp\/v2\/product\/1423","targetHints":{"allow":["GET"]}}],"collection":[{"href":"https:\/\/www.mrhardwares.com\/fr\/wp-json\/wp\/v2\/product"}],"about":[{"href":"https:\/\/www.mrhardwares.com\/fr\/wp-json\/wp\/v2\/types\/product"}],"replies":[{"embeddable":true,"href":"https:\/\/www.mrhardwares.com\/fr\/wp-json\/wp\/v2\/comments?post=1423"}],"wp:featuredmedia":[{"embeddable":true,"href":"https:\/\/www.mrhardwares.com\/fr\/wp-json\/wp\/v2\/media\/1424"}],"wp:attachment":[{"href":"https:\/\/www.mrhardwares.com\/fr\/wp-json\/wp\/v2\/media?parent=1423"}],"wp:term":[{"taxonomy":"product_brand","embeddable":true,"href":"https:\/\/www.mrhardwares.com\/fr\/wp-json\/wp\/v2\/product_brand?post=1423"},{"taxonomy":"product_cat","embeddable":true,"href":"https:\/\/www.mrhardwares.com\/fr\/wp-json\/wp\/v2\/product_cat?post=1423"},{"taxonomy":"product_tag","embeddable":true,"href":"https:\/\/www.mrhardwares.com\/fr\/wp-json\/wp\/v2\/product_tag?post=1423"}],"curies":[{"name":"wp","href":"https:\/\/api.w.org\/{rel}","templated":true}]}}