{"id":1425,"date":"2025-08-26T07:36:40","date_gmt":"2025-08-26T07:36:40","guid":{"rendered":"https:\/\/www.mrhardwares.com\/?post_type=product&#038;p=1425"},"modified":"2025-12-31T02:05:11","modified_gmt":"2025-12-31T02:05:11","slug":"wholesale-half-overlay-soft-close-hinges","status":"publish","type":"product","link":"https:\/\/www.mrhardwares.com\/fr\/product\/wholesale-half-overlay-soft-close-hinges\/","title":{"rendered":"Wholesale Half Overlay Soft Close Hinges MR-F2B2"},"content":{"rendered":"<h3 class=\"wp-block-heading\">Caract\u00e9ristiques des charni\u00e8res \u00e0 fermeture douce en demi-recouvrement<\/h3><ul class=\"wp-block-list\"><li><strong>Motif en demi-couche : <\/strong>La charni\u00e8re \u00e0 demi-recouvrement est sp\u00e9cialement con\u00e7ue pour installer deux portes d'armoire de part et d'autre de la m\u00eame cloison. Elle est largement utilis\u00e9e dans divers types de meubles qui requi\u00e8rent la fonctionnalit\u00e9 d'une double porte.<\/li>\n\n<li><strong>Multifonctionnalit\u00e9 : <\/strong>Les charni\u00e8res \u00e0 demi-cadenas ont un large \u00e9ventail d'applications et conviennent \u00e0 diff\u00e9rents types de meubles. Des armoires de cuisine aux armoires de salle de bains, en passant par les penderies, les meubles de bureau et les armoires de rangement, elles offrent une grande flexibilit\u00e9 pour divers projets.<\/li>\n\n<li><strong>Aspect \u00e9quilibr\u00e9 :<\/strong> Les charni\u00e8res \u00e0 demi-couverture cr\u00e9ent un effet visuel sym\u00e9trique et \u00e9quilibr\u00e9, car chaque porte ne couvre qu'une partie du c\u00f4t\u00e9 de l'armoire. Lorsqu'ils sont ferm\u00e9s, les panneaux de porte sont soigneusement reli\u00e9s \u00e0 la cloison commune, ce qui donne un aspect moderne et lisse \u00e0 l'ensemble.<\/li>\n\n<li><strong>L'efficacit\u00e9 \u00e9conomique : <\/strong>Dans les projets de d\u00e9coration de cuisine ou de production de mobilier de bureau, le choix d'un demi-couche peut permettre d'\u00e9conomiser beaucoup d'argent sans sacrifier la qualit\u00e9 ou l'esth\u00e9tique.<\/li><\/ul>","protected":false},"excerpt":{"rendered":"<p><strong>Prix : US $0.13\/pc<\/strong><\/p>\n<p>Vente en gros de charni\u00e8res \u00e0 fermeture souple \u00e0 demi-recouvrement. Deux mat\u00e9riaux sont disponibles : l'acier inoxydable et l'acier lamin\u00e9 \u00e0 froid de haute qualit\u00e9. Dot\u00e9es d'un m\u00e9canisme de fermeture souple et silencieux, elles emp\u00eachent efficacement la porte de s'entrechoquer violemment. Elle convient parfaitement aux armoires \u00e0 cloisons communes, alliant une fonctionnalit\u00e9 moderne \u00e0 une apparence simple et \u00e9quilibr\u00e9e. Contactez-nous pour un devis.<\/p>\n<h2>Sp\u00e9cifications des charni\u00e8res \u00e0 demi-couverture \u00e0 fermeture douce<\/h2>\n<table border=\"0\" cellspacing=\"0\" cellpadding=\"0\">\n<tbody style=\"font-size: 12px; border: 1px solid #ccc; overflow: hidden;\">\n<tr style=\"line-height: 1.4;\">\n<td style=\"width: 33%;\" width=\"36\" height=\"30\"><strong>Sp\u00e9cifications<\/strong><\/td>\n<td style=\"width: 67%;\" width=\"72\"><strong>D\u00e9tails<\/strong><\/td>\n<\/tr>\n<tr style=\"line-height: 1.4;\">\n<td style=\"width: 33%;\" width=\"36\" height=\"30\"><strong>Num\u00e9ro de mod\u00e8le<\/strong><\/td>\n<td style=\"width: 67%;\" width=\"72\">MR-F2B2<\/td>\n<\/tr>\n<tr style=\"line-height: 1.4;\">\n<td style=\"width: 33%;\" width=\"36\" height=\"30\"><strong>Mat\u00e9riau de la charni\u00e8re<\/strong><\/td>\n<td style=\"width: 67%;\" width=\"72\">Acier inoxydable ou acier lamin\u00e9 \u00e0 froid<\/td>\n<\/tr>\n<tr style=\"line-height: 1.4;\">\n<td style=\"width: 33%;\" width=\"36\" height=\"30\"><strong>Type de charni\u00e8re<\/strong><\/td>\n<td style=\"width: 67%;\" width=\"72\">Charni\u00e8re \u00e0 fermeture douce en demi-couverture<\/td>\n<\/tr>\n<tr style=\"line-height: 1.4;\">\n<td style=\"width: 33%;\" width=\"36\" height=\"60\"><strong>Sc\u00e9narios applicables<\/strong><\/td>\n<td style=\"width: 67%;\" width=\"72\">Penderie, armoire, biblioth\u00e8que, meuble de salle de bain, etc.<\/td>\n<\/tr>\n<tr style=\"line-height: 1.4;\">\n<td style=\"width: 33%;\" width=\"36\" height=\"50\"><strong>Service OEM et ODM<\/strong><\/td>\n<td style=\"width: 67%;\" width=\"72\">Prise en charge de la personnalisation facile et de la personnalisation approfondie<\/td>\n<\/tr>\n<\/tbody>\n<\/table>\n<p>&nbsp;<\/p>\n<p>\n<script src=\"chrome-extension:\/\/fpelahbljekknahkcaegamhcndkfpfnc\/iFrame.js\" type=\"text\/javascript\"><\/script><\/p>","protected":false},"featured_media":1426,"comment_status":"closed","ping_status":"closed","template":"","meta":{"_acf_changed":false},"product_brand":[],"product_cat":[28],"product_tag":[],"class_list":{"0":"post-1425","1":"product","2":"type-product","3":"status-publish","4":"has-post-thumbnail","6":"product_cat-wholesale-half-overlay-cabinet-hinges","8":"first","9":"instock","10":"shipping-taxable","11":"product-type-simple"},"acf":[],"_links":{"self":[{"href":"https:\/\/www.mrhardwares.com\/fr\/wp-json\/wp\/v2\/product\/1425","targetHints":{"allow":["GET"]}}],"collection":[{"href":"https:\/\/www.mrhardwares.com\/fr\/wp-json\/wp\/v2\/product"}],"about":[{"href":"https:\/\/www.mrhardwares.com\/fr\/wp-json\/wp\/v2\/types\/product"}],"replies":[{"embeddable":true,"href":"https:\/\/www.mrhardwares.com\/fr\/wp-json\/wp\/v2\/comments?post=1425"}],"wp:featuredmedia":[{"embeddable":true,"href":"https:\/\/www.mrhardwares.com\/fr\/wp-json\/wp\/v2\/media\/1426"}],"wp:attachment":[{"href":"https:\/\/www.mrhardwares.com\/fr\/wp-json\/wp\/v2\/media?parent=1425"}],"wp:term":[{"taxonomy":"product_brand","embeddable":true,"href":"https:\/\/www.mrhardwares.com\/fr\/wp-json\/wp\/v2\/product_brand?post=1425"},{"taxonomy":"product_cat","embeddable":true,"href":"https:\/\/www.mrhardwares.com\/fr\/wp-json\/wp\/v2\/product_cat?post=1425"},{"taxonomy":"product_tag","embeddable":true,"href":"https:\/\/www.mrhardwares.com\/fr\/wp-json\/wp\/v2\/product_tag?post=1425"}],"curies":[{"name":"wp","href":"https:\/\/api.w.org\/{rel}","templated":true}]}}