{"id":1427,"date":"2025-08-26T10:17:17","date_gmt":"2025-08-26T10:17:17","guid":{"rendered":"https:\/\/www.mrhardwares.com\/?post_type=product&#038;p=1427"},"modified":"2025-12-31T02:11:02","modified_gmt":"2025-12-31T02:11:02","slug":"bulk-half-overlay-cabinet-hinges","status":"publish","type":"product","link":"https:\/\/www.mrhardwares.com\/fr\/product\/bulk-half-overlay-cabinet-hinges\/","title":{"rendered":"Charni\u00e8res d'armoire \u00e0 demi-recouvrement en vrac avec fonction de fermeture en douceur"},"content":{"rendered":"<h3 class=\"wp-block-heading\">Caract\u00e9ristiques des charni\u00e8res d'armoire en demi-couverture<\/h3><ul class=\"wp-block-list\"><li><strong>Partition partag\u00e9e :<\/strong> Les charni\u00e8res d'armoire en demi-couverture sont des charni\u00e8res efficaces con\u00e7ues pour les configurations d'armoires courantes. Les charni\u00e8res d'armoire en demi-couverture permettent \u00e0 deux portes adjacentes d'\u00eatre install\u00e9es directement sur cette cloison centrale partag\u00e9e.<\/li>\n\n<li><strong>Le rapport co\u00fbt-efficacit\u00e9 : <\/strong>Les charni\u00e8res d'armoires \u00e0 demi-recouvrement sont des produits standardis\u00e9s et largement produits. Elles permettent \u00e0 deux portes de partager une cloison centrale, de sorte qu'il n'est pas n\u00e9cessaire d'installer des cadres de porte pleine largeur suppl\u00e9mentaires du c\u00f4t\u00e9 de l'ouverture, ce qui r\u00e9duit la quantit\u00e9 de mat\u00e9riaux et le processus de construction n\u00e9cessaires, et donc les co\u00fbts.<\/li>\n\n<li><strong>Facile \u00e0 installer et \u00e0 r\u00e9gler :<\/strong> Nos charni\u00e8res d'armoires \u00e0 demi-recouvrement sont dot\u00e9es d'un processus d'installation standardis\u00e9 qui permet un r\u00e9glage complet dans trois directions.<\/li>\n\n<li><strong>Devis d'usine : <\/strong>En tant que fabricant de charni\u00e8res pour meubles, nous fournissons \u00e0 grande \u00e9chelle des charni\u00e8res \u00e0 demi-cadenas de haute qualit\u00e9, en prenant en charge la personnalisation OEM\/ODM, avec des prix favorables et une livraison dans les d\u00e9lais.<\/li><\/ul>","protected":false},"excerpt":{"rendered":"<p><strong>Prix : US $0.14\/pc<\/strong><\/p>\n<p>Nous proposons un approvisionnement en vrac de charni\u00e8res durables, semi-couvrantes, con\u00e7ues pour les armoires de cuisine, les penderies et les projets d'ameublement. Ces charni\u00e8res sont dot\u00e9es d'un dispositif de fermeture en douceur et nous offrons des services OEM, y compris des mat\u00e9riaux personnalis\u00e9s. Nous offrons des prix d'usine et sommes id\u00e9aux pour les fabricants de meubles, les \u00e9b\u00e9nistes, les grossistes et les distributeurs. N'h\u00e9sitez pas \u00e0 nous contacter.<\/p>\n<h2>Sp\u00e9cifications des charni\u00e8res d'armoire \u00e0 demi-recouvrement<\/h2>\n<table border=\"0\" cellspacing=\"0\" cellpadding=\"0\">\n<tbody style=\"font-size: 12px; border: 1px solid #ccc; overflow: hidden;\">\n<tr style=\"line-height: 1.4;\">\n<td style=\"width: 33%;\" width=\"36\" height=\"30\"><strong>Sp\u00e9cifications<\/strong><\/td>\n<td style=\"width: 67%;\" width=\"72\"><strong>D\u00e9tails<\/strong><\/td>\n<\/tr>\n<tr style=\"line-height: 1.4;\">\n<td style=\"width: 33%;\" width=\"36\" height=\"30\"><strong>Num\u00e9ro de mod\u00e8le<\/strong><\/td>\n<td style=\"width: 67%;\" width=\"72\">MR-DB2<\/td>\n<\/tr>\n<tr style=\"line-height: 1.4;\">\n<td style=\"width: 33%;\" width=\"36\" height=\"30\"><strong>Mat\u00e9riau de la charni\u00e8re<\/strong><\/td>\n<td style=\"width: 67%;\" width=\"72\">Acier inoxydable ou acier lamin\u00e9 \u00e0 froid<\/td>\n<\/tr>\n<tr style=\"line-height: 1.4;\">\n<td style=\"width: 33%;\" width=\"36\" height=\"30\"><strong>Type de charni\u00e8re<\/strong><\/td>\n<td style=\"width: 67%;\" width=\"72\">Charni\u00e8re \u00e0 fermeture douce en demi-couverture<\/td>\n<\/tr>\n<tr style=\"line-height: 1.4;\">\n<td style=\"width: 33%;\" width=\"36\" height=\"60\"><strong>Sc\u00e9narios applicables<\/strong><\/td>\n<td style=\"width: 67%;\" width=\"72\">Penderie, armoire, biblioth\u00e8que, meuble de salle de bain, etc.<\/td>\n<\/tr>\n<tr style=\"line-height: 1.4;\">\n<td style=\"width: 33%;\" width=\"36\" height=\"50\"><strong>Service OEM et ODM<\/strong><\/td>\n<td style=\"width: 67%;\" width=\"72\">Prise en charge de la personnalisation facile et de la personnalisation approfondie<\/td>\n<\/tr>\n<\/tbody>\n<\/table>\n<p>&nbsp;<\/p>\n<p><script src=\"chrome-extension:\/\/fpelahbljekknahkcaegamhcndkfpfnc\/iFrame.js\" type=\"text\/javascript\"><\/script><\/p>\n<p>\n<script src=\"chrome-extension:\/\/fpelahbljekknahkcaegamhcndkfpfnc\/iFrame.js\" type=\"text\/javascript\"><\/script><\/p>","protected":false},"featured_media":1428,"comment_status":"closed","ping_status":"closed","template":"","meta":{"_acf_changed":false},"product_brand":[],"product_cat":[28],"product_tag":[],"class_list":{"0":"post-1427","1":"product","2":"type-product","3":"status-publish","4":"has-post-thumbnail","6":"product_cat-wholesale-half-overlay-cabinet-hinges","8":"first","9":"instock","10":"shipping-taxable","11":"product-type-simple"},"acf":[],"_links":{"self":[{"href":"https:\/\/www.mrhardwares.com\/fr\/wp-json\/wp\/v2\/product\/1427","targetHints":{"allow":["GET"]}}],"collection":[{"href":"https:\/\/www.mrhardwares.com\/fr\/wp-json\/wp\/v2\/product"}],"about":[{"href":"https:\/\/www.mrhardwares.com\/fr\/wp-json\/wp\/v2\/types\/product"}],"replies":[{"embeddable":true,"href":"https:\/\/www.mrhardwares.com\/fr\/wp-json\/wp\/v2\/comments?post=1427"}],"wp:featuredmedia":[{"embeddable":true,"href":"https:\/\/www.mrhardwares.com\/fr\/wp-json\/wp\/v2\/media\/1428"}],"wp:attachment":[{"href":"https:\/\/www.mrhardwares.com\/fr\/wp-json\/wp\/v2\/media?parent=1427"}],"wp:term":[{"taxonomy":"product_brand","embeddable":true,"href":"https:\/\/www.mrhardwares.com\/fr\/wp-json\/wp\/v2\/product_brand?post=1427"},{"taxonomy":"product_cat","embeddable":true,"href":"https:\/\/www.mrhardwares.com\/fr\/wp-json\/wp\/v2\/product_cat?post=1427"},{"taxonomy":"product_tag","embeddable":true,"href":"https:\/\/www.mrhardwares.com\/fr\/wp-json\/wp\/v2\/product_tag?post=1427"}],"curies":[{"name":"wp","href":"https:\/\/api.w.org\/{rel}","templated":true}]}}