{"id":1431,"date":"2025-08-27T01:44:52","date_gmt":"2025-08-27T01:44:52","guid":{"rendered":"https:\/\/www.mrhardwares.com\/?post_type=product&#038;p=1431"},"modified":"2025-12-31T02:39:21","modified_gmt":"2025-12-31T02:39:21","slug":"wholesale-half-overlay-cabinet-hinges-for-kitchen-cabinet-makers","status":"publish","type":"product","link":"https:\/\/www.mrhardwares.com\/fr\/product\/wholesale-half-overlay-cabinet-hinges-for-kitchen-cabinet-makers\/","title":{"rendered":"Demi-charni\u00e8res en gros pour les fabricants d'armoires de cuisine"},"content":{"rendered":"<h3 class=\"wp-block-heading\">Caract\u00e9ristiques des charni\u00e8res d'armoire en demi-couverture<\/h3><ul class=\"wp-block-list\"><li><strong>Conception peu encombrante : <\/strong>Les charni\u00e8res \u00e0 demi-couverture permettent \u00e0 deux portes de meuble de partager un seul s\u00e9parateur de meuble, ce qui les rend id\u00e9ales pour maximiser l'espace de rangement dans les cuisines compactes.<\/li>\n\n<li><strong>Installation facile : <\/strong>Nos charni\u00e8res \u00e0 demi-cadenas en gros sont dot\u00e9es d'une plaque de montage conviviale et de vis r\u00e9glables, ce qui simplifie le processus d'installation et permet de gagner du temps lors de la production d'armoires \u00e0 grande \u00e9chelle.<\/li>\n\n<li><strong>M\u00e9canisme de fermeture en douceur : <\/strong>La charni\u00e8re \u00e0 demi-recouvrement MR-DTZ2 est dot\u00e9e d'une fonction de fermeture en douceur qui emp\u00eache les portes de claquer et am\u00e9liore l'exp\u00e9rience de l'utilisateur final.<\/li>\n\n<li><strong>Polyvalence : <\/strong>Convient \u00e0 une vari\u00e9t\u00e9 d'applications d'armoires au-del\u00e0 de la cuisine, y compris les armoires, les armoires de salle de bain et les meubles de bureau.<\/li><\/ul>","protected":false},"excerpt":{"rendered":"<p><strong>Prix : US $0.15\/pc<\/strong><\/p>\n<p>Nos charni\u00e8res d'armoire \u00e0 demi-recouvrement sont con\u00e7ues pour les fabricants d'armoires de cuisine qui recherchent la durabilit\u00e9, l'efficacit\u00e9 et la r\u00e9duction des co\u00fbts. Elles offrent un alignement r\u00e9glable et une fonction de fermeture en douceur en option. Disponibles en gros \u00e0 des prix comp\u00e9titifs, elles sont id\u00e9ales pour les grands projets.<\/p>\n<h2>Sp\u00e9cifications des charni\u00e8res d'armoire \u00e0 demi-recouvrement<\/h2>\n<table border=\"0\" cellspacing=\"0\" cellpadding=\"0\">\n<tbody style=\"font-size: 12px; border: 1px solid #ccc; overflow: hidden;\">\n<tr style=\"line-height: 1.4;\">\n<td style=\"width: 33%;\" width=\"36\" height=\"30\"><strong>Sp\u00e9cifications<\/strong><\/td>\n<td style=\"width: 67%;\" width=\"72\"><strong>D\u00e9tails<\/strong><\/td>\n<\/tr>\n<tr style=\"line-height: 1.4;\">\n<td style=\"width: 33%;\" width=\"36\" height=\"30\"><strong>Num\u00e9ro de mod\u00e8le<\/strong><\/td>\n<td style=\"width: 67%;\" width=\"72\">MR-DTZ2<\/td>\n<\/tr>\n<tr style=\"line-height: 1.4;\">\n<td style=\"width: 33%;\" width=\"36\" height=\"30\"><strong>Mat\u00e9riau de la charni\u00e8re<\/strong><\/td>\n<td style=\"width: 67%;\" width=\"72\">Acier inoxydable ou acier lamin\u00e9 \u00e0 froid<\/td>\n<\/tr>\n<tr style=\"line-height: 1.4;\">\n<td style=\"width: 33%;\" width=\"36\" height=\"30\"><strong>Type de charni\u00e8re<\/strong><\/td>\n<td style=\"width: 67%;\" width=\"72\">Charni\u00e8re d'armoire en demi-recouvrement<\/td>\n<\/tr>\n<tr style=\"line-height: 1.4;\">\n<td style=\"width: 33%;\" width=\"36\" height=\"60\"><strong>Sc\u00e9narios applicables<\/strong><\/td>\n<td style=\"width: 67%;\" width=\"72\">Penderie, armoire, biblioth\u00e8que, meuble de salle de bain, etc.<\/td>\n<\/tr>\n<tr style=\"line-height: 1.4;\">\n<td style=\"width: 33%;\" width=\"36\" height=\"50\"><strong>Service OEM et ODM<\/strong><\/td>\n<td style=\"width: 67%;\" width=\"72\">Prise en charge de la personnalisation facile et de la personnalisation approfondie<\/td>\n<\/tr>\n<\/tbody>\n<\/table>\n<p>&nbsp;<\/p>\n<p>\n<script src=\"chrome-extension:\/\/fpelahbljekknahkcaegamhcndkfpfnc\/iFrame.js\" type=\"text\/javascript\"><\/script><\/p>","protected":false},"featured_media":1432,"comment_status":"closed","ping_status":"closed","template":"","meta":{"_acf_changed":false},"product_brand":[],"product_cat":[28],"product_tag":[],"class_list":{"0":"post-1431","1":"product","2":"type-product","3":"status-publish","4":"has-post-thumbnail","6":"product_cat-wholesale-half-overlay-cabinet-hinges","8":"first","9":"instock","10":"shipping-taxable","11":"product-type-simple"},"acf":[],"_links":{"self":[{"href":"https:\/\/www.mrhardwares.com\/fr\/wp-json\/wp\/v2\/product\/1431","targetHints":{"allow":["GET"]}}],"collection":[{"href":"https:\/\/www.mrhardwares.com\/fr\/wp-json\/wp\/v2\/product"}],"about":[{"href":"https:\/\/www.mrhardwares.com\/fr\/wp-json\/wp\/v2\/types\/product"}],"replies":[{"embeddable":true,"href":"https:\/\/www.mrhardwares.com\/fr\/wp-json\/wp\/v2\/comments?post=1431"}],"wp:featuredmedia":[{"embeddable":true,"href":"https:\/\/www.mrhardwares.com\/fr\/wp-json\/wp\/v2\/media\/1432"}],"wp:attachment":[{"href":"https:\/\/www.mrhardwares.com\/fr\/wp-json\/wp\/v2\/media?parent=1431"}],"wp:term":[{"taxonomy":"product_brand","embeddable":true,"href":"https:\/\/www.mrhardwares.com\/fr\/wp-json\/wp\/v2\/product_brand?post=1431"},{"taxonomy":"product_cat","embeddable":true,"href":"https:\/\/www.mrhardwares.com\/fr\/wp-json\/wp\/v2\/product_cat?post=1431"},{"taxonomy":"product_tag","embeddable":true,"href":"https:\/\/www.mrhardwares.com\/fr\/wp-json\/wp\/v2\/product_tag?post=1431"}],"curies":[{"name":"wp","href":"https:\/\/api.w.org\/{rel}","templated":true}]}}