{"id":1433,"date":"2025-08-27T01:56:49","date_gmt":"2025-08-27T01:56:49","guid":{"rendered":"https:\/\/www.mrhardwares.com\/?post_type=product&#038;p=1433"},"modified":"2025-12-31T01:52:24","modified_gmt":"2025-12-31T01:52:24","slug":"wholesale-inset-cabinet-hinges","status":"publish","type":"product","link":"https:\/\/www.mrhardwares.com\/fr\/product\/wholesale-inset-cabinet-hinges\/","title":{"rendered":"Charni\u00e8res \u00e0 encastrer en gros pour les fabricants de meubles, les \u00e9b\u00e9nistes et les grossistes"},"content":{"rendered":"<h3 class=\"wp-block-heading\">Caract\u00e9ristiques des charni\u00e8res d'armoires encastr\u00e9es<\/h3><ul class=\"wp-block-list\"><li><strong>Aspect sans couture : <\/strong>Les charni\u00e8res d'armoires encastr\u00e9es encastrent compl\u00e8tement les portes d'armoires dans les cadres d'armoires, cr\u00e9ant ainsi une finition parfaitement plate qui am\u00e9liore l'attrait visuel g\u00e9n\u00e9ral des meubles et leur donne un aspect moderne et haut de gamme.<\/li>\n\n<li><strong>R\u00e9glable Alignement : <\/strong>Nos charni\u00e8res pour armoires encastr\u00e9es sont dot\u00e9es d'une fonction de r\u00e9glage \u00e0 trois voies. Cette flexibilit\u00e9 garantit un alignement parfait, r\u00e9duit les erreurs d'installation et aide les fabricants \u00e0 maintenir une qualit\u00e9 constante pour toutes les armoires.<\/li>\n\n<li><strong>Options de perte douce : <\/strong>Nos charni\u00e8res encastr\u00e9es en gros sont \u00e9quip\u00e9es d'un dispositif de fermeture lente, qui peut ralentir lentement la vitesse lorsque la porte est ferm\u00e9e, pr\u00e9venir les chocs violents et r\u00e9duire l'usure des armoires et des charni\u00e8res.<\/li>\n\n<li><strong>Largement applicable : <\/strong>Nos charni\u00e8res encastr\u00e9es conviennent \u00e0 divers types de meubles, notamment les armoires de cuisine, les penderies, les armoires de salle de bains, les armoires de rangement de bureau et les meubles personnalis\u00e9s haut de gamme.<\/li><\/ul>","protected":false},"excerpt":{"rendered":"<p data-pm-slice=\"1 1 []\"><strong>Prix : US $0.12\/pc<\/strong><\/p>\n<p>Charni\u00e8res pour armoires encastr\u00e9es en gros, con\u00e7ues sp\u00e9cialement pour les fabricants de meubles et d'armoires. MR-ZB3 est durable, ajustable, avec une conception cach\u00e9e qui fournit une finition sans couture et est livr\u00e9 avec une option de fermeture de tampon. Ventes directes \u00e0 l'usine, approvisionnement en vrac, demandes de renseignements bienvenues.<\/p>\n<h2>Sp\u00e9cifications des charni\u00e8res d'armoires encastr\u00e9es<\/h2>\n<table border=\"0\" cellspacing=\"0\" cellpadding=\"0\">\n<tbody style=\"font-size: 12px; border: 1px solid #ccc; overflow: hidden;\">\n<tr style=\"line-height: 1.4;\">\n<td style=\"width: 33%;\" width=\"36\" height=\"30\"><strong>Sp\u00e9cifications<\/strong><\/td>\n<td style=\"width: 67%;\" width=\"72\"><strong>D\u00e9tails<\/strong><\/td>\n<\/tr>\n<tr style=\"line-height: 1.4;\">\n<td style=\"width: 33%;\" width=\"36\" height=\"30\"><strong>Num\u00e9ro de mod\u00e8le<\/strong><\/td>\n<td style=\"width: 67%;\" width=\"72\">MR-ZB3<\/td>\n<\/tr>\n<tr style=\"line-height: 1.4;\">\n<td style=\"width: 33%;\" width=\"36\" height=\"30\"><strong>Mat\u00e9riau de la charni\u00e8re<\/strong><\/td>\n<td style=\"width: 67%;\" width=\"72\">Acier lamin\u00e9 \u00e0 froid<\/td>\n<\/tr>\n<tr style=\"line-height: 1.4;\">\n<td style=\"width: 33%;\" width=\"36\" height=\"30\"><strong>Type de charni\u00e8re<\/strong><\/td>\n<td style=\"width: 67%;\" width=\"72\">Charni\u00e8re de meuble \u00e0 fermeture douce encastr\u00e9e<\/td>\n<\/tr>\n<tr style=\"line-height: 1.4;\">\n<td style=\"width: 33%;\" width=\"36\" height=\"60\"><strong>Sc\u00e9narios applicables<\/strong><\/td>\n<td style=\"width: 67%;\" width=\"72\">Penderie, armoire, biblioth\u00e8que, meuble de salle de bain, etc.<\/td>\n<\/tr>\n<tr style=\"line-height: 1.4;\">\n<td style=\"width: 33%;\" width=\"36\" height=\"50\"><strong>Service OEM et ODM<\/strong><\/td>\n<td style=\"width: 67%;\" width=\"72\">Prise en charge de la personnalisation facile et de la personnalisation approfondie<\/td>\n<\/tr>\n<\/tbody>\n<\/table>\n<p>&nbsp;<\/p>\n<p>\n<script src=\"chrome-extension:\/\/fpelahbljekknahkcaegamhcndkfpfnc\/iFrame.js\" type=\"text\/javascript\"><\/script><\/p>","protected":false},"featured_media":1434,"comment_status":"closed","ping_status":"closed","template":"","meta":{"_acf_changed":false},"product_brand":[],"product_cat":[27],"product_tag":[],"class_list":{"0":"post-1433","1":"product","2":"type-product","3":"status-publish","4":"has-post-thumbnail","6":"product_cat-wholesale-inset-cabinet-hinges","8":"first","9":"instock","10":"shipping-taxable","11":"product-type-simple"},"acf":[],"_links":{"self":[{"href":"https:\/\/www.mrhardwares.com\/fr\/wp-json\/wp\/v2\/product\/1433","targetHints":{"allow":["GET"]}}],"collection":[{"href":"https:\/\/www.mrhardwares.com\/fr\/wp-json\/wp\/v2\/product"}],"about":[{"href":"https:\/\/www.mrhardwares.com\/fr\/wp-json\/wp\/v2\/types\/product"}],"replies":[{"embeddable":true,"href":"https:\/\/www.mrhardwares.com\/fr\/wp-json\/wp\/v2\/comments?post=1433"}],"wp:featuredmedia":[{"embeddable":true,"href":"https:\/\/www.mrhardwares.com\/fr\/wp-json\/wp\/v2\/media\/1434"}],"wp:attachment":[{"href":"https:\/\/www.mrhardwares.com\/fr\/wp-json\/wp\/v2\/media?parent=1433"}],"wp:term":[{"taxonomy":"product_brand","embeddable":true,"href":"https:\/\/www.mrhardwares.com\/fr\/wp-json\/wp\/v2\/product_brand?post=1433"},{"taxonomy":"product_cat","embeddable":true,"href":"https:\/\/www.mrhardwares.com\/fr\/wp-json\/wp\/v2\/product_cat?post=1433"},{"taxonomy":"product_tag","embeddable":true,"href":"https:\/\/www.mrhardwares.com\/fr\/wp-json\/wp\/v2\/product_tag?post=1433"}],"curies":[{"name":"wp","href":"https:\/\/api.w.org\/{rel}","templated":true}]}}