{"id":1435,"date":"2025-08-27T02:30:06","date_gmt":"2025-08-27T02:30:06","guid":{"rendered":"https:\/\/www.mrhardwares.com\/?post_type=product&#038;p=1435"},"modified":"2025-12-31T02:00:44","modified_gmt":"2025-12-31T02:00:44","slug":"wholesale-inset-kitchen-cabinet-hinges","status":"publish","type":"product","link":"https:\/\/www.mrhardwares.com\/fr\/product\/wholesale-inset-kitchen-cabinet-hinges\/","title":{"rendered":"Wholesale Inset Kitchen Cabinet Hinges - Charni\u00e8res durables, r\u00e9glables et \u00e0 fermeture progressive"},"content":{"rendered":"<h3 class=\"wp-block-heading\">Caract\u00e9ristiques des charni\u00e8res d'armoires de cuisine encastr\u00e9es<\/h3><ul class=\"wp-block-list\"><li><strong>Esth\u00e9tiquement agr\u00e9able : <\/strong>En faisant en sorte que la porte de l'armoire affleure le cadre de l'armoire, les charni\u00e8res de l'armoire de cuisine encastr\u00e9e cr\u00e9ent un aspect propre, \u00e9pur\u00e9 et raffin\u00e9.<\/li>\n\n<li><strong>Efficacit\u00e9 spatiale : <\/strong>Les portes encastr\u00e9es ne d\u00e9passent pas du cadre de l'armoire, ce qui les rend particuli\u00e8rement utiles pour les cuisines tr\u00e8s fr\u00e9quent\u00e9es ou de petite taille.<\/li>\n\n<li><strong>Installation cach\u00e9e : <\/strong>Lorsque la porte de l'armoire est ferm\u00e9e, les charni\u00e8res sont compl\u00e8tement dissimul\u00e9es et toute la quincaillerie est cach\u00e9e. Cette conception cach\u00e9e permet de conserver l'aspect \u00e9pur\u00e9 de l'armoire.<\/li>\n\n<li><strong>L'avantage du volume : <\/strong>En tant que fabricant professionnel de charni\u00e8res, nous proposons des prix d'usine comp\u00e9titifs, un approvisionnement fiable et une livraison dans les d\u00e9lais pour les charni\u00e8res d'armoires de cuisine encastr\u00e9es.<\/li><\/ul>","protected":false},"excerpt":{"rendered":"<p><strong>Prix : US $0.123\/pc<\/strong><\/p>\n<p>Bienvenue sur notre site de vente en gros de charni\u00e8res pour armoires de cuisine. Les charni\u00e8res pour armoires de cuisine encastr\u00e9es assurent un alignement parfait entre les panneaux de porte et les armoires, cr\u00e9ant ainsi un aspect affleurant. Elles conviennent aux armoires de cuisine, aux penderies, aux armoires de salle de bains et \u00e0 divers projets de fabrication de meubles. N'h\u00e9sitez pas \u00e0 nous contacter.<\/p>\n<h2>Sp\u00e9cifications des charni\u00e8res \u00e0 demi-recouvrement<\/h2>\n<table border=\"0\" cellspacing=\"0\" cellpadding=\"0\">\n<tbody style=\"font-size: 12px; border: 1px solid #ccc; overflow: hidden;\">\n<tr style=\"line-height: 1.4;\">\n<td style=\"width: 33%;\" width=\"36\" height=\"30\"><span style=\"font-size: 16px;\">Sp\u00e9cifications<\/span><\/td>\n<td style=\"width: 67%;\" width=\"72\"><span style=\"font-size: 16px;\">D\u00e9tails<\/span><\/td>\n<\/tr>\n<tr style=\"line-height: 1.4;\">\n<td style=\"width: 33%;\" width=\"36\" height=\"30\"><span style=\"font-size: 16px;\">Num\u00e9ro de mod\u00e8le<\/span><\/td>\n<td style=\"width: 67%;\" width=\"72\"><span style=\"font-size: 16px;\">MR-F2A3<\/span><\/td>\n<\/tr>\n<tr style=\"line-height: 1.4;\">\n<td style=\"width: 33%;\" width=\"36\" height=\"30\"><span style=\"font-size: 16px;\">Mat\u00e9riau de la charni\u00e8re<\/span><\/td>\n<td style=\"width: 67%;\" width=\"72\"><span style=\"font-size: 16px;\">Acier inoxydable ou acier lamin\u00e9 \u00e0 froid<\/span><\/td>\n<\/tr>\n<tr style=\"line-height: 1.4;\">\n<td style=\"width: 33%;\" width=\"36\" height=\"30\"><span style=\"font-size: 16px;\">Type de charni\u00e8re<\/span><\/td>\n<td style=\"width: 67%;\" width=\"72\">Charni\u00e8re de meuble \u00e0 encastrer Soft Close<\/td>\n<\/tr>\n<tr style=\"line-height: 1.4;\">\n<td style=\"width: 33%;\" width=\"36\" height=\"60\"><span style=\"font-size: 16px;\">Sc\u00e9narios applicables<\/span><\/td>\n<td style=\"width: 67%;\" width=\"72\"><span style=\"font-size: 16px;\">Penderie, armoire, biblioth\u00e8que, meuble de salle de bain, etc.<\/span><\/td>\n<\/tr>\n<tr style=\"line-height: 1.4;\">\n<td style=\"width: 33%;\" width=\"36\" height=\"50\"><span style=\"font-size: 16px;\">Service OEM et ODM<\/span><\/td>\n<td style=\"width: 67%;\" width=\"72\"><span style=\"font-size: 16px;\">Prise en charge de la personnalisation facile et de la personnalisation approfondie<\/span><\/td>\n<\/tr>\n<\/tbody>\n<\/table>\n<p>&nbsp;<\/p>\n<p><script src=\"chrome-extension:\/\/fpelahbljekknahkcaegamhcndkfpfnc\/iFrame.js\" type=\"text\/javascript\"><\/script><\/p>\n<p>\n<script src=\"chrome-extension:\/\/fpelahbljekknahkcaegamhcndkfpfnc\/iFrame.js\" type=\"text\/javascript\"><\/script><\/p>","protected":false},"featured_media":1424,"comment_status":"closed","ping_status":"closed","template":"","meta":{"_acf_changed":false},"product_brand":[],"product_cat":[27],"product_tag":[],"class_list":{"0":"post-1435","1":"product","2":"type-product","3":"status-publish","4":"has-post-thumbnail","6":"product_cat-wholesale-inset-cabinet-hinges","8":"first","9":"instock","10":"shipping-taxable","11":"product-type-simple"},"acf":[],"_links":{"self":[{"href":"https:\/\/www.mrhardwares.com\/fr\/wp-json\/wp\/v2\/product\/1435","targetHints":{"allow":["GET"]}}],"collection":[{"href":"https:\/\/www.mrhardwares.com\/fr\/wp-json\/wp\/v2\/product"}],"about":[{"href":"https:\/\/www.mrhardwares.com\/fr\/wp-json\/wp\/v2\/types\/product"}],"replies":[{"embeddable":true,"href":"https:\/\/www.mrhardwares.com\/fr\/wp-json\/wp\/v2\/comments?post=1435"}],"wp:featuredmedia":[{"embeddable":true,"href":"https:\/\/www.mrhardwares.com\/fr\/wp-json\/wp\/v2\/media\/1424"}],"wp:attachment":[{"href":"https:\/\/www.mrhardwares.com\/fr\/wp-json\/wp\/v2\/media?parent=1435"}],"wp:term":[{"taxonomy":"product_brand","embeddable":true,"href":"https:\/\/www.mrhardwares.com\/fr\/wp-json\/wp\/v2\/product_brand?post=1435"},{"taxonomy":"product_cat","embeddable":true,"href":"https:\/\/www.mrhardwares.com\/fr\/wp-json\/wp\/v2\/product_cat?post=1435"},{"taxonomy":"product_tag","embeddable":true,"href":"https:\/\/www.mrhardwares.com\/fr\/wp-json\/wp\/v2\/product_tag?post=1435"}],"curies":[{"name":"wp","href":"https:\/\/api.w.org\/{rel}","templated":true}]}}