{"id":1436,"date":"2025-08-27T02:46:57","date_gmt":"2025-08-27T02:46:57","guid":{"rendered":"https:\/\/www.mrhardwares.com\/?post_type=product&#038;p=1436"},"modified":"2025-12-31T02:05:35","modified_gmt":"2025-12-31T02:05:35","slug":"wholesale-inset-cabinet-door-hinges","status":"publish","type":"product","link":"https:\/\/www.mrhardwares.com\/fr\/product\/wholesale-inset-cabinet-door-hinges\/","title":{"rendered":"Charni\u00e8res de porte d'armoire \u00e0 encastrer pour projets de fabrication de meubles, grossistes"},"content":{"rendered":"<h3 class=\"wp-block-heading\">Caract\u00e9ristiques des charni\u00e8res de portes d'armoires encastr\u00e9es<\/h3><ul class=\"wp-block-list\"><li><strong>Alignement pr\u00e9cis des portes : <\/strong>Les charni\u00e8res de porte de meuble encastr\u00e9es garantissent que les portes de meuble sont align\u00e9es avec les cadres de meuble, ce qui donne un aspect professionnel et homog\u00e8ne qui rehausse l'aspect g\u00e9n\u00e9ral du meuble.<\/li>\n\n<li><strong>Structure durable : <\/strong>Nos charni\u00e8res de porte d'armoire encastr\u00e9es en gros peuvent \u00eatre fabriqu\u00e9es en acier inoxydable ou en acier lamin\u00e9 \u00e0 froid, qui peuvent \u00eatre durables m\u00eame en cas d'utilisation fr\u00e9quente.<\/li>\n\n<li><strong>Fonctionnement en douceur : <\/strong>Nos charni\u00e8res pour portes d'armoires encastr\u00e9es sont con\u00e7ues pour s'ouvrir et se fermer facilement, et sont dot\u00e9es d'un m\u00e9canisme de fermeture en douceur qui r\u00e9duit le bruit et emp\u00eache la porte de claquer violemment.<\/li>\n\n<li><strong>Le rapport co\u00fbt-efficacit\u00e9 : <\/strong>Les fabricants de charni\u00e8res de Mingrun proposent des charni\u00e8res \u00e0 des prix de gros, ce qui repr\u00e9sente une excellente valeur pour les fabricants qui ach\u00e8tent en grandes quantit\u00e9s pour des projets ou pour la revente.<\/li><\/ul>","protected":false},"excerpt":{"rendered":"<p><strong>Prix : US $0.13\/pc<\/strong><\/p>\n<p>Nous vous invitons \u00e0 acheter en gros des charni\u00e8res pour portes d'armoires encastr\u00e9es. Nos charni\u00e8res de meubles en gros sont durables, faciles \u00e0 utiliser et conformes aux normes internationales de qualit\u00e9 et de s\u00e9curit\u00e9, y compris les certifications CE et ISO. Contactez-nous pour un devis.<\/p>\n<h2>Sp\u00e9cifications des charni\u00e8res de portes d'armoires encastr\u00e9es<\/h2>\n<table border=\"0\" cellspacing=\"0\" cellpadding=\"0\">\n<tbody style=\"font-size: 12px; border: 1px solid #ccc; overflow: hidden;\">\n<tr style=\"line-height: 1.4;\">\n<td style=\"width: 33%;\" width=\"36\" height=\"30\"><strong>Sp\u00e9cifications<\/strong><\/td>\n<td style=\"width: 67%;\" width=\"72\"><strong>D\u00e9tails<\/strong><\/td>\n<\/tr>\n<tr style=\"line-height: 1.4;\">\n<td style=\"width: 33%;\" width=\"36\" height=\"30\"><strong>Num\u00e9ro de mod\u00e8le<\/strong><\/td>\n<td style=\"width: 67%;\" width=\"72\">MR-F2B3<\/td>\n<\/tr>\n<tr style=\"line-height: 1.4;\">\n<td style=\"width: 33%;\" width=\"36\" height=\"30\"><strong>Mat\u00e9riau de la charni\u00e8re<\/strong><\/td>\n<td style=\"width: 67%;\" width=\"72\">Acier inoxydable ou acier lamin\u00e9 \u00e0 froid<\/td>\n<\/tr>\n<tr style=\"line-height: 1.4;\">\n<td style=\"width: 33%;\" width=\"36\" height=\"30\"><strong>Type de charni\u00e8re<\/strong><\/td>\n<td style=\"width: 67%;\" width=\"72\">Charni\u00e8re de porte d'armoire encastr\u00e9e<\/td>\n<\/tr>\n<tr style=\"line-height: 1.4;\">\n<td style=\"width: 33%;\" width=\"36\" height=\"60\"><strong>Sc\u00e9narios applicables<\/strong><\/td>\n<td style=\"width: 67%;\" width=\"72\">Penderie, armoire, biblioth\u00e8que, meuble de salle de bain, etc.<\/td>\n<\/tr>\n<tr style=\"line-height: 1.4;\">\n<td style=\"width: 33%;\" width=\"36\" height=\"50\"><strong>Service OEM et ODM<\/strong><\/td>\n<td style=\"width: 67%;\" width=\"72\">Prise en charge de la personnalisation facile et de la personnalisation approfondie<\/td>\n<\/tr>\n<\/tbody>\n<\/table>\n<p>&nbsp;<\/p>\n<p>\n<script src=\"chrome-extension:\/\/fpelahbljekknahkcaegamhcndkfpfnc\/iFrame.js\" type=\"text\/javascript\"><\/script><\/p>","protected":false},"featured_media":1437,"comment_status":"closed","ping_status":"closed","template":"","meta":{"_acf_changed":false},"product_brand":[],"product_cat":[27],"product_tag":[],"class_list":{"0":"post-1436","1":"product","2":"type-product","3":"status-publish","4":"has-post-thumbnail","6":"product_cat-wholesale-inset-cabinet-hinges","8":"first","9":"instock","10":"shipping-taxable","11":"product-type-simple"},"acf":[],"_links":{"self":[{"href":"https:\/\/www.mrhardwares.com\/fr\/wp-json\/wp\/v2\/product\/1436","targetHints":{"allow":["GET"]}}],"collection":[{"href":"https:\/\/www.mrhardwares.com\/fr\/wp-json\/wp\/v2\/product"}],"about":[{"href":"https:\/\/www.mrhardwares.com\/fr\/wp-json\/wp\/v2\/types\/product"}],"replies":[{"embeddable":true,"href":"https:\/\/www.mrhardwares.com\/fr\/wp-json\/wp\/v2\/comments?post=1436"}],"wp:featuredmedia":[{"embeddable":true,"href":"https:\/\/www.mrhardwares.com\/fr\/wp-json\/wp\/v2\/media\/1437"}],"wp:attachment":[{"href":"https:\/\/www.mrhardwares.com\/fr\/wp-json\/wp\/v2\/media?parent=1436"}],"wp:term":[{"taxonomy":"product_brand","embeddable":true,"href":"https:\/\/www.mrhardwares.com\/fr\/wp-json\/wp\/v2\/product_brand?post=1436"},{"taxonomy":"product_cat","embeddable":true,"href":"https:\/\/www.mrhardwares.com\/fr\/wp-json\/wp\/v2\/product_cat?post=1436"},{"taxonomy":"product_tag","embeddable":true,"href":"https:\/\/www.mrhardwares.com\/fr\/wp-json\/wp\/v2\/product_tag?post=1436"}],"curies":[{"name":"wp","href":"https:\/\/api.w.org\/{rel}","templated":true}]}}