{"id":1438,"date":"2025-08-27T03:05:13","date_gmt":"2025-08-27T03:05:13","guid":{"rendered":"https:\/\/www.mrhardwares.com\/?post_type=product&#038;p=1438"},"modified":"2025-12-31T02:27:03","modified_gmt":"2025-12-31T02:27:03","slug":"wholesale-inset-hinges-for-cabinet-doors","status":"publish","type":"product","link":"https:\/\/www.mrhardwares.com\/fr\/product\/wholesale-inset-hinges-for-cabinet-doors\/","title":{"rendered":"Wholesale Inset Hinges for Cabinet Doors, Wardrobe Doors, Etc."},"content":{"rendered":"<h3 class=\"wp-block-heading\">Caract\u00e9ristiques des charni\u00e8res encastr\u00e9es pour portes de placard<\/h3><ul class=\"wp-block-list\"><li><strong>Alignement pr\u00e9cis des portes encastr\u00e9es :<\/strong> Nos charni\u00e8res d'armoires en gros donnent une impression de continuit\u00e9, de propret\u00e9 et de professionnalisme, am\u00e9liorant ainsi l'attrait esth\u00e9tique des armoires haut de gamme.<\/li>\n\n<li><strong>Fonctionnement souple et silencieux : <\/strong>Nos charni\u00e8res d'armoire en gros int\u00e8grent un m\u00e9canisme de fermeture en douceur pour cr\u00e9er une excellente exp\u00e9rience utilisateur pour les propri\u00e9taires, les bureaux et les environnements h\u00f4teliers.<\/li>\n\n<li><strong>Conception enti\u00e8rement r\u00e9glable :<\/strong> Cette flexibilit\u00e9 permet aux fabricants et aux installateurs d'obtenir un alignement parfait sur des portes de tailles et d'\u00e9paisseurs diff\u00e9rentes, en compensant les petites incoh\u00e9rences du cadre et en garantissant un ajustement pr\u00e9cis r\u00e9pondant \u00e0 des normes de haute qualit\u00e9.<\/li>\n\n<li><strong>Large compatibilit\u00e9 : <\/strong>Ces charni\u00e8res encastr\u00e9es conviennent \u00e0 divers meubles, y compris les armoires de cuisine, les vanit\u00e9s de salle de bains, les armoires et les unit\u00e9s de rangement de bureau, avec des fonctions multiples. Elles peuvent s'adapter \u00e0 diff\u00e9rents mat\u00e9riaux et \u00e9paisseurs de portes, ce qui en fait un choix fiable pour la fabrication de meubles \u00e0 grande \u00e9chelle, la d\u00e9coration ou les projets d'int\u00e9rieur personnalis\u00e9s.<\/li><\/ul>","protected":false},"excerpt":{"rendered":"<p><strong>Prix : US $0.14\/pc<\/strong><\/p>\n<p>Nous vous invitons \u00e0 acheter des charni\u00e8res \u00e0 encastrer pour portes d'armoires. Ces charni\u00e8res sont certifi\u00e9es et conformes aux normes internationales telles que SGS et CE, ce qui garantit des performances fiables et une qualit\u00e9 durable. Leur conception r\u00e9glable permet un r\u00e9glage facile et une installation rapide, ce qui permet aux fabricants de meubles et aux clients B2B d'\u00e9conomiser du temps et de la main-d'\u0153uvre.<\/p>\n<h2>Sp\u00e9cifications des charni\u00e8res encastr\u00e9es pour portes de placard<\/h2>\n<table border=\"0\" cellspacing=\"0\" cellpadding=\"0\">\n<tbody style=\"font-size: 12px; border: 1px solid #ccc; overflow: hidden;\">\n<tr style=\"line-height: 1.4;\">\n<td style=\"width: 33%;\" width=\"36\" height=\"30\"><strong>Sp\u00e9cifications<\/strong><\/td>\n<td style=\"width: 67%;\" width=\"72\"><strong>D\u00e9tails<\/strong><\/td>\n<\/tr>\n<tr style=\"line-height: 1.4;\">\n<td style=\"width: 33%;\" width=\"36\" height=\"30\"><strong>Num\u00e9ro de mod\u00e8le<\/strong><\/td>\n<td style=\"width: 67%;\" width=\"72\">MR-DB3<\/td>\n<\/tr>\n<tr style=\"line-height: 1.4;\">\n<td style=\"width: 33%;\" width=\"36\" height=\"30\"><strong>Mat\u00e9riau de la charni\u00e8re<\/strong><\/td>\n<td style=\"width: 67%;\" width=\"72\">Acier inoxydable ou acier lamin\u00e9 \u00e0 froid<\/td>\n<\/tr>\n<tr style=\"line-height: 1.4;\">\n<td style=\"width: 33%;\" width=\"36\" height=\"30\"><strong>Type de charni\u00e8re<\/strong><\/td>\n<td style=\"width: 67%;\" width=\"72\">Charni\u00e8res \u00e0 fermeture douce pour armoires encastr\u00e9es<\/td>\n<\/tr>\n<tr style=\"line-height: 1.4;\">\n<td style=\"width: 33%;\" width=\"36\" height=\"60\"><strong>Sc\u00e9narios applicables<\/strong><\/td>\n<td style=\"width: 67%;\" width=\"72\">Penderie, armoire, biblioth\u00e8que, meuble de salle de bain, etc.<\/td>\n<\/tr>\n<tr style=\"line-height: 1.4;\">\n<td style=\"width: 33%;\" width=\"36\" height=\"50\"><strong>Service OEM et ODM<\/strong><\/td>\n<td style=\"width: 67%;\" width=\"72\">Prise en charge de la personnalisation facile et de la personnalisation approfondie<\/td>\n<\/tr>\n<\/tbody>\n<\/table>\n<p>&nbsp;<\/p>\n<p><script src=\"chrome-extension:\/\/fpelahbljekknahkcaegamhcndkfpfnc\/iFrame.js\" type=\"text\/javascript\"><\/script><\/p>\n<p>\n<script src=\"chrome-extension:\/\/fpelahbljekknahkcaegamhcndkfpfnc\/iFrame.js\" type=\"text\/javascript\"><\/script><\/p>","protected":false},"featured_media":1439,"comment_status":"closed","ping_status":"closed","template":"","meta":{"_acf_changed":false},"product_brand":[],"product_cat":[27],"product_tag":[],"class_list":{"0":"post-1438","1":"product","2":"type-product","3":"status-publish","4":"has-post-thumbnail","6":"product_cat-wholesale-inset-cabinet-hinges","8":"first","9":"instock","10":"shipping-taxable","11":"product-type-simple"},"acf":[],"_links":{"self":[{"href":"https:\/\/www.mrhardwares.com\/fr\/wp-json\/wp\/v2\/product\/1438","targetHints":{"allow":["GET"]}}],"collection":[{"href":"https:\/\/www.mrhardwares.com\/fr\/wp-json\/wp\/v2\/product"}],"about":[{"href":"https:\/\/www.mrhardwares.com\/fr\/wp-json\/wp\/v2\/types\/product"}],"replies":[{"embeddable":true,"href":"https:\/\/www.mrhardwares.com\/fr\/wp-json\/wp\/v2\/comments?post=1438"}],"wp:featuredmedia":[{"embeddable":true,"href":"https:\/\/www.mrhardwares.com\/fr\/wp-json\/wp\/v2\/media\/1439"}],"wp:attachment":[{"href":"https:\/\/www.mrhardwares.com\/fr\/wp-json\/wp\/v2\/media?parent=1438"}],"wp:term":[{"taxonomy":"product_brand","embeddable":true,"href":"https:\/\/www.mrhardwares.com\/fr\/wp-json\/wp\/v2\/product_brand?post=1438"},{"taxonomy":"product_cat","embeddable":true,"href":"https:\/\/www.mrhardwares.com\/fr\/wp-json\/wp\/v2\/product_cat?post=1438"},{"taxonomy":"product_tag","embeddable":true,"href":"https:\/\/www.mrhardwares.com\/fr\/wp-json\/wp\/v2\/product_tag?post=1438"}],"curies":[{"name":"wp","href":"https:\/\/api.w.org\/{rel}","templated":true}]}}