{"id":1440,"date":"2025-08-27T03:32:48","date_gmt":"2025-08-27T03:32:48","guid":{"rendered":"https:\/\/www.mrhardwares.com\/?post_type=product&#038;p=1440"},"modified":"2025-12-31T02:40:07","modified_gmt":"2025-12-31T02:40:07","slug":"wholesale-concealed-inset-cabinet-hinges","status":"publish","type":"product","link":"https:\/\/www.mrhardwares.com\/fr\/product\/wholesale-concealed-inset-cabinet-hinges\/","title":{"rendered":"Charni\u00e8res \u00e0 encastrer en gros pour les projets de fabrication de meubles"},"content":{"rendered":"<h3 class=\"wp-block-heading\">Caract\u00e9ristiques des charni\u00e8res d'armoire \u00e0 encastrer<\/h3><ul class=\"wp-block-list\"><li><strong>Design \u00e9l\u00e9gant et invisible :<\/strong> Lorsque la porte de l'armoire est ferm\u00e9e, ces charni\u00e8res d'armoire encastr\u00e9es sont compl\u00e8tement cach\u00e9es, ce qui am\u00e9liore la qualit\u00e9 esth\u00e9tique de la cuisine, de l'armoire et d'autres meubles en \u00e9liminant les ferrures visibles.<\/li>\n\n<li><strong>Alignement pr\u00e9cis des \u00e9l\u00e9ments incorpor\u00e9s :<\/strong> Ces charni\u00e8res sont con\u00e7ues sp\u00e9cifiquement pour les portes d'armoires encastr\u00e9es, ce qui permet aux portes de s'adapter parfaitement au cadre de l'armoire.<\/li>\n\n<li><strong>Ajustable : <\/strong>Nos charni\u00e8res d'armoires encastr\u00e9es, con\u00e7ues en gros, offrent des options de r\u00e9glage tridimensionnel, y compris la hauteur, la profondeur et l'alignement gauche-droite.<\/li>\n\n<li><strong>Large compatibilit\u00e9 : <\/strong>Ces charni\u00e8res sont con\u00e7ues pour s'adapter \u00e0 diff\u00e9rents types d'armoires, notamment les armoires de cuisine, les meubles de salle de bain, les armoires, les meubles de bureau et les projets de meubles sur mesure.<\/li>\n\n<li><strong>Convivialit\u00e9 et rentabilit\u00e9 pour le B2B : <\/strong>Ces charni\u00e8res sont vendues en gros, ce qui constitue une solution \u00e9conomique pour les fabricants de meubles et les grossistes.<\/li><\/ul>","protected":false},"excerpt":{"rendered":"<p><strong>Prix : US $0.15\/pc<\/strong><\/p>\n<p>Achetez des charni\u00e8res encastr\u00e9es pour armoires. Ces charni\u00e8res sont dot\u00e9es d'un m\u00e9canisme fiable de fermeture en douceur et sont enti\u00e8rement dissimul\u00e9es lors de l'installation, ce qui leur conf\u00e8re un aspect \u00e9l\u00e9gant et homog\u00e8ne. Elles sont compatibles avec une grande vari\u00e9t\u00e9 d'armoires de cuisine, de penderies, de meubles de bureau et d'armoires sur mesure. Contactez-nous pour un devis en gros.<\/p>\n<h2>Sp\u00e9cifications des charni\u00e8res \u00e0 encastrer pour armoires encastr\u00e9es<\/h2>\n<table border=\"0\" cellspacing=\"0\" cellpadding=\"0\">\n<tbody style=\"font-size: 12px; border: 1px solid #ccc; overflow: hidden;\">\n<tr style=\"line-height: 1.4;\">\n<td style=\"width: 33%;\" width=\"36\" height=\"30\"><strong>Sp\u00e9cifications<\/strong><\/td>\n<td style=\"width: 67%;\" width=\"72\"><strong>D\u00e9tails<\/strong><\/td>\n<\/tr>\n<tr style=\"line-height: 1.4;\">\n<td style=\"width: 33%;\" width=\"36\" height=\"30\"><strong>Num\u00e9ro de mod\u00e8le<\/strong><\/td>\n<td style=\"width: 67%;\" width=\"72\">MR-DTZ3<\/td>\n<\/tr>\n<tr style=\"line-height: 1.4;\">\n<td style=\"width: 33%;\" width=\"36\" height=\"30\"><strong>Mat\u00e9riau de la charni\u00e8re<\/strong><\/td>\n<td style=\"width: 67%;\" width=\"72\">Acier inoxydable ou acier lamin\u00e9 \u00e0 froid<\/td>\n<\/tr>\n<tr style=\"line-height: 1.4;\">\n<td style=\"width: 33%;\" width=\"36\" height=\"30\"><strong>Type de charni\u00e8re<\/strong><\/td>\n<td style=\"width: 67%;\" width=\"72\">Charni\u00e8re de meuble \u00e0 encastrer Soft Close<\/td>\n<\/tr>\n<tr style=\"line-height: 1.4;\">\n<td style=\"width: 33%;\" width=\"36\" height=\"60\"><strong>Sc\u00e9narios applicables<\/strong><\/td>\n<td style=\"width: 67%;\" width=\"72\">Penderie, armoire, biblioth\u00e8que, meuble de salle de bain, etc.<\/td>\n<\/tr>\n<tr style=\"line-height: 1.4;\">\n<td style=\"width: 33%;\" width=\"36\" height=\"50\"><strong>Service OEM et ODM<\/strong><\/td>\n<td style=\"width: 67%;\" width=\"72\">Prise en charge de la personnalisation facile et de la personnalisation approfondie<\/td>\n<\/tr>\n<\/tbody>\n<\/table>\n<p>&nbsp;<\/p>\n<p>\n<script src=\"chrome-extension:\/\/fpelahbljekknahkcaegamhcndkfpfnc\/iFrame.js\" type=\"text\/javascript\"><\/script><\/p>","protected":false},"featured_media":1432,"comment_status":"closed","ping_status":"closed","template":"","meta":{"_acf_changed":false},"product_brand":[],"product_cat":[27],"product_tag":[],"class_list":{"0":"post-1440","1":"product","2":"type-product","3":"status-publish","4":"has-post-thumbnail","6":"product_cat-wholesale-inset-cabinet-hinges","8":"first","9":"instock","10":"shipping-taxable","11":"product-type-simple"},"acf":[],"_links":{"self":[{"href":"https:\/\/www.mrhardwares.com\/fr\/wp-json\/wp\/v2\/product\/1440","targetHints":{"allow":["GET"]}}],"collection":[{"href":"https:\/\/www.mrhardwares.com\/fr\/wp-json\/wp\/v2\/product"}],"about":[{"href":"https:\/\/www.mrhardwares.com\/fr\/wp-json\/wp\/v2\/types\/product"}],"replies":[{"embeddable":true,"href":"https:\/\/www.mrhardwares.com\/fr\/wp-json\/wp\/v2\/comments?post=1440"}],"wp:featuredmedia":[{"embeddable":true,"href":"https:\/\/www.mrhardwares.com\/fr\/wp-json\/wp\/v2\/media\/1432"}],"wp:attachment":[{"href":"https:\/\/www.mrhardwares.com\/fr\/wp-json\/wp\/v2\/media?parent=1440"}],"wp:term":[{"taxonomy":"product_brand","embeddable":true,"href":"https:\/\/www.mrhardwares.com\/fr\/wp-json\/wp\/v2\/product_brand?post=1440"},{"taxonomy":"product_cat","embeddable":true,"href":"https:\/\/www.mrhardwares.com\/fr\/wp-json\/wp\/v2\/product_cat?post=1440"},{"taxonomy":"product_tag","embeddable":true,"href":"https:\/\/www.mrhardwares.com\/fr\/wp-json\/wp\/v2\/product_tag?post=1440"}],"curies":[{"name":"wp","href":"https:\/\/api.w.org\/{rel}","templated":true}]}}