{"id":1496,"date":"2025-09-08T07:46:15","date_gmt":"2025-09-08T07:46:15","guid":{"rendered":"https:\/\/www.mrhardwares.com\/?post_type=product&#038;p=1496"},"modified":"2025-09-08T08:08:57","modified_gmt":"2025-09-08T08:08:57","slug":"wholesale-furniture-fixed-hinges-suitable-for-cabinets-wardrobes-bathroom-cabinets","status":"publish","type":"product","link":"https:\/\/www.mrhardwares.com\/fr\/product\/wholesale-furniture-fixed-hinges-suitable-for-cabinets-wardrobes-bathroom-cabinets\/","title":{"rendered":"Wholesale Furniture Fixed Hinges - Convient pour les armoires, les penderies, les armoires de salle de bain"},"content":{"rendered":"<h3 class=\"wp-block-heading\">Caract\u00e9ristiques des charni\u00e8res fixes pour meubles<\/h3><ul class=\"wp-block-list\"><li><strong>Stabilit\u00e9 et s\u00e9curit\u00e9 : <\/strong>Contrairement aux charni\u00e8res \u00e0 clipser, les charni\u00e8res fixes offrent une connexion s\u00fbre et permanente. Les portes restent ainsi align\u00e9es et ne s'affaissent pas au fil du temps.<\/li>\n\n<li><strong>Rapport co\u00fbt-efficacit\u00e9 : <\/strong>Les charni\u00e8res fixes offrent g\u00e9n\u00e9ralement une conception plus simple et un prix plus comp\u00e9titif, ce qui les rend plus \u00e9conomiques pour la production de meubles en s\u00e9rie ou les projets de grande envergure.<\/li>\n\n<li><strong>Large compatibilit\u00e9 : <\/strong>Nos charni\u00e8res fixes en gros peuvent \u00eatre utilis\u00e9es sur une vari\u00e9t\u00e9 de types de meubles, y compris les armoires, les penderies, les coffres, les meubles de bureau, et plus encore.<\/li>\n\n<li><strong>Fonctionnement en douceur : <\/strong>Nos charni\u00e8res fixes de haute qualit\u00e9 offrent une rotation en douceur, garantissant que les portes s'ouvrent et se ferment sans effort et sans vaciller.<\/li>\n\n<li><strong>Capacit\u00e9 de production \u00e9lev\u00e9e :<\/strong> En tant que fabricant professionnel de charni\u00e8res, notre usine est \u00e9quip\u00e9e de lignes de production automatis\u00e9es, ce qui nous permet de traiter rapidement les commandes importantes.<\/li><\/ul><h3 class=\"wp-block-heading\">Param\u00e8tres d'application et d'installation de la charni\u00e8re \u042435mm<\/h3><p><strong>H = <\/strong>Hauteur de la base de la charni\u00e8re<br><strong>D = <\/strong>Recouvrement requis sur le panneau lat\u00e9ral<br><strong>K = <\/strong>Distance entre le bord de la porte et les trous de per\u00e7age du bo\u00eetier de charni\u00e8re<br><strong>A = <\/strong>Espace entre la porte et le panneau lat\u00e9ral<\/p><figure class=\"wp-block-image size-full\"><img decoding=\"async\" width=\"1600\" height=\"1200\" src=\"https:\/\/www.mrhardwares.com\/wp-content\/uploads\/2025\/09\/details-of-fixed-hinges.webp\" alt=\"d\u00e9tails des charni\u00e8res fixes\" class=\"wp-image-1497\" srcset=\"https:\/\/www.mrhardwares.com\/wp-content\/uploads\/2025\/09\/details-of-fixed-hinges.webp 1600w, https:\/\/www.mrhardwares.com\/wp-content\/uploads\/2025\/09\/details-of-fixed-hinges-300x225.webp 300w, https:\/\/www.mrhardwares.com\/wp-content\/uploads\/2025\/09\/details-of-fixed-hinges-768x576.webp 768w, https:\/\/www.mrhardwares.com\/wp-content\/uploads\/2025\/09\/details-of-fixed-hinges-16x12.webp 16w, https:\/\/www.mrhardwares.com\/wp-content\/uploads\/2025\/09\/details-of-fixed-hinges-1200x900.webp 1200w, https:\/\/www.mrhardwares.com\/wp-content\/uploads\/2025\/09\/details-of-fixed-hinges-600x450.webp 600w\" sizes=\"(max-width: 1600px) 100vw, 1600px\" \/><\/figure>","protected":false},"excerpt":{"rendered":"<p>Charni\u00e8res fixes en gros, durables et fonctionnant en douceur. Ces charni\u00e8res \u00e9conomiques et polyvalentes conviennent pour les armoires, les penderies, les cabinets, les meubles de bureau, etc. Notre usine \u00e0 grand volume, \u00e9quip\u00e9e de lignes de production automatis\u00e9es, nous permet d'honorer rapidement les commandes importantes. Contactez-nous pour un devis.<\/p>\n<h2>Sp\u00e9cifications des charni\u00e8res fixes<\/h2>\n<table border=\"0\" cellspacing=\"0\" cellpadding=\"0\">\n<tbody style=\"font-size: 14px; border: 1px solid #ccc; overflow: hidden;\">\n<tr style=\"line-height: 1.4;\">\n<td style=\"width: 33%;\" width=\"36\" height=\"30\"><strong>Sp\u00e9cifications<\/strong><\/td>\n<td style=\"width: 67%;\" width=\"72\"><strong>D\u00e9tails<\/strong><\/td>\n<\/tr>\n<tr style=\"line-height: 1.4;\">\n<td style=\"width: 33%;\" width=\"36\" height=\"30\"><strong>Num\u00e9ro de mod\u00e8le<\/strong><\/td>\n<td style=\"width: 67%;\" width=\"72\">816 - A\uff0c 816 - B\uff0c 816 - C<\/td>\n<\/tr>\n<tr style=\"line-height: 1.4;\">\n<td style=\"width: 33%;\" width=\"36\" height=\"30\"><strong>Mat\u00e9riau de la charni\u00e8re<\/strong><\/td>\n<td style=\"width: 67%;\" width=\"72\">Acier inoxydable<\/td>\n<\/tr>\n<tr style=\"line-height: 1.4;\">\n<td style=\"width: 33%;\" width=\"36\" height=\"30\"><strong>Type de charni\u00e8re<\/strong><\/td>\n<td style=\"width: 67%;\" width=\"72\">Charni\u00e8re d'amortissement<\/td>\n<\/tr>\n<tr style=\"line-height: 1.4;\">\n<td style=\"width: 33%;\" width=\"36\" height=\"30\"><strong>Angle d'ouverture<\/strong><\/td>\n<td style=\"width: 67%;\" width=\"72\">105\u00b0<\/td>\n<\/tr>\n<tr style=\"line-height: 1.4;\">\n<td style=\"width: 33%;\" width=\"36\" height=\"40\"><strong>Diam\u00e8tre de la coupelle de la charni\u00e8re<\/strong><\/td>\n<td style=\"width: 67%;\" width=\"72\">35 mm<\/td>\n<\/tr>\n<tr style=\"line-height: 1.4;\">\n<td style=\"width: 33%;\" width=\"36\" height=\"40\"><strong>Profondeur du bo\u00eetier de la charni\u00e8re<\/strong><\/td>\n<td style=\"width: 67%;\" width=\"72\">11,3 mm<\/td>\n<\/tr>\n<tr style=\"line-height: 1.4;\">\n<td style=\"width: 33%;\" width=\"36\" height=\"30\"><strong>\u00c9paisseur de la porte<\/strong><\/td>\n<td style=\"width: 67%;\" width=\"72\">13-23mm<\/td>\n<\/tr>\n<tr style=\"line-height: 1.4;\">\n<td style=\"width: 33%;\" width=\"36\" height=\"60\"><strong>Sc\u00e9narios applicables<\/strong><\/td>\n<td style=\"width: 67%;\" width=\"72\">Penderie, armoire, biblioth\u00e8que, meuble de salle de bain, etc.<\/td>\n<\/tr>\n<tr style=\"line-height: 1.4;\">\n<td style=\"width: 33%;\" width=\"36\" height=\"50\"><strong>Service OEM et ODM<\/strong><\/td>\n<td style=\"width: 67%;\" width=\"72\">Prise en charge de la personnalisation facile et de la personnalisation approfondie<\/td>\n<\/tr>\n<\/tbody>\n<\/table>\n<p>\n<script src=\"chrome-extension:\/\/fpelahbljekknahkcaegamhcndkfpfnc\/iFrame.js\" type=\"text\/javascript\"><\/script><\/p>","protected":false},"featured_media":1498,"comment_status":"closed","ping_status":"closed","template":"","meta":{"_acf_changed":false},"product_brand":[],"product_cat":[30],"product_tag":[],"class_list":{"0":"post-1496","1":"product","2":"type-product","3":"status-publish","4":"has-post-thumbnail","6":"product_cat-wholesale-fixed-hinges","8":"first","9":"instock","10":"shipping-taxable","11":"product-type-simple"},"acf":[],"_links":{"self":[{"href":"https:\/\/www.mrhardwares.com\/fr\/wp-json\/wp\/v2\/product\/1496","targetHints":{"allow":["GET"]}}],"collection":[{"href":"https:\/\/www.mrhardwares.com\/fr\/wp-json\/wp\/v2\/product"}],"about":[{"href":"https:\/\/www.mrhardwares.com\/fr\/wp-json\/wp\/v2\/types\/product"}],"replies":[{"embeddable":true,"href":"https:\/\/www.mrhardwares.com\/fr\/wp-json\/wp\/v2\/comments?post=1496"}],"wp:featuredmedia":[{"embeddable":true,"href":"https:\/\/www.mrhardwares.com\/fr\/wp-json\/wp\/v2\/media\/1498"}],"wp:attachment":[{"href":"https:\/\/www.mrhardwares.com\/fr\/wp-json\/wp\/v2\/media?parent=1496"}],"wp:term":[{"taxonomy":"product_brand","embeddable":true,"href":"https:\/\/www.mrhardwares.com\/fr\/wp-json\/wp\/v2\/product_brand?post=1496"},{"taxonomy":"product_cat","embeddable":true,"href":"https:\/\/www.mrhardwares.com\/fr\/wp-json\/wp\/v2\/product_cat?post=1496"},{"taxonomy":"product_tag","embeddable":true,"href":"https:\/\/www.mrhardwares.com\/fr\/wp-json\/wp\/v2\/product_tag?post=1496"}],"curies":[{"name":"wp","href":"https:\/\/api.w.org\/{rel}","templated":true}]}}