{"id":1674,"date":"2025-11-24T02:03:59","date_gmt":"2025-11-24T02:03:59","guid":{"rendered":"https:\/\/www.mrhardwares.com\/?post_type=product&#038;p=1674"},"modified":"2025-12-31T02:51:31","modified_gmt":"2025-12-31T02:51:31","slug":"wholesale-full-overlay-cabinet-hinges","status":"publish","type":"product","link":"https:\/\/www.mrhardwares.com\/fr\/product\/wholesale-full-overlay-cabinet-hinges\/","title":{"rendered":"Wholesale Full Overlay Cabinet Hinges - MR-F4A1, Convient pour les armoires, les armoires de salle de bain et les armoires de cuisine"},"content":{"rendered":"<h3 class=\"wp-block-heading\">Caract\u00e9ristiques des charni\u00e8res d'armoire \u00e0 recouvrement total<\/h3><p><strong>Durable et r\u00e9sistant \u00e0 la corrosion<\/strong>:<strong> <\/strong>Fabriqu\u00e9e en acier inoxydable, la charni\u00e8re de porte d'armoire \u00e0 recouvrement total offre une forte r\u00e9sistance \u00e0 l'humidit\u00e9, \u00e0 la rouille et \u00e0 la corrosion.<\/p><p><strong>Aspect sans couture :<\/strong> La conception \u00e0 recouvrement total permet au panneau de porte de recouvrir enti\u00e8rement le panneau lat\u00e9ral de l'armoire, cr\u00e9ant ainsi une apparence nette et affleurante. Id\u00e9al pour les int\u00e9rieurs modernes et minimalistes et les petits espaces.<\/p><p><strong>Largement utilis\u00e9 : <\/strong>Largement utilis\u00e9 dans les armoires de chambre \u00e0 coucher, les armoires de salle de bain, les armoires de cuisine, les armoires de rangement de bureau, les meubles d'h\u00f4tel et d'autres applications.<\/p><p><strong>Vente directe \u00e0 l'usine : <\/strong>Nous sommes une <strong><a href=\"https:\/\/www.mrhardwares.com\/fr\/\" target=\"_blank\" rel=\"noreferrer noopener\">usine professionnelle de charni\u00e8res pour meubles<\/a><\/strong>Les prix de vente directs \u00e0 l'usine, les services personnalis\u00e9s OEM et ODM et les solutions exclusives sont autant d'atouts.<\/p>","protected":false},"excerpt":{"rendered":"<p><!-- wp:heading {\"level\":3} --><\/p>\n<p><strong>Prix : US $0.12\/pc<\/strong><\/p>\n<p>Vente en gros de charni\u00e8res d'armoires \u00e0 recouvrement total. Con\u00e7ue pour les armoires modernes sans cadre, cette charni\u00e8re \u00e0 recouvrement total offre un aspect de surface sans joint, une performance de fermeture douce et sans \u00e0-coups. Avec des prix d'usine et un approvisionnement en vrac, c'est un choix id\u00e9al pour les fabricants de meubles, les grossistes et les grands projets. N'h\u00e9sitez pas \u00e0 nous contacter.<\/p>\n<p><!-- \/wp:paragraph --><\/p>\n<h2>Sp\u00e9cifications des charni\u00e8res d'armoire \u00e0 recouvrement total<\/h2>\n<table border=\"0\" cellspacing=\"0\" cellpadding=\"0\">\n<tbody style=\"font-size: 12px; border: 1px solid #ccc; overflow: hidden;\">\n<tr style=\"line-height: 1.4;\">\n<td style=\"width: 33%;\" width=\"36\" height=\"30\"><strong>Sp\u00e9cifications<\/strong><\/td>\n<td style=\"width: 67%;\" width=\"72\"><strong>D\u00e9tails<\/strong><\/td>\n<\/tr>\n<tr style=\"line-height: 1.4;\">\n<td style=\"width: 33%;\" width=\"36\" height=\"30\"><strong>Num\u00e9ro de mod\u00e8le<\/strong><\/td>\n<td style=\"width: 67%;\" width=\"72\">MR-F4A<\/td>\n<\/tr>\n<tr style=\"line-height: 1.4;\">\n<td style=\"width: 33%;\" width=\"36\" height=\"30\"><strong>Mat\u00e9riau de la charni\u00e8re<\/strong><\/td>\n<td style=\"width: 67%;\" width=\"72\">Acier inoxydable ou acier lamin\u00e9 \u00e0 froid<\/td>\n<\/tr>\n<tr style=\"line-height: 1.4;\">\n<td style=\"width: 33%;\" width=\"36\" height=\"30\"><strong>Type de charni\u00e8re<\/strong><\/td>\n<td style=\"width: 67%;\" width=\"72\">Charni\u00e8re \u00e0 recouvrement total<\/td>\n<\/tr>\n<tr style=\"line-height: 1.4;\">\n<td style=\"width: 33%;\" width=\"36\" height=\"60\"><strong>Sc\u00e9narios applicables<\/strong><\/td>\n<td style=\"width: 67%;\" width=\"72\">Penderie, armoire, biblioth\u00e8que, meuble de salle de bain, etc.<\/td>\n<\/tr>\n<tr style=\"line-height: 1.4;\">\n<td style=\"width: 33%;\" width=\"36\" height=\"50\"><strong>Service OEM et ODM<\/strong><\/td>\n<td style=\"width: 67%;\" width=\"72\">Prise en charge de la personnalisation facile et de la personnalisation approfondie<\/td>\n<\/tr>\n<\/tbody>\n<\/table>\n<p>&nbsp;<\/p>\n<p><script src=\"chrome-extension:\/\/fpelahbljekknahkcaegamhcndkfpfnc\/iFrame.js\" type=\"text\/javascript\"><\/script><\/p>\n<p><script src=\"chrome-extension:\/\/fpelahbljekknahkcaegamhcndkfpfnc\/iFrame.js\" type=\"text\/javascript\"><\/script><\/p>\n<p><script src=\"chrome-extension:\/\/fpelahbljekknahkcaegamhcndkfpfnc\/iFrame.js\" type=\"text\/javascript\"><\/script><\/p>\n<p>\n<script src=\"chrome-extension:\/\/fpelahbljekknahkcaegamhcndkfpfnc\/iFrame.js\" type=\"text\/javascript\"><\/script><\/p>","protected":false},"featured_media":1675,"comment_status":"closed","ping_status":"closed","template":"","meta":{"_acf_changed":false},"product_brand":[],"product_cat":[26],"product_tag":[],"class_list":{"0":"post-1674","1":"product","2":"type-product","3":"status-publish","4":"has-post-thumbnail","6":"product_cat-wholesale-full-overlay-cabinet-hinges","8":"first","9":"instock","10":"shipping-taxable","11":"product-type-simple"},"acf":[],"_links":{"self":[{"href":"https:\/\/www.mrhardwares.com\/fr\/wp-json\/wp\/v2\/product\/1674","targetHints":{"allow":["GET"]}}],"collection":[{"href":"https:\/\/www.mrhardwares.com\/fr\/wp-json\/wp\/v2\/product"}],"about":[{"href":"https:\/\/www.mrhardwares.com\/fr\/wp-json\/wp\/v2\/types\/product"}],"replies":[{"embeddable":true,"href":"https:\/\/www.mrhardwares.com\/fr\/wp-json\/wp\/v2\/comments?post=1674"}],"wp:featuredmedia":[{"embeddable":true,"href":"https:\/\/www.mrhardwares.com\/fr\/wp-json\/wp\/v2\/media\/1675"}],"wp:attachment":[{"href":"https:\/\/www.mrhardwares.com\/fr\/wp-json\/wp\/v2\/media?parent=1674"}],"wp:term":[{"taxonomy":"product_brand","embeddable":true,"href":"https:\/\/www.mrhardwares.com\/fr\/wp-json\/wp\/v2\/product_brand?post=1674"},{"taxonomy":"product_cat","embeddable":true,"href":"https:\/\/www.mrhardwares.com\/fr\/wp-json\/wp\/v2\/product_cat?post=1674"},{"taxonomy":"product_tag","embeddable":true,"href":"https:\/\/www.mrhardwares.com\/fr\/wp-json\/wp\/v2\/product_tag?post=1674"}],"curies":[{"name":"wp","href":"https:\/\/api.w.org\/{rel}","templated":true}]}}