{"id":1676,"date":"2025-11-24T02:01:45","date_gmt":"2025-11-24T02:01:45","guid":{"rendered":"https:\/\/www.mrhardwares.com\/?post_type=product&#038;p=1676"},"modified":"2025-12-31T02:51:58","modified_gmt":"2025-12-31T02:51:58","slug":"wholesale-half-overlay-cabinet-hinges","status":"publish","type":"product","link":"https:\/\/www.mrhardwares.com\/fr\/product\/wholesale-half-overlay-cabinet-hinges\/","title":{"rendered":"Wholesale Half Overlay Cabinet Hinges - MR-F4A2, Convient pour les armoires, les armoires de salle de bain et les armoires de cuisine"},"content":{"rendered":"<h3 class=\"wp-block-heading\">Caract\u00e9ristiques des charni\u00e8res d'armoire en demi-couverture<\/h3><p><strong>Compatibilit\u00e9 d'installation flexible : <\/strong>Con\u00e7ue sp\u00e9cifiquement pour les applications en demi-couche, cette charni\u00e8re offre des tol\u00e9rances d'installation g\u00e9n\u00e9reuses et une excellente compatibilit\u00e9 avec diff\u00e9rents types de panneaux.<\/p><p><strong>Mouvement de porte peu encombrant :<\/strong> Comme la porte ne couvre que la moiti\u00e9 du panneau lat\u00e9ral de l'armoire, elle n\u00e9cessite moins de d\u00e9gagement interne lors de l'ouverture. Cela \u00e9vite les collisions avec les murs ou les meubles adjacents.<\/p><p><strong>Largement utilis\u00e9 : <\/strong>Largement utilis\u00e9 dans les armoires de chambre \u00e0 coucher, les armoires de salle de bain, les armoires de cuisine, les armoires de rangement de bureau, les meubles d'h\u00f4tel et d'autres applications.<\/p><p><strong>Vente directe \u00e0 l'usine : <\/strong>Nous sommes une <strong><a href=\"https:\/\/www.mrhardwares.com\/fr\/\" target=\"_blank\" rel=\"noreferrer noopener\">usine professionnelle de charni\u00e8res pour meubles<\/a><\/strong>Les prix de vente directs \u00e0 l'usine, les services personnalis\u00e9s OEM et ODM et les solutions exclusives sont autant d'atouts.<\/p>","protected":false},"excerpt":{"rendered":"<p><!-- wp:heading {\"level\":3} --><\/p>\n<p><strong>Prix : US $0.12\/pc<\/strong><\/p>\n<p>Charni\u00e8res d'armoire \u00e0 demi-recouvrement en gros avec une fonction de positionnement r\u00e9glable. Elle se caract\u00e9rise par une tol\u00e9rance d'installation flexible, une forte capacit\u00e9 de charge et une performance r\u00e9glable en douceur. Avec des prix d'usine et un approvisionnement en vrac, c'est un choix id\u00e9al pour les fabricants de meubles, les grossistes et les grands projets. N'h\u00e9sitez pas \u00e0 nous contacter.<\/p>\n<h2>Sp\u00e9cifications des charni\u00e8res d'armoire \u00e0 demi-recouvrement<\/h2>\n<table border=\"0\" cellspacing=\"0\" cellpadding=\"0\">\n<tbody style=\"font-size: 12px; border: 1px solid #ccc; overflow: hidden;\">\n<tr style=\"line-height: 1.4;\">\n<td style=\"width: 33%;\" width=\"36\" height=\"30\"><strong>Sp\u00e9cifications<\/strong><\/td>\n<td style=\"width: 67%;\" width=\"72\"><strong>D\u00e9tails<\/strong><\/td>\n<\/tr>\n<tr style=\"line-height: 1.4;\">\n<td style=\"width: 33%;\" width=\"36\" height=\"30\"><strong>Num\u00e9ro de mod\u00e8le<\/strong><\/td>\n<td style=\"width: 67%;\" width=\"72\">MR-F4A2<\/td>\n<\/tr>\n<tr style=\"line-height: 1.4;\">\n<td style=\"width: 33%;\" width=\"36\" height=\"30\"><strong>Mat\u00e9riau de la charni\u00e8re<\/strong><\/td>\n<td style=\"width: 67%;\" width=\"72\">Acier inoxydable ou acier lamin\u00e9 \u00e0 froid<\/td>\n<\/tr>\n<tr style=\"line-height: 1.4;\">\n<td style=\"width: 33%;\" width=\"36\" height=\"30\"><strong>Type de charni\u00e8re<\/strong><\/td>\n<td style=\"width: 67%;\" width=\"72\">Demi-charni\u00e8re de recouvrement<\/td>\n<\/tr>\n<tr style=\"line-height: 1.4;\">\n<td style=\"width: 33%;\" width=\"36\" height=\"60\"><strong>Sc\u00e9narios applicables<\/strong><\/td>\n<td style=\"width: 67%;\" width=\"72\">Penderie, armoire, biblioth\u00e8que, meuble de salle de bain, etc.<\/td>\n<\/tr>\n<tr style=\"line-height: 1.4;\">\n<td style=\"width: 33%;\" width=\"36\" height=\"50\"><strong>Service OEM et ODM<\/strong><\/td>\n<td style=\"width: 67%;\" width=\"72\">Prise en charge de la personnalisation facile et de la personnalisation approfondie<\/td>\n<\/tr>\n<\/tbody>\n<\/table>\n<p>&nbsp;<\/p>\n<p><script src=\"chrome-extension:\/\/fpelahbljekknahkcaegamhcndkfpfnc\/iFrame.js\" type=\"text\/javascript\"><\/script><\/p>\n<p><script src=\"chrome-extension:\/\/fpelahbljekknahkcaegamhcndkfpfnc\/iFrame.js\" type=\"text\/javascript\"><\/script><\/p>\n<p>\n<script src=\"chrome-extension:\/\/fpelahbljekknahkcaegamhcndkfpfnc\/iFrame.js\" type=\"text\/javascript\"><\/script><\/p>","protected":false},"featured_media":1677,"comment_status":"closed","ping_status":"closed","template":"","meta":{"_acf_changed":false},"product_brand":[],"product_cat":[28],"product_tag":[],"class_list":{"0":"post-1676","1":"product","2":"type-product","3":"status-publish","4":"has-post-thumbnail","6":"product_cat-wholesale-half-overlay-cabinet-hinges","8":"first","9":"instock","10":"shipping-taxable","11":"product-type-simple"},"acf":[],"_links":{"self":[{"href":"https:\/\/www.mrhardwares.com\/fr\/wp-json\/wp\/v2\/product\/1676","targetHints":{"allow":["GET"]}}],"collection":[{"href":"https:\/\/www.mrhardwares.com\/fr\/wp-json\/wp\/v2\/product"}],"about":[{"href":"https:\/\/www.mrhardwares.com\/fr\/wp-json\/wp\/v2\/types\/product"}],"replies":[{"embeddable":true,"href":"https:\/\/www.mrhardwares.com\/fr\/wp-json\/wp\/v2\/comments?post=1676"}],"wp:featuredmedia":[{"embeddable":true,"href":"https:\/\/www.mrhardwares.com\/fr\/wp-json\/wp\/v2\/media\/1677"}],"wp:attachment":[{"href":"https:\/\/www.mrhardwares.com\/fr\/wp-json\/wp\/v2\/media?parent=1676"}],"wp:term":[{"taxonomy":"product_brand","embeddable":true,"href":"https:\/\/www.mrhardwares.com\/fr\/wp-json\/wp\/v2\/product_brand?post=1676"},{"taxonomy":"product_cat","embeddable":true,"href":"https:\/\/www.mrhardwares.com\/fr\/wp-json\/wp\/v2\/product_cat?post=1676"},{"taxonomy":"product_tag","embeddable":true,"href":"https:\/\/www.mrhardwares.com\/fr\/wp-json\/wp\/v2\/product_tag?post=1676"}],"curies":[{"name":"wp","href":"https:\/\/api.w.org\/{rel}","templated":true}]}}