{"id":1679,"date":"2025-11-24T01:54:59","date_gmt":"2025-11-24T01:54:59","guid":{"rendered":"https:\/\/www.mrhardwares.com\/?post_type=product&#038;p=1679"},"modified":"2025-12-31T02:52:34","modified_gmt":"2025-12-31T02:52:34","slug":"wholesale-inset-cabinet-hinge","status":"publish","type":"product","link":"https:\/\/www.mrhardwares.com\/fr\/product\/wholesale-inset-cabinet-hinge\/","title":{"rendered":"Wholesale Inset Cabinet Hinges - MR-F4A3, Convient pour les armoires, les armoires de salle de bain et les armoires de cuisine"},"content":{"rendered":"<h3 class=\"wp-block-heading\">Caract\u00e9ristiques des charni\u00e8res d'armoires encastr\u00e9es<\/h3><p><strong>Esth\u00e9tique ultra-propre :<\/strong> La charni\u00e8re de meuble encastr\u00e9e s'ins\u00e8re compl\u00e8tement dans le cadre du meuble, cr\u00e9ant une surface de meuble lisse et ininterrompue qui s'accorde parfaitement avec les styles d'int\u00e9rieurs minimalistes, scandinaves et modernes de luxe.<\/p><p><strong>Utilisation optimis\u00e9e de l'espace :<\/strong> La structure encastr\u00e9e de la charni\u00e8re de l'armoire \u00e9limine les saillies ext\u00e9rieures, r\u00e9duisant ainsi le risque de chocs accidentels, ce qui est particuli\u00e8rement utile dans les cuisines compactes ou les couloirs \u00e9troits.<\/p><p><strong>Largement utilis\u00e9 : <\/strong>Largement utilis\u00e9 dans les armoires de chambre \u00e0 coucher, les armoires de salle de bain, les armoires de cuisine, les armoires de rangement de bureau, les meubles d'h\u00f4tel et d'autres applications.<\/p><p><strong>Vente directe \u00e0 l'usine : <\/strong>Nous sommes un professionnel <strong><a href=\"https:\/\/www.mrhardwares.com\/fr\/\" target=\"_blank\" rel=\"noreferrer noopener\">usine de charni\u00e8res de meubles<\/a><\/strong>Les prix de vente directs \u00e0 l'usine, les services personnalis\u00e9s OEM et ODM et les solutions exclusives sont autant d'atouts.<\/p>","protected":false},"excerpt":{"rendered":"<p><!-- wp:heading {\"level\":3} --><\/p>\n<p><strong>Prix : US $0.12\/pc<\/strong><\/p>\n<p>Vente en gros de charni\u00e8res d'armoires encastr\u00e9es. Avec une structure enti\u00e8rement cach\u00e9e, une forte durabilit\u00e9, elle offre une esth\u00e9tique propre et de qualit\u00e9. Avec des prix d'usine et un approvisionnement en vrac, c'est un choix id\u00e9al pour les fabricants de meubles, les grossistes et les grands projets. N'h\u00e9sitez pas \u00e0 nous contacter.<\/p>\n<h2>Sp\u00e9cifications des charni\u00e8res d'armoires encastr\u00e9es<\/h2>\n<table border=\"0\" cellspacing=\"0\" cellpadding=\"0\">\n<tbody style=\"font-size: 12px; border: 1px solid #ccc; overflow: hidden;\">\n<tr style=\"line-height: 1.4;\">\n<td style=\"width: 33%;\" width=\"36\" height=\"30\"><strong>Sp\u00e9cifications<\/strong><\/td>\n<td style=\"width: 67%;\" width=\"72\"><strong>D\u00e9tails<\/strong><\/td>\n<\/tr>\n<tr style=\"line-height: 1.4;\">\n<td style=\"width: 33%;\" width=\"36\" height=\"30\"><strong>Num\u00e9ro de mod\u00e8le<\/strong><\/td>\n<td style=\"width: 67%;\" width=\"72\">MR-F4A3<\/td>\n<\/tr>\n<tr style=\"line-height: 1.4;\">\n<td style=\"width: 33%;\" width=\"36\" height=\"30\"><strong>Mat\u00e9riau de la charni\u00e8re<\/strong><\/td>\n<td style=\"width: 67%;\" width=\"72\">Acier inoxydable ou acier lamin\u00e9 \u00e0 froid<\/td>\n<\/tr>\n<tr style=\"line-height: 1.4;\">\n<td style=\"width: 33%;\" width=\"36\" height=\"30\"><strong>Type de charni\u00e8re<\/strong><\/td>\n<td style=\"width: 67%;\" width=\"72\">Charni\u00e8re encastr\u00e9e<\/td>\n<\/tr>\n<tr style=\"line-height: 1.4;\">\n<td style=\"width: 33%;\" width=\"36\" height=\"60\"><strong>Sc\u00e9narios applicables<\/strong><\/td>\n<td style=\"width: 67%;\" width=\"72\">Penderie, armoire, biblioth\u00e8que, meuble de salle de bain, etc.<\/td>\n<\/tr>\n<tr style=\"line-height: 1.4;\">\n<td style=\"width: 33%;\" width=\"36\" height=\"50\"><strong>Service OEM et ODM<\/strong><\/td>\n<td style=\"width: 67%;\" width=\"72\">Prise en charge de la personnalisation facile et de la personnalisation approfondie<\/td>\n<\/tr>\n<\/tbody>\n<\/table>\n<p>&nbsp;<\/p>\n<p><script src=\"chrome-extension:\/\/fpelahbljekknahkcaegamhcndkfpfnc\/iFrame.js\" type=\"text\/javascript\"><\/script><\/p>\n<p><script src=\"chrome-extension:\/\/fpelahbljekknahkcaegamhcndkfpfnc\/iFrame.js\" type=\"text\/javascript\"><\/script><\/p>\n<p>\n<script src=\"chrome-extension:\/\/fpelahbljekknahkcaegamhcndkfpfnc\/iFrame.js\" type=\"text\/javascript\"><\/script><\/p>","protected":false},"featured_media":1680,"comment_status":"closed","ping_status":"closed","template":"","meta":{"_acf_changed":false},"product_brand":[],"product_cat":[27],"product_tag":[],"class_list":{"0":"post-1679","1":"product","2":"type-product","3":"status-publish","4":"has-post-thumbnail","6":"product_cat-wholesale-inset-cabinet-hinges","8":"first","9":"instock","10":"shipping-taxable","11":"product-type-simple"},"acf":[],"_links":{"self":[{"href":"https:\/\/www.mrhardwares.com\/fr\/wp-json\/wp\/v2\/product\/1679","targetHints":{"allow":["GET"]}}],"collection":[{"href":"https:\/\/www.mrhardwares.com\/fr\/wp-json\/wp\/v2\/product"}],"about":[{"href":"https:\/\/www.mrhardwares.com\/fr\/wp-json\/wp\/v2\/types\/product"}],"replies":[{"embeddable":true,"href":"https:\/\/www.mrhardwares.com\/fr\/wp-json\/wp\/v2\/comments?post=1679"}],"wp:featuredmedia":[{"embeddable":true,"href":"https:\/\/www.mrhardwares.com\/fr\/wp-json\/wp\/v2\/media\/1680"}],"wp:attachment":[{"href":"https:\/\/www.mrhardwares.com\/fr\/wp-json\/wp\/v2\/media?parent=1679"}],"wp:term":[{"taxonomy":"product_brand","embeddable":true,"href":"https:\/\/www.mrhardwares.com\/fr\/wp-json\/wp\/v2\/product_brand?post=1679"},{"taxonomy":"product_cat","embeddable":true,"href":"https:\/\/www.mrhardwares.com\/fr\/wp-json\/wp\/v2\/product_cat?post=1679"},{"taxonomy":"product_tag","embeddable":true,"href":"https:\/\/www.mrhardwares.com\/fr\/wp-json\/wp\/v2\/product_tag?post=1679"}],"curies":[{"name":"wp","href":"https:\/\/api.w.org\/{rel}","templated":true}]}}