{"id":1682,"date":"2025-11-24T01:47:01","date_gmt":"2025-11-24T01:47:01","guid":{"rendered":"https:\/\/www.mrhardwares.com\/?post_type=product&#038;p=1682"},"modified":"2025-11-24T01:47:02","modified_gmt":"2025-11-24T01:47:02","slug":"wholesale-stainless-steel-fixed-furniture-hinges","status":"publish","type":"product","link":"https:\/\/www.mrhardwares.com\/fr\/product\/wholesale-stainless-steel-fixed-furniture-hinges\/","title":{"rendered":"Wholesale Stainless Steel Fixed Furniture Hinges, Soft-close Design (876A-C)"},"content":{"rendered":"<h3 class=\"wp-block-heading\">Caract\u00e9ristiques des charni\u00e8res fixes pour meubles<\/h3><p><strong>Mat\u00e9riau r\u00e9sistant \u00e0 la corrosion et durable :<\/strong> Fabriqu\u00e9e en acier inoxydable 304 de premi\u00e8re qualit\u00e9, la charni\u00e8re de meuble fix offre une r\u00e9sistance exceptionnelle \u00e0 la corrosion, \u00e0 l'oxydation et \u00e0 l'humidit\u00e9. Elle fonctionne de mani\u00e8re fiable dans les espaces exigeants tels que les cuisines et les salles de bains, sans rouiller, se d\u00e9former ou perdre de sa solidit\u00e9 au fil du temps.<\/p><p><strong>Installation pr\u00e9cise :<\/strong> Gr\u00e2ce \u00e0 des trous de fixation positionn\u00e9s avec pr\u00e9cision, nos charni\u00e8res fixes pour meubles s'adaptent parfaitement \u00e0 divers mat\u00e9riaux tels que les panneaux de particules, le MDF et le bois massif. La structure fixe assure une liaison solide avec le corps du meuble, r\u00e9duisant ainsi les oscillations et les bruits.<\/p><p><strong>Prix d'usine : <\/strong>Nous proposons des prix comp\u00e9titifs, adapt\u00e9s aux achats en gros et aux besoins personnalis\u00e9s, afin de r\u00e9pondre aux besoins de divers fabricants de meubles et grossistes.<\/p><p><strong>Forte capacit\u00e9 de personnalisation :<\/strong> En tant que fabricant de charni\u00e8res pour meubles, outre les charni\u00e8res standard, nos charni\u00e8res fixes pour meubles peuvent \u00e9galement \u00eatre personnalis\u00e9es en termes de taille, de fonction et d'aspect en fonction des besoins du client, afin de r\u00e9pondre aux besoins des diff\u00e9rentes marques et des diff\u00e9rents march\u00e9s de l'ameublement.<\/p><h3 class=\"wp-block-heading\">Param\u00e8tres d'application et d'installation de la charni\u00e8re \u042435mm<\/h3><p><strong>H = <\/strong>Hauteur de la base de la charni\u00e8re<br><strong>D = <\/strong>Recouvrement requis sur le panneau lat\u00e9ral<br><strong>K = <\/strong>Distance entre le bord de la porte et les trous de per\u00e7age du bo\u00eetier de charni\u00e8re<br><strong>A = <\/strong>Espace entre la porte et le panneau lat\u00e9ral<\/p><figure class=\"wp-block-image size-full\"><img decoding=\"async\" width=\"1600\" height=\"1200\" src=\"https:\/\/www.mrhardwares.com\/wp-content\/uploads\/2024\/12\/The-Detail-of-Furniture-Hardware-Hinges.webp\" alt=\"Les d\u00e9tails des charni\u00e8res de quincaillerie d&#039;ameublement\" class=\"wp-image-445\" srcset=\"https:\/\/www.mrhardwares.com\/wp-content\/uploads\/2024\/12\/The-Detail-of-Furniture-Hardware-Hinges.webp 1600w, https:\/\/www.mrhardwares.com\/wp-content\/uploads\/2024\/12\/The-Detail-of-Furniture-Hardware-Hinges-300x225.webp 300w, https:\/\/www.mrhardwares.com\/wp-content\/uploads\/2024\/12\/The-Detail-of-Furniture-Hardware-Hinges-768x576.webp 768w, https:\/\/www.mrhardwares.com\/wp-content\/uploads\/2024\/12\/The-Detail-of-Furniture-Hardware-Hinges-1200x900.webp 1200w, https:\/\/www.mrhardwares.com\/wp-content\/uploads\/2024\/12\/The-Detail-of-Furniture-Hardware-Hinges-600x450.webp 600w\" sizes=\"(max-width: 1600px) 100vw, 1600px\" \/><\/figure>","protected":false},"excerpt":{"rendered":"<p>Les charni\u00e8res fixes de meubles en gros conviennent \u00e0 diverses applications de meubles, telles que les armoires de cuisine, les penderies, les armoires de salle de bains, etc. Nos charni\u00e8res fixes pour meubles sont con\u00e7ues pour une durabilit\u00e9 \u00e0 long terme, une forte capacit\u00e9 de charge et un fonctionnement quotidien en douceur. Avec une fonction de fermeture en douceur, elle convient \u00e0 la s\u00e9curit\u00e9 de la famille. <strong>Prise en charge de la personnalisation OEM et ODM.<br \/><\/strong><br \/>En tant que <a href=\"https:\/\/www.mrhardwares.com\/fr\/\" target=\"_blank\" rel=\"noopener\"><strong>fabricant professionnel de charni\u00e8res en Chine<\/strong><\/a>Nous offrons des prix comp\u00e9titifs. Contactez nous d\u00e8s maintenant !<\/p>\n<h2>Sp\u00e9cifications des charni\u00e8res fixes pour meubles<\/h2>\n<table border=\"0\" cellspacing=\"0\" cellpadding=\"0\">\n<tbody style=\"font-size: 14px; border: 1px solid #ccc; overflow: hidden;\">\n<tr style=\"line-height: 1.4;\">\n<td style=\"width: 33%;\" width=\"36\" height=\"30\"><strong>Sp\u00e9cifications<\/strong><\/td>\n<td style=\"width: 67%;\" width=\"72\"><strong>D\u00e9tails<\/strong><\/td>\n<\/tr>\n<tr style=\"line-height: 1.4;\">\n<td style=\"width: 33%;\" width=\"36\" height=\"30\"><strong>Num\u00e9ro de mod\u00e8le<\/strong><\/td>\n<td style=\"width: 67%;\" width=\"72\">876 - A\uff0c 876 - B\uff0c 876 - C<\/td>\n<\/tr>\n<tr style=\"line-height: 1.4;\">\n<td style=\"width: 33%;\" width=\"36\" height=\"30\"><strong>Mat\u00e9riau de la charni\u00e8re<\/strong><\/td>\n<td style=\"width: 67%;\" width=\"72\">Acier inoxydable<\/td>\n<\/tr>\n<tr style=\"line-height: 1.4;\">\n<td style=\"width: 33%;\" width=\"36\" height=\"30\"><strong>Type de charni\u00e8re<\/strong><\/td>\n<td style=\"width: 67%;\" width=\"72\">Charni\u00e8re amortissante, Charni\u00e8re fixe<\/td>\n<\/tr>\n<tr style=\"line-height: 1.4;\">\n<td style=\"width: 33%;\" width=\"36\" height=\"30\"><strong>Angle d'ouverture<\/strong><\/td>\n<td style=\"width: 67%;\" width=\"72\">105\u00b0<\/td>\n<\/tr>\n<tr style=\"line-height: 1.4;\">\n<td style=\"width: 33%;\" width=\"36\" height=\"40\"><strong>Diam\u00e8tre de la coupelle de la charni\u00e8re<\/strong><\/td>\n<td style=\"width: 67%;\" width=\"72\">35 mm<\/td>\n<\/tr>\n<tr style=\"line-height: 1.4;\">\n<td style=\"width: 33%;\" width=\"36\" height=\"40\"><strong>Profondeur du bo\u00eetier de la charni\u00e8re<\/strong><\/td>\n<td style=\"width: 67%;\" width=\"72\">11,3 mm<\/td>\n<\/tr>\n<tr style=\"line-height: 1.4;\">\n<td style=\"width: 33%;\" width=\"36\" height=\"30\"><strong>\u00c9paisseur de la porte<\/strong><\/td>\n<td style=\"width: 67%;\" width=\"72\">13-23mm<\/td>\n<\/tr>\n<tr style=\"line-height: 1.4;\">\n<td style=\"width: 33%;\" width=\"36\" height=\"60\"><strong>Sc\u00e9narios applicables<\/strong><\/td>\n<td style=\"width: 67%;\" width=\"72\">Penderie, armoire, biblioth\u00e8que, meuble de salle de bain, etc.<\/td>\n<\/tr>\n<tr style=\"line-height: 1.4;\">\n<td style=\"width: 33%;\" width=\"36\" height=\"50\"><strong>Service OEM et ODM<\/strong><\/td>\n<td style=\"width: 67%;\" width=\"72\">Prise en charge de la personnalisation facile et de la personnalisation approfondie<\/td>\n<\/tr>\n<\/tbody>\n<\/table>\n<p>\n<script src=\"chrome-extension:\/\/fpelahbljekknahkcaegamhcndkfpfnc\/iFrame.js\" type=\"text\/javascript\"><\/script><\/p>","protected":false},"featured_media":1683,"comment_status":"closed","ping_status":"closed","template":"","meta":{"_acf_changed":false},"product_brand":[],"product_cat":[16,30],"product_tag":[],"class_list":{"0":"post-1682","1":"product","2":"type-product","3":"status-publish","4":"has-post-thumbnail","6":"product_cat-wholesale-soft-closing-hinges","7":"product_cat-wholesale-fixed-hinges","9":"first","10":"instock","11":"shipping-taxable","12":"product-type-simple"},"acf":[],"_links":{"self":[{"href":"https:\/\/www.mrhardwares.com\/fr\/wp-json\/wp\/v2\/product\/1682","targetHints":{"allow":["GET"]}}],"collection":[{"href":"https:\/\/www.mrhardwares.com\/fr\/wp-json\/wp\/v2\/product"}],"about":[{"href":"https:\/\/www.mrhardwares.com\/fr\/wp-json\/wp\/v2\/types\/product"}],"replies":[{"embeddable":true,"href":"https:\/\/www.mrhardwares.com\/fr\/wp-json\/wp\/v2\/comments?post=1682"}],"wp:featuredmedia":[{"embeddable":true,"href":"https:\/\/www.mrhardwares.com\/fr\/wp-json\/wp\/v2\/media\/1683"}],"wp:attachment":[{"href":"https:\/\/www.mrhardwares.com\/fr\/wp-json\/wp\/v2\/media?parent=1682"}],"wp:term":[{"taxonomy":"product_brand","embeddable":true,"href":"https:\/\/www.mrhardwares.com\/fr\/wp-json\/wp\/v2\/product_brand?post=1682"},{"taxonomy":"product_cat","embeddable":true,"href":"https:\/\/www.mrhardwares.com\/fr\/wp-json\/wp\/v2\/product_cat?post=1682"},{"taxonomy":"product_tag","embeddable":true,"href":"https:\/\/www.mrhardwares.com\/fr\/wp-json\/wp\/v2\/product_tag?post=1682"}],"curies":[{"name":"wp","href":"https:\/\/api.w.org\/{rel}","templated":true}]}}