{"id":1684,"date":"2025-11-24T01:40:18","date_gmt":"2025-11-24T01:40:18","guid":{"rendered":"https:\/\/www.mrhardwares.com\/?post_type=product&#038;p=1684"},"modified":"2025-11-24T01:40:19","modified_gmt":"2025-11-24T01:40:19","slug":"ulk-clip-on-cabinet-hinges-wholesale","status":"publish","type":"product","link":"https:\/\/www.mrhardwares.com\/fr\/product\/ulk-clip-on-cabinet-hinges-wholesale\/","title":{"rendered":"Bulk Clip-on Cabinet Hinges Wholesale, Detachable Hinges Factory Direct Sale(878A-C)"},"content":{"rendered":"<h3 class=\"wp-block-heading\">Caract\u00e9ristiques des charni\u00e8res d'armoire \u00e0 clipser<\/h3><p><strong>Installation rapide et sans dommage : <\/strong>Cette charni\u00e8re d'armoire \u00e0 clipser se fixe directement entre le cadre de l'armoire et le panneau de la porte, sans modifier la structure originale du panneau. Elle permet m\u00eame aux d\u00e9butants ou aux bricoleurs de r\u00e9aliser l'installation rapidement et en toute confiance.<\/p><p><strong>R\u00e9glable pour un alignement parfait : <\/strong>La charni\u00e8re d'armoire \u00e0 clipser permet un micro-ajustement. Cette conception permet aux utilisateurs de corriger facilement les \u00e9carts d'installation et de s'assurer que la porte de l'armoire se ferme en douceur et s'aligne parfaitement.<\/p><p><strong>Entretien facile et am\u00e9liorations futures :<\/strong> La structure de cette charni\u00e8re d'armoire \u00e0 clipser permet un retrait ou un remplacement rapide sans endommager les panneaux de l'armoire. Cela facilite consid\u00e9rablement l'entretien de routine, la mise \u00e0 niveau des charni\u00e8res ou le remplacement des portes d'armoires.<\/p><p><strong>Avantages de l'achat en gros : <\/strong>En tant que produit d'usine, nous offrons des prix comp\u00e9titifs, adapt\u00e9s aux achats en gros et aux grossistes, ce qui permet de r\u00e9duire les co\u00fbts d'approvisionnement.<\/p><p><strong>Service personnalis\u00e9 : <\/strong>Nous fournissons des services de charni\u00e8res personnalis\u00e9es OEM et ODM, couvrant la conception de produits, la production d'\u00e9chantillons, la satisfaction de besoins de conception personnalis\u00e9s et des solutions sur mesure pour vos projets d'ameublement.<\/p><h3 class=\"wp-block-heading\">Param\u00e8tres d'application et d'installation de la charni\u00e8re \u042435mm<\/h3><p><strong>H = <\/strong>Hauteur de la base de la charni\u00e8re<br><strong>D = <\/strong>Recouvrement requis sur le panneau lat\u00e9ral<br><strong>K = <\/strong>Distance entre le bord de la porte et les trous de per\u00e7age du bo\u00eetier de charni\u00e8re<br><strong>A = <\/strong>Espace entre la porte et le panneau lat\u00e9ral<\/p><figure class=\"wp-block-image size-full\"><img decoding=\"async\" width=\"1600\" height=\"1200\" src=\"https:\/\/www.mrhardwares.com\/wp-content\/uploads\/2024\/12\/Details-of-Cabinet-Soft-Close-Hinges-1.webp\" alt=\"D\u00e9tails des charni\u00e8res \u00e0 fermeture douce pour armoires\" class=\"wp-image-450\" srcset=\"https:\/\/www.mrhardwares.com\/wp-content\/uploads\/2024\/12\/Details-of-Cabinet-Soft-Close-Hinges-1.webp 1600w, https:\/\/www.mrhardwares.com\/wp-content\/uploads\/2024\/12\/Details-of-Cabinet-Soft-Close-Hinges-1-300x225.webp 300w, https:\/\/www.mrhardwares.com\/wp-content\/uploads\/2024\/12\/Details-of-Cabinet-Soft-Close-Hinges-1-768x576.webp 768w, https:\/\/www.mrhardwares.com\/wp-content\/uploads\/2024\/12\/Details-of-Cabinet-Soft-Close-Hinges-1-1200x900.webp 1200w, https:\/\/www.mrhardwares.com\/wp-content\/uploads\/2024\/12\/Details-of-Cabinet-Soft-Close-Hinges-1-600x450.webp 600w\" sizes=\"(max-width: 1600px) 100vw, 1600px\" \/><\/figure>","protected":false},"excerpt":{"rendered":"<p>Les charni\u00e8res d'armoire \u00e0 clipser en gros, compatibles avec une vari\u00e9t\u00e9 de mat\u00e9riaux, y compris le bois, les panneaux synth\u00e9tiques, conviennent \u00e0 tous les types de portes d'armoire. La structure \u00e0 clipser est utilis\u00e9e pour prolonger la dur\u00e9e de vie des meubles.<a href=\"https:\/\/www.mrhardwares.com\/fr\/\" target=\"_blank\" rel=\"noopener\"><strong> Usine de charni\u00e8res de Mingrun<\/strong><\/a> prend en charge les achats de gros volumes et fournit des services de personnalisation \u00e0 guichet unique. N'h\u00e9sitez pas \u00e0 nous contacter.<\/p>\n<h2>Sp\u00e9cifications des charni\u00e8res d'armoire \u00e0 clipser<\/h2>\n<table border=\"0\" cellspacing=\"0\" cellpadding=\"0\">\n<tbody style=\"font-size: 14px; border: 1px solid #ccc; overflow: hidden;\">\n<tr style=\"line-height: 1.4;\">\n<td style=\"width: 33%;\" width=\"36\" height=\"30\"><strong>Sp\u00e9cifications<\/strong><\/td>\n<td style=\"width: 67%;\" width=\"72\"><strong>D\u00e9tails<\/strong><\/td>\n<\/tr>\n<tr style=\"line-height: 1.4;\">\n<td style=\"width: 33%;\" width=\"36\" height=\"30\"><strong>Num\u00e9ro de mod\u00e8le<\/strong><\/td>\n<td style=\"width: 67%;\" width=\"72\">878 - A\uff0c 878 - B\uff0c 878 - C<\/td>\n<\/tr>\n<tr style=\"line-height: 1.4;\">\n<td style=\"width: 33%;\" width=\"36\" height=\"30\"><strong>Mat\u00e9riau de la charni\u00e8re<\/strong><\/td>\n<td style=\"width: 67%;\" width=\"72\">Acier inoxydable<\/td>\n<\/tr>\n<tr style=\"line-height: 1.4;\">\n<td style=\"width: 33%;\" width=\"36\" height=\"30\"><strong>Type de charni\u00e8re<\/strong><\/td>\n<td style=\"width: 67%;\" width=\"72\">Charni\u00e8re d'amortissement, Charni\u00e8re \u00e0 clipser<\/td>\n<\/tr>\n<tr style=\"line-height: 1.4;\">\n<td style=\"width: 33%;\" width=\"36\" height=\"30\"><strong>Angle d'ouverture<\/strong><\/td>\n<td style=\"width: 67%;\" width=\"72\">105\u00b0<\/td>\n<\/tr>\n<tr style=\"line-height: 1.4;\">\n<td style=\"width: 33%;\" width=\"36\" height=\"40\"><strong>Diam\u00e8tre de la coupelle de la charni\u00e8re<\/strong><\/td>\n<td style=\"width: 67%;\" width=\"72\">35 mm<\/td>\n<\/tr>\n<tr style=\"line-height: 1.4;\">\n<td style=\"width: 33%;\" width=\"36\" height=\"40\"><strong>Profondeur du bo\u00eetier de la charni\u00e8re<\/strong><\/td>\n<td style=\"width: 67%;\" width=\"72\">11,3 mm<\/td>\n<\/tr>\n<tr style=\"line-height: 1.4;\">\n<td style=\"width: 33%;\" width=\"36\" height=\"30\"><strong>\u00c9paisseur de la porte<\/strong><\/td>\n<td style=\"width: 67%;\" width=\"72\">13-23mm<\/td>\n<\/tr>\n<tr style=\"line-height: 1.4;\">\n<td style=\"width: 33%;\" width=\"36\" height=\"60\"><strong>Sc\u00e9narios applicables<\/strong><\/td>\n<td style=\"width: 67%;\" width=\"72\">Penderie, armoire, biblioth\u00e8que, meuble de salle de bain, etc.<\/td>\n<\/tr>\n<tr style=\"line-height: 1.4;\">\n<td style=\"width: 33%;\" width=\"36\" height=\"50\"><strong>Service OEM et ODM<\/strong><\/td>\n<td style=\"width: 67%;\" width=\"72\">Prise en charge de la personnalisation facile et de la personnalisation approfondie<\/td>\n<\/tr>\n<\/tbody>\n<\/table>\n<p>\n<script src=\"chrome-extension:\/\/fpelahbljekknahkcaegamhcndkfpfnc\/iFrame.js\" type=\"text\/javascript\"><\/script><\/p>","protected":false},"featured_media":1685,"comment_status":"closed","ping_status":"closed","template":"","meta":{"_acf_changed":false},"product_brand":[],"product_cat":[16,29],"product_tag":[],"class_list":{"0":"post-1684","1":"product","2":"type-product","3":"status-publish","4":"has-post-thumbnail","6":"product_cat-wholesale-soft-closing-hinges","7":"product_cat-wholesale-clip-on-hinges","9":"first","10":"instock","11":"shipping-taxable","12":"product-type-simple"},"acf":[],"_links":{"self":[{"href":"https:\/\/www.mrhardwares.com\/fr\/wp-json\/wp\/v2\/product\/1684","targetHints":{"allow":["GET"]}}],"collection":[{"href":"https:\/\/www.mrhardwares.com\/fr\/wp-json\/wp\/v2\/product"}],"about":[{"href":"https:\/\/www.mrhardwares.com\/fr\/wp-json\/wp\/v2\/types\/product"}],"replies":[{"embeddable":true,"href":"https:\/\/www.mrhardwares.com\/fr\/wp-json\/wp\/v2\/comments?post=1684"}],"wp:featuredmedia":[{"embeddable":true,"href":"https:\/\/www.mrhardwares.com\/fr\/wp-json\/wp\/v2\/media\/1685"}],"wp:attachment":[{"href":"https:\/\/www.mrhardwares.com\/fr\/wp-json\/wp\/v2\/media?parent=1684"}],"wp:term":[{"taxonomy":"product_brand","embeddable":true,"href":"https:\/\/www.mrhardwares.com\/fr\/wp-json\/wp\/v2\/product_brand?post=1684"},{"taxonomy":"product_cat","embeddable":true,"href":"https:\/\/www.mrhardwares.com\/fr\/wp-json\/wp\/v2\/product_cat?post=1684"},{"taxonomy":"product_tag","embeddable":true,"href":"https:\/\/www.mrhardwares.com\/fr\/wp-json\/wp\/v2\/product_tag?post=1684"}],"curies":[{"name":"wp","href":"https:\/\/api.w.org\/{rel}","templated":true}]}}