{"id":1686,"date":"2025-11-24T01:34:39","date_gmt":"2025-11-24T01:34:39","guid":{"rendered":"https:\/\/www.mrhardwares.com\/?post_type=product&#038;p=1686"},"modified":"2025-11-24T01:34:40","modified_gmt":"2025-11-24T01:34:40","slug":"wholesale-fixed-cabinet-hinges-durable-and-competitively-priced-626a-c","status":"publish","type":"product","link":"https:\/\/www.mrhardwares.com\/fr\/product\/wholesale-fixed-cabinet-hinges-durable-and-competitively-priced-626a-c\/","title":{"rendered":"Charni\u00e8res fixes d'armoire en gros, durables et \u00e0 prix comp\u00e9titif (626A-C)"},"content":{"rendered":"<h3 class=\"wp-block-heading\">Caract\u00e9ristiques des charni\u00e8res fixes<\/h3><p><strong>Structure stable de connexion fixe : <\/strong>Con\u00e7u avec une charni\u00e8re fixe rigide, ce mod\u00e8le se fixe solidement \u00e0 la porte de l'armoire et au panneau lat\u00e9ral gr\u00e2ce \u00e0 des trous pr\u00e9-perc\u00e9s et des vis. L'engagement m\u00e9canique entre le bras de la charni\u00e8re et la base assure des angles d'ouverture contr\u00f4l\u00e9s et constants.<\/p><p><strong>Fonction de fermeture automatique :<\/strong> La conception hydraulique de notre charni\u00e8re fixe permet de fermer automatiquement et lentement le panneau de la porte, \u00e9vitant ainsi l'impact caus\u00e9 par la fermeture rapide du panneau de la porte, prot\u00e9geant le mobilier et la charni\u00e8re elle-m\u00eame, et prolongeant la dur\u00e9e de vie de la charni\u00e8re.<\/p><p><strong>Capacit\u00e9 de charge efficace : <\/strong>La conception des charni\u00e8res fixes peut supporter un poids \u00e9lev\u00e9 et convient aux panneaux de porte lourds, aux armoires et aux meubles haut de gamme.<\/p><p><strong>Approvisionnement direct de l'usine :<\/strong> En tant que <strong><a href=\"https:\/\/www.mrhardwares.com\/fr\/\" target=\"_blank\" rel=\"noreferrer noopener\">fabricant de charni\u00e8res pour meubles<\/a><\/strong>Nous sommes en mesure de proposer des charni\u00e8res fixes en vrac \u00e0 des prix comp\u00e9titifs. Cette offre de charni\u00e8res en vrac s'adresse aux grossistes, aux fabricants de meubles et aux promoteurs immobiliers.<\/p><p><strong>Options de personnalisation : <\/strong>Nous proposons des services de personnalisation OEM et ODM et pouvons adapter la taille et la fonction de la charni\u00e8re en fonction des besoins du client afin de r\u00e9pondre \u00e0 des besoins personnalis\u00e9s.<\/p><h3 class=\"wp-block-heading\">Param\u00e8tres d'application et d'installation de la charni\u00e8re \u042435mm<\/h3><p><strong>H = <\/strong>Hauteur de la base de la charni\u00e8re<br><strong>D = <\/strong>Recouvrement requis sur le panneau lat\u00e9ral<br><strong>K = <\/strong>Distance entre le bord de la porte et les trous de per\u00e7age du bo\u00eetier de charni\u00e8re<br><strong>A = <\/strong>Espace entre la porte et le panneau lat\u00e9ral<\/p><figure class=\"wp-block-image size-full\"><img decoding=\"async\" width=\"1600\" height=\"1200\" src=\"https:\/\/www.mrhardwares.com\/wp-content\/uploads\/2024\/12\/Details-of-Hydraulic-Hinges.webp\" alt=\"D\u00e9tails des charni\u00e8res hydrauliques\" class=\"wp-image-452\" srcset=\"https:\/\/www.mrhardwares.com\/wp-content\/uploads\/2024\/12\/Details-of-Hydraulic-Hinges.webp 1600w, https:\/\/www.mrhardwares.com\/wp-content\/uploads\/2024\/12\/Details-of-Hydraulic-Hinges-300x225.webp 300w, https:\/\/www.mrhardwares.com\/wp-content\/uploads\/2024\/12\/Details-of-Hydraulic-Hinges-768x576.webp 768w, https:\/\/www.mrhardwares.com\/wp-content\/uploads\/2024\/12\/Details-of-Hydraulic-Hinges-1200x900.webp 1200w, https:\/\/www.mrhardwares.com\/wp-content\/uploads\/2024\/12\/Details-of-Hydraulic-Hinges-600x450.webp 600w\" sizes=\"(max-width: 1600px) 100vw, 1600px\" \/><\/figure>","protected":false},"excerpt":{"rendered":"<p>Charni\u00e8res fixes personnalisables en gros. Gr\u00e2ce \u00e0 leur conception hydraulique, nos charni\u00e8res fixes garantissent l'ouverture et la fermeture du panneau de porte en douceur, lentement et silencieusement, am\u00e9liorant ainsi l'exp\u00e9rience de l'utilisateur. Elles conviennent \u00e0 toutes sortes de portes d'armoires et de panneaux de portes de meubles. En tant que <a href=\"https:\/\/www.mrhardwares.com\/fr\/\" target=\"_blank\" rel=\"noopener\"><strong>fabricant de charni\u00e8res pour meubles,<\/strong><\/a> Nous fournissons des services de charni\u00e8res en gros et sur mesure. N'h\u00e9sitez pas \u00e0 nous contacter.<\/p>\n<h2>Sp\u00e9cifications des charni\u00e8res fixes<\/h2>\n<table border=\"0\" cellspacing=\"0\" cellpadding=\"0\">\n<tbody style=\"font-size: 14px; border: 1px solid #ccc; overflow: hidden;\">\n<tr style=\"line-height: 1.4;\">\n<td style=\"width: 33%;\" width=\"36\" height=\"30\"><strong>Sp\u00e9cifications<\/strong><\/td>\n<td style=\"width: 67%;\" width=\"72\"><strong>D\u00e9tails<\/strong><\/td>\n<\/tr>\n<tr style=\"line-height: 1.4;\">\n<td style=\"width: 33%;\" width=\"36\" height=\"30\"><strong>Num\u00e9ro de mod\u00e8le<\/strong><\/td>\n<td style=\"width: 67%;\" width=\"72\">626-A\uff0c 626-B\uff0c 626-C<\/td>\n<\/tr>\n<tr style=\"line-height: 1.4;\">\n<td style=\"width: 33%;\" width=\"36\" height=\"30\"><strong>Mat\u00e9riau de la charni\u00e8re<\/strong><\/td>\n<td style=\"width: 67%;\" width=\"72\">Le fer<\/td>\n<\/tr>\n<tr style=\"line-height: 1.4;\">\n<td style=\"width: 33%;\" width=\"36\" height=\"30\"><strong>Type de charni\u00e8re<\/strong><\/td>\n<td style=\"width: 67%;\" width=\"72\">Charni\u00e8re amortissante, Charni\u00e8re fixe<\/td>\n<\/tr>\n<tr style=\"line-height: 1.4;\">\n<td style=\"width: 33%;\" width=\"36\" height=\"30\"><strong>Angle d'ouverture<\/strong><\/td>\n<td style=\"width: 67%;\" width=\"72\">105\u00b0<\/td>\n<\/tr>\n<tr style=\"line-height: 1.4;\">\n<td style=\"width: 33%;\" width=\"36\" height=\"40\"><strong>Diam\u00e8tre de la coupelle de la charni\u00e8re<\/strong><\/td>\n<td style=\"width: 67%;\" width=\"72\">35 mm<\/td>\n<\/tr>\n<tr style=\"line-height: 1.4;\">\n<td style=\"width: 33%;\" width=\"36\" height=\"40\"><strong>Profondeur du bo\u00eetier de la charni\u00e8re<\/strong><\/td>\n<td style=\"width: 67%;\" width=\"72\">11,3 mm<\/td>\n<\/tr>\n<tr style=\"line-height: 1.4;\">\n<td style=\"width: 33%;\" width=\"36\" height=\"30\"><strong>\u00c9paisseur de la porte<\/strong><\/td>\n<td style=\"width: 67%;\" width=\"72\">13-23mm<\/td>\n<\/tr>\n<tr style=\"line-height: 1.4;\">\n<td style=\"width: 33%;\" width=\"36\" height=\"60\"><strong>Sc\u00e9narios applicables<\/strong><\/td>\n<td style=\"width: 67%;\" width=\"72\">Penderie, armoire, biblioth\u00e8que, meuble de salle de bain, etc.<\/td>\n<\/tr>\n<tr style=\"line-height: 1.4;\">\n<td style=\"width: 33%;\" width=\"36\" height=\"50\"><strong>Service OEM et ODM<\/strong><\/td>\n<td style=\"width: 67%;\" width=\"72\">Prise en charge de la personnalisation facile et de la personnalisation approfondie<\/td>\n<\/tr>\n<\/tbody>\n<\/table>\n<p>\n<script src=\"chrome-extension:\/\/fpelahbljekknahkcaegamhcndkfpfnc\/iFrame.js\" type=\"text\/javascript\"><\/script><\/p>","protected":false},"featured_media":1687,"comment_status":"closed","ping_status":"closed","template":"","meta":{"_acf_changed":false},"product_brand":[],"product_cat":[30,16],"product_tag":[],"class_list":{"0":"post-1686","1":"product","2":"type-product","3":"status-publish","4":"has-post-thumbnail","6":"product_cat-wholesale-fixed-hinges","7":"product_cat-wholesale-soft-closing-hinges","9":"first","10":"instock","11":"shipping-taxable","12":"product-type-simple"},"acf":[],"_links":{"self":[{"href":"https:\/\/www.mrhardwares.com\/fr\/wp-json\/wp\/v2\/product\/1686","targetHints":{"allow":["GET"]}}],"collection":[{"href":"https:\/\/www.mrhardwares.com\/fr\/wp-json\/wp\/v2\/product"}],"about":[{"href":"https:\/\/www.mrhardwares.com\/fr\/wp-json\/wp\/v2\/types\/product"}],"replies":[{"embeddable":true,"href":"https:\/\/www.mrhardwares.com\/fr\/wp-json\/wp\/v2\/comments?post=1686"}],"wp:featuredmedia":[{"embeddable":true,"href":"https:\/\/www.mrhardwares.com\/fr\/wp-json\/wp\/v2\/media\/1687"}],"wp:attachment":[{"href":"https:\/\/www.mrhardwares.com\/fr\/wp-json\/wp\/v2\/media?parent=1686"}],"wp:term":[{"taxonomy":"product_brand","embeddable":true,"href":"https:\/\/www.mrhardwares.com\/fr\/wp-json\/wp\/v2\/product_brand?post=1686"},{"taxonomy":"product_cat","embeddable":true,"href":"https:\/\/www.mrhardwares.com\/fr\/wp-json\/wp\/v2\/product_cat?post=1686"},{"taxonomy":"product_tag","embeddable":true,"href":"https:\/\/www.mrhardwares.com\/fr\/wp-json\/wp\/v2\/product_tag?post=1686"}],"curies":[{"name":"wp","href":"https:\/\/api.w.org\/{rel}","templated":true}]}}