{"id":417,"date":"2024-12-26T04:06:53","date_gmt":"2024-12-26T04:06:53","guid":{"rendered":"https:\/\/www.mrhardwares.com\/?post_type=product&#038;p=417"},"modified":"2025-01-06T14:51:58","modified_gmt":"2025-01-06T14:51:58","slug":"wholesale-custom-hinges-for-furniture","status":"publish","type":"product","link":"https:\/\/www.mrhardwares.com\/fr\/product\/wholesale-custom-hinges-for-furniture\/","title":{"rendered":"Grossiste Charni\u00e8res sur mesure pour meubles\uff0cHaute qualit\u00e9 Charni\u00e8re fixe \u00e0 bras court\uff08816A-C\uff09"},"content":{"rendered":"<h3 class=\"wp-block-heading\">Caract\u00e9ristiques des charni\u00e8res pour meubles<\/h3><p><strong>Grande durabilit\u00e9 :<\/strong> Nos charni\u00e8res pour meubles sont fabriqu\u00e9es en acier inoxydable de haute qualit\u00e9, ce qui leur conf\u00e8re une excellente r\u00e9sistance \u00e0 la corrosion et une grande durabilit\u00e9. Elles conservent leur stabilit\u00e9 et leur solidit\u00e9 m\u00eame en cas d'utilisation prolong\u00e9e et d'ouvertures et de fermetures fr\u00e9quentes.<\/p><p><strong>Tr\u00e8s fiable : <\/strong>Les charni\u00e8res pour meubles sont bien con\u00e7ues afin de garantir qu'elles peuvent supporter de lourdes charges et qu'elles ne se d\u00e9forment pas facilement.<\/p><p><strong>Ouverture et fermeture en douceur : <\/strong>Cette charni\u00e8re de meuble est \u00e9quip\u00e9e d'une fonction d'amortissement, qui permet une fermeture lente et r\u00e9duit les bruits d'impact pour une utilisation plus confortable.<\/p><p><strong>Large application :<\/strong> Cette charni\u00e8re convient \u00e0 une grande vari\u00e9t\u00e9 de projets d'ameublement, y compris les armoires, les penderies, les biblioth\u00e8ques, les armoires de salle de bains, etc., pour r\u00e9pondre \u00e0 diff\u00e9rents besoins en mati\u00e8re de conception de meubles.<\/p><p><strong>Solutions de charni\u00e8res personnalis\u00e9es :<\/strong> En tant que <strong><a href=\"https:\/\/www.mrhardwares.com\/fr\/\">fabricant professionnel de charni\u00e8res<\/a><\/strong>Nous offrons une vari\u00e9t\u00e9 d'options personnalis\u00e9es, y compris la taille, la couleur, la forme et l'angle d'ouverture, qui peuvent \u00eatre ajust\u00e9es en fonction des besoins sp\u00e9cifiques des clients.<\/p><h3 class=\"wp-block-heading\">Param\u00e8tres d'application et d'installation de la charni\u00e8re \u042435mm<\/h3><p><strong>H = <\/strong>Hauteur de la base de la charni\u00e8re<br><strong>D = <\/strong>Recouvrement requis sur le panneau lat\u00e9ral<br><strong>K = <\/strong>Distance entre le bord de la porte et les trous de per\u00e7age du bo\u00eetier de charni\u00e8re<br><strong>A = <\/strong>Espace entre la porte et le panneau lat\u00e9ral<\/p><figure class=\"wp-block-image size-full\"><img decoding=\"async\" width=\"1600\" height=\"1200\" src=\"https:\/\/www.mrhardwares.com\/wp-content\/uploads\/2024\/12\/details-of-custom-hinges-for-furniture.webp\" alt=\"d\u00e9tails des charni\u00e8res sur mesure pour meubles\" class=\"wp-image-419\" srcset=\"https:\/\/www.mrhardwares.com\/wp-content\/uploads\/2024\/12\/details-of-custom-hinges-for-furniture.webp 1600w, https:\/\/www.mrhardwares.com\/wp-content\/uploads\/2024\/12\/details-of-custom-hinges-for-furniture-300x225.webp 300w, https:\/\/www.mrhardwares.com\/wp-content\/uploads\/2024\/12\/details-of-custom-hinges-for-furniture-768x576.webp 768w, https:\/\/www.mrhardwares.com\/wp-content\/uploads\/2024\/12\/details-of-custom-hinges-for-furniture-1200x900.webp 1200w, https:\/\/www.mrhardwares.com\/wp-content\/uploads\/2024\/12\/details-of-custom-hinges-for-furniture-600x450.webp 600w\" sizes=\"(max-width: 1600px) 100vw, 1600px\" \/><\/figure>","protected":false},"excerpt":{"rendered":"<p>Charni\u00e8res en gros pour meubles, nos charni\u00e8res de haute qualit\u00e9 pour meubles conviennent aux armoires, aux penderies et \u00e0 d'autres conceptions de la maison, gr\u00e2ce \u00e0 une conception pr\u00e9cise et \u00e0 des mat\u00e9riaux de haute qualit\u00e9, garantissant que chaque d\u00e9tail s'adapte parfaitement \u00e0 votre projet. N'h\u00e9sitez pas \u00e0 nous contacter.<\/p>\n<h2>Sp\u00e9cifications des charni\u00e8res pour meubles<\/h2>\n<table border=\"0\" cellspacing=\"0\" cellpadding=\"0\">\n<tbody style=\"font-size: 14px; border: 1px solid #ccc; overflow: hidden;\">\n<tr style=\"line-height: 1.4;\">\n<td style=\"width: 33%;\" width=\"36\" height=\"30\"><strong>Sp\u00e9cifications<\/strong><\/td>\n<td style=\"width: 67%;\" width=\"72\"><strong>D\u00e9tails<\/strong><\/td>\n<\/tr>\n<tr style=\"line-height: 1.4;\">\n<td style=\"width: 33%;\" width=\"36\" height=\"30\"><strong>Num\u00e9ro de mod\u00e8le<\/strong><\/td>\n<td style=\"width: 67%;\" width=\"72\">816 - A\uff0c 816 - B\uff0c 816 - C<\/td>\n<\/tr>\n<tr style=\"line-height: 1.4;\">\n<td style=\"width: 33%;\" width=\"36\" height=\"30\"><strong>Mat\u00e9riau de la charni\u00e8re<\/strong><\/td>\n<td style=\"width: 67%;\" width=\"72\">Acier inoxydable<\/td>\n<\/tr>\n<tr style=\"line-height: 1.4;\">\n<td style=\"width: 33%;\" width=\"36\" height=\"30\"><strong>Type de charni\u00e8re<\/strong><\/td>\n<td style=\"width: 67%;\" width=\"72\">Charni\u00e8re d'amortissement<\/td>\n<\/tr>\n<tr style=\"line-height: 1.4;\">\n<td style=\"width: 33%;\" width=\"36\" height=\"30\"><strong>Angle d'ouverture<\/strong><\/td>\n<td style=\"width: 67%;\" width=\"72\">105\u00b0<\/td>\n<\/tr>\n<tr style=\"line-height: 1.4;\">\n<td style=\"width: 33%;\" width=\"36\" height=\"40\"><strong>Diam\u00e8tre de la coupelle de la charni\u00e8re<\/strong><\/td>\n<td style=\"width: 67%;\" width=\"72\">35 mm<\/td>\n<\/tr>\n<tr style=\"line-height: 1.4;\">\n<td style=\"width: 33%;\" width=\"36\" height=\"40\"><strong>Profondeur du bo\u00eetier de la charni\u00e8re<\/strong><\/td>\n<td style=\"width: 67%;\" width=\"72\">11,3 mm<\/td>\n<\/tr>\n<tr style=\"line-height: 1.4;\">\n<td style=\"width: 33%;\" width=\"36\" height=\"30\"><strong>\u00c9paisseur de la porte<\/strong><\/td>\n<td style=\"width: 67%;\" width=\"72\">13-23mm<\/td>\n<\/tr>\n<tr style=\"line-height: 1.4;\">\n<td style=\"width: 33%;\" width=\"36\" height=\"60\"><strong>Sc\u00e9narios applicables<\/strong><\/td>\n<td style=\"width: 67%;\" width=\"72\">Penderie, armoire, biblioth\u00e8que, meuble de salle de bain, etc.<\/td>\n<\/tr>\n<tr style=\"line-height: 1.4;\">\n<td style=\"width: 33%;\" width=\"36\" height=\"50\"><strong>Service OEM et ODM<\/strong><\/td>\n<td style=\"width: 67%;\" width=\"72\">Prise en charge de la personnalisation facile et de la personnalisation approfondie<\/td>\n<\/tr>\n<\/tbody>\n<\/table>","protected":false},"featured_media":418,"comment_status":"closed","ping_status":"closed","template":"","meta":{"_acf_changed":false},"product_brand":[],"product_cat":[16,17,19],"product_tag":[],"class_list":{"0":"post-417","1":"product","2":"type-product","3":"status-publish","4":"has-post-thumbnail","6":"product_cat-wholesale-soft-closing-hinges","7":"product_cat-wholesale-cabinet-hinges","8":"product_cat-wholesale-furniture-hinges","10":"first","11":"instock","12":"shipping-taxable","13":"product-type-simple"},"acf":[],"_links":{"self":[{"href":"https:\/\/www.mrhardwares.com\/fr\/wp-json\/wp\/v2\/product\/417","targetHints":{"allow":["GET"]}}],"collection":[{"href":"https:\/\/www.mrhardwares.com\/fr\/wp-json\/wp\/v2\/product"}],"about":[{"href":"https:\/\/www.mrhardwares.com\/fr\/wp-json\/wp\/v2\/types\/product"}],"replies":[{"embeddable":true,"href":"https:\/\/www.mrhardwares.com\/fr\/wp-json\/wp\/v2\/comments?post=417"}],"wp:featuredmedia":[{"embeddable":true,"href":"https:\/\/www.mrhardwares.com\/fr\/wp-json\/wp\/v2\/media\/418"}],"wp:attachment":[{"href":"https:\/\/www.mrhardwares.com\/fr\/wp-json\/wp\/v2\/media?parent=417"}],"wp:term":[{"taxonomy":"product_brand","embeddable":true,"href":"https:\/\/www.mrhardwares.com\/fr\/wp-json\/wp\/v2\/product_brand?post=417"},{"taxonomy":"product_cat","embeddable":true,"href":"https:\/\/www.mrhardwares.com\/fr\/wp-json\/wp\/v2\/product_cat?post=417"},{"taxonomy":"product_tag","embeddable":true,"href":"https:\/\/www.mrhardwares.com\/fr\/wp-json\/wp\/v2\/product_tag?post=417"}],"curies":[{"name":"wp","href":"https:\/\/api.w.org\/{rel}","templated":true}]}}