{"id":426,"date":"2024-12-26T06:38:24","date_gmt":"2024-12-26T06:38:24","guid":{"rendered":"https:\/\/www.mrhardwares.com\/?post_type=product&#038;p=426"},"modified":"2025-01-06T14:52:50","modified_gmt":"2025-01-06T14:52:50","slug":"wholesale-soft-close-cabinet-hinge","status":"publish","type":"product","link":"https:\/\/www.mrhardwares.com\/fr\/product\/wholesale-soft-close-cabinet-hinge\/","title":{"rendered":"Charni\u00e8re d'armoire \u00e0 fermeture douce de gros\uff0cCharni\u00e8re \u00e0 syst\u00e8me de force \u00e0 un \u00e9tage (251A - C)"},"content":{"rendered":"<h3 class=\"wp-block-heading\">Caract\u00e9ristiques de la charni\u00e8re d'armoire \u00e0 fermeture douce<\/h3><p>Syst\u00e8me de force en une \u00e9tape : La charni\u00e8re de l'armoire \u00e0 fermeture progressive adopte un syst\u00e8me de force \u00e0 un \u00e9tage. La charni\u00e8re fournit une force stable et uniforme tout au long du processus d'ouverture ou de fermeture. Elle convient aux applications qui ne n\u00e9cessitent pas de r\u00e9glage complexe de la force, assurant une ouverture et une fermeture en douceur du panneau de porte.<\/p><p><strong>Bras articul\u00e9 \u00e0 trois vis :<\/strong> Le bras de la charni\u00e8re est \u00e9quip\u00e9 de trois vis de fixation, ce qui rend l'installation plus s\u00fbre, augmente la capacit\u00e9 de charge et la stabilit\u00e9 de la charni\u00e8re, et \u00e9vite le desserrage ou la d\u00e9faillance dus \u00e0 une utilisation \u00e0 long terme.<\/p><p><strong>Fermeture silencieuse et en douceur : <\/strong>La conception des charni\u00e8res permet d'\u00e9viter les collisions soudaines et les bruits lors de l'ouverture et de la fermeture du panneau de porte, ce qui am\u00e9liore l'exp\u00e9rience de l'utilisateur et convient particuli\u00e8rement aux espaces domestiques qui n\u00e9cessitent un environnement silencieux.<\/p><p><strong>Facile \u00e0 installer :<\/strong> Le processus d'installation simple et intuitif r\u00e9duit le temps et la complexit\u00e9 de l'installation, se pr\u00eate \u00e0 une personnalisation de masse et permet de r\u00e9duire les co\u00fbts d'installation.<\/p><p><strong>Service OEM&amp;ODM :<\/strong> Le fabricant de charni\u00e8res Mingrun propose des solutions personnalis\u00e9es de charni\u00e8res, couvrant la conception, la fabrication d'\u00e9chantillons et la production de masse.<\/p><h3 class=\"wp-block-heading\">Param\u00e8tres d'application et d'installation de la charni\u00e8re \u042435mm<\/h3><p><strong>H = <\/strong>Hauteur de la base de la charni\u00e8re<br><strong>D = <\/strong>Recouvrement requis sur le panneau lat\u00e9ral<br><strong>K = <\/strong>Distance entre le bord de la porte et les trous de per\u00e7age du bo\u00eetier de charni\u00e8re<br><strong>A = <\/strong>Espace entre la porte et le panneau lat\u00e9ral<\/p><figure class=\"wp-block-image size-full\"><img decoding=\"async\" width=\"1600\" height=\"1200\" src=\"https:\/\/www.mrhardwares.com\/wp-content\/uploads\/2024\/12\/Details-of-Soft-Close-Cabinet-Hinge-1.webp\" alt=\"D\u00e9tails de la charni\u00e8re d&#039;armoire \u00e0 fermeture douce\" class=\"wp-image-430\" srcset=\"https:\/\/www.mrhardwares.com\/wp-content\/uploads\/2024\/12\/Details-of-Soft-Close-Cabinet-Hinge-1.webp 1600w, https:\/\/www.mrhardwares.com\/wp-content\/uploads\/2024\/12\/Details-of-Soft-Close-Cabinet-Hinge-1-300x225.webp 300w, https:\/\/www.mrhardwares.com\/wp-content\/uploads\/2024\/12\/Details-of-Soft-Close-Cabinet-Hinge-1-768x576.webp 768w, https:\/\/www.mrhardwares.com\/wp-content\/uploads\/2024\/12\/Details-of-Soft-Close-Cabinet-Hinge-1-1200x900.webp 1200w, https:\/\/www.mrhardwares.com\/wp-content\/uploads\/2024\/12\/Details-of-Soft-Close-Cabinet-Hinge-1-600x450.webp 600w\" sizes=\"(max-width: 1600px) 100vw, 1600px\" \/><\/figure>","protected":false},"excerpt":{"rendered":"<p>Les charni\u00e8res d'armoire \u00e0 fermeture douce Factory direct sales, cette charni\u00e8re peut fournir une force d'ouverture et de fermeture stable, garantissant la durabilit\u00e9 apr\u00e8s une utilisation \u00e0 long terme.We provide customized hinge services to meet various size and design requirements, welcome to contact us.<\/p>\n<h2>Sp\u00e9cifications de la charni\u00e8re d'armoire \u00e0 fermeture douce<\/h2>\n<table border=\"0\" cellspacing=\"0\" cellpadding=\"0\">\n<tbody style=\"font-size: 14px; border: 1px solid #ccc; overflow: hidden;\">\n<tr style=\"line-height: 1.4;\">\n<td style=\"width: 33%;\" width=\"36\" height=\"30\"><strong>Sp\u00e9cifications<\/strong><\/td>\n<td style=\"width: 67%;\" width=\"72\"><strong>D\u00e9tails<\/strong><\/td>\n<\/tr>\n<tr style=\"line-height: 1.4;\">\n<td style=\"width: 33%;\" width=\"36\" height=\"30\"><strong>Num\u00e9ro de mod\u00e8le<\/strong><\/td>\n<td style=\"width: 67%;\" width=\"72\">251-A\uff0c251-B\uff0c251-C<\/td>\n<\/tr>\n<tr style=\"line-height: 1.4;\">\n<td style=\"width: 33%;\" width=\"36\" height=\"30\"><strong>Mat\u00e9riau de la charni\u00e8re<\/strong><\/td>\n<td style=\"width: 67%;\" width=\"72\">Le fer<\/td>\n<\/tr>\n<tr style=\"line-height: 1.4;\">\n<td style=\"width: 33%;\" width=\"36\" height=\"30\"><strong>Type de charni\u00e8re<\/strong><\/td>\n<td style=\"width: 67%;\" width=\"72\">Charni\u00e8re d'amortissement<\/td>\n<\/tr>\n<tr style=\"line-height: 1.4;\">\n<td style=\"width: 33%;\" width=\"36\" height=\"30\"><strong>Angle d'ouverture<\/strong><\/td>\n<td style=\"width: 67%;\" width=\"72\">105\u00b0<\/td>\n<\/tr>\n<tr style=\"line-height: 1.4;\">\n<td style=\"width: 33%;\" width=\"36\" height=\"40\"><strong>Diam\u00e8tre de la coupelle de la charni\u00e8re<\/strong><\/td>\n<td style=\"width: 67%;\" width=\"72\">35 mm<\/td>\n<\/tr>\n<tr style=\"line-height: 1.4;\">\n<td style=\"width: 33%;\" width=\"36\" height=\"40\"><strong>Profondeur du bo\u00eetier de la charni\u00e8re<\/strong><\/td>\n<td style=\"width: 67%;\" width=\"72\">11,3 mm<\/td>\n<\/tr>\n<tr style=\"line-height: 1.4;\">\n<td style=\"width: 33%;\" width=\"36\" height=\"30\"><strong>\u00c9paisseur de la porte<\/strong><\/td>\n<td style=\"width: 67%;\" width=\"72\">13-23mm<\/td>\n<\/tr>\n<tr style=\"line-height: 1.4;\">\n<td style=\"width: 33%;\" width=\"36\" height=\"60\"><strong>Sc\u00e9narios applicables<\/strong><\/td>\n<td style=\"width: 67%;\" width=\"72\">Penderie, armoire, biblioth\u00e8que, meuble de salle de bain, etc.<\/td>\n<\/tr>\n<tr style=\"line-height: 1.4;\">\n<td style=\"width: 33%;\" width=\"36\" height=\"50\"><strong>Service OEM et ODM<\/strong><\/td>\n<td style=\"width: 67%;\" width=\"72\">Prise en charge de la personnalisation facile et de la personnalisation approfondie<\/td>\n<\/tr>\n<\/tbody>\n<\/table>","protected":false},"featured_media":431,"comment_status":"closed","ping_status":"closed","template":"","meta":{"_acf_changed":false},"product_brand":[],"product_cat":[16,17,19],"product_tag":[],"class_list":{"0":"post-426","1":"product","2":"type-product","3":"status-publish","4":"has-post-thumbnail","6":"product_cat-wholesale-soft-closing-hinges","7":"product_cat-wholesale-cabinet-hinges","8":"product_cat-wholesale-furniture-hinges","10":"first","11":"instock","12":"shipping-taxable","13":"product-type-simple"},"acf":[],"_links":{"self":[{"href":"https:\/\/www.mrhardwares.com\/fr\/wp-json\/wp\/v2\/product\/426","targetHints":{"allow":["GET"]}}],"collection":[{"href":"https:\/\/www.mrhardwares.com\/fr\/wp-json\/wp\/v2\/product"}],"about":[{"href":"https:\/\/www.mrhardwares.com\/fr\/wp-json\/wp\/v2\/types\/product"}],"replies":[{"embeddable":true,"href":"https:\/\/www.mrhardwares.com\/fr\/wp-json\/wp\/v2\/comments?post=426"}],"wp:featuredmedia":[{"embeddable":true,"href":"https:\/\/www.mrhardwares.com\/fr\/wp-json\/wp\/v2\/media\/431"}],"wp:attachment":[{"href":"https:\/\/www.mrhardwares.com\/fr\/wp-json\/wp\/v2\/media?parent=426"}],"wp:term":[{"taxonomy":"product_brand","embeddable":true,"href":"https:\/\/www.mrhardwares.com\/fr\/wp-json\/wp\/v2\/product_brand?post=426"},{"taxonomy":"product_cat","embeddable":true,"href":"https:\/\/www.mrhardwares.com\/fr\/wp-json\/wp\/v2\/product_cat?post=426"},{"taxonomy":"product_tag","embeddable":true,"href":"https:\/\/www.mrhardwares.com\/fr\/wp-json\/wp\/v2\/product_tag?post=426"}],"curies":[{"name":"wp","href":"https:\/\/api.w.org\/{rel}","templated":true}]}}