{"id":432,"date":"2024-12-26T07:14:56","date_gmt":"2024-12-26T07:14:56","guid":{"rendered":"https:\/\/www.mrhardwares.com\/?post_type=product&#038;p=432"},"modified":"2025-01-06T14:53:06","modified_gmt":"2025-01-06T14:53:06","slug":"wholesale-damped-hinges-for-cabinets","status":"publish","type":"product","link":"https:\/\/www.mrhardwares.com\/fr\/product\/wholesale-damped-hinges-for-cabinets\/","title":{"rendered":"Wholesale Damped Hinges for Cabinets, 4 Holes Single-Stage Force System Hinge (251A-C)"},"content":{"rendered":"<h3 class=\"wp-block-heading\">Caract\u00e9ristiques de la charni\u00e8re amortie<\/h3><p><strong>Fonction de fermeture lente :<\/strong> Cette charni\u00e8re amortie adopte un dispositif d'amortissement \u00e0 haut rendement pour r\u00e9duire efficacement l'impact et les vibrations pendant la fermeture, garantissant que la porte de l'armoire se ferme en douceur et sans \u00e0-coups, tout en am\u00e9liorant le confort et la durabilit\u00e9 du processus d'utilisation.<\/p><p><strong>Ouverture multiangle :<\/strong> Cette charni\u00e8re amortie a un angle d'ouverture de 105\u00b0, ce qui est pratique pour l'ouverture et la fermeture quotidiennes de la porte de l'armoire, offre une exp\u00e9rience d'utilisation flexible et convient \u00e0 diverses armoires.<\/p><p><strong>Large \u00e9ventail d'applications : <\/strong>Convient aux portes d'armoires d'une \u00e9paisseur de 13 \u00e0 23 mm, il peut \u00eatre utilis\u00e9 pour une vari\u00e9t\u00e9 d'armoires, telles que les armoires de cuisine, les armoires, les armoires de t\u00e9l\u00e9vision, etc.<\/p><p><strong>Facile \u00e0 installer :<\/strong> Syst\u00e8me de force \u00e0 un \u00e9tage, installation facile et rapide, adapt\u00e9 aux professionnels et aux bricoleurs, permettant d'\u00e9conomiser du temps et des co\u00fbts d'installation.<\/p><p><strong>Prix d'usine : <\/strong>Fournir des prix directs d'usine pour s'assurer que les clients ach\u00e8tent des charni\u00e8res d'amortissement de haute qualit\u00e9 aux prix les plus comp\u00e9titifs, r\u00e9duisant ainsi consid\u00e9rablement les co\u00fbts d'achat en vrac.<\/p><h3 class=\"wp-block-heading\">Param\u00e8tres d'application et d'installation de la charni\u00e8re \u042435mm<\/h3><p><strong>H = <\/strong>Hauteur de la base de la charni\u00e8re<br><strong>D = <\/strong>Recouvrement requis sur le panneau lat\u00e9ral<br><strong>K = <\/strong>Distance entre le bord de la porte et les trous de per\u00e7age du bo\u00eetier de charni\u00e8re<br><strong>A = <\/strong>Espace entre la porte et le panneau lat\u00e9ral<\/p><figure class=\"wp-block-image size-full\"><img decoding=\"async\" width=\"1600\" height=\"1201\" src=\"https:\/\/www.mrhardwares.com\/wp-content\/uploads\/2024\/12\/Details-of-the-Damped-Hinge.png\" alt=\"D\u00e9tails de la charni\u00e8re amortie\" class=\"wp-image-433\" srcset=\"https:\/\/www.mrhardwares.com\/wp-content\/uploads\/2024\/12\/Details-of-the-Damped-Hinge.png 1600w, https:\/\/www.mrhardwares.com\/wp-content\/uploads\/2024\/12\/Details-of-the-Damped-Hinge-300x225.png 300w, https:\/\/www.mrhardwares.com\/wp-content\/uploads\/2024\/12\/Details-of-the-Damped-Hinge-768x576.png 768w, https:\/\/www.mrhardwares.com\/wp-content\/uploads\/2024\/12\/Details-of-the-Damped-Hinge-1200x901.png 1200w, https:\/\/www.mrhardwares.com\/wp-content\/uploads\/2024\/12\/Details-of-the-Damped-Hinge-600x450.png 600w\" sizes=\"(max-width: 1600px) 100vw, 1600px\" \/><\/figure><p><\/p>","protected":false},"excerpt":{"rendered":"<p>Charni\u00e8res amortissantes en gros, cette charni\u00e8re amortissante est fabriqu\u00e9e en fer de haute qualit\u00e9, avec une r\u00e9sistance et une durabilit\u00e9 \u00e9lev\u00e9es, et nous fournissons une vari\u00e9t\u00e9 de sp\u00e9cifications et de mod\u00e8les \u00e0 choisir, qui peuvent s'adapter \u00e0 diff\u00e9rents besoins en mati\u00e8re de meubles. Contactez-nous pour un devis.<\/p>\n<h2>Sp\u00e9cifications de la charni\u00e8re amortie<\/h2>\n<table border=\"0\" cellspacing=\"0\" cellpadding=\"0\">\n<tbody style=\"font-size: 14px; border: 1px solid #ccc; overflow: hidden;\">\n<tr style=\"line-height: 1.4;\">\n<td style=\"width: 33%;\" width=\"36\" height=\"30\"><strong>Sp\u00e9cifications<\/strong><\/td>\n<td style=\"width: 67%;\" width=\"72\"><strong>D\u00e9tails<\/strong><\/td>\n<\/tr>\n<tr style=\"line-height: 1.4;\">\n<td style=\"width: 33%;\" width=\"36\" height=\"30\"><strong>Num\u00e9ro de mod\u00e8le<\/strong><\/td>\n<td style=\"width: 67%;\" width=\"72\">251-A, 251-B, 251-C<\/td>\n<\/tr>\n<tr style=\"line-height: 1.4;\">\n<td style=\"width: 33%;\" width=\"36\" height=\"30\"><strong>Mat\u00e9riau de la charni\u00e8re<\/strong><\/td>\n<td style=\"width: 67%;\" width=\"72\">Le fer<\/td>\n<\/tr>\n<tr style=\"line-height: 1.4;\">\n<td style=\"width: 33%;\" width=\"36\" height=\"30\"><strong>Type de charni\u00e8re<\/strong><\/td>\n<td style=\"width: 67%;\" width=\"72\">Charni\u00e8re d'amortissement<\/td>\n<\/tr>\n<tr style=\"line-height: 1.4;\">\n<td style=\"width: 33%;\" width=\"36\" height=\"30\"><strong>Angle d'ouverture<\/strong><\/td>\n<td style=\"width: 67%;\" width=\"72\">105\u00b0<\/td>\n<\/tr>\n<tr style=\"line-height: 1.4;\">\n<td style=\"width: 33%;\" width=\"36\" height=\"40\"><strong>Diam\u00e8tre de la coupelle de la charni\u00e8re<\/strong><\/td>\n<td style=\"width: 67%;\" width=\"72\">35 mm<\/td>\n<\/tr>\n<tr style=\"line-height: 1.4;\">\n<td style=\"width: 33%;\" width=\"36\" height=\"40\"><strong>Profondeur du bo\u00eetier de la charni\u00e8re<\/strong><\/td>\n<td style=\"width: 67%;\" width=\"72\">11,3 mm<\/td>\n<\/tr>\n<tr style=\"line-height: 1.4;\">\n<td style=\"width: 33%;\" width=\"36\" height=\"30\"><strong>\u00c9paisseur de la porte<\/strong><\/td>\n<td style=\"width: 67%;\" width=\"72\">13-23mm<\/td>\n<\/tr>\n<tr style=\"line-height: 1.4;\">\n<td style=\"width: 33%;\" width=\"36\" height=\"60\"><strong>Sc\u00e9narios applicables<\/strong><\/td>\n<td style=\"width: 67%;\" width=\"72\">Penderie, armoire, biblioth\u00e8que, meuble de salle de bain, etc.<\/td>\n<\/tr>\n<tr style=\"line-height: 1.4;\">\n<td style=\"width: 33%;\" width=\"36\" height=\"50\"><strong>Service OEM et ODM<\/strong><\/td>\n<td style=\"width: 67%;\" width=\"72\">Prise en charge de la personnalisation facile et de la personnalisation approfondie<\/td>\n<\/tr>\n<\/tbody>\n<\/table>","protected":false},"featured_media":434,"comment_status":"closed","ping_status":"closed","template":"","meta":{"_acf_changed":false},"product_brand":[],"product_cat":[16,17,19],"product_tag":[],"class_list":{"0":"post-432","1":"product","2":"type-product","3":"status-publish","4":"has-post-thumbnail","6":"product_cat-wholesale-soft-closing-hinges","7":"product_cat-wholesale-cabinet-hinges","8":"product_cat-wholesale-furniture-hinges","10":"first","11":"instock","12":"shipping-taxable","13":"product-type-simple"},"acf":[],"_links":{"self":[{"href":"https:\/\/www.mrhardwares.com\/fr\/wp-json\/wp\/v2\/product\/432","targetHints":{"allow":["GET"]}}],"collection":[{"href":"https:\/\/www.mrhardwares.com\/fr\/wp-json\/wp\/v2\/product"}],"about":[{"href":"https:\/\/www.mrhardwares.com\/fr\/wp-json\/wp\/v2\/types\/product"}],"replies":[{"embeddable":true,"href":"https:\/\/www.mrhardwares.com\/fr\/wp-json\/wp\/v2\/comments?post=432"}],"wp:featuredmedia":[{"embeddable":true,"href":"https:\/\/www.mrhardwares.com\/fr\/wp-json\/wp\/v2\/media\/434"}],"wp:attachment":[{"href":"https:\/\/www.mrhardwares.com\/fr\/wp-json\/wp\/v2\/media?parent=432"}],"wp:term":[{"taxonomy":"product_brand","embeddable":true,"href":"https:\/\/www.mrhardwares.com\/fr\/wp-json\/wp\/v2\/product_brand?post=432"},{"taxonomy":"product_cat","embeddable":true,"href":"https:\/\/www.mrhardwares.com\/fr\/wp-json\/wp\/v2\/product_cat?post=432"},{"taxonomy":"product_tag","embeddable":true,"href":"https:\/\/www.mrhardwares.com\/fr\/wp-json\/wp\/v2\/product_tag?post=432"}],"curies":[{"name":"wp","href":"https:\/\/api.w.org\/{rel}","templated":true}]}}