{"id":435,"date":"2024-12-27T02:34:37","date_gmt":"2024-12-27T02:34:37","guid":{"rendered":"https:\/\/www.mrhardwares.com\/?post_type=product&#038;p=435"},"modified":"2025-01-06T14:53:23","modified_gmt":"2025-01-06T14:53:23","slug":"wholesale-concealed-soft-close-cabinet-hinges","status":"publish","type":"product","link":"https:\/\/www.mrhardwares.com\/fr\/product\/wholesale-concealed-soft-close-cabinet-hinges\/","title":{"rendered":"Wholesale Concealed Soft Close Cabinet Hinges\uff0cShallow Cup Hinges\uff08712A-C\uff09 (charni\u00e8res d'armoire encastr\u00e9es \u00e0 fermeture douce) - Mingrun Custom Hinge Manufacturer"},"content":{"rendered":"<h3 class=\"wp-block-heading\">Caract\u00e9ristiques des charni\u00e8res d'armoire \u00e0 fermeture douce dissimul\u00e9e<\/h3><p><strong>Fonction de fermeture en douceur :<\/strong> Cette charni\u00e8re adopte une conception de fermeture en douceur, qui peut r\u00e9duire efficacement le bruit d'impact du panneau de porte et la force d'impact lors de la fermeture du meuble, fournir une exp\u00e9rience d'utilisation plus douce et plus silencieuse, et prolonger la dur\u00e9e de vie du meuble.<\/p><p><strong>Conception invisible :<\/strong> Les charni\u00e8res sont invisibles. Apr\u00e8s l'installation, la charni\u00e8re est compl\u00e8tement cach\u00e9e \u00e0 l'int\u00e9rieur du meuble, ce qui n'affecte pas l'apparence et garantit un bel aspect.<\/p><p><strong>Diam\u00e8tre de la coupelle de la charni\u00e8re : 35 mm : <\/strong>Le diam\u00e8tre standard de 35 mm du bo\u00eetier de charni\u00e8re est compatible avec une grande vari\u00e9t\u00e9 de meubles, facile \u00e0 installer, et garantit la fermet\u00e9 et la fiabilit\u00e9.<\/p><p><strong>Assise profonde : <\/strong>La conception de l'assise profonde de la charni\u00e8re est de 11,3 mm, ce qui permet d'assurer une fixation plus stable et de garantir la stabilit\u00e9 et la durabilit\u00e9 de la charni\u00e8re pendant l'utilisation.<\/p><p><strong>Options de personnalisation : <\/strong>Le fabricant de charni\u00e8res Mingrun propose des services de charni\u00e8res personnalis\u00e9es. Les clients peuvent personnaliser les produits en fonction de leurs besoins sp\u00e9cifiques afin de r\u00e9pondre aux exigences de conception et de fonctionnement de divers meubles.<\/p><h3 class=\"wp-block-heading\">Param\u00e8tres d'application et d'installation de la charni\u00e8re \u042435mm<\/h3><p><strong>H = <\/strong>Hauteur de la base de la charni\u00e8re<br><strong>D = <\/strong>Recouvrement requis sur le panneau lat\u00e9ral<br><strong>K = <\/strong>Distance entre le bord de la porte et les trous de per\u00e7age du bo\u00eetier de charni\u00e8re<br><strong>A = <\/strong>Espace entre la porte et le panneau lat\u00e9ral<\/p><figure class=\"wp-block-image size-full\"><img decoding=\"async\" width=\"1600\" height=\"1200\" src=\"https:\/\/www.mrhardwares.com\/wp-content\/uploads\/2024\/12\/Details-of-Concealed-Soft-Close-Cabinet-Hinges.webp\" alt=\"D\u00e9tails des charni\u00e8res d&#039;armoire \u00e0 fermeture douce encastr\u00e9e\" class=\"wp-image-436\" srcset=\"https:\/\/www.mrhardwares.com\/wp-content\/uploads\/2024\/12\/Details-of-Concealed-Soft-Close-Cabinet-Hinges.webp 1600w, https:\/\/www.mrhardwares.com\/wp-content\/uploads\/2024\/12\/Details-of-Concealed-Soft-Close-Cabinet-Hinges-300x225.webp 300w, https:\/\/www.mrhardwares.com\/wp-content\/uploads\/2024\/12\/Details-of-Concealed-Soft-Close-Cabinet-Hinges-768x576.webp 768w, https:\/\/www.mrhardwares.com\/wp-content\/uploads\/2024\/12\/Details-of-Concealed-Soft-Close-Cabinet-Hinges-1200x900.webp 1200w, https:\/\/www.mrhardwares.com\/wp-content\/uploads\/2024\/12\/Details-of-Concealed-Soft-Close-Cabinet-Hinges-600x450.webp 600w\" sizes=\"(max-width: 1600px) 100vw, 1600px\" \/><\/figure>","protected":false},"excerpt":{"rendered":"<p>Les charni\u00e8res d'armoire \u00e0 fermeture douce dissimul\u00e9e conviennent \u00e0 une vari\u00e9t\u00e9 de meubles domestiques et commerciaux, offrent une exp\u00e9rience de fermeture douce et silencieuse, cette charni\u00e8re a un design invisible, reste belle, facile \u00e0 installer et stable. Convient aux achats de gros volumes et aux besoins personnalis\u00e9s. N'h\u00e9sitez pas \u00e0 nous contacter.<\/p>\n<h2>Sp\u00e9cifications des charni\u00e8res d'armoire \u00e0 fermeture douce encastr\u00e9e<\/h2>\n<table border=\"0\" cellspacing=\"0\" cellpadding=\"0\">\n<tbody style=\"font-size: 14px; border: 1px solid #ccc; overflow: hidden;\">\n<tr style=\"line-height: 1.4;\">\n<td style=\"width: 33%;\" width=\"36\" height=\"30\"><strong>Sp\u00e9cifications<\/strong><\/td>\n<td style=\"width: 67%;\" width=\"72\"><strong>D\u00e9tails<\/strong><\/td>\n<\/tr>\n<tr style=\"line-height: 1.4;\">\n<td style=\"width: 33%;\" width=\"36\" height=\"30\"><strong>Num\u00e9ro de mod\u00e8le<\/strong><\/td>\n<td style=\"width: 67%;\" width=\"72\">712-A\uff0c 712-B\uff0c 712-C<\/td>\n<\/tr>\n<tr style=\"line-height: 1.4;\">\n<td style=\"width: 33%;\" width=\"36\" height=\"30\"><strong>Mat\u00e9riau de la charni\u00e8re<\/strong><\/td>\n<td style=\"width: 67%;\" width=\"72\">Le fer<\/td>\n<\/tr>\n<tr style=\"line-height: 1.4;\">\n<td style=\"width: 33%;\" width=\"36\" height=\"30\"><strong>Type de charni\u00e8re<\/strong><\/td>\n<td style=\"width: 67%;\" width=\"72\">Charni\u00e8re d'amortissement<\/td>\n<\/tr>\n<tr style=\"line-height: 1.4;\">\n<td style=\"width: 33%;\" width=\"36\" height=\"30\"><strong>Angle d'ouverture<\/strong><\/td>\n<td style=\"width: 67%;\" width=\"72\">105\u00b0<\/td>\n<\/tr>\n<tr style=\"line-height: 1.4;\">\n<td style=\"width: 33%;\" width=\"36\" height=\"40\"><strong>Diam\u00e8tre de la coupelle de la charni\u00e8re<\/strong><\/td>\n<td style=\"width: 67%;\" width=\"72\">35 mm<\/td>\n<\/tr>\n<tr style=\"line-height: 1.4;\">\n<td style=\"width: 33%;\" width=\"36\" height=\"40\"><strong>Profondeur du bo\u00eetier de la charni\u00e8re<\/strong><\/td>\n<td style=\"width: 67%;\" width=\"72\">11,3 mm<\/td>\n<\/tr>\n<tr style=\"line-height: 1.4;\">\n<td style=\"width: 33%;\" width=\"36\" height=\"30\"><strong>\u00c9paisseur de la porte<\/strong><\/td>\n<td style=\"width: 67%;\" width=\"72\">13-23mm<\/td>\n<\/tr>\n<tr style=\"line-height: 1.4;\">\n<td style=\"width: 33%;\" width=\"36\" height=\"60\"><strong>Sc\u00e9narios applicables<\/strong><\/td>\n<td style=\"width: 67%;\" width=\"72\">Penderie, armoire, biblioth\u00e8que, meuble de salle de bain, etc.<\/td>\n<\/tr>\n<tr style=\"line-height: 1.4;\">\n<td style=\"width: 33%;\" width=\"36\" height=\"50\"><strong>Service OEM et ODM<\/strong><\/td>\n<td style=\"width: 67%;\" width=\"72\">Prise en charge de la personnalisation facile et de la personnalisation approfondie<\/td>\n<\/tr>\n<\/tbody>\n<\/table>","protected":false},"featured_media":437,"comment_status":"closed","ping_status":"closed","template":"","meta":{"_acf_changed":false},"product_brand":[],"product_cat":[16,17],"product_tag":[],"class_list":{"0":"post-435","1":"product","2":"type-product","3":"status-publish","4":"has-post-thumbnail","6":"product_cat-wholesale-soft-closing-hinges","7":"product_cat-wholesale-cabinet-hinges","9":"first","10":"instock","11":"shipping-taxable","12":"product-type-simple"},"acf":[],"_links":{"self":[{"href":"https:\/\/www.mrhardwares.com\/fr\/wp-json\/wp\/v2\/product\/435","targetHints":{"allow":["GET"]}}],"collection":[{"href":"https:\/\/www.mrhardwares.com\/fr\/wp-json\/wp\/v2\/product"}],"about":[{"href":"https:\/\/www.mrhardwares.com\/fr\/wp-json\/wp\/v2\/types\/product"}],"replies":[{"embeddable":true,"href":"https:\/\/www.mrhardwares.com\/fr\/wp-json\/wp\/v2\/comments?post=435"}],"wp:featuredmedia":[{"embeddable":true,"href":"https:\/\/www.mrhardwares.com\/fr\/wp-json\/wp\/v2\/media\/437"}],"wp:attachment":[{"href":"https:\/\/www.mrhardwares.com\/fr\/wp-json\/wp\/v2\/media?parent=435"}],"wp:term":[{"taxonomy":"product_brand","embeddable":true,"href":"https:\/\/www.mrhardwares.com\/fr\/wp-json\/wp\/v2\/product_brand?post=435"},{"taxonomy":"product_cat","embeddable":true,"href":"https:\/\/www.mrhardwares.com\/fr\/wp-json\/wp\/v2\/product_cat?post=435"},{"taxonomy":"product_tag","embeddable":true,"href":"https:\/\/www.mrhardwares.com\/fr\/wp-json\/wp\/v2\/product_tag?post=435"}],"curies":[{"name":"wp","href":"https:\/\/api.w.org\/{rel}","templated":true}]}}