{"id":447,"date":"2024-12-27T04:26:49","date_gmt":"2024-12-27T04:26:49","guid":{"rendered":"https:\/\/www.mrhardwares.com\/?post_type=product&#038;p=447"},"modified":"2025-01-06T14:54:10","modified_gmt":"2025-01-06T14:54:10","slug":"bulk-cabinet-soft-close-hinges-factory-direct-sales","status":"publish","type":"product","link":"https:\/\/www.mrhardwares.com\/fr\/product\/bulk-cabinet-soft-close-hinges-factory-direct-sales\/","title":{"rendered":"Charni\u00e8res \u00e0 fermeture douce pour armoires en vrac personnalisables \uff0cCharni\u00e8res auto-d\u00e9montables Vente directe d'usine\uff08878A-C\uff09"},"content":{"rendered":"<h3 class=\"wp-block-heading\">Caract\u00e9ristiques des charni\u00e8res \u00e0 fermeture douce pour armoires<\/h3><p><strong>Convient \u00e0 une utilisation \u00e0 haute fr\u00e9quence : <\/strong>Nos charni\u00e8res d'armoire adoptent une conception de fermeture en douceur, ce qui les rend tr\u00e8s adapt\u00e9es aux environnements \u00e0 haute fr\u00e9quence d'utilisation, tels que les armoires de cuisine ou les classeurs de bureau.<\/p><p><strong>S'adapte \u00e0 diff\u00e9rents panneaux de porte : <\/strong>Cette charni\u00e8re de fermeture douce d'armoire convient \u00e0 divers panneaux de porte d'une \u00e9paisseur de 13 \u00e0 23 mm, et la charni\u00e8re est compatible avec les panneaux de porte de divers mat\u00e9riaux, tels que le bois, les panneaux synth\u00e9tiques, etc. et son applicabilit\u00e9 est plus puissante.<\/p><p><strong>Forte durabilit\u00e9 :<\/strong> Les charni\u00e8res \u00e0 fermeture souple pour meubles ont fait l'objet de contr\u00f4les de qualit\u00e9 stricts et de processus de fabrication de haut niveau. Nos charni\u00e8res de quincaillerie d'ameublement pr\u00e9sentent une excellente durabilit\u00e9 et une grande r\u00e9sistance aux chocs, pour une meilleure exp\u00e9rience d'utilisation.<\/p><p><strong>Avantages de l'achat en gros : <\/strong>En tant que produit direct d'usine, nous offrons des prix comp\u00e9titifs, adapt\u00e9s aux achats en gros et aux grossistes, ce qui permet de r\u00e9duire les co\u00fbts d'approvisionnement.<\/p><p><strong>Service personnalis\u00e9 : <\/strong>Nous fournissons des services de charni\u00e8res personnalis\u00e9es OEM et ODM, couvrant la conception de produits, la production d'\u00e9chantillons, la satisfaction de besoins de conception personnalis\u00e9s et des solutions sur mesure pour vos projets d'ameublement.<\/p><h3 class=\"wp-block-heading\">Param\u00e8tres d'application et d'installation de la charni\u00e8re \u042435mm<\/h3><p><strong>H = <\/strong>Hauteur de la base de la charni\u00e8re<br><strong>D = <\/strong>Recouvrement requis sur le panneau lat\u00e9ral<br><strong>K = <\/strong>Distance entre le bord de la porte et les trous de per\u00e7age du bo\u00eetier de charni\u00e8re<br><strong>A = <\/strong>Espace entre la porte et le panneau lat\u00e9ral<\/p><figure class=\"wp-block-image size-full\"><img decoding=\"async\" width=\"1600\" height=\"1200\" src=\"https:\/\/www.mrhardwares.com\/wp-content\/uploads\/2024\/12\/Details-of-Cabinet-Soft-Close-Hinges-1.webp\" alt=\"D\u00e9tails des charni\u00e8res \u00e0 fermeture douce pour armoires\" class=\"wp-image-450\" srcset=\"https:\/\/www.mrhardwares.com\/wp-content\/uploads\/2024\/12\/Details-of-Cabinet-Soft-Close-Hinges-1.webp 1600w, https:\/\/www.mrhardwares.com\/wp-content\/uploads\/2024\/12\/Details-of-Cabinet-Soft-Close-Hinges-1-300x225.webp 300w, https:\/\/www.mrhardwares.com\/wp-content\/uploads\/2024\/12\/Details-of-Cabinet-Soft-Close-Hinges-1-768x576.webp 768w, https:\/\/www.mrhardwares.com\/wp-content\/uploads\/2024\/12\/Details-of-Cabinet-Soft-Close-Hinges-1-1200x900.webp 1200w, https:\/\/www.mrhardwares.com\/wp-content\/uploads\/2024\/12\/Details-of-Cabinet-Soft-Close-Hinges-1-600x450.webp 600w\" sizes=\"(max-width: 1600px) 100vw, 1600px\" \/><\/figure>","protected":false},"excerpt":{"rendered":"<p>Les charni\u00e8res d'armoire \u00e0 fermeture douce en gros sont compatibles avec une vari\u00e9t\u00e9 de mat\u00e9riaux, y compris le bois, les panneaux synth\u00e9tiques, conviennent \u00e0 tous les types de portes d'armoire, la technologie d'amortissement utilis\u00e9e est meilleure pour prolonger la dur\u00e9e de vie des meubles. L'usine de charni\u00e8res de Mingrun prend en charge les achats de gros volumes et fournit des services de personnalisation \u00e0 guichet unique. N'h\u00e9sitez pas \u00e0 nous contacter.<\/p>\n<h2>Sp\u00e9cifications des charni\u00e8res \u00e0 fermeture douce pour armoires<\/h2>\n<table border=\"0\" cellspacing=\"0\" cellpadding=\"0\">\n<tbody style=\"font-size: 14px; border: 1px solid #ccc; overflow: hidden;\">\n<tr style=\"line-height: 1.4;\">\n<td style=\"width: 33%;\" width=\"36\" height=\"30\"><strong>Sp\u00e9cifications<\/strong><\/td>\n<td style=\"width: 67%;\" width=\"72\"><strong>D\u00e9tails<\/strong><\/td>\n<\/tr>\n<tr style=\"line-height: 1.4;\">\n<td style=\"width: 33%;\" width=\"36\" height=\"30\"><strong>Num\u00e9ro de mod\u00e8le<\/strong><\/td>\n<td style=\"width: 67%;\" width=\"72\">878 - A\uff0c 878 - B\uff0c 878 - C<\/td>\n<\/tr>\n<tr style=\"line-height: 1.4;\">\n<td style=\"width: 33%;\" width=\"36\" height=\"30\"><strong>Mat\u00e9riau de la charni\u00e8re<\/strong><\/td>\n<td style=\"width: 67%;\" width=\"72\">Acier inoxydable<\/td>\n<\/tr>\n<tr style=\"line-height: 1.4;\">\n<td style=\"width: 33%;\" width=\"36\" height=\"30\"><strong>Type de charni\u00e8re<\/strong><\/td>\n<td style=\"width: 67%;\" width=\"72\">Charni\u00e8re d'amortissement<\/td>\n<\/tr>\n<tr style=\"line-height: 1.4;\">\n<td style=\"width: 33%;\" width=\"36\" height=\"30\"><strong>Angle d'ouverture<\/strong><\/td>\n<td style=\"width: 67%;\" width=\"72\">105\u00b0<\/td>\n<\/tr>\n<tr style=\"line-height: 1.4;\">\n<td style=\"width: 33%;\" width=\"36\" height=\"40\"><strong>Diam\u00e8tre de la coupelle de la charni\u00e8re<\/strong><\/td>\n<td style=\"width: 67%;\" width=\"72\">35 mm<\/td>\n<\/tr>\n<tr style=\"line-height: 1.4;\">\n<td style=\"width: 33%;\" width=\"36\" height=\"40\"><strong>Profondeur du bo\u00eetier de la charni\u00e8re<\/strong><\/td>\n<td style=\"width: 67%;\" width=\"72\">11,3 mm<\/td>\n<\/tr>\n<tr style=\"line-height: 1.4;\">\n<td style=\"width: 33%;\" width=\"36\" height=\"30\"><strong>\u00c9paisseur de la porte<\/strong><\/td>\n<td style=\"width: 67%;\" width=\"72\">13-23mm<\/td>\n<\/tr>\n<tr style=\"line-height: 1.4;\">\n<td style=\"width: 33%;\" width=\"36\" height=\"60\"><strong>Sc\u00e9narios applicables<\/strong><\/td>\n<td style=\"width: 67%;\" width=\"72\">Penderie, armoire, biblioth\u00e8que, meuble de salle de bain, etc.<\/td>\n<\/tr>\n<tr style=\"line-height: 1.4;\">\n<td style=\"width: 33%;\" width=\"36\" height=\"50\"><strong>Service OEM et ODM<\/strong><\/td>\n<td style=\"width: 67%;\" width=\"72\">Prise en charge de la personnalisation facile et de la personnalisation approfondie<\/td>\n<\/tr>\n<\/tbody>\n<\/table>","protected":false},"featured_media":449,"comment_status":"closed","ping_status":"closed","template":"","meta":{"_acf_changed":false},"product_brand":[],"product_cat":[16,17],"product_tag":[],"class_list":{"0":"post-447","1":"product","2":"type-product","3":"status-publish","4":"has-post-thumbnail","6":"product_cat-wholesale-soft-closing-hinges","7":"product_cat-wholesale-cabinet-hinges","9":"first","10":"instock","11":"shipping-taxable","12":"product-type-simple"},"acf":[],"_links":{"self":[{"href":"https:\/\/www.mrhardwares.com\/fr\/wp-json\/wp\/v2\/product\/447","targetHints":{"allow":["GET"]}}],"collection":[{"href":"https:\/\/www.mrhardwares.com\/fr\/wp-json\/wp\/v2\/product"}],"about":[{"href":"https:\/\/www.mrhardwares.com\/fr\/wp-json\/wp\/v2\/types\/product"}],"replies":[{"embeddable":true,"href":"https:\/\/www.mrhardwares.com\/fr\/wp-json\/wp\/v2\/comments?post=447"}],"wp:featuredmedia":[{"embeddable":true,"href":"https:\/\/www.mrhardwares.com\/fr\/wp-json\/wp\/v2\/media\/449"}],"wp:attachment":[{"href":"https:\/\/www.mrhardwares.com\/fr\/wp-json\/wp\/v2\/media?parent=447"}],"wp:term":[{"taxonomy":"product_brand","embeddable":true,"href":"https:\/\/www.mrhardwares.com\/fr\/wp-json\/wp\/v2\/product_brand?post=447"},{"taxonomy":"product_cat","embeddable":true,"href":"https:\/\/www.mrhardwares.com\/fr\/wp-json\/wp\/v2\/product_cat?post=447"},{"taxonomy":"product_tag","embeddable":true,"href":"https:\/\/www.mrhardwares.com\/fr\/wp-json\/wp\/v2\/product_tag?post=447"}],"curies":[{"name":"wp","href":"https:\/\/api.w.org\/{rel}","templated":true}]}}