{"id":471,"date":"2024-12-27T10:33:21","date_gmt":"2024-12-27T10:33:21","guid":{"rendered":"https:\/\/www.mrhardwares.com\/?post_type=product&#038;p=471"},"modified":"2025-01-06T15:00:19","modified_gmt":"2025-01-06T15:00:19","slug":"wholesale-105-degree-soft-close-bathroom-cabinet-hinges","status":"publish","type":"product","link":"https:\/\/www.mrhardwares.com\/fr\/product\/wholesale-105-degree-soft-close-bathroom-cabinet-hinges\/","title":{"rendered":"Wholesale 105 Degree Hinges, Soft Close Bathroom Cabinet Hinges(836A-C)\uff0cSupport OEM &amp; ODM"},"content":{"rendered":"<h3 class=\"wp-block-heading\">Caract\u00e9ristiques des charni\u00e8res d'armoire de salle de bain \u00e0 fermeture douce<\/h3><p><strong>Angle d'ouverture de 105\u00b0 :<\/strong> Cette charni\u00e8re offre une large plage d'ouverture, permettant aux utilisateurs d'acc\u00e9der facilement aux \u00e9l\u00e9ments du meuble. Elle convient \u00e0 une grande vari\u00e9t\u00e9 de meubles.<\/p><p><strong>Large application :<\/strong> Ces charni\u00e8res conviennent aux armoires de salle de bains, aux armoires de cuisine et \u00e0 d'autres charni\u00e8res de meubles. Elles conviennent \u00e0 une grande vari\u00e9t\u00e9 d'utilisations dans des sc\u00e9narios domestiques et commerciaux.<\/p><p><strong>Am\u00e9liorer l'exp\u00e9rience des utilisateurs :<\/strong> La conception de la fonction de fermeture en douceur am\u00e9liore la texture et l'exp\u00e9rience haut de gamme des meubles, offrant aux utilisateurs une exp\u00e9rience d'utilisation plus confortable et plus pratique.<br><br><strong>Installation facile<\/strong><\/p><ul class=\"wp-block-list\"><li>Ce mod\u00e8le de charni\u00e8re r\u00e9pond \u00e0 l'ouverture standard de 35 mm du bo\u00eetier de charni\u00e8re et convient aux portes d'armoires d'une \u00e9paisseur de 13 \u00e0 23 mm, ce qui est pratique et rapide \u00e0 installer.<\/li>\n\n<li>Les r\u00e9glages ajustables rendent l'alignement des portes d'armoire plus pr\u00e9cis et garantissent un aspect net et esth\u00e9tique.<\/li><\/ul><p><strong>Personnalisation du support<\/strong><\/p><ul class=\"wp-block-list\"><li>Fournir une vari\u00e9t\u00e9 d'options de personnalisation, y compris la taille, le traitement de surface, la gravure de logo, etc. pour r\u00e9pondre \u00e0 divers besoins.<\/li>\n\n<li>Soutenir les services OEM et ODM afin de fournir des solutions sur mesure aux grossistes et aux d\u00e9taillants.<\/li><\/ul><h2 class=\"wp-block-heading\"><\/h2><h3 class=\"wp-block-heading\">Param\u00e8tres d'application et d'installation de la charni\u00e8re \u042435mm<\/h3><p><strong>H = <\/strong>Hauteur de la base de la charni\u00e8re<br><strong>D = <\/strong>Recouvrement requis sur le panneau lat\u00e9ral<br><strong>K = <\/strong>Distance entre le bord de la porte et les trous de per\u00e7age du bo\u00eetier de charni\u00e8re<br><strong>A = <\/strong>Espace entre la porte et le panneau lat\u00e9ral<\/p><figure class=\"wp-block-image size-full\"><img decoding=\"async\" width=\"1600\" height=\"1200\" src=\"https:\/\/www.mrhardwares.com\/wp-content\/uploads\/2024\/12\/Details-of-Soft-Close-Bathroom-Cabinet-Hinges.webp\" alt=\"D\u00e9tails des charni\u00e8res de meuble de salle de bain \u00e0 fermeture douce\" class=\"wp-image-474\" srcset=\"https:\/\/www.mrhardwares.com\/wp-content\/uploads\/2024\/12\/Details-of-Soft-Close-Bathroom-Cabinet-Hinges.webp 1600w, https:\/\/www.mrhardwares.com\/wp-content\/uploads\/2024\/12\/Details-of-Soft-Close-Bathroom-Cabinet-Hinges-300x225.webp 300w, https:\/\/www.mrhardwares.com\/wp-content\/uploads\/2024\/12\/Details-of-Soft-Close-Bathroom-Cabinet-Hinges-768x576.webp 768w, https:\/\/www.mrhardwares.com\/wp-content\/uploads\/2024\/12\/Details-of-Soft-Close-Bathroom-Cabinet-Hinges-1200x900.webp 1200w, https:\/\/www.mrhardwares.com\/wp-content\/uploads\/2024\/12\/Details-of-Soft-Close-Bathroom-Cabinet-Hinges-600x450.webp 600w\" sizes=\"(max-width: 1600px) 100vw, 1600px\" \/><\/figure><p><\/p>","protected":false},"excerpt":{"rendered":"<p>Charni\u00e8res d'armoire de salle de bain \u00e0 fermeture douce, syst\u00e8me d'amortissement int\u00e9gr\u00e9, avec d'excellentes performances d'amortissement et de durabilit\u00e9. Convient aux portes d'armoires d'une \u00e9paisseur de 13 \u00e0 23 mm, \u00e0 tous les types de meubles tels que les armoires, les armoires de salle de bain, les armoires, etc. Conception standardis\u00e9e, plus facile \u00e0 installer. Nous fournissons des services professionnels oem et odm, c'est un choix id\u00e9al pour les grossistes, les d\u00e9taillants et les projets d'approvisionnement. N'h\u00e9sitez pas \u00e0 nous contacter.<\/p>\n<h2>Sp\u00e9cifications des charni\u00e8res d'armoire de salle de bain \u00e0 fermeture douce<\/h2>\n<table border=\"0\" cellspacing=\"0\" cellpadding=\"0\">\n<tbody style=\"font-size: 14px; border: 1px solid #ccc; overflow: hidden;\">\n<tr style=\"line-height: 1.4;\">\n<td style=\"width: 33%;\" width=\"36\" height=\"30\"><strong>Sp\u00e9cifications<\/strong><\/td>\n<td style=\"width: 67%;\" width=\"72\"><strong>D\u00e9tails<\/strong><\/td>\n<\/tr>\n<tr style=\"line-height: 1.4;\">\n<td style=\"width: 33%;\" width=\"36\" height=\"30\"><strong>Num\u00e9ro de mod\u00e8le<\/strong><\/td>\n<td style=\"width: 67%;\" width=\"72\">836-A, 836-B, 836-C<\/td>\n<\/tr>\n<tr style=\"line-height: 1.4;\">\n<td style=\"width: 33%;\" width=\"36\" height=\"30\"><strong>Mat\u00e9riau de la charni\u00e8re<\/strong><\/td>\n<td style=\"width: 67%;\" width=\"72\">Acier inoxydable<\/td>\n<\/tr>\n<tr style=\"line-height: 1.4;\">\n<td style=\"width: 33%;\" width=\"36\" height=\"30\"><strong>Type de charni\u00e8re<\/strong><\/td>\n<td style=\"width: 67%;\" width=\"72\">Charni\u00e8re d'amortissement<\/td>\n<\/tr>\n<tr style=\"line-height: 1.4;\">\n<td style=\"width: 33%;\" width=\"36\" height=\"30\"><strong>Angle d'ouverture<\/strong><\/td>\n<td style=\"width: 67%;\" width=\"72\">105\u00b0<\/td>\n<\/tr>\n<tr style=\"line-height: 1.4;\">\n<td style=\"width: 33%;\" width=\"36\" height=\"40\"><strong>Diam\u00e8tre de la coupelle de la charni\u00e8re<\/strong><\/td>\n<td style=\"width: 67%;\" width=\"72\">35 mm<\/td>\n<\/tr>\n<tr style=\"line-height: 1.4;\">\n<td style=\"width: 33%;\" width=\"36\" height=\"40\"><strong>Profondeur du bo\u00eetier de la charni\u00e8re<\/strong><\/td>\n<td style=\"width: 67%;\" width=\"72\">11,3 mm<\/td>\n<\/tr>\n<tr style=\"line-height: 1.4;\">\n<td style=\"width: 33%;\" width=\"36\" height=\"30\"><strong>\u00c9paisseur de la porte<\/strong><\/td>\n<td style=\"width: 67%;\" width=\"72\">13-23mm<\/td>\n<\/tr>\n<tr style=\"line-height: 1.4;\">\n<td style=\"width: 33%;\" width=\"36\" height=\"60\"><strong>Sc\u00e9narios applicables<\/strong><\/td>\n<td style=\"width: 67%;\" width=\"72\">Penderie, armoire, biblioth\u00e8que, meuble de salle de bain, etc.<\/td>\n<\/tr>\n<tr style=\"line-height: 1.4;\">\n<td style=\"width: 33%;\" width=\"36\" height=\"50\"><strong>Service OEM et ODM<\/strong><\/td>\n<td style=\"width: 67%;\" width=\"72\">Prise en charge de la personnalisation facile et de la personnalisation approfondie<\/td>\n<\/tr>\n<\/tbody>\n<\/table>","protected":false},"featured_media":473,"comment_status":"closed","ping_status":"closed","template":"","meta":{"_acf_changed":false},"product_brand":[],"product_cat":[16,17,19],"product_tag":[],"class_list":{"0":"post-471","1":"product","2":"type-product","3":"status-publish","4":"has-post-thumbnail","6":"product_cat-wholesale-soft-closing-hinges","7":"product_cat-wholesale-cabinet-hinges","8":"product_cat-wholesale-furniture-hinges","10":"first","11":"instock","12":"shipping-taxable","13":"product-type-simple"},"acf":[],"_links":{"self":[{"href":"https:\/\/www.mrhardwares.com\/fr\/wp-json\/wp\/v2\/product\/471","targetHints":{"allow":["GET"]}}],"collection":[{"href":"https:\/\/www.mrhardwares.com\/fr\/wp-json\/wp\/v2\/product"}],"about":[{"href":"https:\/\/www.mrhardwares.com\/fr\/wp-json\/wp\/v2\/types\/product"}],"replies":[{"embeddable":true,"href":"https:\/\/www.mrhardwares.com\/fr\/wp-json\/wp\/v2\/comments?post=471"}],"wp:featuredmedia":[{"embeddable":true,"href":"https:\/\/www.mrhardwares.com\/fr\/wp-json\/wp\/v2\/media\/473"}],"wp:attachment":[{"href":"https:\/\/www.mrhardwares.com\/fr\/wp-json\/wp\/v2\/media?parent=471"}],"wp:term":[{"taxonomy":"product_brand","embeddable":true,"href":"https:\/\/www.mrhardwares.com\/fr\/wp-json\/wp\/v2\/product_brand?post=471"},{"taxonomy":"product_cat","embeddable":true,"href":"https:\/\/www.mrhardwares.com\/fr\/wp-json\/wp\/v2\/product_cat?post=471"},{"taxonomy":"product_tag","embeddable":true,"href":"https:\/\/www.mrhardwares.com\/fr\/wp-json\/wp\/v2\/product_tag?post=471"}],"curies":[{"name":"wp","href":"https:\/\/api.w.org\/{rel}","templated":true}]}}