{"id":478,"date":"2024-12-28T04:07:07","date_gmt":"2024-12-28T04:07:07","guid":{"rendered":"https:\/\/www.mrhardwares.com\/?post_type=product&#038;p=478"},"modified":"2025-01-06T15:00:58","modified_gmt":"2025-01-06T15:00:58","slug":"custom-best-soft-close-cabinet-hinges-for-sale","status":"publish","type":"product","link":"https:\/\/www.mrhardwares.com\/fr\/product\/custom-best-soft-close-cabinet-hinges-for-sale\/","title":{"rendered":"Charni\u00e8res d'armoire \u00e0 fermeture douce en vrac(666A-C) - Mingrun fabricant de charni\u00e8res"},"content":{"rendered":"<h3 class=\"wp-block-heading\">Caract\u00e9ristiques des charni\u00e8res d'armoire \u00e0 fermeture douce<\/h3><p><strong>M\u00e9canisme de fermeture souple : <\/strong>Cette charni\u00e8re est \u00e9quip\u00e9e d'une fonction de fermeture en douceur qui garantit que la porte de l'armoire se ferme en douceur et sans bruit, ce qui \u00e9vite les chocs violents sur le panneau de la porte et r\u00e9duit l'usure de la charni\u00e8re et de l'armoire.<\/p><p><strong>Large compatibilit\u00e9 :<\/strong> Convient \u00e0 diverses applications d'armoires, y compris les armoires de cuisine, les armoires de salle de bains et d'autres meubles, convenant \u00e0 une vari\u00e9t\u00e9 de styles de conception et de sp\u00e9cifications.<\/p><p><strong>Service de personnalisation OEM et ODM :<\/strong> Nous fournissons des solutions de charni\u00e8res personnalis\u00e9es \u00e0 guichet unique, en fabriquant des charni\u00e8res exclusives pour votre projet par le biais de la conception, de la fabrication d'\u00e9chantillons et de la production.<\/p><p><strong>Avantages des charni\u00e8res \u00e0 deux connexions (installation fixe) \u00e0 extr\u00e9mit\u00e9 ouverte :<\/strong><\/p><p><strong>Forte stabilit\u00e9 : <\/strong>La conception ouverte \u00e0 deux connexions garantit que la charni\u00e8re est fermement fix\u00e9e au panneau de la porte et au cadre afin d'\u00e9viter tout rel\u00e2chement ou toute instabilit\u00e9 dus \u00e0 l'ouverture et \u00e0 la fermeture fr\u00e9quentes de la porte.<\/p><p><strong>Structure simple : <\/strong>Le processus d'installation est relativement simple, ce qui r\u00e9duit les \u00e9tapes complexes de r\u00e9glage et de d\u00e9montage et la difficult\u00e9 de l'installation.<\/p><p><strong>Forte r\u00e9sistance aux tremblements de terre :<\/strong> La charni\u00e8re \u00e9tant reli\u00e9e par deux points fixes, la structure globale est plus solide et peut r\u00e9sister efficacement aux vibrations et aux chocs lors d'une utilisation quotidienne.<\/p><h3 class=\"wp-block-heading\">Param\u00e8tres d'application et d'installation de la charni\u00e8re \u042435mm<\/h3><p><strong>H = <\/strong>Hauteur de la base de la charni\u00e8re<br><strong>D = <\/strong>Recouvrement requis sur le panneau lat\u00e9ral<br><strong>K = <\/strong>Distance entre le bord de la porte et les trous de per\u00e7age du bo\u00eetier de charni\u00e8re<br><strong>A = <\/strong>Espace entre la porte et le panneau lat\u00e9ral<\/p><figure class=\"wp-block-image size-full\"><img decoding=\"async\" width=\"1600\" height=\"1200\" src=\"https:\/\/www.mrhardwares.com\/wp-content\/uploads\/2024\/12\/Details-of-Soft-Close-Cabinet-Hinges.webp\" alt=\"D\u00e9tails des charni\u00e8res d&#039;armoire \u00e0 fermeture douce\" class=\"wp-image-481\" srcset=\"https:\/\/www.mrhardwares.com\/wp-content\/uploads\/2024\/12\/Details-of-Soft-Close-Cabinet-Hinges.webp 1600w, https:\/\/www.mrhardwares.com\/wp-content\/uploads\/2024\/12\/Details-of-Soft-Close-Cabinet-Hinges-300x225.webp 300w, https:\/\/www.mrhardwares.com\/wp-content\/uploads\/2024\/12\/Details-of-Soft-Close-Cabinet-Hinges-768x576.webp 768w, https:\/\/www.mrhardwares.com\/wp-content\/uploads\/2024\/12\/Details-of-Soft-Close-Cabinet-Hinges-1200x900.webp 1200w, https:\/\/www.mrhardwares.com\/wp-content\/uploads\/2024\/12\/Details-of-Soft-Close-Cabinet-Hinges-600x450.webp 600w\" sizes=\"(max-width: 1600px) 100vw, 1600px\" \/><\/figure>","protected":false},"excerpt":{"rendered":"<p>Nos charni\u00e8res d'armoire \u00e0 fermeture souple fournissent d'excellentes performances, peuvent \u00eatre personnalis\u00e9es en fonction de vos besoins sp\u00e9cifiques, r\u00e9pondent aux exigences de diff\u00e9rentes tailles, traitements de surface ou fonctions sp\u00e9ciales, ce qui les rend adapt\u00e9es \u00e0 diff\u00e9rents types de meubles. N'h\u00e9sitez pas \u00e0 nous contacter.<\/p>\n<h2>Sp\u00e9cifications des charni\u00e8res d'armoire \u00e0 fermeture douce sur mesure<\/h2>\n<table border=\"0\" cellspacing=\"0\" cellpadding=\"0\">\n<tbody style=\"font-size: 14px; border: 1px solid #ccc; overflow: hidden;\">\n<tr style=\"line-height: 1.4;\">\n<td style=\"width: 33%;\" width=\"36\" height=\"30\"><strong>Sp\u00e9cifications<\/strong><\/td>\n<td style=\"width: 67%;\" width=\"72\"><strong>D\u00e9tails<\/strong><\/td>\n<\/tr>\n<tr style=\"line-height: 1.4;\">\n<td style=\"width: 33%;\" width=\"36\" height=\"30\"><strong>Num\u00e9ro de mod\u00e8le<\/strong><\/td>\n<td style=\"width: 67%;\" width=\"72\">666-A,666-B,666-C<\/td>\n<\/tr>\n<tr style=\"line-height: 1.4;\">\n<td style=\"width: 33%;\" width=\"36\" height=\"30\"><strong>Mat\u00e9riau de la charni\u00e8re<\/strong><\/td>\n<td style=\"width: 67%;\" width=\"72\">Acier inoxydable<\/td>\n<\/tr>\n<tr style=\"line-height: 1.4;\">\n<td style=\"width: 33%;\" width=\"36\" height=\"30\"><strong>Type de charni\u00e8re<\/strong><\/td>\n<td style=\"width: 67%;\" width=\"72\">Charni\u00e8re d'amortissement<\/td>\n<\/tr>\n<tr style=\"line-height: 1.4;\">\n<td style=\"width: 33%;\" width=\"36\" height=\"30\"><strong>Angle d'ouverture<\/strong><\/td>\n<td style=\"width: 67%;\" width=\"72\">105\u00b0<\/td>\n<\/tr>\n<tr style=\"line-height: 1.4;\">\n<td style=\"width: 33%;\" width=\"36\" height=\"40\"><strong>Diam\u00e8tre de la coupelle de la charni\u00e8re<\/strong><\/td>\n<td style=\"width: 67%;\" width=\"72\">35 mm<\/td>\n<\/tr>\n<tr style=\"line-height: 1.4;\">\n<td style=\"width: 33%;\" width=\"36\" height=\"40\"><strong>Profondeur du bo\u00eetier de la charni\u00e8re<\/strong><\/td>\n<td style=\"width: 67%;\" width=\"72\">11,3 mm<\/td>\n<\/tr>\n<tr style=\"line-height: 1.4;\">\n<td style=\"width: 33%;\" width=\"36\" height=\"30\"><strong>\u00c9paisseur de la porte<\/strong><\/td>\n<td style=\"width: 67%;\" width=\"72\">13-23mm<\/td>\n<\/tr>\n<tr style=\"line-height: 1.4;\">\n<td style=\"width: 33%;\" width=\"36\" height=\"60\"><strong>Sc\u00e9narios applicables<\/strong><\/td>\n<td style=\"width: 67%;\" width=\"72\">Penderie, armoire, biblioth\u00e8que, meuble de salle de bain, etc.<\/td>\n<\/tr>\n<tr style=\"line-height: 1.4;\">\n<td style=\"width: 33%;\" width=\"36\" height=\"50\"><strong>Service OEM et ODM<\/strong><\/td>\n<td style=\"width: 67%;\" width=\"72\">Prise en charge de la personnalisation facile et de la personnalisation approfondie<\/td>\n<\/tr>\n<\/tbody>\n<\/table>","protected":false},"featured_media":482,"comment_status":"closed","ping_status":"closed","template":"","meta":{"_acf_changed":false},"product_brand":[],"product_cat":[16,17,19],"product_tag":[],"class_list":{"0":"post-478","1":"product","2":"type-product","3":"status-publish","4":"has-post-thumbnail","6":"product_cat-wholesale-soft-closing-hinges","7":"product_cat-wholesale-cabinet-hinges","8":"product_cat-wholesale-furniture-hinges","10":"first","11":"instock","12":"shipping-taxable","13":"product-type-simple"},"acf":[],"_links":{"self":[{"href":"https:\/\/www.mrhardwares.com\/fr\/wp-json\/wp\/v2\/product\/478","targetHints":{"allow":["GET"]}}],"collection":[{"href":"https:\/\/www.mrhardwares.com\/fr\/wp-json\/wp\/v2\/product"}],"about":[{"href":"https:\/\/www.mrhardwares.com\/fr\/wp-json\/wp\/v2\/types\/product"}],"replies":[{"embeddable":true,"href":"https:\/\/www.mrhardwares.com\/fr\/wp-json\/wp\/v2\/comments?post=478"}],"wp:featuredmedia":[{"embeddable":true,"href":"https:\/\/www.mrhardwares.com\/fr\/wp-json\/wp\/v2\/media\/482"}],"wp:attachment":[{"href":"https:\/\/www.mrhardwares.com\/fr\/wp-json\/wp\/v2\/media?parent=478"}],"wp:term":[{"taxonomy":"product_brand","embeddable":true,"href":"https:\/\/www.mrhardwares.com\/fr\/wp-json\/wp\/v2\/product_brand?post=478"},{"taxonomy":"product_cat","embeddable":true,"href":"https:\/\/www.mrhardwares.com\/fr\/wp-json\/wp\/v2\/product_cat?post=478"},{"taxonomy":"product_tag","embeddable":true,"href":"https:\/\/www.mrhardwares.com\/fr\/wp-json\/wp\/v2\/product_tag?post=478"}],"curies":[{"name":"wp","href":"https:\/\/api.w.org\/{rel}","templated":true}]}}