{"id":852,"date":"2025-03-21T03:16:02","date_gmt":"2025-03-21T03:16:02","guid":{"rendered":"https:\/\/www.mrhardwares.com\/?post_type=product&#038;p=852"},"modified":"2025-07-30T01:15:11","modified_gmt":"2025-07-30T01:15:11","slug":"wholesale-and-custom-soft-closing-furniture-hinges","status":"publish","type":"product","link":"https:\/\/www.mrhardwares.com\/fr\/product\/wholesale-and-custom-soft-closing-furniture-hinges\/","title":{"rendered":"Charni\u00e8res de meubles \u00e0 fermeture souple MR-TD en gros et sur mesure - Mingrun Hinge Manufacturer"},"content":{"rendered":"<h3 class=\"wp-block-heading\">Caract\u00e9ristiques des charni\u00e8res de meubles \u00e0 fermeture douce<\/h3><p><strong>Installation facile :<\/strong> La conception de la charni\u00e8re \u00e0 fermeture souple MR-TD est pratique pour l'installation. Les clients peuvent l'installer facilement en fonction de leurs besoins, ce qui est avantageux pour les entreprises du secteur de l'ameublement qui doivent proc\u00e9der \u00e0 des installations en masse.<\/p><p><strong>Am\u00e9lioration de l'exp\u00e9rience de l'utilisateur : <\/strong>Gr\u00e2ce \u00e0 un processus de fermeture lent et en douceur, la charni\u00e8re \u00e0 fermeture souple offre aux clients une meilleure exp\u00e9rience, augmentant le confort et la commodit\u00e9 d'utilisation.<\/p><p><strong>Applications \u00e0 haute fr\u00e9quence d'utilisation :<\/strong> Les charni\u00e8res \u00e0 fermeture progressive MR-TD sont sp\u00e9cialement con\u00e7ues pour les applications de mobilier qui n\u00e9cessitent des ouvertures et des fermetures \u00e0 haute fr\u00e9quence, telles que les b\u00e2timents publics, les cuisines commerciales, les bureaux, etc.<\/p><p><strong>Des besoins de personnalisation vari\u00e9s : <\/strong>Nous proposons des options de personnalisation avec diff\u00e9rentes sp\u00e9cifications, fonctions et dimensions afin de concevoir les charni\u00e8res de meubles les mieux adapt\u00e9es \u00e0 vos besoins.<\/p>","protected":false},"excerpt":{"rendered":"<p>Wholesale Soft Close Hinges, Soft Close Hinges peut maximiser la dur\u00e9e de vie des meubles tout en garantissant que la porte de l'armoire se ferme en douceur et sans bruit, ce qui convient \u00e0 la maison, aux bureaux et aux lieux commerciaux. Profitez des prix d'usine pour les achats en gros, les grossistes et les distributeurs sont invit\u00e9s \u00e0 nous contacter.<\/p>\n<h2>Sp\u00e9cifications des charni\u00e8res de meubles \u00e0 fermeture douce<\/h2>\n<table border=\"0\" cellspacing=\"0\" cellpadding=\"0\">\n<tbody style=\"font-size: 12px; border: 1px solid #ccc; overflow: hidden;\">\n<tr style=\"line-height: 1.4;\">\n<td style=\"width: 33%;\" width=\"36\" height=\"30\"><strong>Sp\u00e9cifications<\/strong><\/td>\n<td style=\"width: 67%;\" width=\"72\"><strong>D\u00e9tails<\/strong><\/td>\n<\/tr>\n<tr style=\"line-height: 1.4;\">\n<td style=\"width: 33%;\" width=\"36\" height=\"30\"><strong>Num\u00e9ro de mod\u00e8le<\/strong><\/td>\n<td style=\"width: 67%;\" width=\"72\">MR-TD<\/td>\n<\/tr>\n<tr style=\"line-height: 1.4;\">\n<td style=\"width: 33%;\" width=\"36\" height=\"30\"><strong>Mat\u00e9riau de la charni\u00e8re<\/strong><\/td>\n<td style=\"width: 67%;\" width=\"72\">Acier lamin\u00e9 \u00e0 froid<\/td>\n<\/tr>\n<tr style=\"line-height: 1.4;\">\n<td style=\"width: 33%;\" width=\"36\" height=\"30\"><strong>Type de charni\u00e8re<\/strong><\/td>\n<td style=\"width: 67%;\" width=\"72\">Charni\u00e8re de meuble Soft Close<\/td>\n<\/tr>\n<tr style=\"line-height: 1.4;\">\n<td style=\"width: 33%;\" width=\"36\" height=\"60\"><strong>Sc\u00e9narios applicables<\/strong><\/td>\n<td style=\"width: 67%;\" width=\"72\">Penderie, armoire, biblioth\u00e8que, meuble de salle de bain, etc.<\/td>\n<\/tr>\n<tr style=\"line-height: 1.4;\">\n<td style=\"width: 33%;\" width=\"36\" height=\"50\"><strong>Service OEM et ODM<\/strong><\/td>\n<td style=\"width: 67%;\" width=\"72\">Prise en charge de la personnalisation facile et de la personnalisation approfondie<\/td>\n<\/tr>\n<\/tbody>\n<\/table>\n<p>\n<script src=\"chrome-extension:\/\/fpelahbljekknahkcaegamhcndkfpfnc\/iFrame.js\" type=\"text\/javascript\"><\/script><\/p>","protected":false},"featured_media":979,"comment_status":"closed","ping_status":"closed","template":"","meta":{"_acf_changed":false},"product_brand":[],"product_cat":[16,17,19,23],"product_tag":[],"class_list":{"0":"post-852","1":"product","2":"type-product","3":"status-publish","4":"has-post-thumbnail","6":"product_cat-wholesale-soft-closing-hinges","7":"product_cat-wholesale-cabinet-hinges","8":"product_cat-wholesale-furniture-hinges","9":"product_cat-wholesale-hydraulic-hinges","11":"first","12":"instock","13":"shipping-taxable","14":"product-type-simple"},"acf":[],"_links":{"self":[{"href":"https:\/\/www.mrhardwares.com\/fr\/wp-json\/wp\/v2\/product\/852","targetHints":{"allow":["GET"]}}],"collection":[{"href":"https:\/\/www.mrhardwares.com\/fr\/wp-json\/wp\/v2\/product"}],"about":[{"href":"https:\/\/www.mrhardwares.com\/fr\/wp-json\/wp\/v2\/types\/product"}],"replies":[{"embeddable":true,"href":"https:\/\/www.mrhardwares.com\/fr\/wp-json\/wp\/v2\/comments?post=852"}],"wp:featuredmedia":[{"embeddable":true,"href":"https:\/\/www.mrhardwares.com\/fr\/wp-json\/wp\/v2\/media\/979"}],"wp:attachment":[{"href":"https:\/\/www.mrhardwares.com\/fr\/wp-json\/wp\/v2\/media?parent=852"}],"wp:term":[{"taxonomy":"product_brand","embeddable":true,"href":"https:\/\/www.mrhardwares.com\/fr\/wp-json\/wp\/v2\/product_brand?post=852"},{"taxonomy":"product_cat","embeddable":true,"href":"https:\/\/www.mrhardwares.com\/fr\/wp-json\/wp\/v2\/product_cat?post=852"},{"taxonomy":"product_tag","embeddable":true,"href":"https:\/\/www.mrhardwares.com\/fr\/wp-json\/wp\/v2\/product_tag?post=852"}],"curies":[{"name":"wp","href":"https:\/\/api.w.org\/{rel}","templated":true}]}}