{"id":868,"date":"2025-03-21T06:19:15","date_gmt":"2025-03-21T06:19:15","guid":{"rendered":"https:\/\/www.mrhardwares.com\/?post_type=product&#038;p=868"},"modified":"2025-12-31T02:09:59","modified_gmt":"2025-12-31T02:09:59","slug":"wholesale-soft-closing-hinge-for-cabinets-mr-db","status":"publish","type":"product","link":"https:\/\/www.mrhardwares.com\/fr\/product\/wholesale-soft-closing-hinge-for-cabinets-mr-db\/","title":{"rendered":"Wholesale Soft Close Hinges for Kitchen Cabinets, Bathroom Cabinets, and Wardrobes - MR-DB"},"content":{"rendered":"<h3 class=\"wp-block-heading\">Caract\u00e9ristiques de la charni\u00e8re \u00e0 fermeture douce<\/h3><ul class=\"wp-block-list\"><li><strong>Options de mat\u00e9riaux flexibles :<\/strong> Les charni\u00e8res de meubles \u00e0 fermeture douce MR-DB sont disponibles en acier inoxydable et en acier lamin\u00e9 \u00e0 froid pour r\u00e9pondre \u00e0 une vari\u00e9t\u00e9 de budgets et d'environnements. L'option en acier inoxydable de haute qualit\u00e9 offre une durabilit\u00e9 et une r\u00e9sistance \u00e0 la corrosion sup\u00e9rieures, tandis que l'acier lamin\u00e9 \u00e0 froid convient aux projets dont le budget est limit\u00e9.<br><\/li>\n\n<li><strong>Syst\u00e8me d'amortissement hydraulique int\u00e9gr\u00e9 : <\/strong>Chaque charni\u00e8re est \u00e9quip\u00e9e d'un syst\u00e8me d'amortissement hydraulique int\u00e9gr\u00e9, qui garantit que les portes de l'armoire s'ouvrent et se ferment en douceur et en silence, am\u00e9liorant ainsi l'exp\u00e9rience de l'utilisateur et prot\u00e9geant la structure de l'armoire \u00e0 long terme.<br><\/li>\n\n<li><strong>S\u00e9curit\u00e9 accrue :<\/strong> Le m\u00e9canisme de rebond souple et contr\u00f4l\u00e9 r\u00e9duit consid\u00e9rablement le risque de claquage des portes. Ces charni\u00e8res conviennent aux maisons avec enfants et aux environnements commerciaux tr\u00e8s fr\u00e9quent\u00e9s.<br><\/li>\n\n<li><strong>Compatible avec de nombreux types de meubles :<\/strong> Ces charni\u00e8res de meubles \u00e0 fermeture douce sont polyvalentes et compatibles avec une grande vari\u00e9t\u00e9 de meubles, y compris les armoires de cuisine, les meubles-lavabos, les armoires et bien d'autres encore.<br><\/li>\n\n<li><strong>Installation facile :<\/strong> Il est compatible avec les m\u00e9thodes d'installation standard, ce qui r\u00e9duit le temps d'installation pour les charpentiers et les monteurs.<br><\/li>\n\n<li><strong>Fourniture de charni\u00e8res en gros :<\/strong> En tant que fabricant de charni\u00e8res pour meubles de confiance, nous proposons une cha\u00eene d'approvisionnement stable, des prix de gros tr\u00e8s comp\u00e9titifs et un service client\u00e8le r\u00e9actif.<\/li><\/ul>","protected":false},"excerpt":{"rendered":"<p><strong>Prix : US $0.14\/pc<\/strong><\/p>\n<p>Les charni\u00e8res de gros \u00e0 fermeture douce, avec amortissement hydraulique int\u00e9gr\u00e9, assurent une fermeture douce et silencieuse. Ce mod\u00e8le convient aux armoires de cuisine, aux penderies et aux meubles de salle de bains. Nous fournissons des charni\u00e8res de meubles en gros et des solutions personnalis\u00e9es OEM et ODM. N'h\u00e9sitez pas \u00e0 nous contacter.<\/p>\n<p><strong><a href=\"https:\/\/www.mrhardwares.com\/fr\/custom-solution\/\" target=\"_blank\" rel=\"noopener\">En savoir plus sur les solutions de charni\u00e8res de meubles personnalis\u00e9es OEM et ODM \u2192<\/a><\/strong><\/p>\n<h2>Sp\u00e9cifications des charni\u00e8res \u00e0 fermeture douce pour armoires<\/h2>\n<table border=\"0\" cellspacing=\"0\" cellpadding=\"0\">\n<tbody style=\"font-size: 12px; border: 1px solid #ccc; overflow: hidden;\">\n<tr style=\"line-height: 1.4;\">\n<td style=\"width: 33%;\" width=\"36\" height=\"30\"><strong>Sp\u00e9cifications<\/strong><\/td>\n<td style=\"width: 67%;\" width=\"72\"><strong>D\u00e9tails<\/strong><\/td>\n<\/tr>\n<tr style=\"line-height: 1.4;\">\n<td style=\"width: 33%;\" width=\"36\" height=\"30\"><strong>Num\u00e9ro de mod\u00e8le<\/strong><\/td>\n<td style=\"width: 67%;\" width=\"72\">MR-DB<\/td>\n<\/tr>\n<tr style=\"line-height: 1.4;\">\n<td style=\"width: 33%;\" width=\"36\" height=\"30\"><strong>Mat\u00e9riau de la charni\u00e8re<\/strong><\/td>\n<td style=\"width: 67%;\" width=\"72\">Acier inoxydable ou acier lamin\u00e9 \u00e0 froid<\/td>\n<\/tr>\n<tr style=\"line-height: 1.4;\">\n<td style=\"width: 33%;\" width=\"36\" height=\"30\"><strong>Type de charni\u00e8re<\/strong><\/td>\n<td style=\"width: 67%;\" width=\"72\">Charni\u00e8re \u00e0 fermeture douce<\/td>\n<\/tr>\n<tr style=\"line-height: 1.4;\">\n<td style=\"width: 33%;\" width=\"36\" height=\"60\"><strong>Sc\u00e9narios applicables<\/strong><\/td>\n<td style=\"width: 67%;\" width=\"72\">Penderie, armoire, biblioth\u00e8que, meuble de salle de bain, etc.<\/td>\n<\/tr>\n<tr style=\"line-height: 1.4;\">\n<td style=\"width: 33%;\" width=\"36\" height=\"50\"><strong>Service OEM et ODM<\/strong><\/td>\n<td style=\"width: 67%;\" width=\"72\">Prise en charge de la personnalisation facile et de la personnalisation approfondie<\/td>\n<\/tr>\n<\/tbody>\n<\/table>\n<p>\n<script src=\"chrome-extension:\/\/fpelahbljekknahkcaegamhcndkfpfnc\/iFrame.js\" type=\"text\/javascript\"><\/script><\/p>","protected":false},"featured_media":944,"comment_status":"closed","ping_status":"closed","template":"","meta":{"_acf_changed":false},"product_brand":[],"product_cat":[16,17,19,23],"product_tag":[],"class_list":{"0":"post-868","1":"product","2":"type-product","3":"status-publish","4":"has-post-thumbnail","6":"product_cat-wholesale-soft-closing-hinges","7":"product_cat-wholesale-cabinet-hinges","8":"product_cat-wholesale-furniture-hinges","9":"product_cat-wholesale-hydraulic-hinges","11":"first","12":"instock","13":"shipping-taxable","14":"product-type-simple"},"acf":[],"_links":{"self":[{"href":"https:\/\/www.mrhardwares.com\/fr\/wp-json\/wp\/v2\/product\/868","targetHints":{"allow":["GET"]}}],"collection":[{"href":"https:\/\/www.mrhardwares.com\/fr\/wp-json\/wp\/v2\/product"}],"about":[{"href":"https:\/\/www.mrhardwares.com\/fr\/wp-json\/wp\/v2\/types\/product"}],"replies":[{"embeddable":true,"href":"https:\/\/www.mrhardwares.com\/fr\/wp-json\/wp\/v2\/comments?post=868"}],"wp:featuredmedia":[{"embeddable":true,"href":"https:\/\/www.mrhardwares.com\/fr\/wp-json\/wp\/v2\/media\/944"}],"wp:attachment":[{"href":"https:\/\/www.mrhardwares.com\/fr\/wp-json\/wp\/v2\/media?parent=868"}],"wp:term":[{"taxonomy":"product_brand","embeddable":true,"href":"https:\/\/www.mrhardwares.com\/fr\/wp-json\/wp\/v2\/product_brand?post=868"},{"taxonomy":"product_cat","embeddable":true,"href":"https:\/\/www.mrhardwares.com\/fr\/wp-json\/wp\/v2\/product_cat?post=868"},{"taxonomy":"product_tag","embeddable":true,"href":"https:\/\/www.mrhardwares.com\/fr\/wp-json\/wp\/v2\/product_tag?post=868"}],"curies":[{"name":"wp","href":"https:\/\/api.w.org\/{rel}","templated":true}]}}