{"id":869,"date":"2025-03-21T06:24:13","date_gmt":"2025-03-21T06:24:13","guid":{"rendered":"https:\/\/www.mrhardwares.com\/?post_type=product&#038;p=869"},"modified":"2025-12-31T03:08:05","modified_gmt":"2025-12-31T03:08:05","slug":"wholesale-cabinet-door-hardware-hinges","status":"publish","type":"product","link":"https:\/\/www.mrhardwares.com\/fr\/product\/wholesale-cabinet-door-hardware-hinges\/","title":{"rendered":"Wholesale Cabinet Door Hardware Hinges, Bulk Cupboard Door Hinges MR-261A1"},"content":{"rendered":"<h3 class=\"wp-block-heading\">Caract\u00e9ristiques des charni\u00e8res de quincaillerie de porte d'armoire<\/h3><p><strong>Longue dur\u00e9e de vie : <\/strong>La structure des charni\u00e8res, usin\u00e9e avec pr\u00e9cision, garantit que la porte de l'armoire s'ouvre et se ferme en douceur, sans se bloquer, et qu'elle conserve des performances stables m\u00eame en cas d'utilisation fr\u00e9quente.<\/p><p><strong>Largement applicable : <\/strong>Convient pour les armoires de cuisine, les penderies, les biblioth\u00e8ques, les armoires de salle de bain, les meubles de bureau, etc., pour r\u00e9pondre aux besoins des diff\u00e9rents projets domestiques et techniques.<\/p><p><strong>Charni\u00e8res de quincaillerie en gros : <\/strong>Nous proposons des prix pr\u00e9f\u00e9rentiels pour la vente en gros de gros volumes, nous prenons en charge la personnalisation OEM\/ODM et nous pouvons ajuster la taille, le mat\u00e9riau, la couleur et le traitement de surface en fonction des besoins du client.<\/p><p><strong>Respectueux de l'environnement et inoffensif : <\/strong>L'adoption de mat\u00e9riaux respectueux de l'environnement et de processus de fabrication avanc\u00e9s permet de respecter les normes environnementales internationales telles que ISO9001, RoHS et CE, et le produit est s\u00fbr et fiable.<\/p>","protected":false},"excerpt":{"rendered":"<p><strong>Prix : US $0.071\/pc<\/strong><\/p>\n<p>Charni\u00e8res pour portes d'armoires en gros. Les charni\u00e8res de porte d'armoire MR-261A1 offrent un m\u00e9lange parfait de style, de durabilit\u00e9 et de performance sup\u00e9rieure pour r\u00e9pondre aux exigences des armoires modernes. Certifi\u00e9es ISO9001 et CE, elles conviennent \u00e0 une grande vari\u00e9t\u00e9 d'applications, y compris les armoires de cuisine, les penderies et les salles de bains.<\/p>\n<p>Ces charni\u00e8res sont id\u00e9ales pour les commandes en gros B2B et sont \u00e9conomiques pour les achats en gros. N'h\u00e9sitez pas \u00e0 nous contacter.<\/p>\n<h2>Sp\u00e9cifications de la charni\u00e8re de quincaillerie de porte d'armoire<\/h2>\n<table border=\"0\" cellspacing=\"0\" cellpadding=\"0\">\n<tbody style=\"font-size: 12px; border: 1px solid #ccc; overflow: hidden;\">\n<tr style=\"line-height: 1.4;\">\n<td style=\"width: 33%;\" width=\"36\" height=\"30\"><strong>Sp\u00e9cifications<\/strong><\/td>\n<td style=\"width: 67%;\" width=\"72\"><strong>D\u00e9tails<\/strong><\/td>\n<\/tr>\n<tr style=\"line-height: 1.4;\">\n<td style=\"width: 33%;\" width=\"36\" height=\"30\"><strong>Num\u00e9ro de mod\u00e8le<\/strong><\/td>\n<td style=\"width: 67%;\" width=\"72\">MR - 261A1<\/td>\n<\/tr>\n<tr style=\"line-height: 1.4;\">\n<td style=\"width: 33%;\" width=\"36\" height=\"30\"><strong>Mat\u00e9riau de la charni\u00e8re<\/strong><\/td>\n<td style=\"width: 67%;\" width=\"72\">Acier lamin\u00e9 \u00e0 froid<\/td>\n<\/tr>\n<tr style=\"line-height: 1.4;\">\n<td style=\"width: 33%;\" width=\"36\" height=\"30\"><strong>Type de charni\u00e8re<\/strong><\/td>\n<td style=\"width: 67%;\" width=\"72\">Charni\u00e8re de meuble ordinaire<\/td>\n<\/tr>\n<tr style=\"line-height: 1.4;\">\n<td style=\"width: 33%;\" width=\"36\" height=\"60\"><strong>Sc\u00e9narios applicables<\/strong><\/td>\n<td style=\"width: 67%;\" width=\"72\">Penderie, armoire, biblioth\u00e8que, meuble de salle de bain, etc.<\/td>\n<\/tr>\n<tr style=\"line-height: 1.4;\">\n<td style=\"width: 33%;\" width=\"36\" height=\"50\"><strong>Service OEM et ODM<\/strong><\/td>\n<td style=\"width: 67%;\" width=\"72\">Prise en charge de la personnalisation facile et de la personnalisation approfondie<\/td>\n<\/tr>\n<\/tbody>\n<\/table>\n<p>&nbsp;<\/p>\n<p>\n<script src=\"chrome-extension:\/\/fpelahbljekknahkcaegamhcndkfpfnc\/iFrame.js\" type=\"text\/javascript\"><\/script><\/p>","protected":false},"featured_media":996,"comment_status":"closed","ping_status":"closed","template":"","meta":{"_acf_changed":false},"product_brand":[],"product_cat":[25],"product_tag":[],"class_list":{"0":"post-869","1":"product","2":"type-product","3":"status-publish","4":"has-post-thumbnail","6":"product_cat-wholesale-regular-furniture-hinges","8":"first","9":"instock","10":"shipping-taxable","11":"purchasable","12":"product-type-simple"},"acf":[],"_links":{"self":[{"href":"https:\/\/www.mrhardwares.com\/fr\/wp-json\/wp\/v2\/product\/869","targetHints":{"allow":["GET"]}}],"collection":[{"href":"https:\/\/www.mrhardwares.com\/fr\/wp-json\/wp\/v2\/product"}],"about":[{"href":"https:\/\/www.mrhardwares.com\/fr\/wp-json\/wp\/v2\/types\/product"}],"replies":[{"embeddable":true,"href":"https:\/\/www.mrhardwares.com\/fr\/wp-json\/wp\/v2\/comments?post=869"}],"wp:featuredmedia":[{"embeddable":true,"href":"https:\/\/www.mrhardwares.com\/fr\/wp-json\/wp\/v2\/media\/996"}],"wp:attachment":[{"href":"https:\/\/www.mrhardwares.com\/fr\/wp-json\/wp\/v2\/media?parent=869"}],"wp:term":[{"taxonomy":"product_brand","embeddable":true,"href":"https:\/\/www.mrhardwares.com\/fr\/wp-json\/wp\/v2\/product_brand?post=869"},{"taxonomy":"product_cat","embeddable":true,"href":"https:\/\/www.mrhardwares.com\/fr\/wp-json\/wp\/v2\/product_cat?post=869"},{"taxonomy":"product_tag","embeddable":true,"href":"https:\/\/www.mrhardwares.com\/fr\/wp-json\/wp\/v2\/product_tag?post=869"}],"curies":[{"name":"wp","href":"https:\/\/api.w.org\/{rel}","templated":true}]}}