{"id":871,"date":"2025-03-21T06:38:31","date_gmt":"2025-03-21T06:38:31","guid":{"rendered":"https:\/\/www.mrhardwares.com\/?post_type=product&#038;p=871"},"modified":"2025-12-31T03:10:50","modified_gmt":"2025-12-31T03:10:50","slug":"wholesale-cupboard-hardware-hinges","status":"publish","type":"product","link":"https:\/\/www.mrhardwares.com\/fr\/product\/wholesale-cupboard-hardware-hinges\/","title":{"rendered":"Wholesale Cabinet Hidden Hinges, Bulk Cupboard Hardware Hinges"},"content":{"rendered":"<h3 class=\"wp-block-heading\">Caract\u00e9ristiques des charni\u00e8res de quincaillerie de placard<\/h3><p><strong>Solide et durable : <\/strong>R\u00e9sistant \u00e0 la rouille et \u00e0 la d\u00e9formation, il est capable de garantir des performances stables m\u00eame dans des environnements humides.<\/p><p><strong>Capacit\u00e9 de charge : <\/strong>Gr\u00e2ce \u00e0 une fabrication de pr\u00e9cision et \u00e0 des tests de charge multiples, il est capable de maintenir fermement divers panneaux de portes d'armoires afin qu'ils ne s'affaissent pas apr\u00e8s des ouvertures et des fermetures r\u00e9p\u00e9t\u00e9es \u00e0 long terme.<\/p><p><strong>R\u00e9glable sous plusieurs angles :<\/strong> Ils permettent \u00e0 la porte de l'armoire de s'adapter parfaitement au corps de l'armoire, am\u00e9liorent le design g\u00e9n\u00e9ral et facilitent l'installation.<\/p><p><strong>Largement utilis\u00e9 : <\/strong>Convient \u00e0 divers sc\u00e9narios d'application pour les meubles tels que les armoires de cuisine, les penderies, les biblioth\u00e8ques, les armoires de salle de bain, les meubles de bureau, les vitrines d'exposition, etc.<\/p><p><strong>Vente en gros :<\/strong> Nous proposons des services d'achat en gros, adapt\u00e9s aux d\u00e9taillants, aux entrepreneurs en ing\u00e9nierie, aux fabricants de meubles et aux entreprises de d\u00e9coration.<\/p><div class=\"wp-block-columns is-layout-flex wp-container-core-columns-is-layout-9d6595d7 wp-block-columns-is-layout-flex\"><div class=\"wp-block-column is-layout-flow wp-block-column-is-layout-flow\"><figure class=\"wp-block-image size-full\"><img decoding=\"async\" width=\"1600\" height=\"1600\" src=\"https:\/\/www.mrhardwares.com\/wp-content\/uploads\/2025\/03\/Wholesale-Cupboard-Hardware-Hinges-4.webp\" alt=\"Wholesale Cupboard Hardware Hinges (4)\" class=\"wp-image-875\" srcset=\"https:\/\/www.mrhardwares.com\/wp-content\/uploads\/2025\/03\/Wholesale-Cupboard-Hardware-Hinges-4.webp 1600w, https:\/\/www.mrhardwares.com\/wp-content\/uploads\/2025\/03\/Wholesale-Cupboard-Hardware-Hinges-4-300x300.webp 300w, https:\/\/www.mrhardwares.com\/wp-content\/uploads\/2025\/03\/Wholesale-Cupboard-Hardware-Hinges-4-150x150.webp 150w, https:\/\/www.mrhardwares.com\/wp-content\/uploads\/2025\/03\/Wholesale-Cupboard-Hardware-Hinges-4-768x768.webp 768w, https:\/\/www.mrhardwares.com\/wp-content\/uploads\/2025\/03\/Wholesale-Cupboard-Hardware-Hinges-4-12x12.webp 12w, https:\/\/www.mrhardwares.com\/wp-content\/uploads\/2025\/03\/Wholesale-Cupboard-Hardware-Hinges-4-1200x1200.webp 1200w, https:\/\/www.mrhardwares.com\/wp-content\/uploads\/2025\/03\/Wholesale-Cupboard-Hardware-Hinges-4-600x600.webp 600w, https:\/\/www.mrhardwares.com\/wp-content\/uploads\/2025\/03\/Wholesale-Cupboard-Hardware-Hinges-4-100x100.webp 100w\" sizes=\"(max-width: 1600px) 100vw, 1600px\" \/><\/figure><\/div>\n\n<div class=\"wp-block-column is-layout-flow wp-block-column-is-layout-flow\"><figure class=\"wp-block-image size-full\"><img decoding=\"async\" width=\"1600\" height=\"1600\" src=\"https:\/\/www.mrhardwares.com\/wp-content\/uploads\/2025\/03\/Wholesale-Cupboard-Hardware-Hinges-5.webp\" alt=\"Wholesale Cupboard Hardware Hinges (5)\" class=\"wp-image-876\" srcset=\"https:\/\/www.mrhardwares.com\/wp-content\/uploads\/2025\/03\/Wholesale-Cupboard-Hardware-Hinges-5.webp 1600w, https:\/\/www.mrhardwares.com\/wp-content\/uploads\/2025\/03\/Wholesale-Cupboard-Hardware-Hinges-5-300x300.webp 300w, https:\/\/www.mrhardwares.com\/wp-content\/uploads\/2025\/03\/Wholesale-Cupboard-Hardware-Hinges-5-150x150.webp 150w, https:\/\/www.mrhardwares.com\/wp-content\/uploads\/2025\/03\/Wholesale-Cupboard-Hardware-Hinges-5-768x768.webp 768w, https:\/\/www.mrhardwares.com\/wp-content\/uploads\/2025\/03\/Wholesale-Cupboard-Hardware-Hinges-5-12x12.webp 12w, https:\/\/www.mrhardwares.com\/wp-content\/uploads\/2025\/03\/Wholesale-Cupboard-Hardware-Hinges-5-1200x1200.webp 1200w, https:\/\/www.mrhardwares.com\/wp-content\/uploads\/2025\/03\/Wholesale-Cupboard-Hardware-Hinges-5-600x600.webp 600w, https:\/\/www.mrhardwares.com\/wp-content\/uploads\/2025\/03\/Wholesale-Cupboard-Hardware-Hinges-5-100x100.webp 100w\" sizes=\"(max-width: 1600px) 100vw, 1600px\" \/><\/figure><\/div><\/div>","protected":false},"excerpt":{"rendered":"<p><strong>Prix : US $0.057\/pc<\/strong><\/p>\n<p>Charni\u00e8res pour armoires en gros, parfaites pour les armoires de cuisine, les penderies et les meubles de bureau. Elles pr\u00e9sentent des finitions r\u00e9sistantes \u00e0 la corrosion et sont faciles \u00e0 installer. Nous fournissons des produits en vrac \u00e0 des prix comp\u00e9titifs. N'h\u00e9sitez pas \u00e0 nous contacter.<\/p>\n<h2>Sp\u00e9cifications des charni\u00e8res de quincaillerie de placard<\/h2>\n<table border=\"0\" cellspacing=\"0\" cellpadding=\"0\">\n<tbody style=\"font-size: 12px; border: 1px solid #ccc; overflow: hidden;\">\n<tr style=\"line-height: 1.4;\">\n<td style=\"width: 33%;\" width=\"36\" height=\"30\"><strong>Sp\u00e9cifications<\/strong><\/td>\n<td style=\"width: 67%;\" width=\"72\"><strong>D\u00e9tails<\/strong><\/td>\n<\/tr>\n<tr style=\"line-height: 1.4;\">\n<td style=\"width: 33%;\" width=\"36\" height=\"30\"><strong>Num\u00e9ro de mod\u00e8le<\/strong><\/td>\n<td style=\"width: 67%;\" width=\"72\">MR-261B1<\/td>\n<\/tr>\n<tr style=\"line-height: 1.4;\">\n<td style=\"width: 33%;\" width=\"36\" height=\"30\"><strong>Mat\u00e9riau de la charni\u00e8re<\/strong><\/td>\n<td style=\"width: 67%;\" width=\"72\">Acier lamin\u00e9 \u00e0 froid<\/td>\n<\/tr>\n<tr style=\"line-height: 1.4;\">\n<td style=\"width: 33%;\" width=\"36\" height=\"30\"><strong>Type de charni\u00e8re<\/strong><\/td>\n<td style=\"width: 67%;\" width=\"72\">Charni\u00e8re de meuble ordinaire<\/td>\n<\/tr>\n<tr style=\"line-height: 1.4;\">\n<td style=\"width: 33%;\" width=\"36\" height=\"60\"><strong>Sc\u00e9narios applicables<\/strong><\/td>\n<td style=\"width: 67%;\" width=\"72\">Penderie, armoire, biblioth\u00e8que, meuble de salle de bain, etc.<\/td>\n<\/tr>\n<tr style=\"line-height: 1.4;\">\n<td style=\"width: 33%;\" width=\"36\" height=\"50\"><strong>Service OEM et ODM<\/strong><\/td>\n<td style=\"width: 67%;\" width=\"72\">Prise en charge de la personnalisation facile et de la personnalisation approfondie<\/td>\n<\/tr>\n<\/tbody>\n<\/table>\n<p>&nbsp;<\/p>\n<p>\n<script src=\"chrome-extension:\/\/fpelahbljekknahkcaegamhcndkfpfnc\/iFrame.js\" type=\"text\/javascript\"><\/script><\/p>","protected":false},"featured_media":872,"comment_status":"closed","ping_status":"closed","template":"","meta":{"_acf_changed":false},"product_brand":[],"product_cat":[25],"product_tag":[],"class_list":{"0":"post-871","1":"product","2":"type-product","3":"status-publish","4":"has-post-thumbnail","6":"product_cat-wholesale-regular-furniture-hinges","8":"first","9":"instock","10":"shipping-taxable","11":"product-type-simple"},"acf":[],"_links":{"self":[{"href":"https:\/\/www.mrhardwares.com\/fr\/wp-json\/wp\/v2\/product\/871","targetHints":{"allow":["GET"]}}],"collection":[{"href":"https:\/\/www.mrhardwares.com\/fr\/wp-json\/wp\/v2\/product"}],"about":[{"href":"https:\/\/www.mrhardwares.com\/fr\/wp-json\/wp\/v2\/types\/product"}],"replies":[{"embeddable":true,"href":"https:\/\/www.mrhardwares.com\/fr\/wp-json\/wp\/v2\/comments?post=871"}],"wp:featuredmedia":[{"embeddable":true,"href":"https:\/\/www.mrhardwares.com\/fr\/wp-json\/wp\/v2\/media\/872"}],"wp:attachment":[{"href":"https:\/\/www.mrhardwares.com\/fr\/wp-json\/wp\/v2\/media?parent=871"}],"wp:term":[{"taxonomy":"product_brand","embeddable":true,"href":"https:\/\/www.mrhardwares.com\/fr\/wp-json\/wp\/v2\/product_brand?post=871"},{"taxonomy":"product_cat","embeddable":true,"href":"https:\/\/www.mrhardwares.com\/fr\/wp-json\/wp\/v2\/product_cat?post=871"},{"taxonomy":"product_tag","embeddable":true,"href":"https:\/\/www.mrhardwares.com\/fr\/wp-json\/wp\/v2\/product_tag?post=871"}],"curies":[{"name":"wp","href":"https:\/\/api.w.org\/{rel}","templated":true}]}}