{"id":881,"date":"2025-03-21T06:57:20","date_gmt":"2025-03-21T06:57:20","guid":{"rendered":"https:\/\/www.mrhardwares.com\/?post_type=product&#038;p=881"},"modified":"2025-12-31T03:13:30","modified_gmt":"2025-12-31T03:13:30","slug":"wholesale-hardware-cabinet-door-hinges","status":"publish","type":"product","link":"https:\/\/www.mrhardwares.com\/fr\/product\/wholesale-hardware-cabinet-door-hinges\/","title":{"rendered":"Wholesale Cabinet Door Hinges Hardware MR-261A2 - Mingrun Hinge Manufacturer"},"content":{"rendered":"<h3 class=\"wp-block-heading\">Caract\u00e9ristiques des charni\u00e8res de porte d'armoire<\/h3><p><strong>Ouverture et fermeture en douceur : <\/strong>La structure de fabrication de haute pr\u00e9cision garantit une ouverture et une fermeture stables et en douceur, une r\u00e9duction des frottements et une durabilit\u00e9 accrue.<\/p><p><strong>Largement applicable : <\/strong>Convient pour les armoires de cuisine, les penderies, les \u00e9tag\u00e8res, l'ameublement de bureau, etc. Pour r\u00e9pondre \u00e0 la demande changeante des m\u00e9nages et des entreprises, le produit de gros le plus appropri\u00e9 pour les entreprises d'ameublement, l'ing\u00e9nierie, la construction et les revendeurs.<br><br><strong>Bonne capacit\u00e9 de charge : <\/strong>Sa forte capacit\u00e9 de charge lui permet de maintenir fermement des portes d'armoires de diff\u00e9rentes \u00e9paisseurs.<\/p><p><strong>Abordable :<\/strong> Les charni\u00e8res de porte d'armoire sont con\u00e7ues avec de l'acier lamin\u00e9 \u00e0 froid et ont une conception de fermeture souple r\u00e9duite, ce qui les rend plus comp\u00e9titives en termes de prix et adapt\u00e9es aux projets \u00e0 faible budget et \u00e0 faibles exigences.<\/p><p><strong>Fourniture en gros : <\/strong>Fourniture en vrac \u00e0 des conditions de prix d'usine, avec fourniture d'un service de personnalisation OEM\/ODM.<\/p>","protected":false},"excerpt":{"rendered":"<p><strong>Prix : US $0.057\/pc<\/strong><\/p>\n<p>Quincaillerie en gros charni\u00e8res de portes d'armoires. Nos charni\u00e8res conventionnelles \u00e0 double trou pour armoires de cuisine offrent une forte capacit\u00e9 de charge et une grande durabilit\u00e9. Elles conviennent \u00e0 une vari\u00e9t\u00e9 d'applications, y compris les armoires de cuisine, les penderies et les armoires de bureau, et offrent des performances fiables. Contactez-nous pour un devis.<\/p>\n<h2>Sp\u00e9cifications des charni\u00e8res de porte d'armoire<\/h2>\n<table border=\"0\" cellspacing=\"0\" cellpadding=\"0\">\n<tbody style=\"font-size: 12px; border: 1px solid #ccc; overflow: hidden;\">\n<tr style=\"line-height: 1.4;\">\n<td style=\"width: 33%;\" width=\"36\" height=\"30\"><strong>Sp\u00e9cifications<\/strong><\/td>\n<td style=\"width: 67%;\" width=\"72\"><strong>D\u00e9tails<\/strong><\/td>\n<\/tr>\n<tr style=\"line-height: 1.4;\">\n<td style=\"width: 33%;\" width=\"36\" height=\"30\"><strong>Num\u00e9ro de mod\u00e8le<\/strong><\/td>\n<td style=\"width: 67%;\" width=\"72\">MR - 261A2<\/td>\n<\/tr>\n<tr style=\"line-height: 1.4;\">\n<td style=\"width: 33%;\" width=\"36\" height=\"30\"><strong>Mat\u00e9riau de la charni\u00e8re<\/strong><\/td>\n<td style=\"width: 67%;\" width=\"72\">Acier lamin\u00e9 \u00e0 froid<\/td>\n<\/tr>\n<tr style=\"line-height: 1.4;\">\n<td style=\"width: 33%;\" width=\"36\" height=\"30\"><strong>Type de charni\u00e8re<\/strong><\/td>\n<td style=\"width: 67%;\" width=\"72\">Charni\u00e8re de meuble ordinaire<\/td>\n<\/tr>\n<tr style=\"line-height: 1.4;\">\n<td style=\"width: 33%;\" width=\"36\" height=\"60\"><strong>Sc\u00e9narios applicables<\/strong><\/td>\n<td style=\"width: 67%;\" width=\"72\">Penderie, armoire, biblioth\u00e8que, meuble de salle de bain, etc.<\/td>\n<\/tr>\n<tr style=\"line-height: 1.4;\">\n<td style=\"width: 33%;\" width=\"36\" height=\"50\"><strong>Service OEM et ODM<\/strong><\/td>\n<td style=\"width: 67%;\" width=\"72\">Prise en charge de la personnalisation facile et de la personnalisation approfondie<\/td>\n<\/tr>\n<\/tbody>\n<\/table>\n<p><script src=\"chrome-extension:\/\/fpelahbljekknahkcaegamhcndkfpfnc\/iFrame.js\" type=\"text\/javascript\"><\/script><\/p>\n<p><script src=\"chrome-extension:\/\/fpelahbljekknahkcaegamhcndkfpfnc\/iFrame.js\" type=\"text\/javascript\"><\/script><\/p>\n<p>\n<script src=\"chrome-extension:\/\/fpelahbljekknahkcaegamhcndkfpfnc\/iFrame.js\" type=\"text\/javascript\"><\/script><\/p>","protected":false},"featured_media":886,"comment_status":"closed","ping_status":"closed","template":"","meta":{"_acf_changed":false},"product_brand":[],"product_cat":[25],"product_tag":[],"class_list":{"0":"post-881","1":"product","2":"type-product","3":"status-publish","4":"has-post-thumbnail","6":"product_cat-wholesale-regular-furniture-hinges","8":"first","9":"instock","10":"shipping-taxable","11":"product-type-simple"},"acf":[],"_links":{"self":[{"href":"https:\/\/www.mrhardwares.com\/fr\/wp-json\/wp\/v2\/product\/881","targetHints":{"allow":["GET"]}}],"collection":[{"href":"https:\/\/www.mrhardwares.com\/fr\/wp-json\/wp\/v2\/product"}],"about":[{"href":"https:\/\/www.mrhardwares.com\/fr\/wp-json\/wp\/v2\/types\/product"}],"replies":[{"embeddable":true,"href":"https:\/\/www.mrhardwares.com\/fr\/wp-json\/wp\/v2\/comments?post=881"}],"wp:featuredmedia":[{"embeddable":true,"href":"https:\/\/www.mrhardwares.com\/fr\/wp-json\/wp\/v2\/media\/886"}],"wp:attachment":[{"href":"https:\/\/www.mrhardwares.com\/fr\/wp-json\/wp\/v2\/media?parent=881"}],"wp:term":[{"taxonomy":"product_brand","embeddable":true,"href":"https:\/\/www.mrhardwares.com\/fr\/wp-json\/wp\/v2\/product_brand?post=881"},{"taxonomy":"product_cat","embeddable":true,"href":"https:\/\/www.mrhardwares.com\/fr\/wp-json\/wp\/v2\/product_cat?post=881"},{"taxonomy":"product_tag","embeddable":true,"href":"https:\/\/www.mrhardwares.com\/fr\/wp-json\/wp\/v2\/product_tag?post=881"}],"curies":[{"name":"wp","href":"https:\/\/api.w.org\/{rel}","templated":true}]}}