{"id":882,"date":"2025-03-21T07:02:23","date_gmt":"2025-03-21T07:02:23","guid":{"rendered":"https:\/\/www.mrhardwares.com\/?post_type=product&#038;p=882"},"modified":"2025-12-31T02:34:38","modified_gmt":"2025-12-31T02:34:38","slug":"wholesale-soft-close-concealed-hinges-for-cabinets","status":"publish","type":"product","link":"https:\/\/www.mrhardwares.com\/fr\/product\/wholesale-soft-close-concealed-hinges-for-cabinets\/","title":{"rendered":"Wholesale Soft Close Concealed Hinges for Cabinets MR-DTZ"},"content":{"rendered":"<h3 class=\"wp-block-heading\">Caract\u00e9ristiques des charni\u00e8res \u00e0 bo\u00eetier pour armoires de cuisine<\/h3><p><strong>Mat\u00e9riau durable<\/strong>: Fabriqu\u00e9 en acier inoxydable de haute qualit\u00e9 ou en acier lamin\u00e9 \u00e0 froid, il est durable.<\/p><p><strong>Conception cach\u00e9e<\/strong>: L'installation cach\u00e9e est magnifique et convient au style d'ameublement moderne et minimaliste.<\/p><p><strong>Structure anti-desserrage : <\/strong>L'optimisation de la pi\u00e8ce de connexion de la charni\u00e8re permet d'\u00e9viter qu'elle ne se desserre ou ne s'affaisse apr\u00e8s une utilisation prolong\u00e9e.<\/p><p><strong>Mat\u00e9riaux respectueux de l'environnement :<\/strong> Fabriqu\u00e9 \u00e0 partir de mat\u00e9riaux respectueux de l'environnement, sans substances nocives, et en conformit\u00e9 avec les normes environnementales telles que RoHS et CE.<\/p><p><strong>Service de personnalisation OEM et ODM :<\/strong> Nous fournissons des solutions de charni\u00e8res compl\u00e8tes et pouvons personnaliser la conception de l'\u00e9chantillon, la taille, etc. en fonction des besoins du client.<\/p>","protected":false},"excerpt":{"rendered":"<p><strong>Prix : US $0.15\/pc<\/strong><\/p>\n<p>Vous pouvez choisir le mat\u00e9riau de la charni\u00e8re \u00e0 fermeture souple, en acier inoxydable ou en acier lamin\u00e9 \u00e0 froid. Notre charni\u00e8re est solide, stable et anti-desserrage pour une utilisation \u00e0 long terme. Elle convient \u00e0 divers environnements de cuisine. Nous proposons une personnalisation OEM et ODM pour r\u00e9pondre \u00e0 vos besoins.  Contactez-nous pour un devis.<\/p>\n<h2>Sp\u00e9cifications des charni\u00e8res \u00e0 bo\u00eetier pour armoires de cuisine<\/h2>\n<table border=\"0\" cellspacing=\"0\" cellpadding=\"0\">\n<tbody style=\"font-size: 12px; border: 1px solid #ccc; overflow: hidden;\">\n<tr style=\"line-height: 1.4;\">\n<td style=\"width: 33%;\" width=\"36\" height=\"30\"><strong>Sp\u00e9cifications<\/strong><\/td>\n<td style=\"width: 67%;\" width=\"72\"><strong>D\u00e9tails<\/strong><\/td>\n<\/tr>\n<tr style=\"line-height: 1.4;\">\n<td style=\"width: 33%;\" width=\"36\" height=\"30\"><strong>Num\u00e9ro de mod\u00e8le<\/strong><\/td>\n<td style=\"width: 67%;\" width=\"72\">MR-DTZ<\/td>\n<\/tr>\n<tr style=\"line-height: 1.4;\">\n<td style=\"width: 33%;\" width=\"36\" height=\"30\"><strong>Mat\u00e9riau de la charni\u00e8re<\/strong><\/td>\n<td style=\"width: 67%;\" width=\"72\">Acier inoxydable ou acier lamin\u00e9 \u00e0 froid<\/td>\n<\/tr>\n<tr style=\"line-height: 1.4;\">\n<td style=\"width: 33%;\" width=\"36\" height=\"30\"><strong>Type de charni\u00e8re<\/strong><\/td>\n<td style=\"width: 67%;\" width=\"72\">Charni\u00e8re \u00e0 fermeture douce<\/td>\n<\/tr>\n<tr style=\"line-height: 1.4;\">\n<td style=\"width: 33%;\" width=\"36\" height=\"60\"><strong>Sc\u00e9narios applicables<\/strong><\/td>\n<td style=\"width: 67%;\" width=\"72\">Penderie, armoire, biblioth\u00e8que, meuble de salle de bain, etc.<\/td>\n<\/tr>\n<tr style=\"line-height: 1.4;\">\n<td style=\"width: 33%;\" width=\"36\" height=\"50\"><strong>Service OEM et ODM<\/strong><\/td>\n<td style=\"width: 67%;\" width=\"72\">Prise en charge de la personnalisation facile et de la personnalisation approfondie<\/td>\n<\/tr>\n<\/tbody>\n<\/table>\n<p><script src=\"chrome-extension:\/\/fpelahbljekknahkcaegamhcndkfpfnc\/iFrame.js\" type=\"text\/javascript\"><\/script><\/p>\n<p>\n<script src=\"chrome-extension:\/\/fpelahbljekknahkcaegamhcndkfpfnc\/iFrame.js\" type=\"text\/javascript\"><\/script><\/p>","protected":false},"featured_media":950,"comment_status":"closed","ping_status":"closed","template":"","meta":{"_acf_changed":false},"product_brand":[],"product_cat":[16],"product_tag":[],"class_list":{"0":"post-882","1":"product","2":"type-product","3":"status-publish","4":"has-post-thumbnail","6":"product_cat-wholesale-soft-closing-hinges","8":"first","9":"instock","10":"shipping-taxable","11":"product-type-simple"},"acf":[],"_links":{"self":[{"href":"https:\/\/www.mrhardwares.com\/fr\/wp-json\/wp\/v2\/product\/882","targetHints":{"allow":["GET"]}}],"collection":[{"href":"https:\/\/www.mrhardwares.com\/fr\/wp-json\/wp\/v2\/product"}],"about":[{"href":"https:\/\/www.mrhardwares.com\/fr\/wp-json\/wp\/v2\/types\/product"}],"replies":[{"embeddable":true,"href":"https:\/\/www.mrhardwares.com\/fr\/wp-json\/wp\/v2\/comments?post=882"}],"wp:featuredmedia":[{"embeddable":true,"href":"https:\/\/www.mrhardwares.com\/fr\/wp-json\/wp\/v2\/media\/950"}],"wp:attachment":[{"href":"https:\/\/www.mrhardwares.com\/fr\/wp-json\/wp\/v2\/media?parent=882"}],"wp:term":[{"taxonomy":"product_brand","embeddable":true,"href":"https:\/\/www.mrhardwares.com\/fr\/wp-json\/wp\/v2\/product_brand?post=882"},{"taxonomy":"product_cat","embeddable":true,"href":"https:\/\/www.mrhardwares.com\/fr\/wp-json\/wp\/v2\/product_cat?post=882"},{"taxonomy":"product_tag","embeddable":true,"href":"https:\/\/www.mrhardwares.com\/fr\/wp-json\/wp\/v2\/product_tag?post=882"}],"curies":[{"name":"wp","href":"https:\/\/api.w.org\/{rel}","templated":true}]}}