{"id":884,"date":"2025-03-21T07:37:04","date_gmt":"2025-03-21T07:37:04","guid":{"rendered":"https:\/\/www.mrhardwares.com\/?post_type=product&#038;p=884"},"modified":"2025-12-31T01:48:31","modified_gmt":"2025-12-31T01:48:31","slug":"wholesale-soft-close-furniture-hinges","status":"publish","type":"product","link":"https:\/\/www.mrhardwares.com\/fr\/product\/wholesale-soft-close-furniture-hinges\/","title":{"rendered":"Charni\u00e8res de meubles \u00e0 fermeture souple en gros, Charni\u00e8res de meubles \u00e0 fermeture souple en vrac - MR-ZB"},"content":{"rendered":"<h3 class=\"wp-block-heading\">Caract\u00e9ristiques des charni\u00e8res de meubles \u00e0 fermeture douce<\/h3><ul class=\"wp-block-list\"><li><strong>Fermeture douce et silencieuse : <\/strong>Les charni\u00e8res de meubles \u00e0 fermeture progressive permettent une fermeture silencieuse des penderies et des armoires, emp\u00eachent efficacement les chocs violents et prolongent la dur\u00e9e de vie des charni\u00e8res et des armoires.<\/li>\n\n<li><strong>Durable et fiable : <\/strong>Ces charni\u00e8res sont fabriqu\u00e9es \u00e0 partir de mat\u00e9riaux de haute qualit\u00e9 et sont durables. Elles sont r\u00e9sistantes \u00e0 l'usure et \u00e0 la corrosion, ce qui garantit des performances et une fiabilit\u00e9 \u00e0 long terme.<\/li>\n\n<li><strong>R\u00e9duire les besoins de maintenance : <\/strong>La charni\u00e8re r\u00e9glable \u00e0 fermeture douce r\u00e9duit la n\u00e9cessit\u00e9 d'un entretien fr\u00e9quent gr\u00e2ce \u00e0 sa conception unique et durable.<\/li>\n\n<li><strong>Personnalisation des mat\u00e9riaux : <\/strong>La charni\u00e8re de meuble \u00e0 fermeture progressive MR-ZB offre deux options de mat\u00e9riaux, dont l'acier inoxydable et l'acier lamin\u00e9 \u00e0 froid, pour r\u00e9pondre aux besoins de diff\u00e9rents projets.<\/li>\n\n<li><strong>Prix de gros d'usine : <\/strong>Tout en garantissant une qualit\u00e9 \u00e9lev\u00e9e, Mingrun propose des prix de gros d'usine tr\u00e8s comp\u00e9titifs, ce qui permet aux fabricants de meubles, aux entreprises de d\u00e9coration et aux grossistes de b\u00e9n\u00e9ficier de marges b\u00e9n\u00e9ficiaires suppl\u00e9mentaires s'ils ach\u00e8tent.<\/li>\n\n<li><strong>Fourniture de charni\u00e8res en vrac :<\/strong> Mingrun Hardware and Hinge Factory fournit des charni\u00e8res en gros aux entreprises d'ameublement du monde entier, ce qui est parfait pour les grossistes, les fabricants de meubles et les grands projets.<\/li><\/ul><div class=\"wp-block-columns is-layout-flex wp-container-core-columns-is-layout-9d6595d7 wp-block-columns-is-layout-flex\"><div class=\"wp-block-column is-layout-flow wp-block-column-is-layout-flow\"><figure class=\"wp-block-image size-full\"><img decoding=\"async\" width=\"1600\" height=\"1600\" src=\"https:\/\/www.mrhardwares.com\/wp-content\/uploads\/2025\/03\/wholesale-soft-closing-furniture-hinges-1.webp\" alt=\"charni\u00e8res de meubles \u00e0 fermeture souple en gros (1)\" class=\"wp-image-1250\" srcset=\"https:\/\/www.mrhardwares.com\/wp-content\/uploads\/2025\/03\/wholesale-soft-closing-furniture-hinges-1.webp 1600w, https:\/\/www.mrhardwares.com\/wp-content\/uploads\/2025\/03\/wholesale-soft-closing-furniture-hinges-1-300x300.webp 300w, https:\/\/www.mrhardwares.com\/wp-content\/uploads\/2025\/03\/wholesale-soft-closing-furniture-hinges-1-150x150.webp 150w, https:\/\/www.mrhardwares.com\/wp-content\/uploads\/2025\/03\/wholesale-soft-closing-furniture-hinges-1-768x768.webp 768w, https:\/\/www.mrhardwares.com\/wp-content\/uploads\/2025\/03\/wholesale-soft-closing-furniture-hinges-1-12x12.webp 12w, https:\/\/www.mrhardwares.com\/wp-content\/uploads\/2025\/03\/wholesale-soft-closing-furniture-hinges-1-1200x1200.webp 1200w, https:\/\/www.mrhardwares.com\/wp-content\/uploads\/2025\/03\/wholesale-soft-closing-furniture-hinges-1-600x600.webp 600w, https:\/\/www.mrhardwares.com\/wp-content\/uploads\/2025\/03\/wholesale-soft-closing-furniture-hinges-1-100x100.webp 100w\" sizes=\"(max-width: 1600px) 100vw, 1600px\" \/><\/figure><\/div>\n\n<div class=\"wp-block-column is-layout-flow wp-block-column-is-layout-flow\"><figure class=\"wp-block-image size-full\"><img decoding=\"async\" width=\"1600\" height=\"1600\" src=\"https:\/\/www.mrhardwares.com\/wp-content\/uploads\/2025\/03\/wholesale-soft-closing-furniture-hinges-2.webp\" alt=\"charni\u00e8res de meubles \u00e0 fermeture souple en gros (2)\" class=\"wp-image-1251\" srcset=\"https:\/\/www.mrhardwares.com\/wp-content\/uploads\/2025\/03\/wholesale-soft-closing-furniture-hinges-2.webp 1600w, https:\/\/www.mrhardwares.com\/wp-content\/uploads\/2025\/03\/wholesale-soft-closing-furniture-hinges-2-300x300.webp 300w, https:\/\/www.mrhardwares.com\/wp-content\/uploads\/2025\/03\/wholesale-soft-closing-furniture-hinges-2-150x150.webp 150w, https:\/\/www.mrhardwares.com\/wp-content\/uploads\/2025\/03\/wholesale-soft-closing-furniture-hinges-2-768x768.webp 768w, https:\/\/www.mrhardwares.com\/wp-content\/uploads\/2025\/03\/wholesale-soft-closing-furniture-hinges-2-12x12.webp 12w, https:\/\/www.mrhardwares.com\/wp-content\/uploads\/2025\/03\/wholesale-soft-closing-furniture-hinges-2-1200x1200.webp 1200w, https:\/\/www.mrhardwares.com\/wp-content\/uploads\/2025\/03\/wholesale-soft-closing-furniture-hinges-2-600x600.webp 600w, https:\/\/www.mrhardwares.com\/wp-content\/uploads\/2025\/03\/wholesale-soft-closing-furniture-hinges-2-100x100.webp 100w\" sizes=\"(max-width: 1600px) 100vw, 1600px\" \/><\/figure><\/div><\/div>","protected":false},"excerpt":{"rendered":"<p><strong>Prix : US $0.12\/pc<\/strong><\/p>\n<p>Charni\u00e8res de meubles en gros avec conception amortie pour une fermeture silencieuse et en douceur. <br \/>Mingrun Hardware Hinge Factory est sp\u00e9cialis\u00e9e dans la fourniture de charni\u00e8res pour meubles rembourr\u00e9s en vrac aux entreprises d'ameublement du monde entier. Nos solutions de gros sont id\u00e9ales pour les grossistes, les fabricants de meubles et les grands projets. Contactez-nous pour un devis.<br \/><strong><a href=\"https:\/\/www.mrhardwares.com\/fr\/custom-solution\/\" target=\"_blank\" rel=\"noopener\">En savoir plus sur les solutions de charni\u00e8res de meubles personnalis\u00e9es OEM et ODM \u2192 .<\/a><\/strong><\/p>\n<h2>Sp\u00e9cifications de la charni\u00e8re de meuble Soft Close<\/h2>\n<table border=\"0\" cellspacing=\"0\" cellpadding=\"0\">\n<tbody style=\"font-size: 12px; border: 1px solid #ccc; overflow: hidden;\">\n<tr style=\"line-height: 1.4;\">\n<td style=\"width: 33%;\" width=\"36\" height=\"30\"><strong>Sp\u00e9cifications<\/strong><\/td>\n<td style=\"width: 67%;\" width=\"72\"><strong>D\u00e9tails<\/strong><\/td>\n<\/tr>\n<tr style=\"line-height: 1.4;\">\n<td style=\"width: 33%;\" width=\"36\" height=\"30\"><strong>Num\u00e9ro de mod\u00e8le<\/strong><\/td>\n<td style=\"width: 67%;\" width=\"72\">MR-ZB<\/td>\n<\/tr>\n<tr style=\"line-height: 1.4;\">\n<td style=\"width: 33%;\" width=\"36\" height=\"30\"><strong>Mat\u00e9riau de la charni\u00e8re<\/strong><\/td>\n<td style=\"width: 67%;\" width=\"72\">Acier lamin\u00e9 \u00e0 froid ou acier inoxydable<\/td>\n<\/tr>\n<tr style=\"line-height: 1.4;\">\n<td style=\"width: 33%;\" width=\"36\" height=\"30\"><strong>Type de charni\u00e8re<\/strong><\/td>\n<td style=\"width: 67%;\" width=\"72\">Charni\u00e8re \u00e0 fermeture douce<\/td>\n<\/tr>\n<tr style=\"line-height: 1.4;\">\n<td style=\"width: 33%;\" width=\"36\" height=\"60\"><strong>Sc\u00e9narios applicables<\/strong><\/td>\n<td style=\"width: 67%;\" width=\"72\">Penderie, armoire, biblioth\u00e8que, meuble de salle de bain, etc.<\/td>\n<\/tr>\n<tr style=\"line-height: 1.4;\">\n<td style=\"width: 33%;\" width=\"36\" height=\"50\"><strong>Service OEM et ODM<\/strong><\/td>\n<td style=\"width: 67%;\" width=\"72\">Prise en charge de la personnalisation facile et de la personnalisation approfondie<\/td>\n<\/tr>\n<\/tbody>\n<\/table>\n<p>\n<script src=\"chrome-extension:\/\/fpelahbljekknahkcaegamhcndkfpfnc\/iFrame.js\" type=\"text\/javascript\"><\/script><\/p>","protected":false},"featured_media":1247,"comment_status":"closed","ping_status":"closed","template":"","meta":{"_acf_changed":false},"product_brand":[],"product_cat":[16,17,19,23],"product_tag":[],"class_list":{"0":"post-884","1":"product","2":"type-product","3":"status-publish","4":"has-post-thumbnail","6":"product_cat-wholesale-soft-closing-hinges","7":"product_cat-wholesale-cabinet-hinges","8":"product_cat-wholesale-furniture-hinges","9":"product_cat-wholesale-hydraulic-hinges","11":"first","12":"instock","13":"shipping-taxable","14":"product-type-simple"},"acf":[],"_links":{"self":[{"href":"https:\/\/www.mrhardwares.com\/fr\/wp-json\/wp\/v2\/product\/884","targetHints":{"allow":["GET"]}}],"collection":[{"href":"https:\/\/www.mrhardwares.com\/fr\/wp-json\/wp\/v2\/product"}],"about":[{"href":"https:\/\/www.mrhardwares.com\/fr\/wp-json\/wp\/v2\/types\/product"}],"replies":[{"embeddable":true,"href":"https:\/\/www.mrhardwares.com\/fr\/wp-json\/wp\/v2\/comments?post=884"}],"wp:featuredmedia":[{"embeddable":true,"href":"https:\/\/www.mrhardwares.com\/fr\/wp-json\/wp\/v2\/media\/1247"}],"wp:attachment":[{"href":"https:\/\/www.mrhardwares.com\/fr\/wp-json\/wp\/v2\/media?parent=884"}],"wp:term":[{"taxonomy":"product_brand","embeddable":true,"href":"https:\/\/www.mrhardwares.com\/fr\/wp-json\/wp\/v2\/product_brand?post=884"},{"taxonomy":"product_cat","embeddable":true,"href":"https:\/\/www.mrhardwares.com\/fr\/wp-json\/wp\/v2\/product_cat?post=884"},{"taxonomy":"product_tag","embeddable":true,"href":"https:\/\/www.mrhardwares.com\/fr\/wp-json\/wp\/v2\/product_tag?post=884"}],"curies":[{"name":"wp","href":"https:\/\/api.w.org\/{rel}","templated":true}]}}