{"id":892,"date":"2025-03-25T03:26:55","date_gmt":"2025-03-25T03:26:55","guid":{"rendered":"https:\/\/www.mrhardwares.com\/?post_type=product&#038;p=892"},"modified":"2025-12-31T01:58:11","modified_gmt":"2025-12-31T01:58:11","slug":"wholesale-soft-close-concealed-hinges","status":"publish","type":"product","link":"https:\/\/www.mrhardwares.com\/fr\/product\/wholesale-soft-close-concealed-hinges\/","title":{"rendered":"Wholesale Soft Close Concealed Hinges, Bulk Cabinet Hinges - MR-F2A"},"content":{"rendered":"<h3 class=\"wp-block-heading\">Caract\u00e9ristiques des charni\u00e8res encastr\u00e9es \u00e0 fermeture douce<\/h3><ul class=\"wp-block-list\"><li><strong>M\u00e9canisme de fermeture en douceur : <\/strong>Chaque charni\u00e8re est \u00e9quip\u00e9e d'un amortisseur de ralentissement int\u00e9gr\u00e9 qui garantit une fermeture douce et silencieuse de la porte de l'armoire. Ce syst\u00e8me r\u00e9duit l'usure des charni\u00e8res et du corps de l'armoire, tout en garantissant une exp\u00e9rience utilisateur de haute qualit\u00e9 et silencieuse.<br><\/li>\n\n<li><strong>Trois types d'installation sont disponibles : <\/strong>Les mod\u00e8les MR-F2A sont disponibles avec des charni\u00e8res \u00e0 recouvrement total, \u00e0 recouvrement partiel et encastr\u00e9es (sans recouvrement), qui sont compatibles avec diverses configurations de portes d'armoires.<br><\/li>\n\n<li><strong>Conception dissimul\u00e9e :<\/strong> Les mod\u00e8les \u00e0 recouvrement total et \u00e0 recouvrement partiel ont un design cach\u00e9. Lorsque la porte du meuble est ferm\u00e9e, la charni\u00e8re n'appara\u00eet pas dans le champ de vision, ce qui garantit l'aspect simple du meuble.<br><\/li>\n\n<li><strong>Deux mat\u00e9riaux au choix :<\/strong> La charni\u00e8re \u00e0 fermeture douce MR-F2A est disponible en acier inoxydable et en acier lamin\u00e9 \u00e0 froid. Adapt\u00e9e aux besoins de diff\u00e9rents projets, elle convient parfaitement aux grossistes et aux entreprises d'ameublement.<br><\/li>\n\n<li><strong>Fourniture de charni\u00e8res d'armoires en vrac :<\/strong>En tant que fabricant professionnel de charni\u00e8res, nous fournissons des charni\u00e8res de meubles en vrac aux marques mondiales de meubles, aux fabricants d'armoires et aux grossistes, en proposant des prix tr\u00e8s comp\u00e9titifs et des services de personnalisation flexibles.<\/li><\/ul>","protected":false},"excerpt":{"rendered":"<p data-pm-slice=\"1 1 []\"><strong>Prix : US $0.123\/pc<\/strong><\/p>\n<p>Wholesale soft-close concealed hinges. The MR-F2A series offers full-cover, half-cover and recessed styles, and is available in stainless steel or cold-rolled steel. It is equipped with a soft-close hydraulic system to provide users with a quiet and smooth cabinet door closing experience.<\/p>\n<p>Le fabricant de charni\u00e8res Mingrun vous fournit des charni\u00e8res d'armoire en vrac et des prix d'usine, n'h\u00e9sitez pas \u00e0 nous contacter.<br \/><strong><a href=\"https:\/\/www.mrhardwares.com\/fr\/custom-solution\/\" target=\"_blank\" rel=\"noopener\">En savoir plus sur les solutions de charni\u00e8res de meubles personnalis\u00e9es OEM et ODM \u2192 <\/a><\/strong><\/p>\n<h2>Sp\u00e9cifications des charni\u00e8res de porte d'armoire \u00e0 fermeture douce<\/h2>\n<table border=\"0\" cellspacing=\"0\" cellpadding=\"0\">\n<tbody style=\"font-size: 12px; border: 1px solid #ccc; overflow: hidden;\">\n<tr style=\"line-height: 1.4;\">\n<td style=\"width: 33%;\" width=\"36\" height=\"30\"><span style=\"font-size: 16px;\">Sp\u00e9cifications<\/span><\/td>\n<td style=\"width: 67%;\" width=\"72\"><span style=\"font-size: 16px;\">D\u00e9tails<\/span><\/td>\n<\/tr>\n<tr style=\"line-height: 1.4;\">\n<td style=\"width: 33%;\" width=\"36\" height=\"30\"><span style=\"font-size: 16px;\">Num\u00e9ro de mod\u00e8le<\/span><\/td>\n<td style=\"width: 67%;\" width=\"72\"><span style=\"font-size: 16px;\">MR-F2A<\/span><\/td>\n<\/tr>\n<tr style=\"line-height: 1.4;\">\n<td style=\"width: 33%;\" width=\"36\" height=\"30\"><span style=\"font-size: 16px;\">Mat\u00e9riau de la charni\u00e8re<\/span><\/td>\n<td style=\"width: 67%;\" width=\"72\"><span style=\"font-size: 16px;\">Acier inoxydable ou acier lamin\u00e9 \u00e0 froid<\/span><\/td>\n<\/tr>\n<tr style=\"line-height: 1.4;\">\n<td style=\"width: 33%;\" width=\"36\" height=\"30\"><span style=\"font-size: 16px;\">Type de charni\u00e8re<\/span><\/td>\n<td style=\"width: 67%;\" width=\"72\"><span style=\"font-size: 16px;\">Charni\u00e8re \u00e0 fermeture douce<\/span><\/td>\n<\/tr>\n<tr style=\"line-height: 1.4;\">\n<td style=\"width: 33%;\" width=\"36\" height=\"60\"><span style=\"font-size: 16px;\">Sc\u00e9narios applicables<\/span><\/td>\n<td style=\"width: 67%;\" width=\"72\"><span style=\"font-size: 16px;\">Penderie, armoire, biblioth\u00e8que, meuble de salle de bain, etc.<\/span><\/td>\n<\/tr>\n<tr style=\"line-height: 1.4;\">\n<td style=\"width: 33%;\" width=\"36\" height=\"50\"><span style=\"font-size: 16px;\">Service OEM et ODM<\/span><\/td>\n<td style=\"width: 67%;\" width=\"72\"><span style=\"font-size: 16px;\">Prise en charge de la personnalisation facile et de la personnalisation approfondie<\/span><\/td>\n<\/tr>\n<\/tbody>\n<\/table>\n<p><script src=\"chrome-extension:\/\/fpelahbljekknahkcaegamhcndkfpfnc\/iFrame.js\" type=\"text\/javascript\"><\/script><\/p>","protected":false},"featured_media":1254,"comment_status":"closed","ping_status":"closed","template":"","meta":{"_acf_changed":false},"product_brand":[],"product_cat":[17,19,16],"product_tag":[],"class_list":{"0":"post-892","1":"product","2":"type-product","3":"status-publish","4":"has-post-thumbnail","6":"product_cat-wholesale-cabinet-hinges","7":"product_cat-wholesale-furniture-hinges","8":"product_cat-wholesale-soft-closing-hinges","10":"first","11":"instock","12":"shipping-taxable","13":"product-type-simple"},"acf":[],"_links":{"self":[{"href":"https:\/\/www.mrhardwares.com\/fr\/wp-json\/wp\/v2\/product\/892","targetHints":{"allow":["GET"]}}],"collection":[{"href":"https:\/\/www.mrhardwares.com\/fr\/wp-json\/wp\/v2\/product"}],"about":[{"href":"https:\/\/www.mrhardwares.com\/fr\/wp-json\/wp\/v2\/types\/product"}],"replies":[{"embeddable":true,"href":"https:\/\/www.mrhardwares.com\/fr\/wp-json\/wp\/v2\/comments?post=892"}],"wp:featuredmedia":[{"embeddable":true,"href":"https:\/\/www.mrhardwares.com\/fr\/wp-json\/wp\/v2\/media\/1254"}],"wp:attachment":[{"href":"https:\/\/www.mrhardwares.com\/fr\/wp-json\/wp\/v2\/media?parent=892"}],"wp:term":[{"taxonomy":"product_brand","embeddable":true,"href":"https:\/\/www.mrhardwares.com\/fr\/wp-json\/wp\/v2\/product_brand?post=892"},{"taxonomy":"product_cat","embeddable":true,"href":"https:\/\/www.mrhardwares.com\/fr\/wp-json\/wp\/v2\/product_cat?post=892"},{"taxonomy":"product_tag","embeddable":true,"href":"https:\/\/www.mrhardwares.com\/fr\/wp-json\/wp\/v2\/product_tag?post=892"}],"curies":[{"name":"wp","href":"https:\/\/api.w.org\/{rel}","templated":true}]}}