{"id":893,"date":"2025-03-21T08:07:23","date_gmt":"2025-03-21T08:07:23","guid":{"rendered":"https:\/\/www.mrhardwares.com\/?post_type=product&#038;p=893"},"modified":"2025-12-31T02:04:00","modified_gmt":"2025-12-31T02:04:00","slug":"wholesale-soft-close-cabinet-hinges-mr-f2b","status":"publish","type":"product","link":"https:\/\/www.mrhardwares.com\/fr\/product\/wholesale-soft-close-cabinet-hinges-mr-f2b\/","title":{"rendered":"Wholesale Soft Close Cabinet Hinges Full Overlay, Half Overlay, and No Overlay - MR-F2B"},"content":{"rendered":"<h3 class=\"wp-block-heading\">Caract\u00e9ristiques des charni\u00e8res d'armoire \u00e0 fermeture douce<\/h3><ul class=\"wp-block-list\"><li><strong>Syst\u00e8me hydraulique de fermeture en douceur : <\/strong>Chaque charni\u00e8re utilise un amortisseur hydraulique scell\u00e9 pour r\u00e9duire efficacement l'impact et le bruit lors de la fermeture de la porte, offrant ainsi une exp\u00e9rience de fermeture douce, silencieuse et sans \u00e0-coups.<br><\/li>\n\n<li><strong>Durable : <\/strong>Ces charni\u00e8res d'armoire \u00e0 fermeture souple sont durables et ont \u00e9t\u00e9 test\u00e9es pendant plus de 80 000 cycles d'ouverture et de fermeture, simulant des sc\u00e9narios d'utilisation quotidienne r\u00e9p\u00e9t\u00e9e, afin de garantir des performances et une fiabilit\u00e9 \u00e0 long terme.<br><\/li>\n\n<li><strong>Trois options de couverture : <\/strong>La s\u00e9rie MR-F2B est disponible en version \u00e0 couverture totale, \u00e0 couverture partielle et en version encastr\u00e9e (sans couverture) pour s'adapter \u00e0 diverses configurations de portes d'armoires.<br><\/li>\n\n<li><strong>Id\u00e9al pour les projets de vente en gros : <\/strong>En tant que fabricant professionnel de charni\u00e8res, nous fournissons des charni\u00e8res de meubles en vrac \u00e0 des clients du monde entier \u00e0 des prix tr\u00e8s comp\u00e9titifs afin de r\u00e9pondre aux besoins des grands projets et de la production \u00e0 grande \u00e9chelle.<br><\/li>\n\n<li><strong>Avantages de la vente en gros sur mesure : <\/strong>Nous prenons en charge la personnalisation du LOGO, de l'emballage et d'autres d\u00e9tails afin d'am\u00e9liorer l'image de la marque. Nous proposons \u00e9galement des prix de gros flexibles et des services de livraison rapide pour les commandes en gros.<\/li><\/ul>","protected":false},"excerpt":{"rendered":"<p><strong>Prix : US $0.13\/pc<\/strong><\/p>\n<p>Les charni\u00e8res d'armoire \u00e0 fermeture progressive peuvent \u00eatre utilis\u00e9es dans les armoires, les placards et les vanit\u00e9s de salle de bains. Elles r\u00e9sistent \u00e0 plus de 80 000 essais d'ouverture et de fermeture, sont durables et d'excellente qualit\u00e9. Nous proposons des mod\u00e8les \u00e0 couverture totale, \u00e0 couverture partielle et \u00e0 encastrement (sans couverture) pour r\u00e9pondre aux diff\u00e9rents besoins des projets. Contactez-nous pour un devis.<\/p>\n<p><strong><a href=\"https:\/\/www.mrhardwares.com\/fr\/custom-solution\/\" target=\"_blank\" rel=\"noopener\">En savoir plus sur les solutions de charni\u00e8res de meubles personnalis\u00e9es OEM et ODM \u2192<\/a><\/strong><\/p>\n<h2>Sp\u00e9cifications de la charni\u00e8re d'armoire \u00e0 fermeture douce<\/h2>\n<table border=\"0\" cellspacing=\"0\" cellpadding=\"0\">\n<tbody style=\"font-size: 12px; border: 1px solid #ccc; overflow: hidden;\">\n<tr style=\"line-height: 1.4;\">\n<td style=\"width: 33%;\" width=\"36\" height=\"30\"><strong>Sp\u00e9cifications<\/strong><\/td>\n<td style=\"width: 67%;\" width=\"72\"><strong>D\u00e9tails<\/strong><\/td>\n<\/tr>\n<tr style=\"line-height: 1.4;\">\n<td style=\"width: 33%;\" width=\"36\" height=\"30\"><strong>Num\u00e9ro de mod\u00e8le<\/strong><\/td>\n<td style=\"width: 67%;\" width=\"72\">MR-F2B<\/td>\n<\/tr>\n<tr style=\"line-height: 1.4;\">\n<td style=\"width: 33%;\" width=\"36\" height=\"30\"><strong>Mat\u00e9riau de la charni\u00e8re<\/strong><\/td>\n<td style=\"width: 67%;\" width=\"72\">Acier inoxydable ou acier lamin\u00e9 \u00e0 froid<\/td>\n<\/tr>\n<tr style=\"line-height: 1.4;\">\n<td style=\"width: 33%;\" width=\"36\" height=\"30\"><strong>Type de charni\u00e8re<\/strong><\/td>\n<td style=\"width: 67%;\" width=\"72\">Charni\u00e8re \u00e0 fermeture douce<\/td>\n<\/tr>\n<tr style=\"line-height: 1.4;\">\n<td style=\"width: 33%;\" width=\"36\" height=\"60\"><strong>Sc\u00e9narios applicables<\/strong><\/td>\n<td style=\"width: 67%;\" width=\"72\">Penderie, armoire, biblioth\u00e8que, meuble de salle de bain, etc.<\/td>\n<\/tr>\n<tr style=\"line-height: 1.4;\">\n<td style=\"width: 33%;\" width=\"36\" height=\"50\"><strong>Service OEM et ODM<\/strong><\/td>\n<td style=\"width: 67%;\" width=\"72\">Prise en charge de la personnalisation facile et de la personnalisation approfondie<\/td>\n<\/tr>\n<\/tbody>\n<\/table>\n<p>\n<script src=\"chrome-extension:\/\/fpelahbljekknahkcaegamhcndkfpfnc\/iFrame.js\" type=\"text\/javascript\"><\/script><\/p>","protected":false},"featured_media":1264,"comment_status":"closed","ping_status":"closed","template":"","meta":{"_acf_changed":false},"product_brand":[],"product_cat":[16,17,19],"product_tag":[],"class_list":{"0":"post-893","1":"product","2":"type-product","3":"status-publish","4":"has-post-thumbnail","6":"product_cat-wholesale-soft-closing-hinges","7":"product_cat-wholesale-cabinet-hinges","8":"product_cat-wholesale-furniture-hinges","10":"first","11":"instock","12":"shipping-taxable","13":"product-type-simple"},"acf":[],"_links":{"self":[{"href":"https:\/\/www.mrhardwares.com\/fr\/wp-json\/wp\/v2\/product\/893","targetHints":{"allow":["GET"]}}],"collection":[{"href":"https:\/\/www.mrhardwares.com\/fr\/wp-json\/wp\/v2\/product"}],"about":[{"href":"https:\/\/www.mrhardwares.com\/fr\/wp-json\/wp\/v2\/types\/product"}],"replies":[{"embeddable":true,"href":"https:\/\/www.mrhardwares.com\/fr\/wp-json\/wp\/v2\/comments?post=893"}],"wp:featuredmedia":[{"embeddable":true,"href":"https:\/\/www.mrhardwares.com\/fr\/wp-json\/wp\/v2\/media\/1264"}],"wp:attachment":[{"href":"https:\/\/www.mrhardwares.com\/fr\/wp-json\/wp\/v2\/media?parent=893"}],"wp:term":[{"taxonomy":"product_brand","embeddable":true,"href":"https:\/\/www.mrhardwares.com\/fr\/wp-json\/wp\/v2\/product_brand?post=893"},{"taxonomy":"product_cat","embeddable":true,"href":"https:\/\/www.mrhardwares.com\/fr\/wp-json\/wp\/v2\/product_cat?post=893"},{"taxonomy":"product_tag","embeddable":true,"href":"https:\/\/www.mrhardwares.com\/fr\/wp-json\/wp\/v2\/product_tag?post=893"}],"curies":[{"name":"wp","href":"https:\/\/api.w.org\/{rel}","templated":true}]}}