{"id":894,"date":"2025-03-21T08:28:32","date_gmt":"2025-03-21T08:28:32","guid":{"rendered":"https:\/\/www.mrhardwares.com\/?post_type=product&#038;p=894"},"modified":"2025-12-31T02:54:43","modified_gmt":"2025-12-31T02:54:43","slug":"wholesale-soft-close-hydraulic-cabinet-hinges","status":"publish","type":"product","link":"https:\/\/www.mrhardwares.com\/fr\/product\/wholesale-soft-close-hydraulic-cabinet-hinges\/","title":{"rendered":"Charni\u00e8res hydrauliques d'armoire en gros, Charni\u00e8res d'armoire encastr\u00e9es \u00e0 fermeture douce en gros MR-DTG"},"content":{"rendered":"<h3 class=\"wp-block-heading\">Caract\u00e9ristiques des charni\u00e8res hydrauliques pour armoires<\/h3><p><strong>Mat\u00e9riau de haute qualit\u00e9 :<\/strong> Fabriqu\u00e9 en acier inoxydable ou en fer de haute qualit\u00e9 pour garantir la qualit\u00e9 du produit.<strong> <\/strong>la durabilit\u00e9 \u00e0 long terme de la charni\u00e8re.<\/p><p><strong>M\u00e9moire tampon et silencieux<\/strong>: Syst\u00e8me d'amortissement hydraulique int\u00e9gr\u00e9, la porte rebondit lentement lors de l'ouverture et de la fermeture, assurant une ouverture et une fermeture en douceur et r\u00e9duisant efficacement le bruit.<\/p><p><strong>Facile \u00e0 installer :<\/strong> Conception simple, guide d'installation d\u00e9taill\u00e9, adapt\u00e9 \u00e0 tous les types de portes d'armoires de cuisine, processus d'installation rapide et facile, m\u00eame les non-professionnels peuvent facilement l'achever.<\/p><p><strong>Capacit\u00e9 de charge \u00e9lev\u00e9e<\/strong>: Structure de charni\u00e8re renforc\u00e9e, forte capacit\u00e9 de charge, adapt\u00e9e \u00e0 la plupart des portes d'armoires de cuisine, capable de r\u00e9sister \u00e0 la pression d'ouverture et de fermeture lors d'une utilisation quotidienne.<\/p><p><strong>Longue dur\u00e9e de vie<\/strong>: Tr\u00e8s r\u00e9sistante \u00e0 l'usure, la charni\u00e8re conserve des performances d'ouverture et de fermeture en douceur pendant une utilisation \u00e0 long terme, r\u00e9duisant ainsi le co\u00fbt d'un remplacement fr\u00e9quent.<\/p><p><strong>Application polyvalente :<\/strong> Convient \u00e0 toutes sortes d'armoires de cuisine, d'armoires, d'armoires de salle de bain et d'autres meubles, largement utilis\u00e9s dans les cuisines domestiques et commerciales et dans les projets de meubles sur mesure.<\/p>","protected":false},"excerpt":{"rendered":"<p><strong>Price: US $0.124\/pc<\/strong><\/p>\n<p>Les charni\u00e8res hydrauliques d'armoire en gros assurent une fermeture douce et lente des portes d'armoire, r\u00e9duisent efficacement le bruit, conviennent aux portes d'armoire de divers mat\u00e9riaux. Nous fournissons des prix de gros d'usine, des services de personnalisation OEM et ODM, n'h\u00e9sitez pas \u00e0 nous contacter.<\/p>\n<h2>Sp\u00e9cifications des charni\u00e8res hydrauliques pour armoires<\/h2>\n<table border=\"0\" cellspacing=\"0\" cellpadding=\"0\">\n<tbody style=\"font-size: 12px; border: 1px solid #ccc; overflow: hidden;\">\n<tr style=\"line-height: 1.4;\">\n<td style=\"width: 33%;\" width=\"36\" height=\"30\"><strong>Sp\u00e9cifications<\/strong><\/td>\n<td style=\"width: 67%;\" width=\"72\"><strong>D\u00e9tails<\/strong><\/td>\n<\/tr>\n<tr style=\"line-height: 1.4;\">\n<td style=\"width: 33%;\" width=\"36\" height=\"30\"><strong>Num\u00e9ro de mod\u00e8le<\/strong><\/td>\n<td style=\"width: 67%;\" width=\"72\">MR-DTG<\/td>\n<\/tr>\n<tr style=\"line-height: 1.4;\">\n<td style=\"width: 33%;\" width=\"36\" height=\"30\"><strong>Mat\u00e9riau de la charni\u00e8re<\/strong><\/td>\n<td style=\"width: 67%;\" width=\"72\">Acier inoxydable ou acier lamin\u00e9 \u00e0 froid<\/td>\n<\/tr>\n<tr style=\"line-height: 1.4;\">\n<td style=\"width: 33%;\" width=\"36\" height=\"30\"><strong>Type de charni\u00e8re<\/strong><\/td>\n<td style=\"width: 67%;\" width=\"72\">Charni\u00e8re \u00e0 fermeture douce<\/td>\n<\/tr>\n<tr style=\"line-height: 1.4;\">\n<td style=\"width: 33%;\" width=\"36\" height=\"60\"><strong>Sc\u00e9narios applicables<\/strong><\/td>\n<td style=\"width: 67%;\" width=\"72\">Penderie, armoire, biblioth\u00e8que, meuble de salle de bain, etc.<\/td>\n<\/tr>\n<tr style=\"line-height: 1.4;\">\n<td style=\"width: 33%;\" width=\"36\" height=\"50\"><strong>Service OEM et ODM<\/strong><\/td>\n<td style=\"width: 67%;\" width=\"72\">Prise en charge de la personnalisation facile et de la personnalisation approfondie<\/td>\n<\/tr>\n<\/tbody>\n<\/table>\n<p>&nbsp;<\/p>\n<p><script src=\"chrome-extension:\/\/fpelahbljekknahkcaegamhcndkfpfnc\/iFrame.js\" type=\"text\/javascript\"><\/script><\/p>\n<p>\n<script src=\"chrome-extension:\/\/fpelahbljekknahkcaegamhcndkfpfnc\/iFrame.js\" type=\"text\/javascript\"><\/script><\/p>","protected":false},"featured_media":956,"comment_status":"closed","ping_status":"closed","template":"","meta":{"_acf_changed":false},"product_brand":[],"product_cat":[16,17,19,23],"product_tag":[],"class_list":{"0":"post-894","1":"product","2":"type-product","3":"status-publish","4":"has-post-thumbnail","6":"product_cat-wholesale-soft-closing-hinges","7":"product_cat-wholesale-cabinet-hinges","8":"product_cat-wholesale-furniture-hinges","9":"product_cat-wholesale-hydraulic-hinges","11":"first","12":"instock","13":"shipping-taxable","14":"product-type-simple"},"acf":[],"_links":{"self":[{"href":"https:\/\/www.mrhardwares.com\/fr\/wp-json\/wp\/v2\/product\/894","targetHints":{"allow":["GET"]}}],"collection":[{"href":"https:\/\/www.mrhardwares.com\/fr\/wp-json\/wp\/v2\/product"}],"about":[{"href":"https:\/\/www.mrhardwares.com\/fr\/wp-json\/wp\/v2\/types\/product"}],"replies":[{"embeddable":true,"href":"https:\/\/www.mrhardwares.com\/fr\/wp-json\/wp\/v2\/comments?post=894"}],"wp:featuredmedia":[{"embeddable":true,"href":"https:\/\/www.mrhardwares.com\/fr\/wp-json\/wp\/v2\/media\/956"}],"wp:attachment":[{"href":"https:\/\/www.mrhardwares.com\/fr\/wp-json\/wp\/v2\/media?parent=894"}],"wp:term":[{"taxonomy":"product_brand","embeddable":true,"href":"https:\/\/www.mrhardwares.com\/fr\/wp-json\/wp\/v2\/product_brand?post=894"},{"taxonomy":"product_cat","embeddable":true,"href":"https:\/\/www.mrhardwares.com\/fr\/wp-json\/wp\/v2\/product_cat?post=894"},{"taxonomy":"product_tag","embeddable":true,"href":"https:\/\/www.mrhardwares.com\/fr\/wp-json\/wp\/v2\/product_tag?post=894"}],"curies":[{"name":"wp","href":"https:\/\/api.w.org\/{rel}","templated":true}]}}