{"id":896,"date":"2025-03-21T08:58:53","date_gmt":"2025-03-21T08:58:53","guid":{"rendered":"https:\/\/www.mrhardwares.com\/?post_type=product&#038;p=896"},"modified":"2025-12-31T03:14:40","modified_gmt":"2025-12-31T03:14:40","slug":"wholesale-normal-furniture-hinge","status":"publish","type":"product","link":"https:\/\/www.mrhardwares.com\/fr\/product\/wholesale-normal-furniture-hinge\/","title":{"rendered":"Wholesale Normal Hinges for Wardrobe and Cabinet, Bathroom Cabinets - MR-261B2"},"content":{"rendered":"<h3 class=\"wp-block-heading\">Caract\u00e9ristiques des charni\u00e8res normales MR-261B2<\/h3><p><strong>Ouverture et fermeture en douceur<\/strong>La technologie de fabrication de haute pr\u00e9cision est utilis\u00e9e pour assurer une ouverture et une fermeture en douceur et sans bruit du panneau de porte.<\/p><p><strong>Forte capacit\u00e9 de charge<\/strong>la structure est stable et peut supporter des poids importants, ce qui garantit une utilisation s\u00fbre de la porte de l'armoire.<\/p><p><strong>Faible co\u00fbt d'entretien<\/strong>La conception \u00e0 haute durabilit\u00e9 r\u00e9duit la fr\u00e9quence de remplacement et les co\u00fbts d'entretien ult\u00e9rieurs.<\/p><p><strong>Une solution unique de personnalisation :<\/strong> La taille, l'angle, la force du ressort, le traitement de surface, etc. peuvent \u00eatre ajust\u00e9s en fonction des besoins du client.<\/p>","protected":false},"excerpt":{"rendered":"<p><strong>Prix : US $0.055\/pc<\/strong><\/p>\n<p>Charni\u00e8res ordinaires en gros, adapt\u00e9es \u00e0 toutes sortes de meubles tels que les armoires, les placards, les armoires de salle de bain, etc., adapt\u00e9es \u00e0 de multiples sc\u00e9narios tels que la maison, l'h\u00f4tel, le bureau, etc. Nous prenons en charge la personnalisation OEM et ODM pour r\u00e9pondre aux besoins des diff\u00e9rents clients, nous vous invitons \u00e0 nous consulter et \u00e0 coop\u00e9rer.<\/p>\n<h2>Sp\u00e9cifications de la charni\u00e8re normale - MR-261B2<\/h2>\n<table border=\"0\" cellspacing=\"0\" cellpadding=\"0\">\n<tbody style=\"font-size: 12px; border: 1px solid #ccc; overflow: hidden;\">\n<tr style=\"line-height: 1.4;\">\n<td style=\"width: 33%;\" width=\"36\" height=\"30\"><strong>Sp\u00e9cifications<\/strong><\/td>\n<td style=\"width: 67%;\" width=\"72\"><strong>D\u00e9tails<\/strong><\/td>\n<\/tr>\n<tr style=\"line-height: 1.4;\">\n<td style=\"width: 33%;\" width=\"36\" height=\"30\"><strong>Num\u00e9ro de mod\u00e8le<\/strong><\/td>\n<td style=\"width: 67%;\" width=\"72\">MR-261B2<\/td>\n<\/tr>\n<tr style=\"line-height: 1.4;\">\n<td style=\"width: 33%;\" width=\"36\" height=\"30\"><strong>Mat\u00e9riau de la charni\u00e8re<\/strong><\/td>\n<td style=\"width: 67%;\" width=\"72\">Le fer<\/td>\n<\/tr>\n<tr style=\"line-height: 1.4;\">\n<td style=\"width: 33%;\" width=\"36\" height=\"30\"><strong>Type de charni\u00e8re<\/strong><\/td>\n<td style=\"width: 67%;\" width=\"72\">Charni\u00e8res de meubles ordinaires<\/td>\n<\/tr>\n<tr style=\"line-height: 1.4;\">\n<td style=\"width: 33%;\" width=\"36\" height=\"60\"><strong>Sc\u00e9narios applicables<\/strong><\/td>\n<td style=\"width: 67%;\" width=\"72\">Penderie, armoire, biblioth\u00e8que, meuble de salle de bain, etc.<\/td>\n<\/tr>\n<tr style=\"line-height: 1.4;\">\n<td style=\"width: 33%;\" width=\"36\" height=\"50\"><strong>Service OEM et ODM<\/strong><\/td>\n<td style=\"width: 67%;\" width=\"72\">Prise en charge de la personnalisation facile et de la personnalisation approfondie<\/td>\n<\/tr>\n<\/tbody>\n<\/table>\n<p><script src=\"chrome-extension:\/\/fpelahbljekknahkcaegamhcndkfpfnc\/iFrame.js\" type=\"text\/javascript\"><\/script><\/p>\n<p>\n<script src=\"chrome-extension:\/\/fpelahbljekknahkcaegamhcndkfpfnc\/iFrame.js\" type=\"text\/javascript\"><\/script><\/p>","protected":false},"featured_media":1001,"comment_status":"closed","ping_status":"closed","template":"","meta":{"_acf_changed":false},"product_brand":[],"product_cat":[25],"product_tag":[],"class_list":{"0":"post-896","1":"product","2":"type-product","3":"status-publish","4":"has-post-thumbnail","6":"product_cat-wholesale-regular-furniture-hinges","8":"first","9":"instock","10":"shipping-taxable","11":"product-type-simple"},"acf":[],"_links":{"self":[{"href":"https:\/\/www.mrhardwares.com\/fr\/wp-json\/wp\/v2\/product\/896","targetHints":{"allow":["GET"]}}],"collection":[{"href":"https:\/\/www.mrhardwares.com\/fr\/wp-json\/wp\/v2\/product"}],"about":[{"href":"https:\/\/www.mrhardwares.com\/fr\/wp-json\/wp\/v2\/types\/product"}],"replies":[{"embeddable":true,"href":"https:\/\/www.mrhardwares.com\/fr\/wp-json\/wp\/v2\/comments?post=896"}],"wp:featuredmedia":[{"embeddable":true,"href":"https:\/\/www.mrhardwares.com\/fr\/wp-json\/wp\/v2\/media\/1001"}],"wp:attachment":[{"href":"https:\/\/www.mrhardwares.com\/fr\/wp-json\/wp\/v2\/media?parent=896"}],"wp:term":[{"taxonomy":"product_brand","embeddable":true,"href":"https:\/\/www.mrhardwares.com\/fr\/wp-json\/wp\/v2\/product_brand?post=896"},{"taxonomy":"product_cat","embeddable":true,"href":"https:\/\/www.mrhardwares.com\/fr\/wp-json\/wp\/v2\/product_cat?post=896"},{"taxonomy":"product_tag","embeddable":true,"href":"https:\/\/www.mrhardwares.com\/fr\/wp-json\/wp\/v2\/product_tag?post=896"}],"curies":[{"name":"wp","href":"https:\/\/api.w.org\/{rel}","templated":true}]}}