{"id":906,"date":"2025-03-21T09:57:54","date_gmt":"2025-03-21T09:57:54","guid":{"rendered":"https:\/\/www.mrhardwares.com\/?post_type=product&#038;p=906"},"modified":"2025-12-31T02:57:54","modified_gmt":"2025-12-31T02:57:54","slug":"wholesale-concealed-soft-close-cabinet-hinges-mr-dtza","status":"publish","type":"product","link":"https:\/\/www.mrhardwares.com\/fr\/product\/wholesale-concealed-soft-close-cabinet-hinges-mr-dtza\/","title":{"rendered":"Vente en gros de charni\u00e8res d'armoire \u00e0 fermeture douce, OEM et ODM disponibles - MR-DTZA"},"content":{"rendered":"<h3 class=\"wp-block-heading\">Caract\u00e9ristiques de la charni\u00e8re d'armoire \u00e0 fermeture douce dissimul\u00e9e<\/h3><p><strong>Fonction de fermeture en douceur :<\/strong> \u00c9quip\u00e9e d'une technologie de fermeture en douceur, la porte de l'armoire se ferme doucement et silencieusement, \u00e9vitant les dommages dus aux chocs et am\u00e9liorant l'exp\u00e9rience de l'utilisateur.<\/p><p><strong>Conception r\u00e9glable<\/strong>: Permet un r\u00e9glage horizontal, vertical et en profondeur pour assurer un alignement pr\u00e9cis de la porte de l'armoire et s'adapter aux diff\u00e9rents besoins d'installation.<\/p><p><strong>Forte capacit\u00e9 de charge :<\/strong> La conception optimis\u00e9e supporte les portes d'armoires lourdes pour assurer la stabilit\u00e9 et la durabilit\u00e9 de l'utilisation quotidienne.<\/p><p><strong>Aspect moderne : <\/strong>Design moderne et simple, convenant \u00e0 une vari\u00e9t\u00e9 de styles de meubles modernes, am\u00e9liorant l'apparence g\u00e9n\u00e9rale.<\/p><p><strong>Installation rapide<\/strong>: Installation facile, adapt\u00e9e \u00e0 la maison et aux espaces commerciaux, permettant de gagner du temps et de l'efficacit\u00e9.<\/p><p><strong>Options de personnalisation :<\/strong> Fournir une vari\u00e9t\u00e9 de tailles, de couleurs et de services de personnalisation de la conception pour r\u00e9pondre parfaitement aux besoins uniques de votre armoire de salle de bains et satisfaire aux exigences personnalis\u00e9es.<\/p>","protected":false},"excerpt":{"rendered":"<p><strong>Prix : US $0.151\/pc<\/strong><\/p>\n<p>Les charni\u00e8res d'armoire \u00e0 fermeture souple dissimul\u00e9es en gros assurent une fermeture de porte silencieuse et en douceur, avec des r\u00e9glages ajustables pour un alignement parfait. Contactez-nous pour obtenir votre solution de charni\u00e8re personnalis\u00e9e. Achetez en gros pour b\u00e9n\u00e9ficier des prix d'usine.<\/p>\n<h2>Sp\u00e9cifications de la charni\u00e8re d'armoire \u00e0 fermeture douce dissimul\u00e9e<\/h2>\n<table border=\"0\" cellspacing=\"0\" cellpadding=\"0\">\n<tbody style=\"font-size: 12px; border: 1px solid #ccc; overflow: hidden;\">\n<tr style=\"line-height: 1.4;\">\n<td style=\"width: 33%;\" width=\"36\" height=\"30\"><strong>Sp\u00e9cifications<\/strong><\/td>\n<td style=\"width: 67%;\" width=\"72\"><strong>D\u00e9tails<\/strong><\/td>\n<\/tr>\n<tr style=\"line-height: 1.4;\">\n<td style=\"width: 33%;\" width=\"36\" height=\"30\"><strong>Num\u00e9ro de mod\u00e8le<\/strong><\/td>\n<td style=\"width: 67%;\" width=\"72\">MR-DTZA<\/td>\n<\/tr>\n<tr style=\"line-height: 1.4;\">\n<td style=\"width: 33%;\" width=\"36\" height=\"30\"><strong>Mat\u00e9riau de la charni\u00e8re<\/strong><\/td>\n<td style=\"width: 67%;\" width=\"72\">Acier inoxydable ou acier lamin\u00e9 \u00e0 froid<\/td>\n<\/tr>\n<tr style=\"line-height: 1.4;\">\n<td style=\"width: 33%;\" width=\"36\" height=\"30\"><strong>Type de charni\u00e8re<\/strong><\/td>\n<td style=\"width: 67%;\" width=\"72\">Charni\u00e8re \u00e0 fermeture douce<\/td>\n<\/tr>\n<tr style=\"line-height: 1.4;\">\n<td style=\"width: 33%;\" width=\"36\" height=\"60\"><strong>Sc\u00e9narios applicables<\/strong><\/td>\n<td style=\"width: 67%;\" width=\"72\">Penderie, armoire, biblioth\u00e8que, meuble de salle de bain, etc.<\/td>\n<\/tr>\n<tr style=\"line-height: 1.4;\">\n<td style=\"width: 33%;\" width=\"36\" height=\"50\"><strong>Service OEM et ODM<\/strong><\/td>\n<td style=\"width: 67%;\" width=\"72\">Prise en charge de la personnalisation facile et de la personnalisation approfondie<\/td>\n<\/tr>\n<\/tbody>\n<\/table>\n<p><script src=\"chrome-extension:\/\/fpelahbljekknahkcaegamhcndkfpfnc\/iFrame.js\" type=\"text\/javascript\"><\/script><\/p>\n<p><script src=\"chrome-extension:\/\/fpelahbljekknahkcaegamhcndkfpfnc\/iFrame.js\" type=\"text\/javascript\"><\/script><\/p>\n<p>\n<script src=\"chrome-extension:\/\/fpelahbljekknahkcaegamhcndkfpfnc\/iFrame.js\" type=\"text\/javascript\"><\/script><\/p>","protected":false},"featured_media":962,"comment_status":"closed","ping_status":"closed","template":"","meta":{"_acf_changed":false},"product_brand":[],"product_cat":[16,17,19,23],"product_tag":[],"class_list":{"0":"post-906","1":"product","2":"type-product","3":"status-publish","4":"has-post-thumbnail","6":"product_cat-wholesale-soft-closing-hinges","7":"product_cat-wholesale-cabinet-hinges","8":"product_cat-wholesale-furniture-hinges","9":"product_cat-wholesale-hydraulic-hinges","11":"first","12":"instock","13":"shipping-taxable","14":"product-type-simple"},"acf":[],"_links":{"self":[{"href":"https:\/\/www.mrhardwares.com\/fr\/wp-json\/wp\/v2\/product\/906","targetHints":{"allow":["GET"]}}],"collection":[{"href":"https:\/\/www.mrhardwares.com\/fr\/wp-json\/wp\/v2\/product"}],"about":[{"href":"https:\/\/www.mrhardwares.com\/fr\/wp-json\/wp\/v2\/types\/product"}],"replies":[{"embeddable":true,"href":"https:\/\/www.mrhardwares.com\/fr\/wp-json\/wp\/v2\/comments?post=906"}],"wp:featuredmedia":[{"embeddable":true,"href":"https:\/\/www.mrhardwares.com\/fr\/wp-json\/wp\/v2\/media\/962"}],"wp:attachment":[{"href":"https:\/\/www.mrhardwares.com\/fr\/wp-json\/wp\/v2\/media?parent=906"}],"wp:term":[{"taxonomy":"product_brand","embeddable":true,"href":"https:\/\/www.mrhardwares.com\/fr\/wp-json\/wp\/v2\/product_brand?post=906"},{"taxonomy":"product_cat","embeddable":true,"href":"https:\/\/www.mrhardwares.com\/fr\/wp-json\/wp\/v2\/product_cat?post=906"},{"taxonomy":"product_tag","embeddable":true,"href":"https:\/\/www.mrhardwares.com\/fr\/wp-json\/wp\/v2\/product_tag?post=906"}],"curies":[{"name":"wp","href":"https:\/\/api.w.org\/{rel}","templated":true}]}}