{"id":907,"date":"2025-03-21T10:05:20","date_gmt":"2025-03-21T10:05:20","guid":{"rendered":"https:\/\/www.mrhardwares.com\/?post_type=product&#038;p=907"},"modified":"2025-12-31T03:01:23","modified_gmt":"2025-12-31T03:01:23","slug":"wholesale-soft-closing-silent-hinges","status":"publish","type":"product","link":"https:\/\/www.mrhardwares.com\/fr\/product\/wholesale-soft-closing-silent-hinges\/","title":{"rendered":"Vente en gros de charni\u00e8res d'armoire silencieuses \u00e0 fermeture douce MR-F4B - Mingrun Furniture Hinge Manufacturer"},"content":{"rendered":"<h3 class=\"wp-block-heading\">Caract\u00e9ristiques de la charni\u00e8re d'armoire Soft Close Silent<\/h3><p><strong>Conception silencieuse : <\/strong>Technologie silencieuse innovante, aucun bruit lors de l'ouverture et de la fermeture des charni\u00e8res, pour une exp\u00e9rience d'utilisation silencieuse et confortable.<\/p><p><strong>M\u00e9canisme de fermeture en douceur : <\/strong>Fermeture en douceur pour \u00e9viter les collisions entre les panneaux de porte, prolonge la dur\u00e9e de vie de la porte de l'armoire, convient aux environnements \u00e0 haute fr\u00e9quence.<\/p><p><strong>Largement applicable<\/strong>: Convient \u00e0 tous les types de meubles, tels que les cuisines, les chambres \u00e0 coucher, les bureaux, etc., pour r\u00e9pondre \u00e0 divers besoins.<\/p><p><strong>Installation facile : <\/strong>Conception simple, installation rapide, r\u00e9duction des co\u00fbts de main-d'\u0153uvre et de temps.<\/p><p><strong>Durabilit\u00e9 \u00e0 long terme :<\/strong> La structure renforc\u00e9e garantit une utilisation \u00e0 forte charge, maintient le commutateur en douceur et ne n\u00e9cessite pas de remplacement fr\u00e9quent.<\/p>","protected":false},"excerpt":{"rendered":"<p><strong>Prix : US $0.13\/pc<\/strong><\/p>\n<p>La charni\u00e8re silencieuse Wholesale est dot\u00e9e d'un fonctionnement silencieux et d'un m\u00e9canisme de fermeture en douceur pour \u00e9viter les chocs sur la porte. Fabriqu\u00e9e dans un mat\u00e9riau durable, elle est id\u00e9ale pour une utilisation \u00e0 haute fr\u00e9quence dans les cuisines, les bureaux, etc. Facile \u00e0 installer, elle est con\u00e7ue pour des performances durables. En tant que fabricant professionnel de charni\u00e8res pour meubles, nous fournissons des devis d'usine, n'h\u00e9sitez pas \u00e0 nous contacter.<\/p>\n<h2>Sp\u00e9cifications de la charni\u00e8re d'armoire Soft Close Silent<\/h2>\n<table border=\"0\" cellspacing=\"0\" cellpadding=\"0\">\n<tbody style=\"font-size: 12px; border: 1px solid #ccc; overflow: hidden;\">\n<tr style=\"line-height: 1.4;\">\n<td style=\"width: 33%;\" width=\"36\" height=\"30\"><strong>Sp\u00e9cifications<\/strong><\/td>\n<td style=\"width: 67%;\" width=\"72\"><strong>D\u00e9tails<\/strong><\/td>\n<\/tr>\n<tr style=\"line-height: 1.4;\">\n<td style=\"width: 33%;\" width=\"36\" height=\"30\"><strong>Num\u00e9ro de mod\u00e8le<\/strong><\/td>\n<td style=\"width: 67%;\" width=\"72\">MR-F4B<\/td>\n<\/tr>\n<tr style=\"line-height: 1.4;\">\n<td style=\"width: 33%;\" width=\"36\" height=\"30\"><strong>Mat\u00e9riau de la charni\u00e8re<\/strong><\/td>\n<td style=\"width: 67%;\" width=\"72\">Acier inoxydable ou acier lamin\u00e9 \u00e0 froid<\/td>\n<\/tr>\n<tr style=\"line-height: 1.4;\">\n<td style=\"width: 33%;\" width=\"36\" height=\"30\"><strong>Type de charni\u00e8re<\/strong><\/td>\n<td style=\"width: 67%;\" width=\"72\">Charni\u00e8re \u00e0 fermeture douce<\/td>\n<\/tr>\n<tr style=\"line-height: 1.4;\">\n<td style=\"width: 33%;\" width=\"36\" height=\"60\"><strong>Sc\u00e9narios applicables<\/strong><\/td>\n<td style=\"width: 67%;\" width=\"72\">Penderie, armoire, biblioth\u00e8que, meuble de salle de bain, etc.<\/td>\n<\/tr>\n<tr style=\"line-height: 1.4;\">\n<td style=\"width: 33%;\" width=\"36\" height=\"50\"><strong>Service OEM et ODM<\/strong><\/td>\n<td style=\"width: 67%;\" width=\"72\">Prise en charge de la personnalisation facile et de la personnalisation approfondie<\/td>\n<\/tr>\n<\/tbody>\n<\/table>\n<p>&nbsp;<\/p>\n<p>\n<script src=\"chrome-extension:\/\/fpelahbljekknahkcaegamhcndkfpfnc\/iFrame.js\" type=\"text\/javascript\"><\/script><\/p>","protected":false},"featured_media":984,"comment_status":"closed","ping_status":"closed","template":"","meta":{"_acf_changed":false},"product_brand":[],"product_cat":[16],"product_tag":[],"class_list":{"0":"post-907","1":"product","2":"type-product","3":"status-publish","4":"has-post-thumbnail","6":"product_cat-wholesale-soft-closing-hinges","8":"first","9":"instock","10":"shipping-taxable","11":"product-type-simple"},"acf":[],"_links":{"self":[{"href":"https:\/\/www.mrhardwares.com\/fr\/wp-json\/wp\/v2\/product\/907","targetHints":{"allow":["GET"]}}],"collection":[{"href":"https:\/\/www.mrhardwares.com\/fr\/wp-json\/wp\/v2\/product"}],"about":[{"href":"https:\/\/www.mrhardwares.com\/fr\/wp-json\/wp\/v2\/types\/product"}],"replies":[{"embeddable":true,"href":"https:\/\/www.mrhardwares.com\/fr\/wp-json\/wp\/v2\/comments?post=907"}],"wp:featuredmedia":[{"embeddable":true,"href":"https:\/\/www.mrhardwares.com\/fr\/wp-json\/wp\/v2\/media\/984"}],"wp:attachment":[{"href":"https:\/\/www.mrhardwares.com\/fr\/wp-json\/wp\/v2\/media?parent=907"}],"wp:term":[{"taxonomy":"product_brand","embeddable":true,"href":"https:\/\/www.mrhardwares.com\/fr\/wp-json\/wp\/v2\/product_brand?post=907"},{"taxonomy":"product_cat","embeddable":true,"href":"https:\/\/www.mrhardwares.com\/fr\/wp-json\/wp\/v2\/product_cat?post=907"},{"taxonomy":"product_tag","embeddable":true,"href":"https:\/\/www.mrhardwares.com\/fr\/wp-json\/wp\/v2\/product_tag?post=907"}],"curies":[{"name":"wp","href":"https:\/\/api.w.org\/{rel}","templated":true}]}}