{"id":909,"date":"2025-03-21T23:57:03","date_gmt":"2025-03-21T23:57:03","guid":{"rendered":"https:\/\/www.mrhardwares.com\/?post_type=product&#038;p=909"},"modified":"2025-12-31T03:21:03","modified_gmt":"2025-12-31T03:21:03","slug":"wholesale-soft-close-cupboard-door-hinges-2","status":"publish","type":"product","link":"https:\/\/www.mrhardwares.com\/fr\/product\/wholesale-soft-close-cupboard-door-hinges-2\/","title":{"rendered":"Wholesale Soft Close Cup Door Hinges MR-DTGS - Mingrun Hinge Manufacturer"},"content":{"rendered":"<h3 class=\"wp-block-heading\">Caract\u00e9ristiques des charni\u00e8res de porte de placard \u00e0 fermeture douce<\/h3><p><strong>M\u00e9canisme de fermeture du tampon :<\/strong> La technologie des tampons permet de r\u00e9duire la force d'impact entre la porte de l'armoire et le corps de l'armoire, et de prolonger la dur\u00e9e de vie de l'armoire.<\/p><p><strong>Largement appliqu\u00e9 : <\/strong>Convient \u00e0 tous les types de meubles domestiques et commerciaux, tels que les armoires de cuisine, les penderies, les armoires de salle de bains, les armoires \u00e0 dossiers de bureau, les armoires de rangement, les armoires de t\u00e9l\u00e9vision, etc.<\/p><p><strong>Approvisionnement en gros volumes : <\/strong>Mingrun dispose de lignes de production modernes et d'\u00e9quipements de production automatis\u00e9s d'une grande capacit\u00e9 journali\u00e8re, ce qui lui permet de r\u00e9pondre aux besoins des commandes de gros volumes.<\/p><p><strong>L'assurance qualit\u00e9 : <\/strong>Chaque charni\u00e8re fait l'objet d'un contr\u00f4le de qualit\u00e9 strict afin de garantir des performances stables et une grande durabilit\u00e9.<\/p>","protected":false},"excerpt":{"rendered":"<p><strong>Prix : US $0.136\/pc<\/strong><\/p>\n<p>Les charni\u00e8res de porte de placard \u00e0 fermeture souple, qui assurent une fermeture douce, silencieuse et facile, conviennent aux armoires de cuisine, aux penderies, aux meubles de bureau et aux vanit\u00e9s de salle de bains. Nous proposons des prix comp\u00e9titifs en direct de l'usine et un approvisionnement en vrac pour r\u00e9pondre aux besoins des grands projets. Contactez-nous pour un devis.<\/p>\n<h2>Sp\u00e9cifications des charni\u00e8res de porte de placard \u00e0 fermeture douce<\/h2>\n<table border=\"0\" cellspacing=\"0\" cellpadding=\"0\">\n<tbody style=\"font-size: 12px; border: 1px solid #ccc; overflow: hidden;\">\n<tr style=\"line-height: 1.4;\">\n<td style=\"width: 33%;\" width=\"36\" height=\"30\"><strong>Sp\u00e9cifications<\/strong><\/td>\n<td style=\"width: 67%;\" width=\"72\"><strong>D\u00e9tails<\/strong><\/td>\n<\/tr>\n<tr style=\"line-height: 1.4;\">\n<td style=\"width: 33%;\" width=\"36\" height=\"30\"><strong>Num\u00e9ro de mod\u00e8le<\/strong><\/td>\n<td style=\"width: 67%;\" width=\"72\">MR-DTGS<\/td>\n<\/tr>\n<tr style=\"line-height: 1.4;\">\n<td style=\"width: 33%;\" width=\"36\" height=\"30\"><strong>Mat\u00e9riau de la charni\u00e8re<\/strong><\/td>\n<td style=\"width: 67%;\" width=\"72\">Acier inoxydable ou acier lamin\u00e9 \u00e0 froid<\/td>\n<\/tr>\n<tr style=\"line-height: 1.4;\">\n<td style=\"width: 33%;\" width=\"36\" height=\"30\"><strong>Type de charni\u00e8re<\/strong><\/td>\n<td style=\"width: 67%;\" width=\"72\">Charni\u00e8re \u00e0 fermeture douce<\/td>\n<\/tr>\n<tr style=\"line-height: 1.4;\">\n<td style=\"width: 33%;\" width=\"36\" height=\"60\"><strong>Sc\u00e9narios applicables<\/strong><\/td>\n<td style=\"width: 67%;\" width=\"72\">Penderie, armoire, biblioth\u00e8que, meuble de salle de bain, etc.<\/td>\n<\/tr>\n<tr style=\"line-height: 1.4;\">\n<td style=\"width: 33%;\" width=\"36\" height=\"50\"><strong>Service OEM et ODM<\/strong><\/td>\n<td style=\"width: 67%;\" width=\"72\">Prise en charge de la personnalisation facile et de la personnalisation approfondie<\/td>\n<\/tr>\n<\/tbody>\n<\/table>\n<p><script src=\"chrome-extension:\/\/fpelahbljekknahkcaegamhcndkfpfnc\/iFrame.js\" type=\"text\/javascript\"><\/script><\/p>\n<p>\n<script src=\"chrome-extension:\/\/fpelahbljekknahkcaegamhcndkfpfnc\/iFrame.js\" type=\"text\/javascript\"><\/script><\/p>","protected":false},"featured_media":910,"comment_status":"closed","ping_status":"closed","template":"","meta":{"_acf_changed":false},"product_brand":[],"product_cat":[16],"product_tag":[],"class_list":{"0":"post-909","1":"product","2":"type-product","3":"status-publish","4":"has-post-thumbnail","6":"product_cat-wholesale-soft-closing-hinges","8":"first","9":"instock","10":"shipping-taxable","11":"product-type-simple"},"acf":[],"_links":{"self":[{"href":"https:\/\/www.mrhardwares.com\/fr\/wp-json\/wp\/v2\/product\/909","targetHints":{"allow":["GET"]}}],"collection":[{"href":"https:\/\/www.mrhardwares.com\/fr\/wp-json\/wp\/v2\/product"}],"about":[{"href":"https:\/\/www.mrhardwares.com\/fr\/wp-json\/wp\/v2\/types\/product"}],"replies":[{"embeddable":true,"href":"https:\/\/www.mrhardwares.com\/fr\/wp-json\/wp\/v2\/comments?post=909"}],"wp:featuredmedia":[{"embeddable":true,"href":"https:\/\/www.mrhardwares.com\/fr\/wp-json\/wp\/v2\/media\/910"}],"wp:attachment":[{"href":"https:\/\/www.mrhardwares.com\/fr\/wp-json\/wp\/v2\/media?parent=909"}],"wp:term":[{"taxonomy":"product_brand","embeddable":true,"href":"https:\/\/www.mrhardwares.com\/fr\/wp-json\/wp\/v2\/product_brand?post=909"},{"taxonomy":"product_cat","embeddable":true,"href":"https:\/\/www.mrhardwares.com\/fr\/wp-json\/wp\/v2\/product_cat?post=909"},{"taxonomy":"product_tag","embeddable":true,"href":"https:\/\/www.mrhardwares.com\/fr\/wp-json\/wp\/v2\/product_tag?post=909"}],"curies":[{"name":"wp","href":"https:\/\/api.w.org\/{rel}","templated":true}]}}