{"id":915,"date":"2025-03-21T23:57:15","date_gmt":"2025-03-21T23:57:15","guid":{"rendered":"https:\/\/www.mrhardwares.com\/?post_type=product&#038;p=915"},"modified":"2025-12-31T02:42:56","modified_gmt":"2025-12-31T02:42:56","slug":"wholesale-soft-close-cabinet-door-hinges","status":"publish","type":"product","link":"https:\/\/www.mrhardwares.com\/fr\/product\/wholesale-soft-close-cabinet-door-hinges\/","title":{"rendered":"Wholesale Cabinet Door Hinges Soft Close - MR-F4A, Convient pour les armoires, les armoires de salle de bain et les armoires de cuisine"},"content":{"rendered":"<h3 class=\"wp-block-heading\">Caract\u00e9ristiques des charni\u00e8res de porte d'armoire \u00e0 fermeture douce<\/h3><p><strong>Compatible avec diff\u00e9rents mat\u00e9riaux de portes d'armoires : <\/strong>Compatible avec les portes d'armoires de divers mat\u00e9riaux tels que le bois, le verre, les panneaux composites, etc.<\/p><p><strong>Largement utilis\u00e9 : <\/strong>Largement utilis\u00e9 dans les armoires de chambre \u00e0 coucher, les armoires de salle de bains, les armoires de cuisine, les armoires de rangement de bureau, les meubles d'h\u00f4tel et d'autres applications.<\/p><p><strong>Facile \u00e0 installer : <\/strong>Avec la conception de l'installation rapide, l'installation est simple et rapide, particuli\u00e8rement adapt\u00e9e \u00e0 la production de masse de meubles pour \u00e9conomiser le temps d'assemblage.<\/p><p><strong>Vente directe \u00e0 l'usine : <\/strong>Nous sommes un fabricant professionnel de charni\u00e8res, fournissant des prix de vente directs d'usine, soutenant les services personnalis\u00e9s OEM&amp;ODM, et offrant des solutions exclusives.<\/p>","protected":false},"excerpt":{"rendered":"<p><strong>Prix : US $0.12\/pc<\/strong><\/p>\n<p>Les charni\u00e8res de porte d'armoire \u00e0 fermeture douce en gros, avec une fonction de positionnement r\u00e9glable, peuvent aligner pr\u00e9cis\u00e9ment la porte, garantissant une finition professionnelle et sans faille pour les armoires, les armoires de salle de bain et les armoires de cuisine. Avec des prix d'usine et un approvisionnement en vrac, c'est un choix id\u00e9al pour les fabricants de meubles, les grossistes et les grands projets. N'h\u00e9sitez pas \u00e0 nous contacter.<\/p>\n<h2>Sp\u00e9cifications des charni\u00e8res de porte d'armoire \u00e0 fermeture douce<\/h2>\n<table border=\"0\" cellspacing=\"0\" cellpadding=\"0\">\n<tbody style=\"font-size: 12px; border: 1px solid #ccc; overflow: hidden;\">\n<tr style=\"line-height: 1.4;\">\n<td style=\"width: 33%;\" width=\"36\" height=\"30\"><strong>Sp\u00e9cifications<\/strong><\/td>\n<td style=\"width: 67%;\" width=\"72\"><strong>D\u00e9tails<\/strong><\/td>\n<\/tr>\n<tr style=\"line-height: 1.4;\">\n<td style=\"width: 33%;\" width=\"36\" height=\"30\"><strong>Num\u00e9ro de mod\u00e8le<\/strong><\/td>\n<td style=\"width: 67%;\" width=\"72\">MR-F4A<\/td>\n<\/tr>\n<tr style=\"line-height: 1.4;\">\n<td style=\"width: 33%;\" width=\"36\" height=\"30\"><strong>Mat\u00e9riau de la charni\u00e8re<\/strong><\/td>\n<td style=\"width: 67%;\" width=\"72\">Acier inoxydable ou acier lamin\u00e9 \u00e0 froid<\/td>\n<\/tr>\n<tr style=\"line-height: 1.4;\">\n<td style=\"width: 33%;\" width=\"36\" height=\"30\"><strong>Type de charni\u00e8re<\/strong><\/td>\n<td style=\"width: 67%;\" width=\"72\">Charni\u00e8re \u00e0 fermeture douce<\/td>\n<\/tr>\n<tr style=\"line-height: 1.4;\">\n<td style=\"width: 33%;\" width=\"36\" height=\"60\"><strong>Sc\u00e9narios applicables<\/strong><\/td>\n<td style=\"width: 67%;\" width=\"72\">Penderie, armoire, biblioth\u00e8que, meuble de salle de bain, etc.<\/td>\n<\/tr>\n<tr style=\"line-height: 1.4;\">\n<td style=\"width: 33%;\" width=\"36\" height=\"50\"><strong>Service OEM et ODM<\/strong><\/td>\n<td style=\"width: 67%;\" width=\"72\">Prise en charge de la personnalisation facile et de la personnalisation approfondie<\/td>\n<\/tr>\n<\/tbody>\n<\/table>\n<p>&nbsp;<\/p>","protected":false},"featured_media":924,"comment_status":"closed","ping_status":"closed","template":"","meta":{"_acf_changed":false},"product_brand":[],"product_cat":[16],"product_tag":[],"class_list":{"0":"post-915","1":"product","2":"type-product","3":"status-publish","4":"has-post-thumbnail","6":"product_cat-wholesale-soft-closing-hinges","8":"first","9":"instock","10":"shipping-taxable","11":"product-type-simple"},"acf":[],"_links":{"self":[{"href":"https:\/\/www.mrhardwares.com\/fr\/wp-json\/wp\/v2\/product\/915","targetHints":{"allow":["GET"]}}],"collection":[{"href":"https:\/\/www.mrhardwares.com\/fr\/wp-json\/wp\/v2\/product"}],"about":[{"href":"https:\/\/www.mrhardwares.com\/fr\/wp-json\/wp\/v2\/types\/product"}],"replies":[{"embeddable":true,"href":"https:\/\/www.mrhardwares.com\/fr\/wp-json\/wp\/v2\/comments?post=915"}],"wp:featuredmedia":[{"embeddable":true,"href":"https:\/\/www.mrhardwares.com\/fr\/wp-json\/wp\/v2\/media\/924"}],"wp:attachment":[{"href":"https:\/\/www.mrhardwares.com\/fr\/wp-json\/wp\/v2\/media?parent=915"}],"wp:term":[{"taxonomy":"product_brand","embeddable":true,"href":"https:\/\/www.mrhardwares.com\/fr\/wp-json\/wp\/v2\/product_brand?post=915"},{"taxonomy":"product_cat","embeddable":true,"href":"https:\/\/www.mrhardwares.com\/fr\/wp-json\/wp\/v2\/product_cat?post=915"},{"taxonomy":"product_tag","embeddable":true,"href":"https:\/\/www.mrhardwares.com\/fr\/wp-json\/wp\/v2\/product_tag?post=915"}],"curies":[{"name":"wp","href":"https:\/\/api.w.org\/{rel}","templated":true}]}}