{"id":916,"date":"2025-03-22T00:08:29","date_gmt":"2025-03-22T00:08:29","guid":{"rendered":"https:\/\/www.mrhardwares.com\/?post_type=product&#038;p=916"},"modified":"2025-12-31T03:28:19","modified_gmt":"2025-12-31T03:28:19","slug":"wholesale-kitchen-cabinet-soft-close-hinges","status":"publish","type":"product","link":"https:\/\/www.mrhardwares.com\/fr\/product\/wholesale-kitchen-cabinet-soft-close-hinges\/","title":{"rendered":"Wholesale Kitchen Cabinet Soft Close Hinges MR-DTZB, OEM and ODM Available"},"content":{"rendered":"<h3 class=\"wp-block-heading\">Caract\u00e9ristiques des charni\u00e8res \u00e0 fermeture douce pour armoires de cuisine <\/h3><p><strong>R\u00e9sistant \u00e0 la corrosion :<\/strong> Fabriqu\u00e9s en acier inoxydable de haute qualit\u00e9, ils sont plus r\u00e9sistants \u00e0 la corrosion et offrent une excellente solidit\u00e9, une bonne r\u00e9sistance \u00e0 l'usure et une bonne endurance dans les cuisines humides.<\/p><p><strong>Capacit\u00e9 de charge \u00e9lev\u00e9e : <\/strong>Dot\u00e9s d'une grande capacit\u00e9 de charge, ils sont tr\u00e8s durables et suffisamment stables pour une utilisation prolong\u00e9e dans les cuisines r\u00e9sidentielles et commerciales.<\/p><p><strong>Installation simple et facile :<\/strong> Gr\u00e2ce \u00e0 un syst\u00e8me de fixation simple \u00e0 utiliser, ils peuvent \u00eatre mont\u00e9s facilement, ce qui permet aux entrepreneurs et aux fabricants de meubles de gagner du temps et d'am\u00e9liorer leur productivit\u00e9.<\/p><p><strong>Prix d'usine : <\/strong>Vendus \u00e0 des prix d'usine comp\u00e9titifs, ce qui garantit la rentabilit\u00e9 pour les acheteurs en gros, les grossistes et les fabricants de meubles en s\u00e9rie.<\/p>","protected":false},"excerpt":{"rendered":"<p><strong>Prix : US $0.178\/pc<\/strong><\/p>\n<p>Charni\u00e8res d'armoire de cuisine \u00e0 fermeture douce en acier inoxydable, r\u00e9sistantes \u00e0 la corrosion, disponibles en grandes quantit\u00e9s, adapt\u00e9es aux fabricants de meubles, aux grossistes et aux grands projets. Contactez-nous pour un devis.<\/p>\n<h2>Sp\u00e9cifications des charni\u00e8res \u00e0 fermeture douce pour armoires de cuisine<\/h2>\n<table border=\"0\" cellspacing=\"0\" cellpadding=\"0\">\n<tbody style=\"font-size: 12px; border: 1px solid #ccc; overflow: hidden;\">\n<tr style=\"line-height: 1.4;\">\n<td style=\"width: 33%;\" width=\"36\" height=\"30\"><strong>Sp\u00e9cifications<\/strong><\/td>\n<td style=\"width: 67%;\" width=\"72\">D\u00e9tails<\/td>\n<\/tr>\n<tr style=\"line-height: 1.4;\">\n<td style=\"width: 33%;\" width=\"36\" height=\"30\"><strong>Nom du mod\u00e8le<\/strong><\/td>\n<td style=\"width: 67%;\" width=\"72\">MR-DTZB<\/td>\n<\/tr>\n<tr style=\"line-height: 1.4;\">\n<td style=\"width: 33%;\" width=\"36\" height=\"30\"><strong>Mat\u00e9riau de la charni\u00e8re<\/strong><\/td>\n<td style=\"width: 67%;\" width=\"72\">Acier inoxydable ou acier lamin\u00e9 \u00e0 froid<\/td>\n<\/tr>\n<tr style=\"line-height: 1.4;\">\n<td style=\"width: 33%;\" width=\"36\" height=\"30\"><strong>Type de charni\u00e8re<\/strong><\/td>\n<td style=\"width: 67%;\" width=\"72\">Charni\u00e8re Soft Close<\/td>\n<\/tr>\n<tr style=\"line-height: 1.4;\">\n<td style=\"width: 33%;\" width=\"36\" height=\"60\"><strong>Sc\u00e9narios applicables<\/strong><\/td>\n<td style=\"width: 67%;\" width=\"72\">Penderie, armoire, biblioth\u00e8que, meuble de salle de bain, etc.<\/td>\n<\/tr>\n<tr style=\"line-height: 1.4;\">\n<td style=\"width: 33%;\" width=\"36\" height=\"50\"><strong>Service OEM et ODM<\/strong><\/td>\n<td style=\"width: 67%;\" width=\"72\">Prise en charge de la personnalisation facile et de la personnalisation approfondie<\/td>\n<\/tr>\n<\/tbody>\n<\/table>\n<p><script src=\"chrome-extension:\/\/fpelahbljekknahkcaegamhcndkfpfnc\/iFrame.js\" type=\"text\/javascript\"><\/script><\/p>\n<p><script src=\"chrome-extension:\/\/fpelahbljekknahkcaegamhcndkfpfnc\/iFrame.js\" type=\"text\/javascript\"><\/script><\/p>\n<p><script src=\"chrome-extension:\/\/fpelahbljekknahkcaegamhcndkfpfnc\/iFrame.js\" type=\"text\/javascript\"><\/script><\/p>\n<p><script src=\"chrome-extension:\/\/fpelahbljekknahkcaegamhcndkfpfnc\/iFrame.js\" type=\"text\/javascript\"><\/script><\/p>\n<p>\n<script src=\"chrome-extension:\/\/fpelahbljekknahkcaegamhcndkfpfnc\/iFrame.js\" type=\"text\/javascript\"><\/script><\/p>","protected":false},"featured_media":917,"comment_status":"closed","ping_status":"closed","template":"","meta":{"_acf_changed":false},"product_brand":[],"product_cat":[16],"product_tag":[],"class_list":{"0":"post-916","1":"product","2":"type-product","3":"status-publish","4":"has-post-thumbnail","6":"product_cat-wholesale-soft-closing-hinges","8":"first","9":"instock","10":"shipping-taxable","11":"product-type-simple"},"acf":[],"_links":{"self":[{"href":"https:\/\/www.mrhardwares.com\/fr\/wp-json\/wp\/v2\/product\/916","targetHints":{"allow":["GET"]}}],"collection":[{"href":"https:\/\/www.mrhardwares.com\/fr\/wp-json\/wp\/v2\/product"}],"about":[{"href":"https:\/\/www.mrhardwares.com\/fr\/wp-json\/wp\/v2\/types\/product"}],"replies":[{"embeddable":true,"href":"https:\/\/www.mrhardwares.com\/fr\/wp-json\/wp\/v2\/comments?post=916"}],"wp:featuredmedia":[{"embeddable":true,"href":"https:\/\/www.mrhardwares.com\/fr\/wp-json\/wp\/v2\/media\/917"}],"wp:attachment":[{"href":"https:\/\/www.mrhardwares.com\/fr\/wp-json\/wp\/v2\/media?parent=916"}],"wp:term":[{"taxonomy":"product_brand","embeddable":true,"href":"https:\/\/www.mrhardwares.com\/fr\/wp-json\/wp\/v2\/product_brand?post=916"},{"taxonomy":"product_cat","embeddable":true,"href":"https:\/\/www.mrhardwares.com\/fr\/wp-json\/wp\/v2\/product_cat?post=916"},{"taxonomy":"product_tag","embeddable":true,"href":"https:\/\/www.mrhardwares.com\/fr\/wp-json\/wp\/v2\/product_tag?post=916"}],"curies":[{"name":"wp","href":"https:\/\/api.w.org\/{rel}","templated":true}]}}