{"id":967,"date":"2025-03-25T06:03:04","date_gmt":"2025-03-25T06:03:04","guid":{"rendered":"https:\/\/www.mrhardwares.com\/?post_type=product&#038;p=967"},"modified":"2025-12-31T02:59:12","modified_gmt":"2025-12-31T02:59:12","slug":"wholesale-soft-close-hydraulic-hinges-for-cabinets","status":"publish","type":"product","link":"https:\/\/www.mrhardwares.com\/fr\/product\/wholesale-soft-close-hydraulic-hinges-for-cabinets\/","title":{"rendered":"Wholesale Soft Close Hydraulic Hinges For Cabinets MR-DTWG"},"content":{"rendered":"<h3 class=\"wp-block-heading\">Caract\u00e9ristiques de la charni\u00e8re hydraulique Soft Close<\/h3><p><strong>Fermeture silencieuse : <\/strong>Le dispositif hydraulique int\u00e9gr\u00e9 assure une fermeture douce et silencieuse de la porte de l'armoire, pour une exp\u00e9rience d'utilisation plus paisible.<\/p><p><strong>Prot\u00e9ger les meubles : <\/strong>La fermeture lente r\u00e9duit l'impact direct entre la porte ou le tiroir et le corps de l'armoire, ce qui prolonge la dur\u00e9e de vie du meuble.<\/p><p><strong>Conception anti-pincement : <\/strong>Les caract\u00e9ristiques de fermeture lente de la charni\u00e8re \u00e0 fermeture progressive permettent de r\u00e9duire efficacement la vitesse de fermeture de la porte de l'armoire ou du tiroir, ce qui convient aux familles avec enfants.<\/p><p><strong>Fonctionnement sans effort : <\/strong>La conception de la charni\u00e8re \u00e0 fermeture progressive permet \u00e0 la porte de l'armoire de se fermer automatiquement d'une l\u00e9g\u00e8re pression, ce qui la rend plus facile \u00e0 utiliser.<\/p><p><strong>Prix de gros :<\/strong> En tant que fabricant professionnel de charni\u00e8res, nous proposons des prix de gros comp\u00e9titifs pour les commandes de gros volumes, adapt\u00e9s aux fabricants de meubles et aux grossistes en quincaillerie.<\/p>","protected":false},"excerpt":{"rendered":"<p><strong>Prix : US $0.123\/pc<\/strong><\/p>\n<p>Les charni\u00e8res hydrauliques \u00e0 fermeture douce de Mingrun assurent une fermeture douce et silencieuse des portes d'armoires. Elles conviennent \u00e0 la maison, au bureau et \u00e0 l'utilisation commerciale. Le fabricant de charni\u00e8res Mingrun propose des prix de gros int\u00e9ressants, adapt\u00e9s aux achats en gros. Contactez-nous pour un devis.<\/p>\n<h2>Sp\u00e9cifications de la charni\u00e8re hydraulique Soft Close<\/h2>\n<table border=\"0\" cellspacing=\"0\" cellpadding=\"0\">\n<tbody style=\"font-size: 12px; border: 1px solid #ccc; overflow: hidden;\">\n<tr style=\"line-height: 1.4;\">\n<td style=\"width: 33%;\" width=\"36\" height=\"30\"><strong>Sp\u00e9cifications<\/strong><\/td>\n<td style=\"width: 67%;\" width=\"72\"><strong>D\u00e9tails<\/strong><\/td>\n<\/tr>\n<tr style=\"line-height: 1.4;\">\n<td style=\"width: 33%;\" width=\"36\" height=\"30\"><strong>Num\u00e9ro de mod\u00e8leMR<\/strong><\/td>\n<td style=\"width: 67%;\" width=\"72\">MR-DTWG<\/td>\n<\/tr>\n<tr style=\"line-height: 1.4;\">\n<td style=\"width: 33%;\" width=\"36\" height=\"30\"><strong>Mat\u00e9riau de la charni\u00e8re<\/strong><\/td>\n<td style=\"width: 67%;\" width=\"72\">Fer ou acier inoxydable<\/td>\n<\/tr>\n<tr style=\"line-height: 1.4;\">\n<td style=\"width: 33%;\" width=\"36\" height=\"30\"><strong>Type de charni\u00e8re<\/strong><\/td>\n<td style=\"width: 67%;\" width=\"72\">Charni\u00e8re \u00e0 fermeture douce<\/td>\n<\/tr>\n<tr style=\"line-height: 1.4;\">\n<td style=\"width: 33%;\" width=\"36\" height=\"60\"><strong>Sc\u00e9narios applicables<\/strong><\/td>\n<td style=\"width: 67%;\" width=\"72\">Penderie, armoire, biblioth\u00e8que, meuble de salle de bain, etc.<\/td>\n<\/tr>\n<tr style=\"line-height: 1.4;\">\n<td style=\"width: 33%;\" width=\"36\" height=\"50\"><strong>Service OEM et ODM<\/strong><\/td>\n<td style=\"width: 67%;\" width=\"72\">Prise en charge de la personnalisation facile et de la personnalisation approfondie<\/td>\n<\/tr>\n<\/tbody>\n<\/table>\n<p><script src=\"chrome-extension:\/\/fpelahbljekknahkcaegamhcndkfpfnc\/iFrame.js\" type=\"text\/javascript\"><\/script><\/p>","protected":false},"featured_media":968,"comment_status":"closed","ping_status":"closed","template":"","meta":{"_acf_changed":false},"product_brand":[],"product_cat":[16,17,19,23],"product_tag":[],"class_list":{"0":"post-967","1":"product","2":"type-product","3":"status-publish","4":"has-post-thumbnail","6":"product_cat-wholesale-soft-closing-hinges","7":"product_cat-wholesale-cabinet-hinges","8":"product_cat-wholesale-furniture-hinges","9":"product_cat-wholesale-hydraulic-hinges","11":"first","12":"instock","13":"shipping-taxable","14":"product-type-simple"},"acf":[],"_links":{"self":[{"href":"https:\/\/www.mrhardwares.com\/fr\/wp-json\/wp\/v2\/product\/967","targetHints":{"allow":["GET"]}}],"collection":[{"href":"https:\/\/www.mrhardwares.com\/fr\/wp-json\/wp\/v2\/product"}],"about":[{"href":"https:\/\/www.mrhardwares.com\/fr\/wp-json\/wp\/v2\/types\/product"}],"replies":[{"embeddable":true,"href":"https:\/\/www.mrhardwares.com\/fr\/wp-json\/wp\/v2\/comments?post=967"}],"wp:featuredmedia":[{"embeddable":true,"href":"https:\/\/www.mrhardwares.com\/fr\/wp-json\/wp\/v2\/media\/968"}],"wp:attachment":[{"href":"https:\/\/www.mrhardwares.com\/fr\/wp-json\/wp\/v2\/media?parent=967"}],"wp:term":[{"taxonomy":"product_brand","embeddable":true,"href":"https:\/\/www.mrhardwares.com\/fr\/wp-json\/wp\/v2\/product_brand?post=967"},{"taxonomy":"product_cat","embeddable":true,"href":"https:\/\/www.mrhardwares.com\/fr\/wp-json\/wp\/v2\/product_cat?post=967"},{"taxonomy":"product_tag","embeddable":true,"href":"https:\/\/www.mrhardwares.com\/fr\/wp-json\/wp\/v2\/product_tag?post=967"}],"curies":[{"name":"wp","href":"https:\/\/api.w.org\/{rel}","templated":true}]}}