{"id":1409,"date":"2025-08-24T06:34:43","date_gmt":"2025-08-24T06:34:43","guid":{"rendered":"https:\/\/www.mrhardwares.com\/?post_type=product&#038;p=1409"},"modified":"2025-12-31T01:51:08","modified_gmt":"2025-12-31T01:51:08","slug":"wholesale-full-overlay-soft-close-cabinet-hinges","status":"publish","type":"product","link":"https:\/\/www.mrhardwares.com\/pt\/product\/wholesale-full-overlay-soft-close-cabinet-hinges\/","title":{"rendered":"Dobradi\u00e7as de arm\u00e1rio de fecho suave de sobreposi\u00e7\u00e3o total por atacado MR-ZB1"},"content":{"rendered":"<h3 class=\"wp-block-heading\">Carater\u00edsticas das dobradi\u00e7as de arm\u00e1rio de fecho suave de sobreposi\u00e7\u00e3o total<\/h3><ul class=\"wp-block-list\"><li><strong>Criar um visual limpo: <\/strong>As dobradi\u00e7as de arm\u00e1rio de sobreposi\u00e7\u00e3o total minimizam as folgas entre portas ou gavetas adjacentes, dando ao arm\u00e1rio um aspeto limpo, moderno e sem falhas.<\/li>\n\n<li><strong>Amplas aplica\u00e7\u00f5es: <\/strong>As dobradi\u00e7as de sobreposi\u00e7\u00e3o total s\u00e3o mais frequentemente utilizadas para arm\u00e1rios sem moldura e s\u00e3o adequadas para cozinhas, casas de banho, arm\u00e1rios de escrit\u00f3rio ou mobili\u00e1rio personalizado onde \u00e9 importante um aspeto elegante e de alta qualidade.<\/li>\n\n<li><strong>Maior \u00e2ngulo de abertura: <\/strong>As nossas dobradi\u00e7as de arm\u00e1rio de sobreposi\u00e7\u00e3o total por atacado oferecem um \u00e2ngulo de abertura mais amplo para facilitar o acesso.<\/li>\n\n<li><strong>Dispositivo de fecho suave incorporado: <\/strong>As nossas dobradi\u00e7as de arm\u00e1rio de sobreposi\u00e7\u00e3o total por atacado possuem um dispositivo de fecho suave incorporado que abranda a porta e evita uma batida.<\/li><\/ul><div class=\"wp-block-columns is-layout-flex wp-container-core-columns-is-layout-9d6595d7 wp-block-columns-is-layout-flex\"><div class=\"wp-block-column is-layout-flow wp-block-column-is-layout-flow\"><\/div>\n\n<div class=\"wp-block-column is-layout-flow wp-block-column-is-layout-flow\"><\/div><\/div>","protected":false},"excerpt":{"rendered":"<p><strong>Pre\u00e7o: US $0.12\/pc<\/strong><\/p>\n<p>Concebidas para arm\u00e1rios modernos sem moldura, as nossas dobradi\u00e7as para arm\u00e1rios de cobertura total e fecho suave possuem um mecanismo de fecho suave incorporado para um desempenho suave, silencioso e duradouro. Dispon\u00edveis a granel, estas dobradi\u00e7as s\u00e3o ideais para projectos de mobili\u00e1rio de cozinha, casa de banho e escrit\u00f3rio.<\/p>\n<p><strong><a href=\"https:\/\/www.mrhardwares.com\/pt\/custom-solution\/\" target=\"_blank\" rel=\"noopener\">Saiba mais sobre as solu\u00e7\u00f5es de dobradi\u00e7as para m\u00f3veis personalizadas OEM e ODM \u2192\u00a0<\/a><\/strong><\/p>\n<h2>Especifica\u00e7\u00f5es da dobradi\u00e7a de arm\u00e1rio de fecho suave de sobreposi\u00e7\u00e3o total<\/h2>\n<table border=\"0\" cellspacing=\"0\" cellpadding=\"0\">\n<tbody style=\"font-size: 12px; border: 1px solid #ccc; overflow: hidden;\">\n<tr style=\"line-height: 1.4;\">\n<td style=\"width: 33%;\" width=\"36\" height=\"30\"><strong>Especifica\u00e7\u00e3o<\/strong><\/td>\n<td style=\"width: 67%;\" width=\"72\"><strong>Detalhes<\/strong><\/td>\n<\/tr>\n<tr style=\"line-height: 1.4;\">\n<td style=\"width: 33%;\" width=\"36\" height=\"30\"><strong>N\u00famero do modelo<\/strong><\/td>\n<td style=\"width: 67%;\" width=\"72\">MR-ZB1<\/td>\n<\/tr>\n<tr style=\"line-height: 1.4;\">\n<td style=\"width: 33%;\" width=\"36\" height=\"30\"><strong>Material da dobradi\u00e7a<\/strong><\/td>\n<td style=\"width: 67%;\" width=\"72\">A\u00e7o laminado a frio<\/td>\n<\/tr>\n<tr style=\"line-height: 1.4;\">\n<td style=\"width: 33%;\" width=\"36\" height=\"30\"><strong>Tipo de dobradi\u00e7a<\/strong><\/td>\n<td style=\"width: 67%;\" width=\"72\">Dobradi\u00e7a de arm\u00e1rio de fecho suave de sobreposi\u00e7\u00e3o total<\/td>\n<\/tr>\n<tr style=\"line-height: 1.4;\">\n<td style=\"width: 33%;\" width=\"36\" height=\"60\"><strong>Cen\u00e1rios aplic\u00e1veis<\/strong><\/td>\n<td style=\"width: 67%;\" width=\"72\">Roupeiro, arm\u00e1rio, estante, arm\u00e1rio de casa de banho e muito mais<\/td>\n<\/tr>\n<tr style=\"line-height: 1.4;\">\n<td style=\"width: 33%;\" width=\"36\" height=\"50\"><strong>Servi\u00e7o OEM e ODM<\/strong><\/td>\n<td style=\"width: 67%;\" width=\"72\">Suporte para personaliza\u00e7\u00e3o f\u00e1cil e personaliza\u00e7\u00e3o profunda<\/td>\n<\/tr>\n<\/tbody>\n<\/table>\n<p>&nbsp;<\/p>\n<p>\n<script src=\"chrome-extension:\/\/fpelahbljekknahkcaegamhcndkfpfnc\/iFrame.js\" type=\"text\/javascript\"><\/script><\/p>","protected":false},"featured_media":1410,"comment_status":"closed","ping_status":"closed","template":"","meta":{"_acf_changed":false},"product_brand":[],"product_cat":[26],"product_tag":[],"class_list":{"0":"post-1409","1":"product","2":"type-product","3":"status-publish","4":"has-post-thumbnail","6":"product_cat-wholesale-full-overlay-cabinet-hinges","8":"first","9":"instock","10":"shipping-taxable","11":"product-type-simple"},"acf":[],"_links":{"self":[{"href":"https:\/\/www.mrhardwares.com\/pt\/wp-json\/wp\/v2\/product\/1409","targetHints":{"allow":["GET"]}}],"collection":[{"href":"https:\/\/www.mrhardwares.com\/pt\/wp-json\/wp\/v2\/product"}],"about":[{"href":"https:\/\/www.mrhardwares.com\/pt\/wp-json\/wp\/v2\/types\/product"}],"replies":[{"embeddable":true,"href":"https:\/\/www.mrhardwares.com\/pt\/wp-json\/wp\/v2\/comments?post=1409"}],"wp:featuredmedia":[{"embeddable":true,"href":"https:\/\/www.mrhardwares.com\/pt\/wp-json\/wp\/v2\/media\/1410"}],"wp:attachment":[{"href":"https:\/\/www.mrhardwares.com\/pt\/wp-json\/wp\/v2\/media?parent=1409"}],"wp:term":[{"taxonomy":"product_brand","embeddable":true,"href":"https:\/\/www.mrhardwares.com\/pt\/wp-json\/wp\/v2\/product_brand?post=1409"},{"taxonomy":"product_cat","embeddable":true,"href":"https:\/\/www.mrhardwares.com\/pt\/wp-json\/wp\/v2\/product_cat?post=1409"},{"taxonomy":"product_tag","embeddable":true,"href":"https:\/\/www.mrhardwares.com\/pt\/wp-json\/wp\/v2\/product_tag?post=1409"}],"curies":[{"name":"wp","href":"https:\/\/api.w.org\/{rel}","templated":true}]}}