{"id":1411,"date":"2025-08-24T06:47:09","date_gmt":"2025-08-24T06:47:09","guid":{"rendered":"https:\/\/www.mrhardwares.com\/?post_type=product&#038;p=1411"},"modified":"2025-12-31T01:59:34","modified_gmt":"2025-12-31T01:59:34","slug":"wholesale-soft-close-full-overlay-cabinet-hinges","status":"publish","type":"product","link":"https:\/\/www.mrhardwares.com\/pt\/product\/wholesale-soft-close-full-overlay-cabinet-hinges\/","title":{"rendered":"Dobradi\u00e7as de arm\u00e1rio de fecho suave por atacado, fornecimento por atacado MR-F2A1"},"content":{"rendered":"<h3 class=\"wp-block-heading\">Carater\u00edsticas das dobradi\u00e7as de arm\u00e1rio de sobreposi\u00e7\u00e3o total<\/h3><ul class=\"wp-block-list\"><li><strong>Mecanismo de fecho suave: <\/strong>Os amortecedores incorporados nas dobradi\u00e7as garantem que a porta do arm\u00e1rio fecha lenta e silenciosamente de cada vez, reduzindo os n\u00edveis de ru\u00eddo na sua casa ou escrit\u00f3rio para uma experi\u00eancia mais confort\u00e1vel e c\u00f3moda.<br><\/li>\n\n<li><strong>Defini\u00e7\u00f5es ajust\u00e1veis: <\/strong>As nossas dobradi\u00e7as de sobreposi\u00e7\u00e3o total por atacado apresentam um design ajust\u00e1vel tridimensional, permitindo aos instaladores ou aos propriet\u00e1rios alinhar com precis\u00e3o a porta sem retirar as dobradi\u00e7as.<br><\/li>\n\n<li><strong>\u00c2ngulo de abertura padr\u00e3o: <\/strong>As nossas dobradi\u00e7as de sobreposi\u00e7\u00e3o total por atacado t\u00eam um \u00e2ngulo de abertura de 105\u00b0, proporcionando um amplo espa\u00e7o no arm\u00e1rio e facilitando o acesso a artigos maiores.<br><\/li>\n\n<li><strong>Ampla compatibilidade: <\/strong>As dobradi\u00e7as de sobreposi\u00e7\u00e3o total s\u00e3o adequadas para arm\u00e1rios sem moldura (estilo europeu) e s\u00e3o adequadas para uma variedade de aplica\u00e7\u00f5es de mobili\u00e1rio, incluindo arm\u00e1rios de cozinha, roupeiros, toucadores de casa de banho e arruma\u00e7\u00e3o de escrit\u00f3rio.<\/li><\/ul>","protected":false},"excerpt":{"rendered":"<p data-pm-slice=\"1 1 []\"><strong>Pre\u00e7o: US $0.123\/unidade<\/strong><\/p>\n<p>Dobradi\u00e7as de arm\u00e1rio de fecho suave de sobreposi\u00e7\u00e3o total por grosso. O design full-overlay cria um aspeto suave e sem costuras, melhorando o apelo visual dos interiores modernos. A tecnologia de fecho lento garante um fecho suave e silencioso. Os fabricantes de dobradi\u00e7as da Mingrun oferecem op\u00e7\u00f5es em a\u00e7o inoxid\u00e1vel e a\u00e7o laminado a frio. Contacte-nos para obter um or\u00e7amento.<\/p>\n<p><strong><a href=\"https:\/\/www.mrhardwares.com\/pt\/custom-solution\/\" target=\"_blank\" rel=\"noopener\">Saiba mais sobre as solu\u00e7\u00f5es de dobradi\u00e7as para m\u00f3veis personalizadas OEM e ODM \u2192 <\/a><\/strong><\/p>\n<h2>Especifica\u00e7\u00f5es das dobradi\u00e7as de arm\u00e1rio de sobreposi\u00e7\u00e3o total<\/h2>\n<table border=\"0\" cellspacing=\"0\" cellpadding=\"0\">\n<tbody style=\"font-size: 12px; border: 1px solid #ccc; overflow: hidden;\">\n<tr style=\"line-height: 1.4;\">\n<td style=\"width: 33%;\" width=\"36\" height=\"30\"><span style=\"font-size: 16px;\">Especifica\u00e7\u00e3o<\/span><\/td>\n<td style=\"width: 67%;\" width=\"72\"><span style=\"font-size: 16px;\">Detalhes<\/span><\/td>\n<\/tr>\n<tr style=\"line-height: 1.4;\">\n<td style=\"width: 33%;\" width=\"36\" height=\"30\"><span style=\"font-size: 16px;\">N\u00famero do modelo<\/span><\/td>\n<td style=\"width: 67%;\" width=\"72\"><span style=\"font-size: 16px;\">MR-F2A<\/span><\/td>\n<\/tr>\n<tr style=\"line-height: 1.4;\">\n<td style=\"width: 33%;\" width=\"36\" height=\"30\"><span style=\"font-size: 16px;\">Material da dobradi\u00e7a<\/span><\/td>\n<td style=\"width: 67%;\" width=\"72\"><span style=\"font-size: 16px;\">A\u00e7o inoxid\u00e1vel ou a\u00e7o laminado a frio<\/span><\/td>\n<\/tr>\n<tr style=\"line-height: 1.4;\">\n<td style=\"width: 33%;\" width=\"36\" height=\"30\"><span style=\"font-size: 16px;\">Tipo de dobradi\u00e7a<\/span><\/td>\n<td style=\"width: 67%;\" width=\"72\">Dobradi\u00e7a de arm\u00e1rio de fecho suave de sobreposi\u00e7\u00e3o total<\/td>\n<\/tr>\n<tr style=\"line-height: 1.4;\">\n<td style=\"width: 33%;\" width=\"36\" height=\"60\"><span style=\"font-size: 16px;\">Cen\u00e1rios aplic\u00e1veis<\/span><\/td>\n<td style=\"width: 67%;\" width=\"72\"><span style=\"font-size: 16px;\">Roupeiro, arm\u00e1rio, estante, arm\u00e1rio de casa de banho e muito mais<\/span><\/td>\n<\/tr>\n<tr style=\"line-height: 1.4;\">\n<td style=\"width: 33%;\" width=\"36\" height=\"50\"><span style=\"font-size: 16px;\">Servi\u00e7o OEM e ODM<\/span><\/td>\n<td style=\"width: 67%;\" width=\"72\"><span style=\"font-size: 16px;\">Suporte para personaliza\u00e7\u00e3o f\u00e1cil e personaliza\u00e7\u00e3o profunda<\/span><\/td>\n<\/tr>\n<\/tbody>\n<\/table>\n<p>&nbsp;<\/p>\n<p>\n<script src=\"chrome-extension:\/\/fpelahbljekknahkcaegamhcndkfpfnc\/iFrame.js\" type=\"text\/javascript\"><\/script><\/p>","protected":false},"featured_media":1412,"comment_status":"closed","ping_status":"closed","template":"","meta":{"_acf_changed":false},"product_brand":[],"product_cat":[26],"product_tag":[],"class_list":{"0":"post-1411","1":"product","2":"type-product","3":"status-publish","4":"has-post-thumbnail","6":"product_cat-wholesale-full-overlay-cabinet-hinges","8":"first","9":"instock","10":"shipping-taxable","11":"product-type-simple"},"acf":[],"_links":{"self":[{"href":"https:\/\/www.mrhardwares.com\/pt\/wp-json\/wp\/v2\/product\/1411","targetHints":{"allow":["GET"]}}],"collection":[{"href":"https:\/\/www.mrhardwares.com\/pt\/wp-json\/wp\/v2\/product"}],"about":[{"href":"https:\/\/www.mrhardwares.com\/pt\/wp-json\/wp\/v2\/types\/product"}],"replies":[{"embeddable":true,"href":"https:\/\/www.mrhardwares.com\/pt\/wp-json\/wp\/v2\/comments?post=1411"}],"wp:featuredmedia":[{"embeddable":true,"href":"https:\/\/www.mrhardwares.com\/pt\/wp-json\/wp\/v2\/media\/1412"}],"wp:attachment":[{"href":"https:\/\/www.mrhardwares.com\/pt\/wp-json\/wp\/v2\/media?parent=1411"}],"wp:term":[{"taxonomy":"product_brand","embeddable":true,"href":"https:\/\/www.mrhardwares.com\/pt\/wp-json\/wp\/v2\/product_brand?post=1411"},{"taxonomy":"product_cat","embeddable":true,"href":"https:\/\/www.mrhardwares.com\/pt\/wp-json\/wp\/v2\/product_cat?post=1411"},{"taxonomy":"product_tag","embeddable":true,"href":"https:\/\/www.mrhardwares.com\/pt\/wp-json\/wp\/v2\/product_tag?post=1411"}],"curies":[{"name":"wp","href":"https:\/\/api.w.org\/{rel}","templated":true}]}}