{"id":1414,"date":"2025-08-24T07:08:37","date_gmt":"2025-08-24T07:08:37","guid":{"rendered":"https:\/\/www.mrhardwares.com\/?post_type=product&#038;p=1414"},"modified":"2025-12-31T02:04:33","modified_gmt":"2025-12-31T02:04:33","slug":"bulk-full-overlay-cabinet-hinges","status":"publish","type":"product","link":"https:\/\/www.mrhardwares.com\/pt\/product\/bulk-full-overlay-cabinet-hinges\/","title":{"rendered":"Dobradi\u00e7as de arm\u00e1rio de sobreposi\u00e7\u00e3o total a granel com design de fecho suave MR-F2B1 - Fabricante de dobradi\u00e7as por atacado"},"content":{"rendered":"<h3 class=\"wp-block-heading\">Carater\u00edsticas da dobradi\u00e7a de arm\u00e1rio de fecho suave de sobreposi\u00e7\u00e3o total MR-F2B1<\/h3><ul class=\"wp-block-list\"><li><strong>Conce\u00e7\u00e3o de sobreposi\u00e7\u00e3o completa<\/strong>: Estas dobradi\u00e7as foram concebidas para portas de arm\u00e1rios totalmente revestidas. Quando instaladas com estas dobradi\u00e7as, as portas do arm\u00e1rio cobrem completamente a estrutura do arm\u00e1rio quando fechadas, melhorando efetivamente a est\u00e9tica geral das cozinhas, casas de banho e roupeiros modernos.<br><\/li>\n\n<li><strong>Mecanismo de fecho suave:<\/strong> As dobradi\u00e7as de arm\u00e1rio de sobreposi\u00e7\u00e3o total possuem amortecedores de fecho suave incorporados, garantindo um fecho silencioso e suave. A carater\u00edstica de fecho suave tamb\u00e9m reduz a tens\u00e3o sobre a porta e o aro, protegendo a estrutura do arm\u00e1rio.<br><\/li>\n\n<li><strong>Op\u00e7\u00f5es de materiais: <\/strong>As dobradi\u00e7as de arm\u00e1rio MR-F2B1 de sobreposi\u00e7\u00e3o total est\u00e3o dispon\u00edveis em a\u00e7o laminado a frio ou em a\u00e7o inoxid\u00e1vel. O a\u00e7o laminado a frio \u00e9 dur\u00e1vel e econ\u00f3mico, enquanto o a\u00e7o inoxid\u00e1vel oferece uma excelente resist\u00eancia \u00e0 ferrugem e \u00e0 corros\u00e3o, tornando-o adequado para utiliza\u00e7\u00e3o em ambientes h\u00famidos, como cozinhas e casas de banho.<br><\/li>\n\n<li><strong>Fornecimento econ\u00f3mico:<\/strong> Como fabricante profissional de dobradi\u00e7as para mobili\u00e1rio sediado na China, fornecemos diretamente aos clientes em todo o mundo a pre\u00e7os competitivos, tornando-as uma op\u00e7\u00e3o acess\u00edvel para projectos de grande escala, como empreendimentos residenciais, instala\u00e7\u00f5es hoteleiras ou linhas de produ\u00e7\u00e3o de mobili\u00e1rio.<\/li><\/ul>","protected":false},"excerpt":{"rendered":"<p><strong>Pre\u00e7o: US $0.123\/unidade<\/strong><\/p>\n<p>Estas dobradi\u00e7as de arm\u00e1rio de sobreposi\u00e7\u00e3o total a granel com um design de abrandamento s\u00e3o dobradi\u00e7as de alta qualidade concebidas para portas de arm\u00e1rio de sobreposi\u00e7\u00e3o total, oferecendo um aspeto elegante e moderno. Est\u00e3o dispon\u00edveis em a\u00e7o laminado a frio ou em a\u00e7o inoxid\u00e1vel para se adaptarem \u00e0s necessidades da sua empresa. Contacte-nos para compras a granel diretamente a um fabricante de dobradi\u00e7as de confian\u00e7a.<\/p>\n<p><strong><a href=\"https:\/\/www.mrhardwares.com\/pt\/custom-solution\/\" target=\"_blank\" rel=\"noopener\">Saiba mais sobre as solu\u00e7\u00f5es de dobradi\u00e7as para m\u00f3veis personalizadas OEM e ODM \u2192<\/a><\/strong><\/p>\n<h2>Especifica\u00e7\u00f5es da dobradi\u00e7a de arm\u00e1rio de fecho suave<\/h2>\n<table border=\"0\" cellspacing=\"0\" cellpadding=\"0\">\n<tbody style=\"font-size: 12px; border: 1px solid #ccc; overflow: hidden;\">\n<tr style=\"line-height: 1.4;\">\n<td style=\"width: 33%;\" width=\"36\" height=\"30\"><strong>Especifica\u00e7\u00e3o<\/strong><\/td>\n<td style=\"width: 67%;\" width=\"72\"><strong>Detalhes<\/strong><\/td>\n<\/tr>\n<tr style=\"line-height: 1.4;\">\n<td style=\"width: 33%;\" width=\"36\" height=\"30\"><strong>N\u00famero do modelo<\/strong><\/td>\n<td style=\"width: 67%;\" width=\"72\">MR-F2B1<\/td>\n<\/tr>\n<tr style=\"line-height: 1.4;\">\n<td style=\"width: 33%;\" width=\"36\" height=\"30\"><strong>Material da dobradi\u00e7a<\/strong><\/td>\n<td style=\"width: 67%;\" width=\"72\">A\u00e7o inoxid\u00e1vel ou a\u00e7o laminado a frio<\/td>\n<\/tr>\n<tr style=\"line-height: 1.4;\">\n<td style=\"width: 33%;\" width=\"36\" height=\"30\"><strong>Tipo de dobradi\u00e7a<\/strong><\/td>\n<td style=\"width: 67%;\" width=\"72\">Dobradi\u00e7as de arm\u00e1rio de sobreposi\u00e7\u00e3o total<\/td>\n<\/tr>\n<tr style=\"line-height: 1.4;\">\n<td style=\"width: 33%;\" width=\"36\" height=\"60\"><strong>Cen\u00e1rios aplic\u00e1veis<\/strong><\/td>\n<td style=\"width: 67%;\" width=\"72\">Roupeiro, arm\u00e1rio, estante, arm\u00e1rio de casa de banho e muito mais<\/td>\n<\/tr>\n<tr style=\"line-height: 1.4;\">\n<td style=\"width: 33%;\" width=\"36\" height=\"50\"><strong>Servi\u00e7o OEM e ODM<\/strong><\/td>\n<td style=\"width: 67%;\" width=\"72\">Suporte para personaliza\u00e7\u00e3o f\u00e1cil e personaliza\u00e7\u00e3o profunda<\/td>\n<\/tr>\n<\/tbody>\n<\/table>\n<p><script src=\"chrome-extension:\/\/fpelahbljekknahkcaegamhcndkfpfnc\/iFrame.js\" type=\"text\/javascript\"><\/script><\/p>\n<p><script src=\"chrome-extension:\/\/fpelahbljekknahkcaegamhcndkfpfnc\/iFrame.js\" type=\"text\/javascript\"><\/script><\/p>","protected":false},"featured_media":1415,"comment_status":"closed","ping_status":"closed","template":"","meta":{"_acf_changed":false},"product_brand":[],"product_cat":[26],"product_tag":[],"class_list":{"0":"post-1414","1":"product","2":"type-product","3":"status-publish","4":"has-post-thumbnail","6":"product_cat-wholesale-full-overlay-cabinet-hinges","8":"first","9":"instock","10":"shipping-taxable","11":"product-type-simple"},"acf":[],"_links":{"self":[{"href":"https:\/\/www.mrhardwares.com\/pt\/wp-json\/wp\/v2\/product\/1414","targetHints":{"allow":["GET"]}}],"collection":[{"href":"https:\/\/www.mrhardwares.com\/pt\/wp-json\/wp\/v2\/product"}],"about":[{"href":"https:\/\/www.mrhardwares.com\/pt\/wp-json\/wp\/v2\/types\/product"}],"replies":[{"embeddable":true,"href":"https:\/\/www.mrhardwares.com\/pt\/wp-json\/wp\/v2\/comments?post=1414"}],"wp:featuredmedia":[{"embeddable":true,"href":"https:\/\/www.mrhardwares.com\/pt\/wp-json\/wp\/v2\/media\/1415"}],"wp:attachment":[{"href":"https:\/\/www.mrhardwares.com\/pt\/wp-json\/wp\/v2\/media?parent=1414"}],"wp:term":[{"taxonomy":"product_brand","embeddable":true,"href":"https:\/\/www.mrhardwares.com\/pt\/wp-json\/wp\/v2\/product_brand?post=1414"},{"taxonomy":"product_cat","embeddable":true,"href":"https:\/\/www.mrhardwares.com\/pt\/wp-json\/wp\/v2\/product_cat?post=1414"},{"taxonomy":"product_tag","embeddable":true,"href":"https:\/\/www.mrhardwares.com\/pt\/wp-json\/wp\/v2\/product_tag?post=1414"}],"curies":[{"name":"wp","href":"https:\/\/api.w.org\/{rel}","templated":true}]}}