{"id":1416,"date":"2025-08-24T07:36:49","date_gmt":"2025-08-24T07:36:49","guid":{"rendered":"https:\/\/www.mrhardwares.com\/?post_type=product&#038;p=1416"},"modified":"2025-12-31T02:10:32","modified_gmt":"2025-12-31T02:10:32","slug":"wholesale-full-overlay-soft-close-hinges","status":"publish","type":"product","link":"https:\/\/www.mrhardwares.com\/pt\/product\/wholesale-full-overlay-soft-close-hinges\/","title":{"rendered":"Dobradi\u00e7as de fecho suave de sobreposi\u00e7\u00e3o total para portas de cozinha, casa de banho e mobili\u00e1rio MR-DB1"},"content":{"rendered":"<h3 class=\"wp-block-heading\">Carater\u00edsticas da dobradi\u00e7a de fecho suave de sobreposi\u00e7\u00e3o total<\/h3><ul class=\"wp-block-list\"><li><strong>Est\u00e9tica simples melhorada: <\/strong>O design de sobreposi\u00e7\u00e3o total da dobradi\u00e7a permite que a porta do arm\u00e1rio cubra completamente a estrutura do arm\u00e1rio quando fechada, melhorando efetivamente o aspeto geral.<\/li>\n\n<li><strong>Mecanismo de fecho suave e silencioso:<\/strong> Equipadas com um sistema fi\u00e1vel de fecho suave, as nossas dobradi\u00e7as de revestimento total evitam que a porta se feche com estrondo, criando um ambiente mais confort\u00e1vel e silencioso.<\/li>\n\n<li><strong>Seguran\u00e7a e prote\u00e7\u00e3o refor\u00e7adas:<\/strong> O mecanismo de fecho suave n\u00e3o s\u00f3 aumenta a funcionalidade como tamb\u00e9m melhora a seguran\u00e7a, reduzindo o risco de ferimentos nos dedos ao fechar a porta. Este design \u00e9 especialmente \u00fatil para casas com crian\u00e7as ou espa\u00e7os comerciais movimentados.<\/li>\n\n<li><strong>Amplamente compat\u00edvel:<\/strong> As dobradi\u00e7as de sobreposi\u00e7\u00e3o total por atacado s\u00e3o compat\u00edveis com uma vasta gama de tipos de arm\u00e1rios, incluindo arm\u00e1rios de cozinha, arm\u00e1rios de casa de banho, portas de roupeiros e outros m\u00f3veis, o que as torna uma escolha pr\u00e1tica para projectos residenciais e comerciais.<\/li><\/ul>","protected":false},"excerpt":{"rendered":"<p><strong>Pre\u00e7o: US $0.14\/unidade<\/strong><\/p>\n<p>Dobradi\u00e7as de fecho suave de sobreposi\u00e7\u00e3o total por grosso. Estas dobradi\u00e7as combinam estilo, durabilidade e funcionalidade. O design de cobertura total assegura que a porta do arm\u00e1rio cobre completamente a estrutura, criando um aspeto limpo e moderno para cozinhas, casas de banho e mobili\u00e1rio. Como fabricante profissional de dobradi\u00e7as, oferecemos or\u00e7amentos de f\u00e1brica e somos adequados para uma variedade de grandes projectos. Contacte-nos.<\/p>\n<p><strong><a href=\"https:\/\/www.mrhardwares.com\/pt\/custom-solution\/\" target=\"_blank\" rel=\"noopener\">Saiba mais sobre as solu\u00e7\u00f5es de dobradi\u00e7as para m\u00f3veis personalizadas OEM e ODM \u2192<\/a><\/strong><\/p>\n<h2>Especifica\u00e7\u00f5es da dobradi\u00e7a de fecho suave de sobreposi\u00e7\u00e3o total<\/h2>\n<table border=\"0\" cellspacing=\"0\" cellpadding=\"0\">\n<tbody style=\"font-size: 12px; border: 1px solid #ccc; overflow: hidden;\">\n<tr style=\"line-height: 1.4;\">\n<td style=\"width: 33%;\" width=\"36\" height=\"30\"><strong>Especifica\u00e7\u00e3o<\/strong><\/td>\n<td style=\"width: 67%;\" width=\"72\"><strong>Detalhes<\/strong><\/td>\n<\/tr>\n<tr style=\"line-height: 1.4;\">\n<td style=\"width: 33%;\" width=\"36\" height=\"30\"><strong>N\u00famero do modelo<\/strong><\/td>\n<td style=\"width: 67%;\" width=\"72\">MR-DB1<\/td>\n<\/tr>\n<tr style=\"line-height: 1.4;\">\n<td style=\"width: 33%;\" width=\"36\" height=\"30\"><strong>Material da dobradi\u00e7a<\/strong><\/td>\n<td style=\"width: 67%;\" width=\"72\">A\u00e7o inoxid\u00e1vel ou a\u00e7o laminado a frio<\/td>\n<\/tr>\n<tr style=\"line-height: 1.4;\">\n<td style=\"width: 33%;\" width=\"36\" height=\"30\"><strong>Tipo de dobradi\u00e7a<\/strong><\/td>\n<td style=\"width: 67%;\" width=\"72\">Dobradi\u00e7a de fecho suave de sobreposi\u00e7\u00e3o total<\/td>\n<\/tr>\n<tr style=\"line-height: 1.4;\">\n<td style=\"width: 33%;\" width=\"36\" height=\"60\"><strong>Cen\u00e1rios aplic\u00e1veis<\/strong><\/td>\n<td style=\"width: 67%;\" width=\"72\">Roupeiro, arm\u00e1rio, estante, arm\u00e1rio de casa de banho e muito mais<\/td>\n<\/tr>\n<tr style=\"line-height: 1.4;\">\n<td style=\"width: 33%;\" width=\"36\" height=\"50\"><strong>Servi\u00e7o OEM e ODM<\/strong><\/td>\n<td style=\"width: 67%;\" width=\"72\">Suporte para personaliza\u00e7\u00e3o f\u00e1cil e personaliza\u00e7\u00e3o profunda<\/td>\n<\/tr>\n<\/tbody>\n<\/table>\n<p><script src=\"chrome-extension:\/\/fpelahbljekknahkcaegamhcndkfpfnc\/iFrame.js\" type=\"text\/javascript\"><\/script><\/p>\n<p>\n<script src=\"chrome-extension:\/\/fpelahbljekknahkcaegamhcndkfpfnc\/iFrame.js\" type=\"text\/javascript\"><\/script><\/p>","protected":false},"featured_media":1417,"comment_status":"closed","ping_status":"closed","template":"","meta":{"_acf_changed":false},"product_brand":[],"product_cat":[26],"product_tag":[],"class_list":{"0":"post-1416","1":"product","2":"type-product","3":"status-publish","4":"has-post-thumbnail","6":"product_cat-wholesale-full-overlay-cabinet-hinges","8":"first","9":"instock","10":"shipping-taxable","11":"product-type-simple"},"acf":[],"_links":{"self":[{"href":"https:\/\/www.mrhardwares.com\/pt\/wp-json\/wp\/v2\/product\/1416","targetHints":{"allow":["GET"]}}],"collection":[{"href":"https:\/\/www.mrhardwares.com\/pt\/wp-json\/wp\/v2\/product"}],"about":[{"href":"https:\/\/www.mrhardwares.com\/pt\/wp-json\/wp\/v2\/types\/product"}],"replies":[{"embeddable":true,"href":"https:\/\/www.mrhardwares.com\/pt\/wp-json\/wp\/v2\/comments?post=1416"}],"wp:featuredmedia":[{"embeddable":true,"href":"https:\/\/www.mrhardwares.com\/pt\/wp-json\/wp\/v2\/media\/1417"}],"wp:attachment":[{"href":"https:\/\/www.mrhardwares.com\/pt\/wp-json\/wp\/v2\/media?parent=1416"}],"wp:term":[{"taxonomy":"product_brand","embeddable":true,"href":"https:\/\/www.mrhardwares.com\/pt\/wp-json\/wp\/v2\/product_brand?post=1416"},{"taxonomy":"product_cat","embeddable":true,"href":"https:\/\/www.mrhardwares.com\/pt\/wp-json\/wp\/v2\/product_cat?post=1416"},{"taxonomy":"product_tag","embeddable":true,"href":"https:\/\/www.mrhardwares.com\/pt\/wp-json\/wp\/v2\/product_tag?post=1416"}],"curies":[{"name":"wp","href":"https:\/\/api.w.org\/{rel}","templated":true}]}}