{"id":1418,"date":"2025-08-24T08:03:22","date_gmt":"2025-08-24T08:03:22","guid":{"rendered":"https:\/\/www.mrhardwares.com\/?post_type=product&#038;p=1418"},"modified":"2025-12-31T02:38:26","modified_gmt":"2025-12-31T02:38:26","slug":"wholesale-full-overlay-cabinet-door-hinges","status":"publish","type":"product","link":"https:\/\/www.mrhardwares.com\/pt\/product\/wholesale-full-overlay-cabinet-door-hinges\/","title":{"rendered":"Dobradi\u00e7as de porta de arm\u00e1rio de sobreposi\u00e7\u00e3o completa por atacado MR-DTZ1"},"content":{"rendered":"<h3 class=\"wp-block-heading\">Carater\u00edsticas das dobradi\u00e7as de porta de arm\u00e1rio de sobreposi\u00e7\u00e3o total<\/h3><ul class=\"wp-block-list\"><li><strong>Conce\u00e7\u00e3o de sobreposi\u00e7\u00e3o total: <\/strong>As dobradi\u00e7as para portas de arm\u00e1rios de sobreposi\u00e7\u00e3o total permitem que a porta do arm\u00e1rio cubra toda a frente do arm\u00e1rio, deixando apenas um pequeno espa\u00e7o uniforme entre as portas, criando um design oculto e melhorando o estilo minimalista.<\/li>\n\n<li><strong>Instala\u00e7\u00e3o f\u00e1cil: <\/strong>As nossas dobradi\u00e7as de sobreposi\u00e7\u00e3o total apresentam um design de encaixe, acelerando significativamente a instala\u00e7\u00e3o.<\/li>\n\n<li><strong>Ajustabilidade: <\/strong>As dobradi\u00e7as de sobreposi\u00e7\u00e3o total s\u00e3o ajust\u00e1veis em tr\u00eas dimens\u00f5es: profundidade, lado a lado e vertical. Este ajuste abrangente assegura um encaixe perfeito sem desmontagem, mesmo que a caixa do arm\u00e1rio esteja ligeiramente desalinhada ou n\u00e3o esteja instalada na perfei\u00e7\u00e3o.<\/li>\n\n<li><strong>Pre\u00e7os competitivos: <\/strong>As dobradi\u00e7as de sobreposi\u00e7\u00e3o total da Mingrun Hinge Factory podem ajudar a sua empresa a reduzir significativamente o custo por dobradi\u00e7a e a garantir a consist\u00eancia do produto.<\/li><\/ul>","protected":false},"excerpt":{"rendered":"<p><strong>Pre\u00e7o: US $0.15\/unidade<\/strong><\/p>\n<p>As dobradi\u00e7as para portas de arm\u00e1rios totalmente sobrepostas ocultam a estrutura do arm\u00e1rio, dando \u00e0s suas portas de arm\u00e1rios um aspeto uniforme e nivelado. E o seu mecanismo de fecho suave integrado garante um movimento de fecho suave. Oferecemos um fornecimento de grande volume para garantir a consist\u00eancia do produto e pre\u00e7os competitivos. Contacte-nos hoje mesmo!<\/p>\n<h2>Especifica\u00e7\u00f5es de Dobradi\u00e7as de porta de arm\u00e1rio de sobreposi\u00e7\u00e3o total<\/h2>\n<table border=\"0\" cellspacing=\"0\" cellpadding=\"0\">\n<tbody style=\"font-size: 12px; border: 1px solid #ccc; overflow: hidden;\">\n<tr style=\"line-height: 1.4;\">\n<td style=\"width: 33%;\" width=\"36\" height=\"30\"><strong>Especifica\u00e7\u00e3o<\/strong><\/td>\n<td style=\"width: 67%;\" width=\"72\"><strong>Detalhes<\/strong><\/td>\n<\/tr>\n<tr style=\"line-height: 1.4;\">\n<td style=\"width: 33%;\" width=\"36\" height=\"30\"><strong>N\u00famero do modelo<\/strong><\/td>\n<td style=\"width: 67%;\" width=\"72\">MR-DTZ1<\/td>\n<\/tr>\n<tr style=\"line-height: 1.4;\">\n<td style=\"width: 33%;\" width=\"36\" height=\"30\"><strong>Material da dobradi\u00e7a<\/strong><\/td>\n<td style=\"width: 67%;\" width=\"72\">A\u00e7o inoxid\u00e1vel ou a\u00e7o laminado a frio<\/td>\n<\/tr>\n<tr style=\"line-height: 1.4;\">\n<td style=\"width: 33%;\" width=\"36\" height=\"30\"><strong>Tipo de dobradi\u00e7a<\/strong><\/td>\n<td style=\"width: 67%;\" width=\"72\">Dobradi\u00e7a de porta de arm\u00e1rio de sobreposi\u00e7\u00e3o total<\/td>\n<\/tr>\n<tr style=\"line-height: 1.4;\">\n<td style=\"width: 33%;\" width=\"36\" height=\"60\"><strong>Cen\u00e1rios aplic\u00e1veis<\/strong><\/td>\n<td style=\"width: 67%;\" width=\"72\">Roupeiro, arm\u00e1rio, estante, arm\u00e1rio de casa de banho e muito mais<\/td>\n<\/tr>\n<tr style=\"line-height: 1.4;\">\n<td style=\"width: 33%;\" width=\"36\" height=\"50\"><strong>Servi\u00e7o OEM e ODM<\/strong><\/td>\n<td style=\"width: 67%;\" width=\"72\">Suporte para personaliza\u00e7\u00e3o f\u00e1cil e personaliza\u00e7\u00e3o profunda<\/td>\n<\/tr>\n<\/tbody>\n<\/table>\n<p>&nbsp;<\/p>\n<p><script src=\"chrome-extension:\/\/fpelahbljekknahkcaegamhcndkfpfnc\/iFrame.js\" type=\"text\/javascript\"><\/script><\/p>\n<p>\n<script src=\"chrome-extension:\/\/fpelahbljekknahkcaegamhcndkfpfnc\/iFrame.js\" type=\"text\/javascript\"><\/script><\/p>","protected":false},"featured_media":1420,"comment_status":"closed","ping_status":"closed","template":"","meta":{"_acf_changed":false},"product_brand":[],"product_cat":[26],"product_tag":[],"class_list":{"0":"post-1418","1":"product","2":"type-product","3":"status-publish","4":"has-post-thumbnail","6":"product_cat-wholesale-full-overlay-cabinet-hinges","8":"first","9":"instock","10":"shipping-taxable","11":"product-type-simple"},"acf":[],"_links":{"self":[{"href":"https:\/\/www.mrhardwares.com\/pt\/wp-json\/wp\/v2\/product\/1418","targetHints":{"allow":["GET"]}}],"collection":[{"href":"https:\/\/www.mrhardwares.com\/pt\/wp-json\/wp\/v2\/product"}],"about":[{"href":"https:\/\/www.mrhardwares.com\/pt\/wp-json\/wp\/v2\/types\/product"}],"replies":[{"embeddable":true,"href":"https:\/\/www.mrhardwares.com\/pt\/wp-json\/wp\/v2\/comments?post=1418"}],"wp:featuredmedia":[{"embeddable":true,"href":"https:\/\/www.mrhardwares.com\/pt\/wp-json\/wp\/v2\/media\/1420"}],"wp:attachment":[{"href":"https:\/\/www.mrhardwares.com\/pt\/wp-json\/wp\/v2\/media?parent=1418"}],"wp:term":[{"taxonomy":"product_brand","embeddable":true,"href":"https:\/\/www.mrhardwares.com\/pt\/wp-json\/wp\/v2\/product_brand?post=1418"},{"taxonomy":"product_cat","embeddable":true,"href":"https:\/\/www.mrhardwares.com\/pt\/wp-json\/wp\/v2\/product_cat?post=1418"},{"taxonomy":"product_tag","embeddable":true,"href":"https:\/\/www.mrhardwares.com\/pt\/wp-json\/wp\/v2\/product_tag?post=1418"}],"curies":[{"name":"wp","href":"https:\/\/api.w.org\/{rel}","templated":true}]}}