{"id":1421,"date":"2025-08-24T08:42:14","date_gmt":"2025-08-24T08:42:14","guid":{"rendered":"https:\/\/www.mrhardwares.com\/?post_type=product&#038;p=1421"},"modified":"2025-12-31T01:51:47","modified_gmt":"2025-12-31T01:51:47","slug":"wholesale-half-overlay-soft-close-cabinet-hinges","status":"publish","type":"product","link":"https:\/\/www.mrhardwares.com\/pt\/product\/wholesale-half-overlay-soft-close-cabinet-hinges\/","title":{"rendered":"Dobradi\u00e7as de arm\u00e1rio de meia sobreposi\u00e7\u00e3o por atacado com design de fecho suave MR-ZB2"},"content":{"rendered":"<h3 class=\"wp-block-heading\">Carater\u00edsticas das Dobradi\u00e7as de Arm\u00e1rio de Meia Sobreposi\u00e7\u00e3o<\/h3><ul class=\"wp-block-list\"><li><strong>Ideal para filas de arm\u00e1rios: <\/strong>As dobradi\u00e7as de meia-sobreposi\u00e7\u00e3o s\u00e3o ideais para filas de arm\u00e1rios, especialmente quando v\u00e1rias portas partilham uma divis\u00f3ria central.<\/li>\n\n<li><strong>Instala\u00e7\u00e3o mais flex\u00edvel: <\/strong>As dobradi\u00e7as de meia sobreposi\u00e7\u00e3o oferecem uma maior flexibilidade de instala\u00e7\u00e3o do que as dobradi\u00e7as de sobreposi\u00e7\u00e3o total. Uma vez que a porta cobre apenas metade da estrutura do arm\u00e1rio, os ligeiros erros de alinhamento ou de medi\u00e7\u00e3o s\u00e3o menos percept\u00edveis.<\/li>\n\n<li><strong>Est\u00e9tica cl\u00e1ssica: <\/strong>As dobradi\u00e7as de meia-encaixe criam um aspeto mais esculpido, deixando uma parte da estrutura do arm\u00e1rio exposta, ao contr\u00e1rio das dobradi\u00e7as de encaixe total.<\/li>\n\n<li><strong>Estilo vers\u00e1til: <\/strong>As dobradi\u00e7as de meia-sobreposi\u00e7\u00e3o oferecem o aspeto oculto combinado dos arm\u00e1rios modernos sem moldura e a moldura exposta dos arm\u00e1rios embutidos tradicionais, tornando-as ideais para uma variedade de estilos de cozinha.<\/li><\/ul><div class=\"wp-block-columns is-layout-flex wp-container-core-columns-is-layout-9d6595d7 wp-block-columns-is-layout-flex\"><div class=\"wp-block-column is-layout-flow wp-block-column-is-layout-flow\"><\/div>\n\n<div class=\"wp-block-column is-layout-flow wp-block-column-is-layout-flow\"><\/div><\/div>","protected":false},"excerpt":{"rendered":"<p data-pm-slice=\"1 1 []\"><strong>Pre\u00e7o: US $0.12\/pc<\/strong><\/p>\n<p>Dobradi\u00e7as de arm\u00e1rio de meia-sobreposi\u00e7\u00e3o por grosso. Este design \u00e9 ideal para arm\u00e1rios com portas cont\u00ednuas, como arm\u00e1rios de cozinha ou roupeiros, onde duas portas adjacentes s\u00e3o montadas em lados opostos de um divisor central partilhado. Estas dobradi\u00e7as de arm\u00e1rio de meia-sobreposi\u00e7\u00e3o tamb\u00e9m possuem um mecanismo de fecho suave para uma experi\u00eancia de abertura e fecho suave.<\/p>\n<p>Como <a href=\"https:\/\/www.mrhardwares.com\/pt\/\" target=\"_blank\" rel=\"noopener\"><strong>fabricante profissional de dobradi\u00e7as<\/strong><\/a>A Mingrun oferece uma vasta gama de dobradi\u00e7as de arm\u00e1rio a granel a pre\u00e7os competitivos de f\u00e1brica. Apoiamos encomendas de grande volume, por isso, contacte-nos.<\/p>\n<h2>Especifica\u00e7\u00f5es da dobradi\u00e7a de arm\u00e1rio de meia sobreposi\u00e7\u00e3o<\/h2>\n<table border=\"0\" cellspacing=\"0\" cellpadding=\"0\">\n<tbody style=\"font-size: 12px; border: 1px solid #ccc; overflow: hidden;\">\n<tr style=\"line-height: 1.4;\">\n<td style=\"width: 33%;\" width=\"36\" height=\"30\"><strong>Especifica\u00e7\u00e3o<\/strong><\/td>\n<td style=\"width: 67%;\" width=\"72\"><strong>Detalhes<\/strong><\/td>\n<\/tr>\n<tr style=\"line-height: 1.4;\">\n<td style=\"width: 33%;\" width=\"36\" height=\"30\"><strong>N\u00famero do modelo<\/strong><\/td>\n<td style=\"width: 67%;\" width=\"72\">MR-ZB2<\/td>\n<\/tr>\n<tr style=\"line-height: 1.4;\">\n<td style=\"width: 33%;\" width=\"36\" height=\"30\"><strong>Material da dobradi\u00e7a<\/strong><\/td>\n<td style=\"width: 67%;\" width=\"72\">A\u00e7o laminado a frio<\/td>\n<\/tr>\n<tr style=\"line-height: 1.4;\">\n<td style=\"width: 33%;\" width=\"36\" height=\"30\"><strong>Tipo de dobradi\u00e7a<\/strong><\/td>\n<td style=\"width: 67%;\" width=\"72\">Dobradi\u00e7a de arm\u00e1rio de fecho suave com meia sobreposi\u00e7\u00e3o<\/td>\n<\/tr>\n<tr style=\"line-height: 1.4;\">\n<td style=\"width: 33%;\" width=\"36\" height=\"60\"><strong>Cen\u00e1rios aplic\u00e1veis<\/strong><\/td>\n<td style=\"width: 67%;\" width=\"72\">Roupeiro, arm\u00e1rio, estante, arm\u00e1rio de casa de banho e muito mais<\/td>\n<\/tr>\n<tr style=\"line-height: 1.4;\">\n<td style=\"width: 33%;\" width=\"36\" height=\"50\"><strong>Servi\u00e7o OEM e ODM<\/strong><\/td>\n<td style=\"width: 67%;\" width=\"72\">Suporte para personaliza\u00e7\u00e3o f\u00e1cil e personaliza\u00e7\u00e3o profunda<\/td>\n<\/tr>\n<\/tbody>\n<\/table>\n<p>&nbsp;<\/p>\n<p><script src=\"chrome-extension:\/\/fpelahbljekknahkcaegamhcndkfpfnc\/iFrame.js\" type=\"text\/javascript\"><\/script><\/p>\n<p>\n<script src=\"chrome-extension:\/\/fpelahbljekknahkcaegamhcndkfpfnc\/iFrame.js\" type=\"text\/javascript\"><\/script><\/p>","protected":false},"featured_media":1410,"comment_status":"closed","ping_status":"closed","template":"","meta":{"_acf_changed":false},"product_brand":[],"product_cat":[28],"product_tag":[],"class_list":{"0":"post-1421","1":"product","2":"type-product","3":"status-publish","4":"has-post-thumbnail","6":"product_cat-wholesale-half-overlay-cabinet-hinges","8":"first","9":"instock","10":"shipping-taxable","11":"product-type-simple"},"acf":[],"_links":{"self":[{"href":"https:\/\/www.mrhardwares.com\/pt\/wp-json\/wp\/v2\/product\/1421","targetHints":{"allow":["GET"]}}],"collection":[{"href":"https:\/\/www.mrhardwares.com\/pt\/wp-json\/wp\/v2\/product"}],"about":[{"href":"https:\/\/www.mrhardwares.com\/pt\/wp-json\/wp\/v2\/types\/product"}],"replies":[{"embeddable":true,"href":"https:\/\/www.mrhardwares.com\/pt\/wp-json\/wp\/v2\/comments?post=1421"}],"wp:featuredmedia":[{"embeddable":true,"href":"https:\/\/www.mrhardwares.com\/pt\/wp-json\/wp\/v2\/media\/1410"}],"wp:attachment":[{"href":"https:\/\/www.mrhardwares.com\/pt\/wp-json\/wp\/v2\/media?parent=1421"}],"wp:term":[{"taxonomy":"product_brand","embeddable":true,"href":"https:\/\/www.mrhardwares.com\/pt\/wp-json\/wp\/v2\/product_brand?post=1421"},{"taxonomy":"product_cat","embeddable":true,"href":"https:\/\/www.mrhardwares.com\/pt\/wp-json\/wp\/v2\/product_cat?post=1421"},{"taxonomy":"product_tag","embeddable":true,"href":"https:\/\/www.mrhardwares.com\/pt\/wp-json\/wp\/v2\/product_tag?post=1421"}],"curies":[{"name":"wp","href":"https:\/\/api.w.org\/{rel}","templated":true}]}}