{"id":1423,"date":"2025-08-26T07:25:57","date_gmt":"2025-08-26T07:25:57","guid":{"rendered":"https:\/\/www.mrhardwares.com\/?post_type=product&#038;p=1423"},"modified":"2025-12-31T02:00:06","modified_gmt":"2025-12-31T02:00:06","slug":"wholesale-half-overlay-hinges","status":"publish","type":"product","link":"https:\/\/www.mrhardwares.com\/pt\/product\/wholesale-half-overlay-hinges\/","title":{"rendered":"Dobradi\u00e7as de meia sobreposi\u00e7\u00e3o para arm\u00e1rios de cozinha, roupeiros e portas de m\u00f3veis MR-F2A2"},"content":{"rendered":"<h3 class=\"wp-block-heading\">Carater\u00edsticas das dobradi\u00e7as de meia-encaixe<\/h3><ul class=\"wp-block-list\"><li><strong>Design de meia sobreposi\u00e7\u00e3o: <\/strong>A dobradi\u00e7a de meia sobreposi\u00e7\u00e3o foi especialmente concebida para acomodar duas portas de arm\u00e1rio em ambos os lados da mesma divis\u00f3ria. Cada porta cobre apenas metade do painel lateral do arm\u00e1rio, o que a torna perfeita para arm\u00e1rios que partilham divis\u00f3rias.<\/li>\n\n<li><strong>Utiliza\u00e7\u00e3o eficiente do espa\u00e7o: <\/strong>O design de meia sobreposi\u00e7\u00e3o permite que duas portas partilhem um painel lateral, maximizando assim a utiliza\u00e7\u00e3o do espa\u00e7o do arm\u00e1rio.<\/li>\n\n<li><strong>Fun\u00e7\u00e3o de regula\u00e7\u00e3o de tr\u00eas vias:<\/strong> A dobradi\u00e7a de meia-lua inclui um sistema de ajuste tridimensional, que garante que a porta do arm\u00e1rio pode ser perfeitamente alinhada mesmo ap\u00f3s a instala\u00e7\u00e3o, compensando quaisquer desvios de medi\u00e7\u00e3o ou perfura\u00e7\u00e3o.<\/li>\n\n<li><strong>Mecanismo de fecho suave:<\/strong> As dobradi\u00e7as de meia-encaixe est\u00e3o equipadas com amortecedores de fecho suave integrados, que podem abrandar suavemente a velocidade quando a porta \u00e9 fechada para evitar um fecho violento.<\/li><\/ul>","protected":false},"excerpt":{"rendered":"<p><strong>Pre\u00e7o: US $0.123\/unidade<\/strong><\/p>\n<p>Dobradi\u00e7as de meia-encaixe por grosso. As dobradi\u00e7as de meia-sobreposi\u00e7\u00e3o criam um aspeto limpo do arm\u00e1rio. Equipadas com tecnologia de fecho suave, abrem e fecham suavemente, reduzindo eficazmente o ru\u00eddo. Ideal para arm\u00e1rios com divis\u00f3rias partilhadas, as dobradi\u00e7as de meia-encaixe maximizam o espa\u00e7o, garantindo um aspeto moderno e equilibrado.<\/p>\n<p><strong><a href=\"https:\/\/www.mrhardwares.com\/pt\/custom-solution\/\" target=\"_blank\" rel=\"noopener\">Saiba mais sobre as solu\u00e7\u00f5es de dobradi\u00e7as para m\u00f3veis personalizadas OEM e ODM \u2192 <\/a><\/strong><\/p>\n<h2>Especifica\u00e7\u00f5es de Dobradi\u00e7as de meia-encaixe<\/h2>\n<table border=\"0\" cellspacing=\"0\" cellpadding=\"0\">\n<tbody style=\"font-size: 12px; border: 1px solid #ccc; overflow: hidden;\">\n<tr style=\"line-height: 1.4;\">\n<td style=\"width: 33%;\" width=\"36\" height=\"30\"><span style=\"font-size: 16px;\">Especifica\u00e7\u00e3o<\/span><\/td>\n<td style=\"width: 67%;\" width=\"72\"><span style=\"font-size: 16px;\">Detalhes<\/span><\/td>\n<\/tr>\n<tr style=\"line-height: 1.4;\">\n<td style=\"width: 33%;\" width=\"36\" height=\"30\"><span style=\"font-size: 16px;\">N\u00famero do modelo<\/span><\/td>\n<td style=\"width: 67%;\" width=\"72\"><span style=\"font-size: 16px;\">MR-F2A2<\/span><\/td>\n<\/tr>\n<tr style=\"line-height: 1.4;\">\n<td style=\"width: 33%;\" width=\"36\" height=\"30\"><span style=\"font-size: 16px;\">Material da dobradi\u00e7a<\/span><\/td>\n<td style=\"width: 67%;\" width=\"72\"><span style=\"font-size: 16px;\">A\u00e7o inoxid\u00e1vel ou a\u00e7o laminado a frio<\/span><\/td>\n<\/tr>\n<tr style=\"line-height: 1.4;\">\n<td style=\"width: 33%;\" width=\"36\" height=\"30\"><span style=\"font-size: 16px;\">Tipo de dobradi\u00e7aMeia\u00a0<\/span><\/td>\n<td style=\"width: 67%;\" width=\"72\">\u00a0Dobradi\u00e7a de arm\u00e1rio de fecho suave com meia sobreposi\u00e7\u00e3o<\/td>\n<\/tr>\n<tr style=\"line-height: 1.4;\">\n<td style=\"width: 33%;\" width=\"36\" height=\"60\"><span style=\"font-size: 16px;\">Cen\u00e1rios aplic\u00e1veis<\/span><\/td>\n<td style=\"width: 67%;\" width=\"72\"><span style=\"font-size: 16px;\">Roupeiro, arm\u00e1rio, estante, arm\u00e1rio de casa de banho e muito mais<\/span><\/td>\n<\/tr>\n<tr style=\"line-height: 1.4;\">\n<td style=\"width: 33%;\" width=\"36\" height=\"50\"><span style=\"font-size: 16px;\">Servi\u00e7o OEM e ODM<\/span><\/td>\n<td style=\"width: 67%;\" width=\"72\"><span style=\"font-size: 16px;\">Suporte para personaliza\u00e7\u00e3o f\u00e1cil e personaliza\u00e7\u00e3o profunda<\/span><\/td>\n<\/tr>\n<\/tbody>\n<\/table>\n<p>&nbsp;<\/p>\n<p><script src=\"chrome-extension:\/\/fpelahbljekknahkcaegamhcndkfpfnc\/iFrame.js\" type=\"text\/javascript\"><\/script><\/p>\n<p>\n<script src=\"chrome-extension:\/\/fpelahbljekknahkcaegamhcndkfpfnc\/iFrame.js\" type=\"text\/javascript\"><\/script><\/p>","protected":false},"featured_media":1424,"comment_status":"closed","ping_status":"closed","template":"","meta":{"_acf_changed":false},"product_brand":[],"product_cat":[28],"product_tag":[],"class_list":{"0":"post-1423","1":"product","2":"type-product","3":"status-publish","4":"has-post-thumbnail","6":"product_cat-wholesale-half-overlay-cabinet-hinges","8":"first","9":"instock","10":"shipping-taxable","11":"product-type-simple"},"acf":[],"_links":{"self":[{"href":"https:\/\/www.mrhardwares.com\/pt\/wp-json\/wp\/v2\/product\/1423","targetHints":{"allow":["GET"]}}],"collection":[{"href":"https:\/\/www.mrhardwares.com\/pt\/wp-json\/wp\/v2\/product"}],"about":[{"href":"https:\/\/www.mrhardwares.com\/pt\/wp-json\/wp\/v2\/types\/product"}],"replies":[{"embeddable":true,"href":"https:\/\/www.mrhardwares.com\/pt\/wp-json\/wp\/v2\/comments?post=1423"}],"wp:featuredmedia":[{"embeddable":true,"href":"https:\/\/www.mrhardwares.com\/pt\/wp-json\/wp\/v2\/media\/1424"}],"wp:attachment":[{"href":"https:\/\/www.mrhardwares.com\/pt\/wp-json\/wp\/v2\/media?parent=1423"}],"wp:term":[{"taxonomy":"product_brand","embeddable":true,"href":"https:\/\/www.mrhardwares.com\/pt\/wp-json\/wp\/v2\/product_brand?post=1423"},{"taxonomy":"product_cat","embeddable":true,"href":"https:\/\/www.mrhardwares.com\/pt\/wp-json\/wp\/v2\/product_cat?post=1423"},{"taxonomy":"product_tag","embeddable":true,"href":"https:\/\/www.mrhardwares.com\/pt\/wp-json\/wp\/v2\/product_tag?post=1423"}],"curies":[{"name":"wp","href":"https:\/\/api.w.org\/{rel}","templated":true}]}}