{"id":1425,"date":"2025-08-26T07:36:40","date_gmt":"2025-08-26T07:36:40","guid":{"rendered":"https:\/\/www.mrhardwares.com\/?post_type=product&#038;p=1425"},"modified":"2025-12-31T02:05:11","modified_gmt":"2025-12-31T02:05:11","slug":"wholesale-half-overlay-soft-close-hinges","status":"publish","type":"product","link":"https:\/\/www.mrhardwares.com\/pt\/product\/wholesale-half-overlay-soft-close-hinges\/","title":{"rendered":"Dobradi\u00e7as de fecho suave de meia sobreposi\u00e7\u00e3o MR-F2B2"},"content":{"rendered":"<h3 class=\"wp-block-heading\">Carater\u00edsticas das dobradi\u00e7as de fecho suave Half Overlay<\/h3><ul class=\"wp-block-list\"><li><strong>Design de meia sobreposi\u00e7\u00e3o: <\/strong>A dobradi\u00e7a de meia sobreposi\u00e7\u00e3o foi especialmente concebida para instalar duas portas de arm\u00e1rio em ambos os lados da mesma divis\u00f3ria e \u00e9 muito utilizada em v\u00e1rios tipos de mobili\u00e1rio que requerem a funcionalidade de porta dupla.<\/li>\n\n<li><strong>Multifuncionalidade: <\/strong>As dobradi\u00e7as de meia-encaixe t\u00eam uma vasta gama de aplica\u00e7\u00f5es e s\u00e3o adequadas para v\u00e1rios tipos de mobili\u00e1rio. Desde arm\u00e1rios de cozinha e arm\u00e1rios de casa de banho a roupeiros, mobili\u00e1rio de escrit\u00f3rio e arm\u00e1rios de arruma\u00e7\u00e3o, proporcionam flexibilidade para v\u00e1rios projectos.<\/li>\n\n<li><strong>Aspeto equilibrado:<\/strong> As dobradi\u00e7as de meia sobreposi\u00e7\u00e3o criam um efeito visual sim\u00e9trico e equilibrado, uma vez que cada porta cobre apenas uma parte do lado do arm\u00e1rio. Quando fechados, os pain\u00e9is das portas ficam perfeitamente ligados na divis\u00f3ria partilhada, apresentando um aspeto moderno e suave.<\/li>\n\n<li><strong>Efici\u00eancia econ\u00f3mica: <\/strong>Em projectos de decora\u00e7\u00e3o de cozinhas ou de produ\u00e7\u00e3o de mobili\u00e1rio de escrit\u00f3rio, a escolha do Half overlay pode poupar muitos custos sem sacrificar a qualidade ou a est\u00e9tica.<\/li><\/ul>","protected":false},"excerpt":{"rendered":"<p><strong>Pre\u00e7o: US $0.13\/unidade<\/strong><\/p>\n<p>Dobradi\u00e7as de fecho suave de meia sobreposi\u00e7\u00e3o por grosso. Escolhemos entre dois materiais: a\u00e7o inoxid\u00e1vel e a\u00e7o laminado a frio de alta qualidade. Equipada com um mecanismo de fecho suave e silencioso, pode efetivamente evitar que a porta colida violentamente. \u00c9 muito adequado para arm\u00e1rios com divis\u00f3rias partilhadas, combinando a funcionalidade moderna com uma apar\u00eancia simples e equilibrada. Contacte-nos para um or\u00e7amento.<\/p>\n<h2>Especifica\u00e7\u00f5es de Dobradi\u00e7as de fecho suave de meia sobreposi\u00e7\u00e3o<\/h2>\n<table border=\"0\" cellspacing=\"0\" cellpadding=\"0\">\n<tbody style=\"font-size: 12px; border: 1px solid #ccc; overflow: hidden;\">\n<tr style=\"line-height: 1.4;\">\n<td style=\"width: 33%;\" width=\"36\" height=\"30\"><strong>Especifica\u00e7\u00e3o<\/strong><\/td>\n<td style=\"width: 67%;\" width=\"72\"><strong>Detalhes<\/strong><\/td>\n<\/tr>\n<tr style=\"line-height: 1.4;\">\n<td style=\"width: 33%;\" width=\"36\" height=\"30\"><strong>N\u00famero do modelo<\/strong><\/td>\n<td style=\"width: 67%;\" width=\"72\">MR-F2B2<\/td>\n<\/tr>\n<tr style=\"line-height: 1.4;\">\n<td style=\"width: 33%;\" width=\"36\" height=\"30\"><strong>Material da dobradi\u00e7a<\/strong><\/td>\n<td style=\"width: 67%;\" width=\"72\">A\u00e7o inoxid\u00e1vel ou a\u00e7o laminado a frio<\/td>\n<\/tr>\n<tr style=\"line-height: 1.4;\">\n<td style=\"width: 33%;\" width=\"36\" height=\"30\"><strong>Tipo de dobradi\u00e7a<\/strong><\/td>\n<td style=\"width: 67%;\" width=\"72\">Dobradi\u00e7a de fecho suave com meia sobreposi\u00e7\u00e3o<\/td>\n<\/tr>\n<tr style=\"line-height: 1.4;\">\n<td style=\"width: 33%;\" width=\"36\" height=\"60\"><strong>Cen\u00e1rios aplic\u00e1veis<\/strong><\/td>\n<td style=\"width: 67%;\" width=\"72\">Roupeiro, arm\u00e1rio, estante, arm\u00e1rio de casa de banho e muito mais<\/td>\n<\/tr>\n<tr style=\"line-height: 1.4;\">\n<td style=\"width: 33%;\" width=\"36\" height=\"50\"><strong>Servi\u00e7o OEM e ODM<\/strong><\/td>\n<td style=\"width: 67%;\" width=\"72\">Suporte para personaliza\u00e7\u00e3o f\u00e1cil e personaliza\u00e7\u00e3o profunda<\/td>\n<\/tr>\n<\/tbody>\n<\/table>\n<p>&nbsp;<\/p>\n<p>\n<script src=\"chrome-extension:\/\/fpelahbljekknahkcaegamhcndkfpfnc\/iFrame.js\" type=\"text\/javascript\"><\/script><\/p>","protected":false},"featured_media":1426,"comment_status":"closed","ping_status":"closed","template":"","meta":{"_acf_changed":false},"product_brand":[],"product_cat":[28],"product_tag":[],"class_list":{"0":"post-1425","1":"product","2":"type-product","3":"status-publish","4":"has-post-thumbnail","6":"product_cat-wholesale-half-overlay-cabinet-hinges","8":"first","9":"instock","10":"shipping-taxable","11":"product-type-simple"},"acf":[],"_links":{"self":[{"href":"https:\/\/www.mrhardwares.com\/pt\/wp-json\/wp\/v2\/product\/1425","targetHints":{"allow":["GET"]}}],"collection":[{"href":"https:\/\/www.mrhardwares.com\/pt\/wp-json\/wp\/v2\/product"}],"about":[{"href":"https:\/\/www.mrhardwares.com\/pt\/wp-json\/wp\/v2\/types\/product"}],"replies":[{"embeddable":true,"href":"https:\/\/www.mrhardwares.com\/pt\/wp-json\/wp\/v2\/comments?post=1425"}],"wp:featuredmedia":[{"embeddable":true,"href":"https:\/\/www.mrhardwares.com\/pt\/wp-json\/wp\/v2\/media\/1426"}],"wp:attachment":[{"href":"https:\/\/www.mrhardwares.com\/pt\/wp-json\/wp\/v2\/media?parent=1425"}],"wp:term":[{"taxonomy":"product_brand","embeddable":true,"href":"https:\/\/www.mrhardwares.com\/pt\/wp-json\/wp\/v2\/product_brand?post=1425"},{"taxonomy":"product_cat","embeddable":true,"href":"https:\/\/www.mrhardwares.com\/pt\/wp-json\/wp\/v2\/product_cat?post=1425"},{"taxonomy":"product_tag","embeddable":true,"href":"https:\/\/www.mrhardwares.com\/pt\/wp-json\/wp\/v2\/product_tag?post=1425"}],"curies":[{"name":"wp","href":"https:\/\/api.w.org\/{rel}","templated":true}]}}