{"id":1427,"date":"2025-08-26T10:17:17","date_gmt":"2025-08-26T10:17:17","guid":{"rendered":"https:\/\/www.mrhardwares.com\/?post_type=product&#038;p=1427"},"modified":"2025-12-31T02:11:02","modified_gmt":"2025-12-31T02:11:02","slug":"bulk-half-overlay-cabinet-hinges","status":"publish","type":"product","link":"https:\/\/www.mrhardwares.com\/pt\/product\/bulk-half-overlay-cabinet-hinges\/","title":{"rendered":"Dobradi\u00e7as de arm\u00e1rio de meia sobreposi\u00e7\u00e3o a granel com fun\u00e7\u00e3o de fecho suave"},"content":{"rendered":"<h3 class=\"wp-block-heading\">Carater\u00edsticas das Dobradi\u00e7as de Arm\u00e1rio de Meia Sobreposi\u00e7\u00e3o<\/h3><ul class=\"wp-block-list\"><li><strong>Divis\u00f3ria partilhada:<\/strong> As dobradi\u00e7as de arm\u00e1rio de meia sobreposi\u00e7\u00e3o s\u00e3o dobradi\u00e7as eficientes concebidas para configura\u00e7\u00f5es de arm\u00e1rio comuns. As dobradi\u00e7as de arm\u00e1rio de meia sobreposi\u00e7\u00e3o permitem que duas portas adjacentes sejam instaladas diretamente nesta divis\u00f3ria central partilhada.<\/li>\n\n<li><strong>Rela\u00e7\u00e3o custo-efic\u00e1cia: <\/strong>As dobradi\u00e7as para arm\u00e1rios de meia-encaixe s\u00e3o produtos normalizados e amplamente produzidos. Al\u00e9m disso, permitem que duas portas partilhem uma divis\u00f3ria central, pelo que n\u00e3o \u00e9 necess\u00e1rio instalar caixilhos adicionais de largura total no lado da abertura, o que reduz a quantidade de materiais e o processo de constru\u00e7\u00e3o necess\u00e1rios, reduzindo assim os custos.<\/li>\n\n<li><strong>F\u00e1cil de instalar e ajustar:<\/strong> As nossas dobradi\u00e7as de arm\u00e1rio de meia sobreposi\u00e7\u00e3o t\u00eam um processo de instala\u00e7\u00e3o normalizado que proporciona um ajuste abrangente em tr\u00eas direc\u00e7\u00f5es.<\/li>\n\n<li><strong>Cota\u00e7\u00e3o de f\u00e1brica: <\/strong>Como um fabricante de dobradi\u00e7as para m\u00f3veis, n\u00f3s fornecemos fornecimento em larga escala de dobradi\u00e7as de meia sobreposi\u00e7\u00e3o de alta qualidade, apoiando a personaliza\u00e7\u00e3o OEM\/ODM, com pre\u00e7os favor\u00e1veis e entrega atempada.<\/li><\/ul>","protected":false},"excerpt":{"rendered":"<p><strong>Pre\u00e7o: US $0.14\/unidade<\/strong><\/p>\n<p>Oferecemos um fornecimento a granel de dobradi\u00e7as semi-sobrepostas duradouras, concebidas para arm\u00e1rios de cozinha, roupeiros e projectos de mobili\u00e1rio. Estas dobradi\u00e7as possuem uma carater\u00edstica de fecho suave e oferecem servi\u00e7os OEM, incluindo materiais personalizados. Oferecemos pre\u00e7os de f\u00e1brica e somos ideais para fabricantes de mobili\u00e1rio, fabricantes de arm\u00e1rios, grossistas e distribuidores. N\u00e3o hesite em contactar-nos.<\/p>\n<h2>Especifica\u00e7\u00f5es de Dobradi\u00e7as de Arm\u00e1rio de Meia Sobreposi\u00e7\u00e3o<\/h2>\n<table border=\"0\" cellspacing=\"0\" cellpadding=\"0\">\n<tbody style=\"font-size: 12px; border: 1px solid #ccc; overflow: hidden;\">\n<tr style=\"line-height: 1.4;\">\n<td style=\"width: 33%;\" width=\"36\" height=\"30\"><strong>Especifica\u00e7\u00e3o<\/strong><\/td>\n<td style=\"width: 67%;\" width=\"72\"><strong>Detalhes<\/strong><\/td>\n<\/tr>\n<tr style=\"line-height: 1.4;\">\n<td style=\"width: 33%;\" width=\"36\" height=\"30\"><strong>N\u00famero do modelo<\/strong><\/td>\n<td style=\"width: 67%;\" width=\"72\">MR-DB2<\/td>\n<\/tr>\n<tr style=\"line-height: 1.4;\">\n<td style=\"width: 33%;\" width=\"36\" height=\"30\"><strong>Material da dobradi\u00e7a<\/strong><\/td>\n<td style=\"width: 67%;\" width=\"72\">A\u00e7o inoxid\u00e1vel ou a\u00e7o laminado a frio<\/td>\n<\/tr>\n<tr style=\"line-height: 1.4;\">\n<td style=\"width: 33%;\" width=\"36\" height=\"30\"><strong>Tipo de dobradi\u00e7a<\/strong><\/td>\n<td style=\"width: 67%;\" width=\"72\">Dobradi\u00e7a de fecho suave com meia sobreposi\u00e7\u00e3o<\/td>\n<\/tr>\n<tr style=\"line-height: 1.4;\">\n<td style=\"width: 33%;\" width=\"36\" height=\"60\"><strong>Cen\u00e1rios aplic\u00e1veis<\/strong><\/td>\n<td style=\"width: 67%;\" width=\"72\">Roupeiro, arm\u00e1rio, estante, arm\u00e1rio de casa de banho e muito mais<\/td>\n<\/tr>\n<tr style=\"line-height: 1.4;\">\n<td style=\"width: 33%;\" width=\"36\" height=\"50\"><strong>Servi\u00e7o OEM e ODM<\/strong><\/td>\n<td style=\"width: 67%;\" width=\"72\">Suporte para personaliza\u00e7\u00e3o f\u00e1cil e personaliza\u00e7\u00e3o profunda<\/td>\n<\/tr>\n<\/tbody>\n<\/table>\n<p>&nbsp;<\/p>\n<p><script src=\"chrome-extension:\/\/fpelahbljekknahkcaegamhcndkfpfnc\/iFrame.js\" type=\"text\/javascript\"><\/script><\/p>\n<p>\n<script src=\"chrome-extension:\/\/fpelahbljekknahkcaegamhcndkfpfnc\/iFrame.js\" type=\"text\/javascript\"><\/script><\/p>","protected":false},"featured_media":1428,"comment_status":"closed","ping_status":"closed","template":"","meta":{"_acf_changed":false},"product_brand":[],"product_cat":[28],"product_tag":[],"class_list":{"0":"post-1427","1":"product","2":"type-product","3":"status-publish","4":"has-post-thumbnail","6":"product_cat-wholesale-half-overlay-cabinet-hinges","8":"first","9":"instock","10":"shipping-taxable","11":"product-type-simple"},"acf":[],"_links":{"self":[{"href":"https:\/\/www.mrhardwares.com\/pt\/wp-json\/wp\/v2\/product\/1427","targetHints":{"allow":["GET"]}}],"collection":[{"href":"https:\/\/www.mrhardwares.com\/pt\/wp-json\/wp\/v2\/product"}],"about":[{"href":"https:\/\/www.mrhardwares.com\/pt\/wp-json\/wp\/v2\/types\/product"}],"replies":[{"embeddable":true,"href":"https:\/\/www.mrhardwares.com\/pt\/wp-json\/wp\/v2\/comments?post=1427"}],"wp:featuredmedia":[{"embeddable":true,"href":"https:\/\/www.mrhardwares.com\/pt\/wp-json\/wp\/v2\/media\/1428"}],"wp:attachment":[{"href":"https:\/\/www.mrhardwares.com\/pt\/wp-json\/wp\/v2\/media?parent=1427"}],"wp:term":[{"taxonomy":"product_brand","embeddable":true,"href":"https:\/\/www.mrhardwares.com\/pt\/wp-json\/wp\/v2\/product_brand?post=1427"},{"taxonomy":"product_cat","embeddable":true,"href":"https:\/\/www.mrhardwares.com\/pt\/wp-json\/wp\/v2\/product_cat?post=1427"},{"taxonomy":"product_tag","embeddable":true,"href":"https:\/\/www.mrhardwares.com\/pt\/wp-json\/wp\/v2\/product_tag?post=1427"}],"curies":[{"name":"wp","href":"https:\/\/api.w.org\/{rel}","templated":true}]}}