{"id":1431,"date":"2025-08-27T01:44:52","date_gmt":"2025-08-27T01:44:52","guid":{"rendered":"https:\/\/www.mrhardwares.com\/?post_type=product&#038;p=1431"},"modified":"2025-12-31T02:39:21","modified_gmt":"2025-12-31T02:39:21","slug":"wholesale-half-overlay-cabinet-hinges-for-kitchen-cabinet-makers","status":"publish","type":"product","link":"https:\/\/www.mrhardwares.com\/pt\/product\/wholesale-half-overlay-cabinet-hinges-for-kitchen-cabinet-makers\/","title":{"rendered":"Dobradi\u00e7as de arm\u00e1rio por atacado para fabricantes de arm\u00e1rios de cozinha"},"content":{"rendered":"<h3 class=\"wp-block-heading\">Carater\u00edsticas das Dobradi\u00e7as de Arm\u00e1rio de Meia Sobreposi\u00e7\u00e3o<\/h3><ul class=\"wp-block-list\"><li><strong>Design que poupa espa\u00e7o: <\/strong>As dobradi\u00e7as de meia sobreposi\u00e7\u00e3o permitem que duas portas de arm\u00e1rio partilhem uma \u00fanica divis\u00f3ria de arm\u00e1rio, o que as torna ideais para maximizar o espa\u00e7o de arruma\u00e7\u00e3o em disposi\u00e7\u00f5es de cozinha compactas.<\/li>\n\n<li><strong>Instala\u00e7\u00e3o f\u00e1cil: <\/strong>As nossas dobradi\u00e7as de meia sobreposi\u00e7\u00e3o por atacado apresentam uma placa de montagem de f\u00e1cil utiliza\u00e7\u00e3o e parafusos ajust\u00e1veis, simplificando o processo de instala\u00e7\u00e3o e poupando tempo na produ\u00e7\u00e3o de arm\u00e1rios em grande escala.<\/li>\n\n<li><strong>Mecanismo de fecho suave: <\/strong>A dobradi\u00e7a MR-DTZ2 de meia sobreposi\u00e7\u00e3o possui uma fun\u00e7\u00e3o de fecho suave que evita que as portas se fechem com estrondo e melhora a experi\u00eancia do utilizador final.<\/li>\n\n<li><strong>Versatilidade: <\/strong>Adequado para uma variedade de aplica\u00e7\u00f5es de arm\u00e1rios para al\u00e9m da cozinha, incluindo roupeiros, arm\u00e1rios de casa de banho e mobili\u00e1rio de escrit\u00f3rio.<\/li><\/ul>","protected":false},"excerpt":{"rendered":"<p><strong>Pre\u00e7o: US $0.15\/unidade<\/strong><\/p>\n<p>As nossas dobradi\u00e7as de arm\u00e1rio de meia-sobreposi\u00e7\u00e3o por atacado s\u00e3o concebidas para fabricantes de arm\u00e1rios de cozinha que procuram durabilidade, efici\u00eancia e poupan\u00e7a de custos. Oferecem um alinhamento ajust\u00e1vel e uma funcionalidade opcional de fecho suave. Dispon\u00edveis a granel a pre\u00e7os competitivos, s\u00e3o ideais para grandes projectos.<\/p>\n<h2>Especifica\u00e7\u00f5es de Dobradi\u00e7as de Arm\u00e1rio de Meia Sobreposi\u00e7\u00e3o<\/h2>\n<table border=\"0\" cellspacing=\"0\" cellpadding=\"0\">\n<tbody style=\"font-size: 12px; border: 1px solid #ccc; overflow: hidden;\">\n<tr style=\"line-height: 1.4;\">\n<td style=\"width: 33%;\" width=\"36\" height=\"30\"><strong>Especifica\u00e7\u00e3o<\/strong><\/td>\n<td style=\"width: 67%;\" width=\"72\"><strong>Detalhes<\/strong><\/td>\n<\/tr>\n<tr style=\"line-height: 1.4;\">\n<td style=\"width: 33%;\" width=\"36\" height=\"30\"><strong>N\u00famero do modelo<\/strong><\/td>\n<td style=\"width: 67%;\" width=\"72\">MR-DTZ2<\/td>\n<\/tr>\n<tr style=\"line-height: 1.4;\">\n<td style=\"width: 33%;\" width=\"36\" height=\"30\"><strong>Material da dobradi\u00e7a<\/strong><\/td>\n<td style=\"width: 67%;\" width=\"72\">A\u00e7o inoxid\u00e1vel ou a\u00e7o laminado a frio<\/td>\n<\/tr>\n<tr style=\"line-height: 1.4;\">\n<td style=\"width: 33%;\" width=\"36\" height=\"30\"><strong>Tipo de dobradi\u00e7a<\/strong><\/td>\n<td style=\"width: 67%;\" width=\"72\">Dobradi\u00e7a de arm\u00e1rio de meia sobreposi\u00e7\u00e3o<\/td>\n<\/tr>\n<tr style=\"line-height: 1.4;\">\n<td style=\"width: 33%;\" width=\"36\" height=\"60\"><strong>Cen\u00e1rios aplic\u00e1veis<\/strong><\/td>\n<td style=\"width: 67%;\" width=\"72\">Roupeiro, arm\u00e1rio, estante, arm\u00e1rio de casa de banho e muito mais<\/td>\n<\/tr>\n<tr style=\"line-height: 1.4;\">\n<td style=\"width: 33%;\" width=\"36\" height=\"50\"><strong>Servi\u00e7o OEM e ODM<\/strong><\/td>\n<td style=\"width: 67%;\" width=\"72\">Suporte para personaliza\u00e7\u00e3o f\u00e1cil e personaliza\u00e7\u00e3o profunda<\/td>\n<\/tr>\n<\/tbody>\n<\/table>\n<p>&nbsp;<\/p>\n<p>\n<script src=\"chrome-extension:\/\/fpelahbljekknahkcaegamhcndkfpfnc\/iFrame.js\" type=\"text\/javascript\"><\/script><\/p>","protected":false},"featured_media":1432,"comment_status":"closed","ping_status":"closed","template":"","meta":{"_acf_changed":false},"product_brand":[],"product_cat":[28],"product_tag":[],"class_list":{"0":"post-1431","1":"product","2":"type-product","3":"status-publish","4":"has-post-thumbnail","6":"product_cat-wholesale-half-overlay-cabinet-hinges","8":"first","9":"instock","10":"shipping-taxable","11":"product-type-simple"},"acf":[],"_links":{"self":[{"href":"https:\/\/www.mrhardwares.com\/pt\/wp-json\/wp\/v2\/product\/1431","targetHints":{"allow":["GET"]}}],"collection":[{"href":"https:\/\/www.mrhardwares.com\/pt\/wp-json\/wp\/v2\/product"}],"about":[{"href":"https:\/\/www.mrhardwares.com\/pt\/wp-json\/wp\/v2\/types\/product"}],"replies":[{"embeddable":true,"href":"https:\/\/www.mrhardwares.com\/pt\/wp-json\/wp\/v2\/comments?post=1431"}],"wp:featuredmedia":[{"embeddable":true,"href":"https:\/\/www.mrhardwares.com\/pt\/wp-json\/wp\/v2\/media\/1432"}],"wp:attachment":[{"href":"https:\/\/www.mrhardwares.com\/pt\/wp-json\/wp\/v2\/media?parent=1431"}],"wp:term":[{"taxonomy":"product_brand","embeddable":true,"href":"https:\/\/www.mrhardwares.com\/pt\/wp-json\/wp\/v2\/product_brand?post=1431"},{"taxonomy":"product_cat","embeddable":true,"href":"https:\/\/www.mrhardwares.com\/pt\/wp-json\/wp\/v2\/product_cat?post=1431"},{"taxonomy":"product_tag","embeddable":true,"href":"https:\/\/www.mrhardwares.com\/pt\/wp-json\/wp\/v2\/product_tag?post=1431"}],"curies":[{"name":"wp","href":"https:\/\/api.w.org\/{rel}","templated":true}]}}